{"id":22342,"date":"2019-06-20T09:40:47","date_gmt":"2019-06-20T07:40:47","guid":{"rendered":"http:\/\/semmelweis.hu\/aok\/?page_id=22342"},"modified":"2019-06-20T09:40:47","modified_gmt":"2019-06-20T07:40:47","slug":"2019-junius-11-i-hatarozatok","status":"publish","type":"page","link":"https:\/\/semmelweis.hu\/aok\/a-karrol\/kari-tanacs\/a-kari-tanacs-hatarozatai\/2019-junius-11-i-hatarozatok\/","title":{"rendered":"2019. J\u00daNIUS 11-I HAT\u00c1ROZATOK"},"content":{"rendered":"<p><strong><a href=\"https:\/\/semmelweis.hu\/aok\/files\/2019\/06\/58_hatarozat_ujkurrikulum.pdf\" target=\"_blank\" rel=\"noopener noreferrer\">58\/2019 (2019. j\u00fanius 11-i) sz\u00e1m\u00fa KT hat\u00e1rozat az orvosk\u00e9pz\u00e9s kurrikulum\u00e1nak m\u00f3dos\u00edt\u00e1s\u00e1r\u00f3l<\/a><\/strong><\/p>\n<p style=\"padding-left: 40px\"><a href=\"https:\/\/semmelweis.hu\/aok\/files\/2019\/06\/58_melleklet.pptx\">mell\u00e9klet<\/a><\/p>\n<p><a href=\"https:\/\/semmelweis.hu\/aok\/files\/2019\/06\/59_2019_2019_20_kurrikulum.pdf\" target=\"_blank\" rel=\"noopener noreferrer\"><strong>59\/2019 (2019. j\u00fanius 11-i) sz\u00e1m\u00fa KT hat\u00e1rozat a 2019\/2020-as tan\u00e9v kurrikulum\u00e1r\u00f3l (magyar k\u00e9pz\u00e9s)<\/strong><\/a><\/p>\n<p style=\"padding-left: 40px\"><a href=\"https:\/\/semmelweis.hu\/aok\/files\/2019\/06\/59_melleklet.pptx\">mell\u00e9klet<\/a><\/p>\n<p><strong><a href=\"https:\/\/semmelweis.hu\/aok\/files\/2019\/06\/60_a_hatarozat_tant\u00e1rgy.pdf\" target=\"_blank\" rel=\"noopener noreferrer\">60\/a\/2019 (2019. j\u00fanius 11-i) sz\u00e1m\u00fa KT hat\u00e1rozat szabadon v\u00e1laszthat\u00f3 t\u00e1rgy meghirdet\u00e9s\u00e9re vonatkoz\u00f3 javaslatr\u00f3l<\/a><\/strong><\/p>\n<p><strong><a href=\"https:\/\/semmelweis.hu\/aok\/files\/2019\/06\/60_b_hatarozat_tant\u00e1rgy.pdf\" target=\"_blank\" rel=\"noopener noreferrer\">60\/b\/2019 (2019. j\u00fanius 11-i) sz\u00e1m\u00fa KT hat\u00e1rozat szabadon v\u00e1laszthat\u00f3 t\u00e1rgy meghirdet\u00e9s\u00e9re vonatkoz\u00f3 javaslatr\u00f3l<\/a><\/strong><\/p>\n<p><strong><a href=\"https:\/\/semmelweis.hu\/aok\/files\/2019\/06\/61_a_2019_hatarozat_oktatoosztaly.pdf\" target=\"_blank\" rel=\"noopener noreferrer\">61\/a\/2019 (2019. j\u00fanius 11-i) sz\u00e1m\u00fa KT hat\u00e1rozat a \u201eSE \u00c1OK Oktat\u00f3 Oszt\u00e1ly\u201d c\u00edm meghosszabb\u00edt\u00e1s\u00e1ra sz\u00f3l\u00f3 javaslatr\u00f3l<\/a><\/strong><\/p>\n<p><strong><a href=\"https:\/\/semmelweis.hu\/aok\/files\/2019\/06\/61_b_2019_hatarozat_oktatoosztaly.pdf\" target=\"_blank\" rel=\"noopener noreferrer\">61\/b\/2019 (2019. j\u00fanius 11-i) sz\u00e1m\u00fa KT hat\u00e1rozat a \u201eSE \u00c1OK Oktat\u00f3 Oszt\u00e1ly\u201d c\u00edm meghosszabb\u00edt\u00e1s\u00e1ra sz\u00f3l\u00f3 javaslatr\u00f3l<\/a><\/strong><\/p>\n<p><strong><a href=\"https:\/\/semmelweis.hu\/aok\/files\/2019\/06\/62_a_2019_igorjogallas.pdf\" target=\"_blank\" rel=\"noopener noreferrer\">62\/a\/2019 (2019. j\u00fanius 11-i) sz\u00e1m\u00fa KT hat\u00e1rozat az Igazs\u00e1g\u00fcgyi \u00e9s Biztos\u00edt\u00e1s-orvostani Int\u00e9zet jog\u00e1ll\u00e1s\u00e1nak v\u00e1ltoz\u00e1s\u00e1r\u00f3l<\/a><\/strong><\/p>\n<p><strong><a href=\"https:\/\/semmelweis.hu\/aok\/files\/2019\/06\/62_b_2019_magtudjogallas.pdf\" target=\"_blank\" rel=\"noopener noreferrer\">62\/b\/2019 (2019. j\u00fanius 11-i) sz\u00e1m\u00fa KT hat\u00e1rozat a Magatart\u00e1studom\u00e1nyi\u00a0Int\u00e9zet jog\u00e1ll\u00e1s\u00e1nak v\u00e1ltoz\u00e1s\u00e1r\u00f3l<\/a><\/strong><\/p>\n","protected":false},"excerpt":{"rendered":"<p><a href=\"https:\/\/semmelweis.hu\/aok\/files\/2019\/06\/58_hatarozat_ujkurrikulum.pdf\" target=\"_blank\" rel=\"noopener noreferrer\">58\/2019 (2019. j\u00fanius 11-i) sz\u00e1m\u00fa KT hat\u00e1rozat az orvosk\u00e9pz\u00e9s kurrikulum\u00e1nak m\u00f3dos\u00edt\u00e1s\u00e1r\u00f3l<\/a><br \/>\n<a href=\"https:\/\/semmelweis.hu\/aok\/files\/2019\/06\/58_melleklet.pptx\">mell\u00e9klet<\/a><br \/>\n<a href=\"https:\/\/semmelweis.hu\/aok\/files\/2019\/06\/59_2019_2019_20_kurrikulum.pdf\" target=\"_blank\" rel=\"noopener noreferrer\">59\/2019 (2019. j\u00fanius 11-i) sz\u00e1m\u00fa KT hat\u00e1rozat a 2019\/2020-as tan\u00e9v kurrikulum\u00e1r\u00f3l (magyar k\u00e9pz\u00e9s)<\/a><br \/>\n<a href=\"https:\/\/semmelweis.hu\/aok\/files\/2019\/06\/59_melleklet.pptx\">mell\u00e9klet<\/a><br \/>\n<a href=\"https:\/\/semmelweis.hu\/aok\/files\/2019\/06\/60_a_hatarozat_tant\u00e1rgy.pdf\" target=\"_blank\" rel=\"noopener noreferrer\">60\/a\/2019 (2019. j\u00fanius 11-i) sz\u00e1m\u00fa KT hat\u00e1rozat szabadon v\u00e1laszthat\u00f3 t\u00e1rgy meghirdet\u00e9s\u00e9re vonatkoz\u00f3 javaslatr\u00f3l<\/a><br \/>\n<a href=\"https:\/\/semmelweis.hu\/aok\/files\/2019\/06\/60_b_hatarozat_tant\u00e1rgy.pdf\" target=\"_blank\" rel=\"noopener noreferrer\">60\/b\/2019 (2019. j\u00fanius 11-i) sz\u00e1m\u00fa KT hat\u00e1rozat szabadon v\u00e1laszthat\u00f3 t\u00e1rgy meghirdet\u00e9s\u00e9re vonatkoz\u00f3 javaslatr\u00f3l<\/a><br \/>\n<a href=\"https:\/\/semmelweis.hu\/aok\/files\/2019\/06\/61_a_2019_hatarozat_oktatoosztaly.pdf\" target=\"_blank\" rel=\"noopener noreferrer\">61\/a\/2019 (2019. j\u00fanius 11-i) sz\u00e1m\u00fa KT hat\u00e1rozat a \u201eSE \u00c1OK Oktat\u00f3 Oszt\u00e1ly\u201d c\u00edm meghosszabb\u00edt\u00e1s\u00e1ra sz\u00f3l\u00f3 javaslatr\u00f3l<\/a><br \/>\n<a href=\"https:\/\/semmelweis.hu\/aok\/files\/2019\/06\/61_b_2019_hatarozat_oktatoosztaly.pdf\" target=\"_blank\" rel=\"noopener noreferrer\">61\/b\/2019 (2019. j\u00fanius 11-i) sz\u00e1m\u00fa KT hat\u00e1rozat a \u201eSE \u00c1OK Oktat\u00f3 Oszt\u00e1ly\u201d c\u00edm meghosszabb\u00edt\u00e1s\u00e1ra sz\u00f3l\u00f3 javaslatr\u00f3l<\/a><br \/>\n<a href=\"https:\/\/semmelweis.hu\/aok\/files\/2019\/06\/62_a_2019_igorjogallas.pdf\" target=\"_blank\" rel=\"noopener noreferrer\">62\/a\/2019 (2019. j\u00fanius 11-i) sz\u00e1m\u00fa KT hat\u00e1rozat az Igazs\u00e1g\u00fcgyi \u00e9s Biztos\u00edt\u00e1s-orvostani Int\u00e9zet jog\u00e1ll\u00e1s\u00e1nak v\u00e1ltoz\u00e1s\u00e1r\u00f3l<\/a><br \/>\n<a href=\"https:\/\/semmelweis.hu\/aok\/files\/2019\/06\/62_b_2019_magtudjogallas.pdf\" target=\"_blank\" rel=\"noopener noreferrer\">62\/b\/2019 (2019. j\u00fanius 11-i) sz\u00e1m\u00fa KT hat\u00e1rozat a Magatart\u00e1studom\u00e1nyi\u00a0Int\u00e9zet jog\u00e1ll\u00e1s\u00e1nak v\u00e1ltoz\u00e1s\u00e1r\u00f3l<\/a><\/p>\n","protected":false},"author":101136,"featured_media":0,"parent":1141,"menu_order":0,"comment_status":"closed","ping_status":"closed","template":"","meta":{"_acf_changed":false,"footnotes":""},"categories":[],"tags":[],"class_list":["post-22342","page","type-page","status-publish","hentry"],"acf":[],"publishpress_future_action":{"enabled":false,"date":"1970-01-01 01:00:00","action":"","terms":[],"taxonomy":"","browser_timezone_offset":0},"_links":{"self":[{"href":"https:\/\/semmelweis.hu\/aok\/wp-json\/wp\/v2\/pages\/22342","targetHints":{"allow":["GET"]}}],"collection":[{"href":"https:\/\/semmelweis.hu\/aok\/wp-json\/wp\/v2\/pages"}],"about":[{"href":"https:\/\/semmelweis.hu\/aok\/wp-json\/wp\/v2\/types\/page"}],"author":[{"embeddable":true,"href":"https:\/\/semmelweis.hu\/aok\/wp-json\/wp\/v2\/users\/101136"}],"replies":[{"embeddable":true,"href":"https:\/\/semmelweis.hu\/aok\/wp-json\/wp\/v2\/comments?post=22342"}],"version-history":[{"count":9,"href":"https:\/\/semmelweis.hu\/aok\/wp-json\/wp\/v2\/pages\/22342\/revisions"}],"predecessor-version":[{"id":22363,"href":"https:\/\/semmelweis.hu\/aok\/wp-json\/wp\/v2\/pages\/22342\/revisions\/22363"}],"up":[{"embeddable":true,"href":"https:\/\/semmelweis.hu\/aok\/wp-json\/wp\/v2\/pages\/1141"}],"wp:attachment":[{"href":"https:\/\/semmelweis.hu\/aok\/wp-json\/wp\/v2\/media?parent=22342"}],"wp:term":[{"taxonomy":"category","embeddable":true,"href":"https:\/\/semmelweis.hu\/aok\/wp-json\/wp\/v2\/categories?post=22342"},{"taxonomy":"post_tag","embeddable":true,"href":"https:\/\/semmelweis.hu\/aok\/wp-json\/wp\/v2\/tags?post=22342"}],"curies":[{"name":"wp","href":"https:\/\/api.w.org\/{rel}","templated":true}]}}