{"id":22338,"date":"2019-06-24T13:50:14","date_gmt":"2019-06-24T11:50:14","guid":{"rendered":"http:\/\/semmelweis.hu\/aok\/?page_id=22338"},"modified":"2025-09-24T10:59:00","modified_gmt":"2025-09-24T08:59:00","slug":"neurologiai-szakgyogytornasz-szakiranyu-tovabbkepzes","status":"publish","type":"page","link":"https:\/\/semmelweis.hu\/aok\/oktatas\/szakiranyu-tovabbkepzesek\/neurologiai-szakgyogytornasz-szakiranyu-tovabbkepzes\/","title":{"rendered":"Neurol\u00f3giai szakgy\u00f3gytorn\u00e1sz szakir\u00e1ny\u00fa tov\u00e1bbk\u00e9pz\u00e9s"},"content":{"rendered":"<h1 style=\"text-align: center\">T \u00c1 J \u00c9 K O Z T A T \u00d3\u00a0az \u00c1ltal\u00e1nos Orvostudom\u00e1nyi Kar<br \/>\nNEUROL\u00d3GIAI SZAKGY\u00d3GYTORN\u00c1SZ<br \/>\nszakir\u00e1ny\u00fa tov\u00e1bbk\u00e9pz\u00e9sben r\u00e9sztvev\u0151 hallgat\u00f3i r\u00e9sz\u00e9re<strong>\u00a0<\/strong><\/h1>\n<p><strong>A k\u00e9pz\u00e9s neve: <\/strong>neurol\u00f3giai szakgy\u00f3gytorn\u00e1sz<br \/>\n<strong>A k\u00e9pz\u00e9s felel\u0151se: <\/strong>Tak\u00e1csn\u00e9 Udvarhelyi Edina (<a href=\"mailto:edinaparkinson@gmail.com\">edinaparkinson@gmail.com<\/a>)<br \/>\n<strong>A k\u00e9pz\u00e9s form\u00e1ja: <\/strong>szakir\u00e1ny\u00fa tov\u00e1bbk\u00e9pz\u00e9s<br \/>\n<strong>A k\u00e9pz\u00e9s munkarendje:<\/strong> levelez\u0151<br \/>\n<strong>A k\u00e9pz\u00e9s id\u0151tartama<\/strong>: 2 f\u00e9l\u00e9v \/ 120 tan\u00f3ra<br \/>\n<strong>A k\u00e9pz\u00e9s d\u00edja:<\/strong> 230.000 Ft\/f\u00e9l\u00e9v melyet a Neptun rendszeren kereszt\u00fcl kell teljes\u00edteni. R\u00e9szletfizet\u00e9sre nincs lehet\u0151s\u00e9g.<\/p>\n<div class=\"keretes w-100\">\n<p><strong>Jelentkez\u00e9si hat\u00e1rid\u0151: 2025.04.01.<\/strong><\/p>\n<p>A felv\u00e9teli id\u0151pontj\u00e1r\u00f3l mindenkit email-ben \u00e9rtes\u00edt\u00fcnk.\u00a0<\/p>\n<p>Tov\u00e1bbi inform\u00e1ci\u00f3 <a href=\"https:\/\/semmelweis.hu\/neurologia\/oktatas\/neurologiai-szakgyogytornasz-szakiranyu-tovabbkepzes-2\/\" target=\"_blank\" rel=\"noopener\">itt olvashat\u00f3<\/a>.\u00a0<\/p>\n<\/div>\n<p><strong>Az I. f\u00e9l\u00e9vre vonatkoz\u00f3 k\u00e9pz\u00e9si d\u00edj befizet\u00e9s\u00e9nek hat\u00e1rideje: 2025. szeptember 16.<\/strong><\/p>\n<ul>\n<li>A NEPTUN HALLGAT\u00d3I P\u00c9NZ\u00dcGYI T\u00c1J\u00c9KOZTAT\u00d3 pdf dokumentum <a href=\"https:\/\/semmelweis.hu\/aok\/files\/2025\/07\/SE-NEPTUN-PENZUGYI-TAJEKOZTATO.pdf\" target=\"_blank\" rel=\"noopener\">ITT t\u00f6lthet\u0151 le<\/a><a href=\"https:\/\/semmelweis.hu\/aok\/files\/2023\/08\/SE-NEPTUN-PENZUGYI-TAJEKOZTATO.pdf\">.<\/a> Amennyiben nem c\u00e9ges befizet\u00e9s t\u00f6rt\u00e9nik, els\u0151dlegesen a gy\u0171jt\u0151sz\u00e1ml\u00e1s befizet\u00e9st javasoljuk.\u00a0\u00a0<\/li>\n<li>Adatlap sz\u00e1mlafizet\u00e9shez: A sz\u00e1mla ig\u00e9nyl\u0151 nyomtatv\u00e1nyt csak abban az esetben sz\u00fcks\u00e9ges kit\u00f6lteni, ha a hallgat\u00f3 helyett c\u00e9g<br \/>\nvagy munk\u00e1ltat\u00f3 fizeti be az \u00f6nk\u00f6lts\u00e9gi d\u00edjat! A munk\u00e1ltat\u00f3, mint befizet\u0151 adatait NEM a hallgat\u00f3nak kell r\u00f6gz\u00edtenie a befizet\u0151 szervezethez!<br \/>\nA sz\u00e1mlaig\u00e9nyl\u0151 nyomtatv\u00e1ny <a href=\"https:\/\/semmelweis.hu\/aok\/files\/2025\/07\/SE_szamlakero-nyomtatvany_202208.xlsx\" target=\"_blank\" rel=\"noopener\">ITT t\u00f6lthet\u0151 le xlsx form\u00e1tumban<\/a>, melyet kit\u00f6ltve, beszkennelve k\u00e9r\u00fcnk megk\u00fcldeni a neptun.penzugyiosztaly@semmelweis.hu e-mail c\u00edmre.<\/li>\n<\/ul>\n<p><strong>Az els\u0151 tan\u00edt\u00e1si nap: 2025. szeptember 19.\u00a0<\/strong><\/p>\n<p>Tanulm\u00e1nyi \u00fcgyint\u00e9z\u0151: <strong>Izs\u00f3 Ildik\u00f3<\/strong><\/p>\n<p>E-mail c\u00edm: izso.ildiko@semmelweis.hu<br \/>\nTelefonsz\u00e1m: 459-1500\/56590<br \/>\nC\u00edm: 1089 Budapest, Nagyv\u00e1rad t\u00e9r 4. I. em. E15.<strong>\u00a0<\/strong><\/p>\n<h1>NEPTUN RENDSZER<\/h1>\n<p>T\u00e1j\u00e9koztatjuk, hogy tanulm\u00e1nyi \u00fcgyeit, valamint az egyetem hivatalos \u00e9rtes\u00edt\u00e9seit a NEPTUN.Net Egys\u00e9ges Fels\u0151oktat\u00e1si Tanulm\u00e1nyi Rendszerben tudja majd int\u00e9zni, illetve nyomon k\u00f6vetni.\u00a0<strong>A rendszerhez val\u00f3 hozz\u00e1f\u00e9r\u00e9sr\u0151l a felv\u00e9telr\u0151l sz\u00f3l\u00f3 ki\u00e9rtes\u00edt\u00e9sben kap t\u00e1j\u00e9koztat\u00e1st.<\/strong><\/p>\n<p>A\u00a0<a href=\"https:\/\/semmelweis.hu\/neptun\/hu\/neptun-inditasa\/\">NEPTUN<\/a>\u00a0Egys\u00e9ges Tanulm\u00e1nyi Rendszer haszn\u00e1lat\u00e1val kapcsolatos minden fontos inform\u00e1ci\u00f3t az al\u00e1bbi dokumentum tartalmazza:<\/p>\n<ul>\n<li><a href=\"https:\/\/semmelweis.hu\/aok\/files\/2024\/07\/3RNeptun-hallg-osszefogl_teljes_2024_dh-to_240723.pdf\" target=\"_blank\" rel=\"noopener\">NEPTUN Egys\u00e9ges Tanulm\u00e1nyi Rendszer ismertet\u0151je<\/a><\/li>\n<\/ul>\n<div class=\"keretes w-100\">A felv\u00e9telr\u0151l sz\u00f3l\u00f3 hat\u00e1rozat k\u00e9zhezv\u00e9tel\u00e9t k\u00f6vet\u0151en javasoljuk, hogy\u00a0<strong>\u00fczeneteit a NEPTUN rendszerben napi szinten k\u00eds\u00e9rje figyelemmel.<\/strong><\/div>\n<h1>OFFICE 365 \u00e9s EGYETEMI E-MAIL C\u00cdM hallgat\u00f3knak<\/h1>\n<p>Az egyetem hallgat\u00f3i sz\u00e1m\u00e1ra ingyenesen el\u00e9rhet\u0151 a Microsoft Office 365 szolg\u00e1ltat\u00e1sa.<\/p>\n<p>Az egyetem \u00e1ltal biztos\u00edtott e-mail c\u00edmet a frissen felvett hallgat\u00f3 k\u00f6teles aktiv\u00e1lni, \u00e9s figyelemmel k\u00eds\u00e9rni az ide \u00e9rkez\u0151 \u00fczeneteket.<\/p>\n<div class=\"keretes w-100\">\n<p>A hallgat\u00f3k\u00a0<strong>egyetemi e-mail-c\u00edme az egyetemmel val\u00f3 kommunik\u00e1ci\u00f3 hivatalos csatorn\u00e1ja<\/strong>,\u00a0<strong>az egyetem kiz\u00e1r\u00f3lag erre a c\u00edmre k\u00fcldi az \u00e9rtes\u00edt\u00e9seit<\/strong>. Emiatt a Neptunban, illetve a SeK\u00c1-ban\u00a0<strong>ezt kell be\u00e1ll\u00edtani els\u0151dleges e-mail-c\u00edmnek<\/strong>.<\/p>\n<\/div>\n<p>Az egyetemi e-mail c\u00edm aktiv\u00e1l\u00e1s\u00e1val kapcsolatos tudnival\u00f3kat az egyetem honlapj\u00e1n tal\u00e1lhat\u00f3, al\u00e1bbi le\u00edr\u00e1s tartalmazza:<\/p>\n<p><a href=\"https:\/\/semmelweis.hu\/informatika\/o365\/tutorial-anyagok\/utmutato-hallgatoi-o365-fiok-aktivalasahoz\/\">\u00datmutat\u00f3 a hallgat\u00f3i o365 fi\u00f3k aktiv\u00e1l\u00e1s\u00e1hoz\/<\/a><\/p>\n<h1>HALLGAT\u00d3I JOGVISZONY L\u00c9TES\u00cdT\u00c9SE<\/h1>\n<p>Az, aki felv\u00e9telt nyert a neurol\u00f3giai szakgy\u00f3gytorn\u00e1sz szakir\u00e1ny\u00fa tov\u00e1bbk\u00e9pz\u00e9sre, hallgat\u00f3i jogviszonyt l\u00e9tes\u00edthet az egyetemmel. A beiratkoz\u00e1s a beiratkoz\u00e1si lap kit\u00f6lt\u00e9s\u00e9vel \u00e9s al\u00e1\u00edr\u00e1s\u00e1val kezdem\u00e9nyezhet\u0151. A beiratkoz\u00e1si lapot a Tanulm\u00e1nyi Oszt\u00e1ly vezet\u0151je hiteles\u00edti, amennyiben a beiratkoz\u00e1si lap adatai alapj\u00e1n nincs akad\u00e1lya a jogviszony l\u00e9tes\u00edt\u00e9s\u00e9nek.<\/p>\n<p>A beiratkoz\u00e1s a beiratkoz\u00e1si lap hiteles\u00edt\u00e9s\u00e9vel val\u00f3sul meg.<\/p>\n<p><strong>A hallgat\u00f3i jogviszony l\u00e9tes\u00edt\u00e9s\u00e9nek felt\u00e9tele:<\/strong><\/p>\n<p>A hallgat\u00f3i jogviszony l\u00e9tes\u00edt\u00e9s\u00e9nek felt\u00e9tele, hogy a beiratkoz\u00e1si lap lead\u00e1sakor a Tanulm\u00e1nyi Oszt\u00e1ly munkat\u00e1rsainak \u00e1tadja a felv\u00e9teli elj\u00e1r\u00e1sban a pontsz\u00e1m\u00edt\u00e1s sor\u00e1n felhaszn\u00e1lt dokumentumok eredeti, vagy k\u00f6zjegyz\u0151 \u00e1ltal hiteles\u00edtett m\u00e1solat\u00e1t, mely dokumentumok az ellen\u0151rz\u00e9s ut\u00e1n a beiratkoz\u00e1s alkalm\u00e1val visszaad\u00e1sra ker\u00fclnek.<\/p>\n<p>T\u00e1j\u00e9koztatom, hogy amennyiben meg\u00e1llap\u00edt\u00e1st nyer, hogy felv\u00e9teli eredm\u00e9ny\u00e9t befoly\u00e1sol\u00f3 val\u00f3tlan adatszolg\u00e1ltat\u00e1s t\u00f6rt\u00e9nt, a felv\u00e9telr\u0151l sz\u00f3l\u00f3 d\u00f6nt\u00e9s megsemmis\u00edt\u00e9sre ker\u00fcl.<strong>\u00a0<\/strong><\/p>\n<h1>A beiratkoz\u00e1s id\u0151pontja<\/h1>\n<p>2025. szeptember 11., cs\u00fct\u00f6rt\u00f6k: 9.00\u201315.00 \u00f3ra<\/p>\n<p>2025. szeptember 12., p\u00e9ntek: 9.00\u201312.00 \u00f3ra<\/p>\n<h1>BEIRATKOZ\u00c1S HELYE<\/h1>\n<p>\u00c1ltal\u00e1nos Orvostudom\u00e1nyi Kar<br \/>\nTanulm\u00e1nyi Oszt\u00e1ly<br \/>\n1089 Budapest, Nagyv\u00e1rad t\u00e9r 4. I. emelet E15.<\/p>\n<p>Amennyiben a megadott id\u0151pontban nem tud szem\u00e9lyesen megjelenni, meghatalmazott k\u00f6zrem\u0171k\u00f6d\u00e9s\u00e9re is lehet\u0151s\u00e9g van.<\/p>\n<p><a href=\"https:\/\/semmelweis.hu\/aok\/files\/2025\/09\/MEGHATALMAZAS-MINTA-UJ_2025-3.docx\" target=\"_blank\" rel=\"noopener\">MEGHATALMAZ\u00c1S MINTA (ITT t\u00f6lthet\u0151 le DOC form\u00e1tumban)<\/a><\/p>\n<h1>BEIRATKOZ\u00c1SKOR BEADAND\u00d3\/ BEMUTATAND\u00d3 DOKUMENTUMOK<\/h1>\n<ul>\n<li>szem\u00e9lyazonos\u00edt\u00f3 igazolv\u00e1ny<\/li>\n<li>lakc\u00edmk\u00e1rtya<\/li>\n<li>ad\u00f3k\u00e1rtya<\/li>\n<li>TAJ k\u00e1rtya<\/li>\n<li>a felv\u00e9tel alapj\u00e1t k\u00e9pez\u0151, v\u00e9gzetts\u00e9get igazol\u00f3 dokumentum eredeti p\u00e9ld\u00e1nya (oklev\u00e9l, diploma)<\/li>\n<li><a href=\"https:\/\/semmelweis.hu\/aok\/files\/2025\/07\/Beiratkozasi-lap-Neurlogiai-szakgyogytornasz-2025.doc\" target=\"_blank\" rel=\"noopener\">BEIRATKOZ\u00c1SI LAP<\/a>\u00a0(\u00f6nk\u00f6lts\u00e9ges k\u00e9pz\u00e9shez) al\u00e1\u00edrt, kit\u00f6lt\u00f6tt p\u00e9ld\u00e1nya<\/li>\n<li>al\u00e1\u00edrt <a href=\"https:\/\/semmelweis.hu\/aok\/files\/2025\/09\/NYILATKOZAT-ADATKEZELESI-TAJEKOZTATO-MEGISMERESEROL_2025.pdf\" target=\"_blank\" rel=\"noopener\">NYILATKOZAT ADATKEZEL\u00c9SI T\u00c1J\u00c9KOZTAT\u00d3 MEGISMER\u00c9S\u00c9R\u0150L<\/a><\/li>\n<li>egy darab 3,5 x 4,5 cm-es, a h\u00e1toldal\u00e1n n\u00e9vvel \u00e9s sz\u00fclet\u00e9si d\u00e1tummal ell\u00e1tott f\u00e9nyk\u00e9p<\/li>\n<li>3 h\u00f3napn\u00e1l nem r\u00e9gebbi munk\u00e1ltat\u00f3i igazol\u00e1s, mely tartalmazza, hogy h\u00e1ny \u00f3r\u00e1ban, milyen munkak\u00f6rben dolgozik<\/li>\n<li>eg\u00e9szs\u00e9g\u00fcgyi alkalmass\u00e1got igazol\u00f3 dokumentum<\/li>\n<\/ul>\n<p><strong>K\u00e9rj\u00fck, hogy a let\u00f6lthet\u0151 dokumentumokat megfelel\u0151en kit\u00f6ltve \u00e9s al\u00e1\u00edrva a beiratkoz\u00e1skor hozza mag\u00e1val.<\/strong><\/p>\n<p>Felh\u00edvom figyelm\u00e9t, hogy a beiratkoz\u00e1si lapon nyilatkoznia kell a Tanulm\u00e1nyi t\u00e1j\u00e9koztat\u00f3 (K\u00e9pz\u00e9si program) megismer\u00e9s\u00e9r\u0151l.<\/p>\n<p>TANULM\u00c1NYI T\u00c1J\u00c9KOZTAT\u00d3 (<a href=\"https:\/\/semmelweis.hu\/aok\/files\/2025\/07\/Kepzesi-program_Neurologiai-szakgyogytornasz-2025.pdf\" target=\"_blank\" rel=\"noopener\">ITT t\u00f6lthet\u0151 le pdf form\u00e1tumban<\/a>)<\/p>\n<h1>DI\u00c1KIGAZOLV\u00c1NY<\/h1>\n<p>A NEPTUN rendszeren t\u00f6rt\u00e9n\u0151 regisztr\u00e1ci\u00f3t k\u00f6vet\u0151en ind\u00edthat\u00f3 el a di\u00e1kigazolv\u00e1ny ig\u00e9nyl\u00e9se, elektronikus \u00faton.<\/p>\n<p>A di\u00e1kigazolv\u00e1ny ig\u00e9nyl\u00e9s\u00e9r\u0151l az Oktat\u00e1si Hivatal r\u00e9szletes t\u00e1j\u00e9koztat\u00e1sa az al\u00e1bbi linken \u00e9rhet\u0151 el:\u00a0 <a href=\"https:\/\/www.oktatas.hu\/felsooktatas\/diakigazolvany\/diakig_igenyles_hun\">https:\/\/www.oktatas.hu\/felsooktatas\/diakigazolvany\/diakig_igenyles_hun<\/a><\/p>\n<p>Tov\u00e1bbi t\u00e1j\u00e9koztat\u00e1st tal\u00e1l a <a href=\"http:\/\/www.diakigazolvany.hu\">www.diakigazolvany.hu<\/a> oldalon.<\/p>\n<h1>K\u00d6TELEZ\u0150 MUNKA- \u00c9S T\u0170ZV\u00c9DELMI OKTAT\u00c1S<\/h1>\n<p><strong>Id\u0151pontj\u00e1r\u00f3l a k\u00e9s\u0151bbiekben kapnak t\u00e1j\u00e9koztat\u00e1st.<\/strong><\/p>\n<h1>ALKALMASS\u00c1GI VIZSG\u00c1LAT<\/h1>\n<p><strong>Id\u0151pontj\u00e1r\u00f3l \u00e9s a sz\u00fcks\u00e9ges dokumentumokr\u00f3l a k\u00e9s\u0151bbiekben kapnak t\u00e1j\u00e9koztat\u00e1st.\u00a0<\/strong><\/p>\n<h1>etikai k\u00f3dex<\/h1>\n<p><a href=\"https:\/\/semmelweis.hu\/jogigfoig\/dokumentumtar\/szabalyzattar\/etikai-kodex\/\" target=\"_blank\" rel=\"noopener\">ETIKAI K\u00d3DEX<\/a><\/p>\n<h1>Hallgat\u00f3i fegyelmi \u00e9s k\u00e1rt\u00e9r\u00edt\u00e9si szab\u00e1lyzat<\/h1>\n<p><a href=\"https:\/\/semmelweis.hu\/jogigfoig\/dokumentumtar\/szabalyzattar\/szervezeti-es-mukodesi-szabalyzat\/iii-konyv-hkr\/szmsz-iii-konyv-iii-5-resz-hallgato-fegyelmi-es-karteritesi-szabalyzat\/\" target=\"_blank\" rel=\"noopener\">HALLGAT\u00d3I FEGYELMI \u00c9S K\u00c1RT\u00c9R\u00cdT\u00c9SI SZAB\u00c1LYZAT<\/a><\/p>\n<h1>ADATV\u00c9DELEM<\/h1>\n<p><a href=\"https:\/\/semmelweis.hu\/aok\/files\/2021\/08\/Adatkezel%C3%A9si-t%C3%A1j%C3%A9koztat%C3%B3_hallgat%C3%B3.pdf\" target=\"_blank\" rel=\"noopener\">ADATKEZEL\u00c9SI T\u00c1J\u00c9KOZTAT\u00d3 (PDF)<\/a><\/p>\n<p>&nbsp;<\/p>\n","protected":false},"excerpt":{"rendered":"<p>T \u00c1 J \u00c9 K O Z T A T \u00d3\u00a0az \u00c1ltal\u00e1nos Orvostudom\u00e1nyi Kar NEUROL\u00d3GIAI SZAKGY\u00d3GYTORN\u00c1SZ szakir\u00e1ny\u00fa tov\u00e1bbk\u00e9pz\u00e9sben r\u00e9sztvev\u0151 hallgat\u00f3i r\u00e9sz\u00e9re\u00a0 A k\u00e9pz\u00e9s neve: neurol\u00f3giai szakgy\u00f3gytorn\u00e1sz A k\u00e9pz\u00e9s felel\u0151se: Tak\u00e1csn\u00e9 Udvarhelyi Edina ( <a href=\"mailto:edinaparkinson@gmail.com\">edinaparkinson@gmail.com<\/a> ) A k\u00e9pz\u00e9s form\u00e1ja: szakir\u00e1ny\u00fa tov\u00e1bbk\u00e9pz\u00e9s A k\u00e9pz\u00e9s munkarendje: levelez\u0151 A k\u00e9pz\u00e9s id\u0151tartama: 2 f\u00e9l\u00e9v \/ 120 tan\u00f3ra A k\u00e9pz\u00e9s d\u00edja: 230.000 &hellip;<\/p>\n","protected":false},"author":101136,"featured_media":0,"parent":32836,"menu_order":0,"comment_status":"closed","ping_status":"closed","template":"","meta":{"_acf_changed":false,"footnotes":""},"categories":[],"tags":[],"class_list":["post-22338","page","type-page","status-publish","hentry"],"acf":[],"publishpress_future_action":{"enabled":false,"date":"1970-01-01 01:00:00","action":"","terms":[],"taxonomy":"","browser_timezone_offset":0},"_links":{"self":[{"href":"https:\/\/semmelweis.hu\/aok\/wp-json\/wp\/v2\/pages\/22338","targetHints":{"allow":["GET"]}}],"collection":[{"href":"https:\/\/semmelweis.hu\/aok\/wp-json\/wp\/v2\/pages"}],"about":[{"href":"https:\/\/semmelweis.hu\/aok\/wp-json\/wp\/v2\/types\/page"}],"author":[{"embeddable":true,"href":"https:\/\/semmelweis.hu\/aok\/wp-json\/wp\/v2\/users\/101136"}],"replies":[{"embeddable":true,"href":"https:\/\/semmelweis.hu\/aok\/wp-json\/wp\/v2\/comments?post=22338"}],"version-history":[{"count":13,"href":"https:\/\/semmelweis.hu\/aok\/wp-json\/wp\/v2\/pages\/22338\/revisions"}],"predecessor-version":[{"id":33857,"href":"https:\/\/semmelweis.hu\/aok\/wp-json\/wp\/v2\/pages\/22338\/revisions\/33857"}],"up":[{"embeddable":true,"href":"https:\/\/semmelweis.hu\/aok\/wp-json\/wp\/v2\/pages\/32836"}],"wp:attachment":[{"href":"https:\/\/semmelweis.hu\/aok\/wp-json\/wp\/v2\/media?parent=22338"}],"wp:term":[{"taxonomy":"category","embeddable":true,"href":"https:\/\/semmelweis.hu\/aok\/wp-json\/wp\/v2\/categories?post=22338"},{"taxonomy":"post_tag","embeddable":true,"href":"https:\/\/semmelweis.hu\/aok\/wp-json\/wp\/v2\/tags?post=22338"}],"curies":[{"name":"wp","href":"https:\/\/api.w.org\/{rel}","templated":true}]}}