{"id":21571,"date":"2019-04-10T16:10:00","date_gmt":"2019-04-10T14:10:00","guid":{"rendered":"http:\/\/semmelweis.hu\/aok\/?page_id=21571"},"modified":"2019-04-10T16:10:00","modified_gmt":"2019-04-10T14:10:00","slug":"2018-julius-10-i-hatarozat","status":"publish","type":"page","link":"https:\/\/semmelweis.hu\/aok\/a-karrol\/kari-tanacs\/a-kari-tanacs-hatarozatai\/2018-julius-10-i-hatarozat\/","title":{"rendered":"2018. J\u00daLIUS 10-I HAT\u00c1ROZAT"},"content":{"rendered":"<p><strong><a href=\"https:\/\/semmelweis.hu\/aok\/files\/2019\/04\/61_2018_sz_hat_bev_a_klinikumba-2.pdf\" target=\"_blank\" rel=\"noopener noreferrer\">61\/2018 (2018. j\u00falius 10-i) KT sz\u00e1m\u00fa hat\u00e1rozata a 2018\/2019-es tan\u00e9v k\u00f6vetelm\u00e9nyrendszer r\u00e9sz\u00e9t k\u00e9pez\u0151 2018. j\u00fanius 12-i Kari Tan\u00e1cs\u00fcl\u00e9sen elfogadott Bevezet\u00e9s a Klinikumba c. tant\u00e1rgy k\u00f6vetelm\u00e9nyrendszer\u00e9nek m\u00f3dos\u00edt\u00e1s\u00e1r\u00f3l<\/a><\/strong><\/p>\n","protected":false},"excerpt":{"rendered":"<p><a href=\"https:\/\/semmelweis.hu\/aok\/files\/2019\/04\/61_2018_sz_hat_bev_a_klinikumba-2.pdf\" target=\"_blank\" rel=\"noopener noreferrer\">61\/2018 (2018. j\u00falius 10-i) KT sz\u00e1m\u00fa hat\u00e1rozata a 2018\/2019-es tan\u00e9v k\u00f6vetelm\u00e9nyrendszer r\u00e9sz\u00e9t k\u00e9pez\u0151 2018. j\u00fanius 12-i Kari Tan\u00e1cs\u00fcl\u00e9sen elfogadott Bevezet\u00e9s a Klinikumba c. tant\u00e1rgy k\u00f6vetelm\u00e9nyrendszer\u00e9nek m\u00f3dos\u00edt\u00e1s\u00e1r\u00f3l<\/a><\/p>\n","protected":false},"author":101136,"featured_media":0,"parent":1141,"menu_order":0,"comment_status":"closed","ping_status":"closed","template":"","meta":{"_acf_changed":false,"footnotes":""},"categories":[],"tags":[],"class_list":["post-21571","page","type-page","status-publish","hentry"],"acf":[],"publishpress_future_action":{"enabled":false,"date":"1970-01-01 01:00:00","action":"","terms":[],"taxonomy":"","browser_timezone_offset":0},"_links":{"self":[{"href":"https:\/\/semmelweis.hu\/aok\/wp-json\/wp\/v2\/pages\/21571","targetHints":{"allow":["GET"]}}],"collection":[{"href":"https:\/\/semmelweis.hu\/aok\/wp-json\/wp\/v2\/pages"}],"about":[{"href":"https:\/\/semmelweis.hu\/aok\/wp-json\/wp\/v2\/types\/page"}],"author":[{"embeddable":true,"href":"https:\/\/semmelweis.hu\/aok\/wp-json\/wp\/v2\/users\/101136"}],"replies":[{"embeddable":true,"href":"https:\/\/semmelweis.hu\/aok\/wp-json\/wp\/v2\/comments?post=21571"}],"version-history":[{"count":1,"href":"https:\/\/semmelweis.hu\/aok\/wp-json\/wp\/v2\/pages\/21571\/revisions"}],"predecessor-version":[{"id":21573,"href":"https:\/\/semmelweis.hu\/aok\/wp-json\/wp\/v2\/pages\/21571\/revisions\/21573"}],"up":[{"embeddable":true,"href":"https:\/\/semmelweis.hu\/aok\/wp-json\/wp\/v2\/pages\/1141"}],"wp:attachment":[{"href":"https:\/\/semmelweis.hu\/aok\/wp-json\/wp\/v2\/media?parent=21571"}],"wp:term":[{"taxonomy":"category","embeddable":true,"href":"https:\/\/semmelweis.hu\/aok\/wp-json\/wp\/v2\/categories?post=21571"},{"taxonomy":"post_tag","embeddable":true,"href":"https:\/\/semmelweis.hu\/aok\/wp-json\/wp\/v2\/tags?post=21571"}],"curies":[{"name":"wp","href":"https:\/\/api.w.org\/{rel}","templated":true}]}}