{"id":21565,"date":"2019-04-10T16:01:07","date_gmt":"2019-04-10T14:01:07","guid":{"rendered":"http:\/\/semmelweis.hu\/aok\/?page_id=21565"},"modified":"2019-04-10T16:01:07","modified_gmt":"2019-04-10T14:01:07","slug":"2018-junius-26-i-hatarozat-elektronikus-szavazas","status":"publish","type":"page","link":"https:\/\/semmelweis.hu\/aok\/a-karrol\/kari-tanacs\/a-kari-tanacs-hatarozatai\/2018-junius-26-i-hatarozat-elektronikus-szavazas\/","title":{"rendered":"2018. J\u00daNIUS 26-I HAT\u00c1ROZAT &#8211; ELEKTRONIKUS SZAVAZ\u00c1S"},"content":{"rendered":"<p><strong><a href=\"https:\/\/semmelweis.hu\/aok\/files\/2019\/04\/60_2018_hat_k\u00f6vetelm\u00e9nyrendszer.pdf\" target=\"_blank\" rel=\"noopener noreferrer\">60\/2018 (2018. j\u00fanius 26-i) KT sz\u00e1m\u00fa hat\u00e1rozata a 2018\/2019-es tan\u00e9v k\u00f6vetelm\u00e9nyrendszer r\u00e9sz\u00e9t k\u00e9pez\u0151 2018. j\u00fanius 12-i Kari Tan\u00e1cs\u00fcl\u00e9sen nem v\u00e9lem\u00e9nyezett tant\u00e1rgyak k\u00f6vetelm\u00e9nyrendszer\u00e9r\u0151l<\/a><\/strong><\/p>\n<p style=\"text-align: left;padding-left: 40px\"><strong><a href=\"https:\/\/semmelweis.hu\/aok\/files\/2019\/04\/60_2018_hat_mell\u00e9klet.pdf\" target=\"_blank\" rel=\"noopener noreferrer\">mell\u00e9klet<\/a><\/strong><\/p>\n","protected":false},"excerpt":{"rendered":"<p><a href=\"https:\/\/semmelweis.hu\/aok\/files\/2019\/04\/60_2018_hat_k\u00f6vetelm\u00e9nyrendszer.pdf\" target=\"_blank\" rel=\"noopener noreferrer\">60\/2018 (2018. j\u00fanius 26-i) KT sz\u00e1m\u00fa hat\u00e1rozata a 2018\/2019-es tan\u00e9v k\u00f6vetelm\u00e9nyrendszer r\u00e9sz\u00e9t k\u00e9pez\u0151 2018. j\u00fanius 12-i Kari Tan\u00e1cs\u00fcl\u00e9sen nem v\u00e9lem\u00e9nyezett tant\u00e1rgyak k\u00f6vetelm\u00e9nyrendszer\u00e9r\u0151l<\/a><br \/>\n<a href=\"https:\/\/semmelweis.hu\/aok\/files\/2019\/04\/60_2018_hat_mell\u00e9klet.pdf\" target=\"_blank\" rel=\"noopener noreferrer\">mell\u00e9klet<\/a><\/p>\n","protected":false},"author":101136,"featured_media":0,"parent":1141,"menu_order":0,"comment_status":"closed","ping_status":"closed","template":"","meta":{"_acf_changed":false,"footnotes":""},"categories":[],"tags":[],"class_list":["post-21565","page","type-page","status-publish","hentry"],"acf":[],"publishpress_future_action":{"enabled":false,"date":"1970-01-01 01:00:00","action":"","terms":[],"taxonomy":"","browser_timezone_offset":0},"_links":{"self":[{"href":"https:\/\/semmelweis.hu\/aok\/wp-json\/wp\/v2\/pages\/21565","targetHints":{"allow":["GET"]}}],"collection":[{"href":"https:\/\/semmelweis.hu\/aok\/wp-json\/wp\/v2\/pages"}],"about":[{"href":"https:\/\/semmelweis.hu\/aok\/wp-json\/wp\/v2\/types\/page"}],"author":[{"embeddable":true,"href":"https:\/\/semmelweis.hu\/aok\/wp-json\/wp\/v2\/users\/101136"}],"replies":[{"embeddable":true,"href":"https:\/\/semmelweis.hu\/aok\/wp-json\/wp\/v2\/comments?post=21565"}],"version-history":[{"count":1,"href":"https:\/\/semmelweis.hu\/aok\/wp-json\/wp\/v2\/pages\/21565\/revisions"}],"predecessor-version":[{"id":21568,"href":"https:\/\/semmelweis.hu\/aok\/wp-json\/wp\/v2\/pages\/21565\/revisions\/21568"}],"up":[{"embeddable":true,"href":"https:\/\/semmelweis.hu\/aok\/wp-json\/wp\/v2\/pages\/1141"}],"wp:attachment":[{"href":"https:\/\/semmelweis.hu\/aok\/wp-json\/wp\/v2\/media?parent=21565"}],"wp:term":[{"taxonomy":"category","embeddable":true,"href":"https:\/\/semmelweis.hu\/aok\/wp-json\/wp\/v2\/categories?post=21565"},{"taxonomy":"post_tag","embeddable":true,"href":"https:\/\/semmelweis.hu\/aok\/wp-json\/wp\/v2\/tags?post=21565"}],"curies":[{"name":"wp","href":"https:\/\/api.w.org\/{rel}","templated":true}]}}