{"id":21552,"date":"2019-04-09T08:30:21","date_gmt":"2019-04-09T06:30:21","guid":{"rendered":"http:\/\/semmelweis.hu\/aok\/?page_id=21552"},"modified":"2019-04-09T08:30:21","modified_gmt":"2019-04-09T06:30:21","slug":"2019-marcius-12-i-hatarozatok","status":"publish","type":"page","link":"https:\/\/semmelweis.hu\/aok\/a-karrol\/kari-tanacs\/a-kari-tanacs-hatarozatai\/2019-marcius-12-i-hatarozatok\/","title":{"rendered":"2019. M\u00c1RCIUS 12-I HAT\u00c1ROZATOK"},"content":{"rendered":"<p><strong><a href=\"https:\/\/semmelweis.hu\/aok\/files\/2019\/04\/34-2019_docensi_allashelyigeny.pdf\" target=\"_blank\" rel=\"noopener noreferrer\">34\/2019 (2019. m\u00e1rcius 12-i) sz\u00e1m\u00fa KT hat\u00e1rozat a karon meghirdetend\u0151 egyetemi docensi \u00e1ll\u00e1shelyekr\u0151l<\/a><\/strong><\/p>\n<p style=\"padding-left: 80px\"><strong><a href=\"https:\/\/semmelweis.hu\/aok\/files\/2019\/04\/34_sz_mell_Adatlapok-docensi-\u00e1ll\u00e1shelyhez.pdf\" target=\"_blank\" rel=\"noopener noreferrer\">mell\u00e9klet<\/a><\/strong><\/p>\n<p><a href=\"https:\/\/semmelweis.hu\/aok\/files\/2019\/04\/36-2019_onkoltseg.pdf\" target=\"_blank\" rel=\"noopener noreferrer\"><strong>36\/2019 (2019. m\u00e1rcius 12-i) sz\u00e1m\u00fa KT hat\u00e1rozat a 2020\/2021-es tan\u00e9v hallgat\u00f3i \u00f6nk\u00f6lts\u00e9g (k\u00e9pz\u00e9si) d\u00edjt\u00e9tel\u00e9re<\/strong><\/a><\/p>\n<p><strong><a href=\"https:\/\/semmelweis.hu\/aok\/files\/2019\/04\/37-2019_neonatologiai_tcs.pdf\" target=\"_blank\" rel=\"noopener noreferrer\">37\/2019 (2019. m\u00e1rcius 12-i) sz\u00e1m\u00fa KT hat\u00e1rozat a Neonatol\u00f3giai Tansz\u00e9ki Csoport l\u00e9trehoz\u00e1s\u00e1r\u00f3l az I. Sz. Gyermekgy\u00f3gy\u00e1szati Klinik\u00e1hoz rendelten<\/a><\/strong><\/p>\n","protected":false},"excerpt":{"rendered":"<p><a href=\"https:\/\/semmelweis.hu\/aok\/files\/2019\/04\/34-2019_docensi_allashelyigeny.pdf\" target=\"_blank\" rel=\"noopener noreferrer\">34\/2019 (2019. m\u00e1rcius 12-i) sz\u00e1m\u00fa KT hat\u00e1rozat a karon meghirdetend\u0151 egyetemi docensi \u00e1ll\u00e1shelyekr\u0151l<\/a><br \/>\n<a href=\"https:\/\/semmelweis.hu\/aok\/files\/2019\/04\/34_sz_mell_Adatlapok-docensi-\u00e1ll\u00e1shelyhez.pdf\" target=\"_blank\" rel=\"noopener noreferrer\">mell\u00e9klet<\/a><br \/>\n<a href=\"https:\/\/semmelweis.hu\/aok\/files\/2019\/04\/36-2019_onkoltseg.pdf\" target=\"_blank\" rel=\"noopener noreferrer\">36\/2019 (2019. m\u00e1rcius 12-i) sz\u00e1m\u00fa KT hat\u00e1rozat a 2020\/2021-es tan\u00e9v hallgat\u00f3i \u00f6nk\u00f6lts\u00e9g (k\u00e9pz\u00e9si) d\u00edjt\u00e9tel\u00e9re<\/a><br \/>\n<a href=\"https:\/\/semmelweis.hu\/aok\/files\/2019\/04\/37-2019_neonatologiai_tcs.pdf\" target=\"_blank\" rel=\"noopener noreferrer\">37\/2019 (2019. m\u00e1rcius 12-i) sz\u00e1m\u00fa KT hat\u00e1rozat a Neonatol\u00f3giai Tansz\u00e9ki Csoport l\u00e9trehoz\u00e1s\u00e1r\u00f3l az I. Sz. Gyermekgy\u00f3gy\u00e1szati Klinik\u00e1hoz rendelten<\/a><\/p>\n","protected":false},"author":101136,"featured_media":0,"parent":1141,"menu_order":0,"comment_status":"closed","ping_status":"closed","template":"","meta":{"_acf_changed":false,"footnotes":""},"categories":[],"tags":[],"class_list":["post-21552","page","type-page","status-publish","hentry"],"acf":[],"publishpress_future_action":{"enabled":false,"date":"1970-01-01 01:00:00","action":"","terms":[],"taxonomy":"","browser_timezone_offset":0},"_links":{"self":[{"href":"https:\/\/semmelweis.hu\/aok\/wp-json\/wp\/v2\/pages\/21552","targetHints":{"allow":["GET"]}}],"collection":[{"href":"https:\/\/semmelweis.hu\/aok\/wp-json\/wp\/v2\/pages"}],"about":[{"href":"https:\/\/semmelweis.hu\/aok\/wp-json\/wp\/v2\/types\/page"}],"author":[{"embeddable":true,"href":"https:\/\/semmelweis.hu\/aok\/wp-json\/wp\/v2\/users\/101136"}],"replies":[{"embeddable":true,"href":"https:\/\/semmelweis.hu\/aok\/wp-json\/wp\/v2\/comments?post=21552"}],"version-history":[{"count":3,"href":"https:\/\/semmelweis.hu\/aok\/wp-json\/wp\/v2\/pages\/21552\/revisions"}],"predecessor-version":[{"id":21559,"href":"https:\/\/semmelweis.hu\/aok\/wp-json\/wp\/v2\/pages\/21552\/revisions\/21559"}],"up":[{"embeddable":true,"href":"https:\/\/semmelweis.hu\/aok\/wp-json\/wp\/v2\/pages\/1141"}],"wp:attachment":[{"href":"https:\/\/semmelweis.hu\/aok\/wp-json\/wp\/v2\/media?parent=21552"}],"wp:term":[{"taxonomy":"category","embeddable":true,"href":"https:\/\/semmelweis.hu\/aok\/wp-json\/wp\/v2\/categories?post=21552"},{"taxonomy":"post_tag","embeddable":true,"href":"https:\/\/semmelweis.hu\/aok\/wp-json\/wp\/v2\/tags?post=21552"}],"curies":[{"name":"wp","href":"https:\/\/api.w.org\/{rel}","templated":true}]}}