{"id":21098,"date":"2019-02-20T09:07:36","date_gmt":"2019-02-20T08:07:36","guid":{"rendered":"http:\/\/semmelweis.hu\/aok\/?page_id=21098"},"modified":"2019-04-01T08:08:08","modified_gmt":"2019-04-01T06:08:08","slug":"2019-februar-5-i-hatarozatok","status":"publish","type":"page","link":"https:\/\/semmelweis.hu\/aok\/a-karrol\/kari-tanacs\/a-kari-tanacs-hatarozatai\/2019-februar-5-i-hatarozatok\/","title":{"rendered":"2019. FEBRU\u00c1R 5-I HAT\u00c1ROZATOK"},"content":{"rendered":"<p><strong><a href=\"https:\/\/semmelweis.hu\/aok\/files\/2019\/02\/24_2019_hat_docensi_\u00e1ll\u00e1shelyek.pdf\" target=\"_blank\" rel=\"noopener noreferrer\">24\/2019 (2019. febru\u00e1r 5-i) sz\u00e1m\u00fa KT hat\u00e1rozat a karon meghirdetend\u0151 egyetemi docensi \u00e1ll\u00e1shelyekr\u0151l<\/a><\/strong><\/p>\n<p><strong><a href=\"https:\/\/semmelweis.hu\/aok\/files\/2019\/02\/25_2019_hat_valaszthato_targyak_szempontrendszere.pdf\" target=\"_blank\" rel=\"noopener noreferrer\">25\/2019 (2019. febru\u00e1r 5-i) sz\u00e1m\u00fa KT hat\u00e1rozat a v\u00e1laszthat\u00f3 t\u00e1rgyak szempontrendszer mell\u00e9klet\u00e9nek m\u00f3dos\u00edt\u00e1s\u00e1r\u00f3l<\/a><\/strong><\/p>\n<p><strong><a href=\"https:\/\/semmelweis.hu\/aok\/files\/2019\/02\/26_a_2019_hat_mintatanterv_modositas.pdf\">26\/a\/2019 (2019. febru\u00e1r 5-i) sz\u00e1m\u00fa KT hat\u00e1rozat a mintatanterv m\u00f3dos\u00edt\u00e1s\u00e1r\u00f3l<\/a><\/strong><\/p>\n<p><strong><a href=\"https:\/\/semmelweis.hu\/aok\/files\/2019\/02\/26_b_2019_hat_mintatanterv_modositas.pdf\" target=\"_blank\" rel=\"noopener noreferrer\">26\/b\/2019 (2019. febru\u00e1r 5-i) sz\u00e1m\u00fa KT hat\u00e1rozat a mintatanterv m\u00f3dos\u00edt\u00e1s\u00e1r\u00f3l<\/a><\/strong><\/p>\n<p><strong><a href=\"https:\/\/semmelweis.hu\/aok\/files\/2019\/02\/27_2019_hat_ach_szabadon_valaszthato.pdf\" target=\"_blank\" rel=\"noopener noreferrer\">27\/2019 (2019. febru\u00e1r 5-i) sz\u00e1m\u00fa KT hat\u00e1rozat v\u00e1laszthat\u00f3 tant\u00e1rgy bevezet\u00e9s\u00e9r\u0151l<\/a><\/strong><\/p>\n<p><strong><a href=\"https:\/\/semmelweis.hu\/aok\/files\/2019\/02\/28_2019_hat_ersebeszeti_tanszek_nevvaltoztatas.pdf\" target=\"_blank\" rel=\"noopener noreferrer\">28\/2019 (2019. febru\u00e1r 5-i) sz\u00e1m\u00fa KT hat\u00e1rozat az \u00c9rseb\u00e9szeti Tansz\u00e9k n\u00e9vv\u00e1ltoztat\u00e1s\u00e1r\u00f3l<\/a><\/strong><\/p>\n<p><strong><a href=\"https:\/\/semmelweis.hu\/aok\/files\/2019\/02\/29_2019_hat_merit_dij_szabalyzat_modositas.pdf\" target=\"_blank\" rel=\"noopener noreferrer\">29\/2019 (2019. febru\u00e1r 5-i) sz\u00e1m\u00fa KT hat\u00e1rozat a Merit d\u00edj adom\u00e1nyoz\u00e1s\u00e1r\u00f3l sz\u00f3l\u00f3 szab\u00e1lyzat m\u00f3dos\u00edt\u00e1s\u00e1r\u00f3l<\/a><\/strong><\/p>\n","protected":false},"excerpt":{"rendered":"<p><a href=\"https:\/\/semmelweis.hu\/aok\/files\/2019\/02\/24_2019_hat_docensi_\u00e1ll\u00e1shelyek.pdf\" target=\"_blank\" rel=\"noopener noreferrer\">24\/2019 (2019. febru\u00e1r 5-i) sz\u00e1m\u00fa KT hat\u00e1rozat a karon meghirdetend\u0151 egyetemi docensi \u00e1ll\u00e1shelyekr\u0151l<\/a><br \/>\n<a href=\"https:\/\/semmelweis.hu\/aok\/files\/2019\/02\/25_2019_hat_valaszthato_targyak_szempontrendszere.pdf\" target=\"_blank\" rel=\"noopener noreferrer\">25\/2019 (2019. febru\u00e1r 5-i) sz\u00e1m\u00fa KT hat\u00e1rozat a v\u00e1laszthat\u00f3 t\u00e1rgyak szempontrendszer mell\u00e9klet\u00e9nek m\u00f3dos\u00edt\u00e1s\u00e1r\u00f3l<\/a><br \/>\n<a href=\"https:\/\/semmelweis.hu\/aok\/files\/2019\/02\/26_a_2019_hat_mintatanterv_modositas.pdf\">26\/a\/2019 (2019. febru\u00e1r 5-i) sz\u00e1m\u00fa KT hat\u00e1rozat a mintatanterv m\u00f3dos\u00edt\u00e1s\u00e1r\u00f3l<\/a><br \/>\n<a href=\"https:\/\/semmelweis.hu\/aok\/files\/2019\/02\/26_b_2019_hat_mintatanterv_modositas.pdf\" target=\"_blank\" rel=\"noopener noreferrer\">26\/b\/2019 (2019. febru\u00e1r 5-i) sz\u00e1m\u00fa KT hat\u00e1rozat a mintatanterv m\u00f3dos\u00edt\u00e1s\u00e1r\u00f3l<\/a><br \/>\n<a href=\"https:\/\/semmelweis.hu\/aok\/files\/2019\/02\/27_2019_hat_ach_szabadon_valaszthato.pdf\" target=\"_blank\" rel=\"noopener noreferrer\">27\/2019 (2019. febru\u00e1r 5-i) sz\u00e1m\u00fa KT hat\u00e1rozat v\u00e1laszthat\u00f3 tant\u00e1rgy bevezet\u00e9s\u00e9r\u0151l<\/a><br \/>\n<a href=\"https:\/\/semmelweis.hu\/aok\/files\/2019\/02\/28_2019_hat_ersebeszeti_tanszek_nevvaltoztatas.pdf\" target=\"_blank\" rel=\"noopener noreferrer\">28\/2019 (2019. febru\u00e1r 5-i) sz\u00e1m\u00fa KT hat\u00e1rozat az \u00c9rseb\u00e9szeti Tansz\u00e9k n\u00e9vv\u00e1ltoztat\u00e1s\u00e1r\u00f3l<\/a><br \/>\n<a href=\"https:\/\/semmelweis.hu\/aok\/files\/2019\/02\/29_2019_hat_merit_dij_szabalyzat_modositas.pdf\" target=\"_blank\" rel=\"noopener noreferrer\">29\/2019 (2019. febru\u00e1r 5-i) sz\u00e1m\u00fa KT hat\u00e1rozat a Merit d\u00edj adom\u00e1nyoz\u00e1s\u00e1r\u00f3l sz\u00f3l\u00f3 szab\u00e1lyzat m\u00f3dos\u00edt\u00e1s\u00e1r\u00f3l<\/a><\/p>\n","protected":false},"author":101136,"featured_media":0,"parent":1141,"menu_order":0,"comment_status":"closed","ping_status":"closed","template":"","meta":{"_acf_changed":false,"footnotes":""},"categories":[],"tags":[],"class_list":["post-21098","page","type-page","status-publish","hentry"],"acf":[],"publishpress_future_action":{"enabled":false,"date":"1970-01-01 01:00:00","action":"","terms":[],"taxonomy":"","browser_timezone_offset":0},"_links":{"self":[{"href":"https:\/\/semmelweis.hu\/aok\/wp-json\/wp\/v2\/pages\/21098","targetHints":{"allow":["GET"]}}],"collection":[{"href":"https:\/\/semmelweis.hu\/aok\/wp-json\/wp\/v2\/pages"}],"about":[{"href":"https:\/\/semmelweis.hu\/aok\/wp-json\/wp\/v2\/types\/page"}],"author":[{"embeddable":true,"href":"https:\/\/semmelweis.hu\/aok\/wp-json\/wp\/v2\/users\/101136"}],"replies":[{"embeddable":true,"href":"https:\/\/semmelweis.hu\/aok\/wp-json\/wp\/v2\/comments?post=21098"}],"version-history":[{"count":4,"href":"https:\/\/semmelweis.hu\/aok\/wp-json\/wp\/v2\/pages\/21098\/revisions"}],"predecessor-version":[{"id":21369,"href":"https:\/\/semmelweis.hu\/aok\/wp-json\/wp\/v2\/pages\/21098\/revisions\/21369"}],"up":[{"embeddable":true,"href":"https:\/\/semmelweis.hu\/aok\/wp-json\/wp\/v2\/pages\/1141"}],"wp:attachment":[{"href":"https:\/\/semmelweis.hu\/aok\/wp-json\/wp\/v2\/media?parent=21098"}],"wp:term":[{"taxonomy":"category","embeddable":true,"href":"https:\/\/semmelweis.hu\/aok\/wp-json\/wp\/v2\/categories?post=21098"},{"taxonomy":"post_tag","embeddable":true,"href":"https:\/\/semmelweis.hu\/aok\/wp-json\/wp\/v2\/tags?post=21098"}],"curies":[{"name":"wp","href":"https:\/\/api.w.org\/{rel}","templated":true}]}}