{"id":21081,"date":"2019-02-08T11:50:11","date_gmt":"2019-02-08T10:50:11","guid":{"rendered":"http:\/\/semmelweis.hu\/aok\/?page_id=21081"},"modified":"2019-04-01T08:09:39","modified_gmt":"2019-04-01T06:09:39","slug":"2018-december-11-i-hatarozatok","status":"publish","type":"page","link":"https:\/\/semmelweis.hu\/aok\/a-karrol\/kari-tanacs\/a-kari-tanacs-hatarozatai\/2018-december-11-i-hatarozatok\/","title":{"rendered":"2018. DECEMBER 11-I HAT\u00c1ROZATOK"},"content":{"rendered":"<p><strong><a href=\"https:\/\/semmelweis.hu\/aok\/files\/2019\/02\/20_2018_sz_hat_kari-demonstr\u00e1tori-szab\u00e1lyzat.pdf\" target=\"_blank\" rel=\"noopener noreferrer\">20\/2018 (2018. december 11-i) sz\u00e1m\u00fa KT hat\u00e1rozata a kari Demonstr\u00e1tori Szab\u00e1lyzat m\u00f3dos\u00edt\u00e1s\u00e1r\u00f3l<\/a><\/strong><\/p>\n<p style=\"padding-left: 30px\"><strong><a href=\"https:\/\/semmelweis.hu\/aok\/files\/2019\/02\/20_2018_sz_mell\u00e9klet.pdf\" target=\"_blank\" rel=\"noopener noreferrer\">mell\u00e9klet<\/a><\/strong><\/p>\n<p><strong><a href=\"https:\/\/semmelweis.hu\/aok\/files\/2019\/02\/21_2018_sz_hat_tansz\u00e9ki-csoportok.pdf\" target=\"_blank\" rel=\"noopener noreferrer\">21\/2018 (2018. december 11-i) sz\u00e1m\u00fa KT hat\u00e1rozata az \u00d6nk\u00e9ntes Tartal\u00e9kosi Tansz\u00e9ki Csoport l\u00e9trehoz\u00e1s\u00e1r\u00f3l<\/a><\/strong><\/p>\n<p style=\"padding-left: 30px\"><strong><a href=\"https:\/\/semmelweis.hu\/aok\/files\/2019\/02\/21_2018_sz_mell\u00e9klet.pdf\" target=\"_blank\" rel=\"noopener noreferrer\">mell\u00e9klet<\/a><\/strong><\/p>\n<p>&nbsp;<\/p>\n<p>&nbsp;<\/p>\n","protected":false},"excerpt":{"rendered":"<p><a href=\"https:\/\/semmelweis.hu\/aok\/files\/2019\/02\/20_2018_sz_hat_kari-demonstr\u00e1tori-szab\u00e1lyzat.pdf\" target=\"_blank\" rel=\"noopener noreferrer\">20\/2018 (2018. december 11-i) sz\u00e1m\u00fa KT hat\u00e1rozata a kari Demonstr\u00e1tori Szab\u00e1lyzat m\u00f3dos\u00edt\u00e1s\u00e1r\u00f3l<\/a><br \/>\n<a href=\"https:\/\/semmelweis.hu\/aok\/files\/2019\/02\/20_2018_sz_mell\u00e9klet.pdf\" target=\"_blank\" rel=\"noopener noreferrer\">mell\u00e9klet<\/a><br \/>\n<a href=\"https:\/\/semmelweis.hu\/aok\/files\/2019\/02\/21_2018_sz_hat_tansz\u00e9ki-csoportok.pdf\" target=\"_blank\" rel=\"noopener noreferrer\">21\/2018 (2018. december 11-i) sz\u00e1m\u00fa KT hat\u00e1rozata az \u00d6nk\u00e9ntes Tartal\u00e9kosi Tansz\u00e9ki Csoport l\u00e9trehoz\u00e1s\u00e1r\u00f3l<\/a><br \/>\n<a href=\"https:\/\/semmelweis.hu\/aok\/files\/2019\/02\/21_2018_sz_mell\u00e9klet.pdf\" target=\"_blank\" rel=\"noopener noreferrer\">mell\u00e9klet<\/a><br \/>\n&nbsp;<br \/>\n&nbsp;<\/p>\n","protected":false},"author":101136,"featured_media":0,"parent":1141,"menu_order":0,"comment_status":"closed","ping_status":"closed","template":"","meta":{"_acf_changed":false,"footnotes":""},"categories":[],"tags":[],"class_list":["post-21081","page","type-page","status-publish","hentry"],"acf":[],"publishpress_future_action":{"enabled":false,"date":"1970-01-01 01:00:00","action":"","terms":[],"taxonomy":"","browser_timezone_offset":0},"_links":{"self":[{"href":"https:\/\/semmelweis.hu\/aok\/wp-json\/wp\/v2\/pages\/21081","targetHints":{"allow":["GET"]}}],"collection":[{"href":"https:\/\/semmelweis.hu\/aok\/wp-json\/wp\/v2\/pages"}],"about":[{"href":"https:\/\/semmelweis.hu\/aok\/wp-json\/wp\/v2\/types\/page"}],"author":[{"embeddable":true,"href":"https:\/\/semmelweis.hu\/aok\/wp-json\/wp\/v2\/users\/101136"}],"replies":[{"embeddable":true,"href":"https:\/\/semmelweis.hu\/aok\/wp-json\/wp\/v2\/comments?post=21081"}],"version-history":[{"count":2,"href":"https:\/\/semmelweis.hu\/aok\/wp-json\/wp\/v2\/pages\/21081\/revisions"}],"predecessor-version":[{"id":21370,"href":"https:\/\/semmelweis.hu\/aok\/wp-json\/wp\/v2\/pages\/21081\/revisions\/21370"}],"up":[{"embeddable":true,"href":"https:\/\/semmelweis.hu\/aok\/wp-json\/wp\/v2\/pages\/1141"}],"wp:attachment":[{"href":"https:\/\/semmelweis.hu\/aok\/wp-json\/wp\/v2\/media?parent=21081"}],"wp:term":[{"taxonomy":"category","embeddable":true,"href":"https:\/\/semmelweis.hu\/aok\/wp-json\/wp\/v2\/categories?post=21081"},{"taxonomy":"post_tag","embeddable":true,"href":"https:\/\/semmelweis.hu\/aok\/wp-json\/wp\/v2\/tags?post=21081"}],"curies":[{"name":"wp","href":"https:\/\/api.w.org\/{rel}","templated":true}]}}