{"id":20669,"date":"2018-11-19T10:05:40","date_gmt":"2018-11-19T09:05:40","guid":{"rendered":"http:\/\/semmelweis.hu\/aok\/?page_id=20669"},"modified":"2019-04-01T08:10:08","modified_gmt":"2019-04-01T06:10:08","slug":"2018-november-14-i-hatarozatok","status":"publish","type":"page","link":"https:\/\/semmelweis.hu\/aok\/a-karrol\/kari-tanacs\/a-kari-tanacs-hatarozatai\/2018-november-14-i-hatarozatok\/","title":{"rendered":"2018. november 14-i hat\u00e1rozatok"},"content":{"rendered":"<p><strong><a href=\"https:\/\/semmelweis.hu\/aok\/files\/2018\/11\/16_a_2018-sz-hat\u00e1rozat_szab\u00e1lyzat-h\u00e1t\u00e1lyon-k\u00edv\u00fcl-helyez\u00e9se.pdf\" target=\"_blank\" rel=\"noopener noreferrer\">16\/a\/2018 (2018. november 14-i)\u00a0sz\u00e1m\u00fa KT hat\u00e1rozata\u00a0a kari szab\u00e1lyzatok fel\u00fclvizsg\u00e1lat\u00e1r\u00f3l<\/a><\/strong><\/p>\n<p><strong><a href=\"https:\/\/semmelweis.hu\/aok\/files\/2018\/11\/16_b_2018-sz-hat\u00e1rozat_szab\u00e1lyzat-hat\u00e1lyon-k\u00edv\u00fcl-helyez\u00e9se.pdf\" target=\"_blank\" rel=\"noopener noreferrer\">16\/b\/2018 (2018. november 14-i)\u00a0sz\u00e1m\u00fa KT hat\u00e1rozata\u00a0a kari szab\u00e1lyzatok fel\u00fclvizsg\u00e1lat\u00e1r\u00f3l<\/a><\/strong><\/p>\n<p><strong><a href=\"https:\/\/semmelweis.hu\/aok\/files\/2018\/11\/17_2018-sz-hat\u00e1rozat-gyakorl\u00f3-oszt\u00e1ly.pdf\" target=\"_blank\" rel=\"noopener noreferrer\">17\/2018 (2018. november 14-i)\u00a0sz\u00e1m\u00fa KT hat\u00e1rozata\u00a0a \u201eSE \u00c1OK Gyakorl\u00f3 K\u00f3rh\u00e1z\u201d c\u00edm elnyer\u00e9s\u00e9r\u0151l sz\u00f3l\u00f3 javaslatr\u00f3l<\/a><\/strong><\/p>\n<p><strong><a href=\"https:\/\/semmelweis.hu\/aok\/files\/2018\/11\/18_2018-sz-hat\u00e1rozat_gyakorl\u00f3-oszt\u00e1ly.pdf\" target=\"_blank\" rel=\"noopener noreferrer\">18\/2018 (2018. november 14-i)\u00a0sz\u00e1m\u00fa KT hat\u00e1rozata\u00a0a \u201eSE \u00c1OK Gyakorl\u00f3 Oszt\u00e1ly\u201d c\u00edm elnyer\u00e9s\u00e9r\u0151l sz\u00f3l\u00f3 javaslatr\u00f3l<\/a><\/strong><\/p>\n","protected":false},"excerpt":{"rendered":"<p><a href=\"https:\/\/semmelweis.hu\/aok\/files\/2018\/11\/16_a_2018-sz-hat\u00e1rozat_szab\u00e1lyzat-h\u00e1t\u00e1lyon-k\u00edv\u00fcl-helyez\u00e9se.pdf\" target=\"_blank\" rel=\"noopener noreferrer\">16\/a\/2018 (2018. november 14-i)\u00a0sz\u00e1m\u00fa KT hat\u00e1rozata\u00a0a kari szab\u00e1lyzatok fel\u00fclvizsg\u00e1lat\u00e1r\u00f3l<\/a><br \/>\n<a href=\"https:\/\/semmelweis.hu\/aok\/files\/2018\/11\/16_b_2018-sz-hat\u00e1rozat_szab\u00e1lyzat-hat\u00e1lyon-k\u00edv\u00fcl-helyez\u00e9se.pdf\" target=\"_blank\" rel=\"noopener noreferrer\">16\/b\/2018 (2018. november 14-i)\u00a0sz\u00e1m\u00fa KT hat\u00e1rozata\u00a0a kari szab\u00e1lyzatok fel\u00fclvizsg\u00e1lat\u00e1r\u00f3l<\/a><br \/>\n<a href=\"https:\/\/semmelweis.hu\/aok\/files\/2018\/11\/17_2018-sz-hat\u00e1rozat-gyakorl\u00f3-oszt\u00e1ly.pdf\" target=\"_blank\" rel=\"noopener noreferrer\">17\/2018 (2018. november 14-i)\u00a0sz\u00e1m\u00fa KT hat\u00e1rozata\u00a0a \u201eSE \u00c1OK Gyakorl\u00f3 K\u00f3rh\u00e1z\u201d c\u00edm elnyer\u00e9s\u00e9r\u0151l sz\u00f3l\u00f3 javaslatr\u00f3l<\/a><br \/>\n<a href=\"https:\/\/semmelweis.hu\/aok\/files\/2018\/11\/18_2018-sz-hat\u00e1rozat_gyakorl\u00f3-oszt\u00e1ly.pdf\" target=\"_blank\" rel=\"noopener noreferrer\">18\/2018 (2018. november 14-i)\u00a0sz\u00e1m\u00fa KT hat\u00e1rozata\u00a0a \u201eSE \u00c1OK Gyakorl\u00f3 Oszt\u00e1ly\u201d c\u00edm elnyer\u00e9s\u00e9r\u0151l sz\u00f3l\u00f3 javaslatr\u00f3l<\/a><\/p>\n","protected":false},"author":101136,"featured_media":0,"parent":1141,"menu_order":0,"comment_status":"closed","ping_status":"closed","template":"","meta":{"_acf_changed":false,"footnotes":""},"categories":[],"tags":[],"class_list":["post-20669","page","type-page","status-publish","hentry"],"acf":[],"publishpress_future_action":{"enabled":false,"date":"1970-01-01 01:00:00","action":"","terms":[],"taxonomy":"","browser_timezone_offset":0},"_links":{"self":[{"href":"https:\/\/semmelweis.hu\/aok\/wp-json\/wp\/v2\/pages\/20669","targetHints":{"allow":["GET"]}}],"collection":[{"href":"https:\/\/semmelweis.hu\/aok\/wp-json\/wp\/v2\/pages"}],"about":[{"href":"https:\/\/semmelweis.hu\/aok\/wp-json\/wp\/v2\/types\/page"}],"author":[{"embeddable":true,"href":"https:\/\/semmelweis.hu\/aok\/wp-json\/wp\/v2\/users\/101136"}],"replies":[{"embeddable":true,"href":"https:\/\/semmelweis.hu\/aok\/wp-json\/wp\/v2\/comments?post=20669"}],"version-history":[{"count":2,"href":"https:\/\/semmelweis.hu\/aok\/wp-json\/wp\/v2\/pages\/20669\/revisions"}],"predecessor-version":[{"id":21371,"href":"https:\/\/semmelweis.hu\/aok\/wp-json\/wp\/v2\/pages\/20669\/revisions\/21371"}],"up":[{"embeddable":true,"href":"https:\/\/semmelweis.hu\/aok\/wp-json\/wp\/v2\/pages\/1141"}],"wp:attachment":[{"href":"https:\/\/semmelweis.hu\/aok\/wp-json\/wp\/v2\/media?parent=20669"}],"wp:term":[{"taxonomy":"category","embeddable":true,"href":"https:\/\/semmelweis.hu\/aok\/wp-json\/wp\/v2\/categories?post=20669"},{"taxonomy":"post_tag","embeddable":true,"href":"https:\/\/semmelweis.hu\/aok\/wp-json\/wp\/v2\/tags?post=20669"}],"curies":[{"name":"wp","href":"https:\/\/api.w.org\/{rel}","templated":true}]}}