{"id":20439,"date":"2018-11-06T15:11:59","date_gmt":"2018-11-06T14:11:59","guid":{"rendered":"http:\/\/semmelweis.hu\/aok\/?page_id=20439"},"modified":"2019-04-01T08:10:45","modified_gmt":"2019-04-01T06:10:45","slug":"2018-szeptember-20-i-hatarozatok","status":"publish","type":"page","link":"https:\/\/semmelweis.hu\/aok\/a-karrol\/kari-tanacs\/a-kari-tanacs-hatarozatai\/2018-szeptember-20-i-hatarozatok\/","title":{"rendered":"2018. szeptember 20-i hat\u00e1rozatok"},"content":{"rendered":"<p><a href=\"https:\/\/semmelweis.hu\/aok\/files\/2018\/11\/4.sz-hat\u00e1rozat-\u00e1lll\u00e1shelyig\u00e9nyekr\u0151l.pdf\" target=\"_blank\" rel=\"noopener noreferrer\">4\/2018 (2018. szeptember 20-i)\u00a0sz\u00e1m\u00fa KT hat\u00e1rozata\u00a0az \u00c1ltal\u00e1nos Orvostudom\u00e1nyi Karon 2019. \u00e9vre meghirdetend\u0151 egyetemi tan\u00e1ri, egyetemi docensi, tudom\u00e1nyos tan\u00e1csad\u00f3i \u00e9s tudom\u00e1nyos f\u0151munkat\u00e1rsi \u00e1ll\u00e1shelyek meghirdet\u00e9s\u00e9r\u0151l vonatkoz\u00f3 javaslatr\u00f3l<\/a><\/p>\n<p><a href=\"https:\/\/semmelweis.hu\/aok\/files\/2018\/11\/7-sz-KT-hat\u00e1rozat-kari-merit-d\u00edj-szab\u00e1lyzat.pdf\" target=\"_blank\" rel=\"noopener noreferrer\">7\/2018 (2018. szeptember 20-i)\u00a0sz\u00e1m\u00fa KT hat\u00e1rozata\u00a0a kari Merit d\u00edj adom\u00e1nyoz\u00e1s\u00e1r\u00f3l sz\u00f3l\u00f3 szab\u00e1lyzat elfogad\u00e1s\u00e1ra vonatkoz\u00f3 javaslatr\u00f3l<\/a><\/p>\n<p style=\"padding-left: 30px\"><a href=\"https:\/\/semmelweis.hu\/aok\/files\/2018\/11\/Merit-d\u00edj-adom\u00e1nyoz\u00e1s\u00e1nak-rendj\u00e9r\u0151l-sz\u00f3l\u00f3-szab\u00e1lyzat.pdf\" target=\"_blank\" rel=\"noopener noreferrer\">mell\u00e9klet<\/a><\/p>\n<p><a href=\"https:\/\/semmelweis.hu\/aok\/files\/2018\/11\/8-sz-KT-hat\u00e1rozat-Haynal-Bezn\u00e1k.pdf\" target=\"_blank\" rel=\"noopener noreferrer\">8\/2018 (2018. szeptember 20-i)\u00a0sz\u00e1m\u00fa KT hat\u00e1rozata\u00a0a Dr. Haynal Imre \u00e9s Dr. Bezn\u00e1k Alad\u00e1r eml\u00e9k\u00e9rem \u00e9s jutalomd\u00edj adom\u00e1nyoz\u00e1s\u00e1nak rendj\u00e9r\u0151l sz\u00f3l\u00f3 szab\u00e1lyzatok fel\u00fclvizsg\u00e1lat\u00e1ra vonatkoz\u00f3 javaslatr\u00f3l<\/a><\/p>\n<p style=\"padding-left: 30px\"><a href=\"https:\/\/semmelweis.hu\/aok\/files\/2018\/11\/Dr.-Haynal-Imre-eml\u00e9k\u00e9rem-\u00e9s-jutalomd\u00edj-adom\u00e1nyoz\u00e1s\u00e1nak-rendj\u00e9r\u0151l-sz\u00f3l\u00f3-szab\u00e1lyzat.pdf\" target=\"_blank\" rel=\"noopener noreferrer\">mell\u00e9klet 1<\/a> \u00a0 \u00a0 \u00a0 <a href=\"https:\/\/semmelweis.hu\/aok\/files\/2018\/11\/Dr.-Bezn\u00e1k-Alad\u00e1r-eml\u00e9k\u00e9rem-\u00e9s-jutalomd\u00edj-adom\u00e1nyoz\u00e1s\u00e1nak-rendj\u00e9r\u0151l-sz\u00f3l\u00f3-szab\u00e1lyzat.pdf\" target=\"_blank\" rel=\"noopener noreferrer\">mell\u00e9klet 2<\/a><\/p>\n<p><a href=\"https:\/\/semmelweis.hu\/aok\/files\/2018\/11\/9-sz-KT-hat\u00e1rozat-professor-emeritus.pdf\" target=\"_blank\" rel=\"noopener noreferrer\">9\/2018 (2018. szeptember 20-i)\u00a0sz\u00e1m\u00fa KT hat\u00e1rozata\u00a0a \u201eProfessor Emeritus\u201d c\u00edm adom\u00e1nyoz\u00e1s\u00e1ra \u00e9s visel\u00e9s\u00e9re vonatkoz\u00f3 kari felt\u00e9telrendszerr\u0151l sz\u00f3l\u00f3 szab\u00e1lyzat fel\u00fclvizsg\u00e1lat\u00e1ra vonatkoz\u00f3 javaslatr\u00f3l<\/a><\/p>\n<p style=\"padding-left: 30px\"><a href=\"https:\/\/semmelweis.hu\/aok\/files\/2018\/11\/Professor-Emeritus\u201d-c\u00edm-adom\u00e1nyoz\u00e1s\u00e1ra-\u00e9s-visel\u00e9s\u00e9re-vonatkoz\u00f3-kari-felt\u00e9telrendszerr\u0151l-sz\u00f3l\u00f3-szab\u00e1lyzat.pdf\" target=\"_blank\" rel=\"noopener noreferrer\">mell\u00e9klet<\/a><\/p>\n<p><a href=\"https:\/\/semmelweis.hu\/aok\/files\/2018\/11\/10-sz-KT-hat\u00e1rozat-szakk\u00e9pz\u00e9si-tanulm\u00e1nyi-oszt\u00e1ly.pdf\" target=\"_blank\" rel=\"noopener noreferrer\">10\/2018 (2018. szeptember 20-i)\u00a0sz\u00e1m\u00fa KT hat\u00e1rozata\u00a0a Szakk\u00e9pz\u00e9si Oszt\u00e1ly\u00a0Szakk\u00e9pz\u00e9si Tanulm\u00e1nyi Oszt\u00e1lyra t\u00f6rt\u00e9n\u0151 n\u00e9vv\u00e1ltoztat\u00e1sra vonatkoz\u00f3 javaslatr\u00f3l<\/a><\/p>\n","protected":false},"excerpt":{"rendered":"<p><a href=\"https:\/\/semmelweis.hu\/aok\/files\/2018\/11\/4.sz-hat\u00e1rozat-\u00e1lll\u00e1shelyig\u00e9nyekr\u0151l.pdf\" target=\"_blank\" rel=\"noopener noreferrer\">4\/2018 (2018. szeptember 20-i)\u00a0sz\u00e1m\u00fa KT hat\u00e1rozata\u00a0az \u00c1ltal\u00e1nos Orvostudom\u00e1nyi Karon 2019. \u00e9vre meghirdetend\u0151 egyetemi tan\u00e1ri, egyetemi docensi, tudom\u00e1nyos tan\u00e1csad\u00f3i \u00e9s tudom\u00e1nyos f\u0151munkat\u00e1rsi \u00e1ll\u00e1shelyek meghirdet\u00e9s\u00e9r\u0151l vonatkoz\u00f3 javaslatr\u00f3l<\/a><br \/>\n<a href=\"https:\/\/semmelweis.hu\/aok\/files\/2018\/11\/7-sz-KT-hat\u00e1rozat-kari-merit-d\u00edj-szab\u00e1lyzat.pdf\" target=\"_blank\" rel=\"noopener noreferrer\">7\/2018 (2018. szeptember 20-i)\u00a0sz\u00e1m\u00fa KT hat\u00e1rozata\u00a0a kari Merit d\u00edj adom\u00e1nyoz\u00e1s\u00e1r\u00f3l sz\u00f3l\u00f3 szab\u00e1lyzat elfogad\u00e1s\u00e1ra vonatkoz\u00f3 javaslatr\u00f3l<\/a><br \/>\n<a href=\"https:\/\/semmelweis.hu\/aok\/files\/2018\/11\/Merit-d\u00edj-adom\u00e1nyoz\u00e1s\u00e1nak-rendj\u00e9r\u0151l-sz\u00f3l\u00f3-szab\u00e1lyzat.pdf\" target=\"_blank\" rel=\"noopener noreferrer\">mell\u00e9klet<\/a><br \/>\n<a href=\"https:\/\/semmelweis.hu\/aok\/files\/2018\/11\/8-sz-KT-hat\u00e1rozat-Haynal-Bezn\u00e1k.pdf\" target=\"_blank\" rel=\"noopener noreferrer\">8\/2018 (2018. szeptember 20-i)\u00a0sz\u00e1m\u00fa KT hat\u00e1rozata\u00a0a Dr. Haynal Imre \u00e9s Dr. Bezn\u00e1k Alad\u00e1r eml\u00e9k\u00e9rem \u00e9s jutalomd\u00edj adom\u00e1nyoz\u00e1s\u00e1nak rendj\u00e9r\u0151l sz\u00f3l\u00f3 szab\u00e1lyzatok fel\u00fclvizsg\u00e1lat\u00e1ra vonatkoz\u00f3 javaslatr\u00f3l<\/a><br \/>\n<a href=\"https:\/\/semmelweis.hu\/aok\/files\/2018\/11\/Dr.-Haynal-Imre-eml\u00e9k\u00e9rem-\u00e9s-jutalomd\u00edj-adom\u00e1nyoz\u00e1s\u00e1nak-rendj\u00e9r\u0151l-sz\u00f3l\u00f3-szab\u00e1lyzat.pdf\" target=\"_blank\" rel=\"noopener noreferrer\">mell\u00e9klet 1<\/a> \u00a0 \u00a0 \u00a0 <a href=\"https:\/\/semmelweis.hu\/aok\/files\/2018\/11\/Dr.-Bezn\u00e1k-Alad\u00e1r-eml\u00e9k\u00e9rem-\u00e9s-jutalomd\u00edj-adom\u00e1nyoz\u00e1s\u00e1nak-rendj\u00e9r\u0151l-sz\u00f3l\u00f3-szab\u00e1lyzat.pdf\" target=\"_blank\" rel=\"noopener noreferrer\">mell\u00e9klet 2<\/a><br \/>\n<a href=\"https:\/\/semmelweis.hu\/aok\/files\/2018\/11\/9-sz-KT-hat\u00e1rozat-professor-emeritus.pdf\" target=\"_blank\" rel=\"noopener noreferrer\">9\/2018 (2018. szeptember 20-i)\u00a0sz\u00e1m\u00fa KT hat\u00e1rozata\u00a0a \u201eProfessor Emeritus\u201d c\u00edm adom\u00e1nyoz\u00e1s\u00e1ra \u00e9s visel\u00e9s\u00e9re vonatkoz\u00f3 kari felt\u00e9telrendszerr\u0151l sz\u00f3l\u00f3 szab\u00e1lyzat fel\u00fclvizsg\u00e1lat\u00e1ra vonatkoz\u00f3 javaslatr\u00f3l<\/a><br \/>\n<a href=\"https:\/\/semmelweis.hu\/aok\/files\/2018\/11\/Professor-Emeritus\u201d-c\u00edm-adom\u00e1nyoz\u00e1s\u00e1ra-\u00e9s-visel\u00e9s\u00e9re-vonatkoz\u00f3-kari-felt\u00e9telrendszerr\u0151l-sz\u00f3l\u00f3-szab\u00e1lyzat.pdf\" target=\"_blank\" rel=\"noopener noreferrer\">mell\u00e9klet<\/a><br \/>\n<a href=\"https:\/\/semmelweis.hu\/aok\/files\/2018\/11\/10-sz-KT-hat\u00e1rozat-szakk\u00e9pz\u00e9si-tanulm\u00e1nyi-oszt\u00e1ly.pdf\" target=\"_blank\" rel=\"noopener noreferrer\">10\/2018 (2018. szeptember 20-i)\u00a0sz\u00e1m\u00fa KT hat\u00e1rozata\u00a0a Szakk\u00e9pz\u00e9si Oszt\u00e1ly\u00a0Szakk\u00e9pz\u00e9si Tanulm\u00e1nyi Oszt\u00e1lyra t\u00f6rt\u00e9n\u0151 n\u00e9vv\u00e1ltoztat\u00e1sra vonatkoz\u00f3 javaslatr\u00f3l<\/a><\/p>\n","protected":false},"author":101462,"featured_media":0,"parent":1141,"menu_order":0,"comment_status":"closed","ping_status":"closed","template":"","meta":{"_acf_changed":false,"footnotes":""},"categories":[],"tags":[],"class_list":["post-20439","page","type-page","status-publish","hentry"],"acf":[],"publishpress_future_action":{"enabled":false,"date":"1970-01-01 01:00:00","action":"","terms":[],"taxonomy":"","browser_timezone_offset":0},"_links":{"self":[{"href":"https:\/\/semmelweis.hu\/aok\/wp-json\/wp\/v2\/pages\/20439","targetHints":{"allow":["GET"]}}],"collection":[{"href":"https:\/\/semmelweis.hu\/aok\/wp-json\/wp\/v2\/pages"}],"about":[{"href":"https:\/\/semmelweis.hu\/aok\/wp-json\/wp\/v2\/types\/page"}],"author":[{"embeddable":true,"href":"https:\/\/semmelweis.hu\/aok\/wp-json\/wp\/v2\/users\/101462"}],"replies":[{"embeddable":true,"href":"https:\/\/semmelweis.hu\/aok\/wp-json\/wp\/v2\/comments?post=20439"}],"version-history":[{"count":6,"href":"https:\/\/semmelweis.hu\/aok\/wp-json\/wp\/v2\/pages\/20439\/revisions"}],"predecessor-version":[{"id":21372,"href":"https:\/\/semmelweis.hu\/aok\/wp-json\/wp\/v2\/pages\/20439\/revisions\/21372"}],"up":[{"embeddable":true,"href":"https:\/\/semmelweis.hu\/aok\/wp-json\/wp\/v2\/pages\/1141"}],"wp:attachment":[{"href":"https:\/\/semmelweis.hu\/aok\/wp-json\/wp\/v2\/media?parent=20439"}],"wp:term":[{"taxonomy":"category","embeddable":true,"href":"https:\/\/semmelweis.hu\/aok\/wp-json\/wp\/v2\/categories?post=20439"},{"taxonomy":"post_tag","embeddable":true,"href":"https:\/\/semmelweis.hu\/aok\/wp-json\/wp\/v2\/tags?post=20439"}],"curies":[{"name":"wp","href":"https:\/\/api.w.org\/{rel}","templated":true}]}}