{"id":20152,"date":"2018-10-11T10:43:13","date_gmt":"2018-10-11T08:43:13","guid":{"rendered":"http:\/\/semmelweis.hu\/aok\/?page_id=20152"},"modified":"2025-09-16T15:36:01","modified_gmt":"2025-09-16T13:36:01","slug":"letoltheto-dokumentumok-hallgatoknak","status":"publish","type":"page","link":"https:\/\/semmelweis.hu\/aok\/oktatas\/letoltheto-dokumentumok-hallgatoknak\/","title":{"rendered":"Let\u00f6lthet\u0151 dokumentumok hallgat\u00f3knak"},"content":{"rendered":"<h3>Let\u00f6lthet\u0151 dokumentumok<\/h3>\n<ul>\n<li><a href=\"https:\/\/semmelweis.hu\/aok\/files\/2024\/05\/Igazolas-klinikai-munkarol_2024.doc\" target=\"_blank\" rel=\"noopener\">Igazol\u00e1s klinikai munk\u00e1r\u00f3l<\/a>\u00a0<\/li>\n<li><a href=\"https:\/\/semmelweis.hu\/aok\/files\/2025\/01\/Igazolas-eu.-szolg.-jogv.-klinikai-munkarol_2025_csak-igazolas.doc\" target=\"_blank\" rel=\"noopener\">Igazol\u00e1s eg\u00e9szs\u00e9g\u00fcgyi szolg\u00e1lati jogviszony keret\u00e9ben v\u00e9gzett klinikai munk\u00e1r\u00f3l<\/a><\/li>\n<li><a href=\"https:\/\/semmelweis.hu\/aok\/files\/2023\/08\/Befogadasi-kerelem-kotelezo-targyakhoz_2021-szeptembertol.doc\" target=\"_blank\" rel=\"noopener\">Befogad\u00e1si k\u00e9relem k\u00f6telez\u0151 t\u00e1rgyhoz<\/a>\u00a0<\/li>\n<li><a href=\"https:\/\/semmelweis.hu\/aok\/files\/2023\/08\/Befogadasi-kerelem-valaszthato-targyakhoz_2021-szeptembertol.doc\" target=\"_blank\" rel=\"noopener\">Befogad\u00e1si k\u00e9relem v\u00e1laszthat\u00f3 t\u00e1rgyhoz<\/a>\u00a0<\/li>\n<li><a href=\"https:\/\/semmelweis.hu\/aok\/files\/2023\/08\/Tanulmanyi-ugyekben-beadando-hallgatoi-kerelem.doc\" target=\"_blank\" rel=\"noopener\">Tanulm\u00e1nyi \u00fcgyekben beadand\u00f3 hallgat\u00f3i k\u00e9relem<\/a>\u00a0<\/li>\n<li><a href=\"https:\/\/semmelweis.hu\/aok\/files\/2023\/08\/Jogorvoslati-kerelem.doc\" target=\"_blank\" rel=\"noopener\">Jogorvoslati k\u00e9relem<\/a>\u00a0<\/li>\n<li><a href=\"https:\/\/semmelweis.hu\/aok\/files\/2025\/06\/TKSZV-nyomtatvany_2025-1.docx\" target=\"_blank\" rel=\"noopener\">TKSZV jelentkez\u00e9shez nyomtatv\u00e1ny 2025<\/a><\/li>\n<li><a href=\"https:\/\/semmelweis.hu\/aok\/files\/2025\/09\/MEGHATALMAZAS-MINTA-UJ_2025-1.docx\" target=\"_blank\" rel=\"noopener\">Meghatalmaz\u00e1s formanyomtatv\u00e1ny<\/a><\/li>\n<\/ul>\n","protected":false},"excerpt":{"rendered":"<p>Let\u00f6lthet\u0151 dokumentumok<\/p>\n<p><a href=\"https:\/\/semmelweis.hu\/aok\/files\/2024\/05\/Igazolas-klinikai-munkarol_2024.doc\" target=\"_blank\" rel=\"noopener\">Igazol\u00e1s klinikai munk\u00e1r\u00f3l<\/a>\u00a0<br \/>\n<a href=\"https:\/\/semmelweis.hu\/aok\/files\/2025\/01\/Igazolas-eu.-szolg.-jogv.-klinikai-munkarol_2025_csak-igazolas.doc\" target=\"_blank\" rel=\"noopener\">Igazol\u00e1s eg\u00e9szs\u00e9g\u00fcgyi szolg\u00e1lati jogviszony keret\u00e9ben v\u00e9gzett klinikai munk\u00e1r\u00f3l<\/a><br \/>\n<a href=\"https:\/\/semmelweis.hu\/aok\/files\/2023\/08\/Befogadasi-kerelem-kotelezo-targyakhoz_2021-szeptembertol.doc\" target=\"_blank\" rel=\"noopener\">Befogad\u00e1si k\u00e9relem k\u00f6telez\u0151 t\u00e1rgyhoz<\/a>\u00a0<br \/>\n<a href=\"https:\/\/semmelweis.hu\/aok\/files\/2023\/08\/Befogadasi-kerelem-valaszthato-targyakhoz_2021-szeptembertol.doc\" target=\"_blank\" rel=\"noopener\">Befogad\u00e1si k\u00e9relem v\u00e1laszthat\u00f3 t\u00e1rgyhoz<\/a>\u00a0<br \/>\n<a href=\"https:\/\/semmelweis.hu\/aok\/files\/2023\/08\/Tanulmanyi-ugyekben-beadando-hallgatoi-kerelem.doc\" target=\"_blank\" rel=\"noopener\">Tanulm\u00e1nyi \u00fcgyekben beadand\u00f3 hallgat\u00f3i k\u00e9relem<\/a>\u00a0<br \/>\n<a href=\"https:\/\/semmelweis.hu\/aok\/files\/2023\/08\/Jogorvoslati-kerelem.doc\" target=\"_blank\" rel=\"noopener\">Jogorvoslati k\u00e9relem<\/a>\u00a0<br \/>\n<a href=\"https:\/\/semmelweis.hu\/aok\/files\/2025\/06\/TKSZV-nyomtatvany_2025-1.docx\" target=\"_blank\" rel=\"noopener\">TKSZV jelentkez\u00e9shez nyomtatv\u00e1ny 2025<\/a><br \/>\n<a href=\"https:\/\/semmelweis.hu\/aok\/files\/2025\/09\/MEGHATALMAZAS-MINTA-UJ_2025-1.docx\" target=\"_blank\" rel=\"noopener\">Meghatalmaz\u00e1s formanyomtatv\u00e1ny<\/a><\/p>\n","protected":false},"author":12,"featured_media":0,"parent":126,"menu_order":4,"comment_status":"closed","ping_status":"closed","template":"","meta":{"_acf_changed":false,"footnotes":""},"categories":[],"tags":[],"class_list":["post-20152","page","type-page","status-publish","hentry"],"acf":[],"publishpress_future_action":{"enabled":false,"date":"1970-01-01 01:00:00","action":"","terms":[],"taxonomy":"","browser_timezone_offset":0},"_links":{"self":[{"href":"https:\/\/semmelweis.hu\/aok\/wp-json\/wp\/v2\/pages\/20152","targetHints":{"allow":["GET"]}}],"collection":[{"href":"https:\/\/semmelweis.hu\/aok\/wp-json\/wp\/v2\/pages"}],"about":[{"href":"https:\/\/semmelweis.hu\/aok\/wp-json\/wp\/v2\/types\/page"}],"author":[{"embeddable":true,"href":"https:\/\/semmelweis.hu\/aok\/wp-json\/wp\/v2\/users\/12"}],"replies":[{"embeddable":true,"href":"https:\/\/semmelweis.hu\/aok\/wp-json\/wp\/v2\/comments?post=20152"}],"version-history":[{"count":13,"href":"https:\/\/semmelweis.hu\/aok\/wp-json\/wp\/v2\/pages\/20152\/revisions"}],"predecessor-version":[{"id":33786,"href":"https:\/\/semmelweis.hu\/aok\/wp-json\/wp\/v2\/pages\/20152\/revisions\/33786"}],"up":[{"embeddable":true,"href":"https:\/\/semmelweis.hu\/aok\/wp-json\/wp\/v2\/pages\/126"}],"wp:attachment":[{"href":"https:\/\/semmelweis.hu\/aok\/wp-json\/wp\/v2\/media?parent=20152"}],"wp:term":[{"taxonomy":"category","embeddable":true,"href":"https:\/\/semmelweis.hu\/aok\/wp-json\/wp\/v2\/categories?post=20152"},{"taxonomy":"post_tag","embeddable":true,"href":"https:\/\/semmelweis.hu\/aok\/wp-json\/wp\/v2\/tags?post=20152"}],"curies":[{"name":"wp","href":"https:\/\/api.w.org\/{rel}","templated":true}]}}