{"id":19094,"date":"2018-05-07T13:49:50","date_gmt":"2018-05-07T11:49:50","guid":{"rendered":"http:\/\/semmelweis.hu\/aok\/?page_id=19094"},"modified":"2019-04-01T08:20:17","modified_gmt":"2019-04-01T06:20:17","slug":"2018-aprilis-10-i-hatarozatok","status":"publish","type":"page","link":"https:\/\/semmelweis.hu\/aok\/a-karrol\/kari-tanacs\/a-kari-tanacs-hatarozatai\/2018-aprilis-10-i-hatarozatok\/","title":{"rendered":"2018. \u00e1prilis 10-i hat\u00e1rozatok"},"content":{"rendered":"<p><strong><a href=\"https:\/\/semmelweis.hu\/aok\/files\/2018\/05\/35_2018_sz_KT_hat\u00e1rozat_\u00f6nk\u00f6lts\u00e9g.pdf\">35\/2018 (2018. \u00e1prilis 10-i) KT sz\u00e1m\u00fa hat\u00e1rozata a 2019\/2020-as tan\u00e9v hallgat\u00f3i \u00f6nk\u00f6lts\u00e9g (k\u00e9pz\u00e9si) d\u00edjt\u00e9tel\u00e9re vonatkoz\u00f3 javaslatr\u00f3l<\/a><\/strong><strong><br \/>\n<\/strong><\/p>\n<p><strong><a href=\"https:\/\/semmelweis.hu\/aok\/files\/2018\/05\/36_2018_sz_KT_hat\u00e1rozat_CV_FM_Kurzus.pdf\">36\/2018 (2018. \u00e1prilis 10-i) KT sz\u00e1m\u00fa hat\u00e1rozata a kiz\u00e1r\u00f3lag CV vagy FM kurzust felvev\u0151 \u00f6nk\u00f6lts\u00e9ges\/k\u00f6lts\u00e9gt\u00e9r\u00edt\u00e9ses k\u00e9pz\u00e9sben r\u00e9szt vev\u0151 hallgat\u00f3k t\u00e9r\u00edt\u00e9si d\u00edj\u00e1nak meg\u00e1llap\u00edt\u00e1s\u00e1r\u00f3l <\/a><\/strong><strong><br \/>\n<\/strong><\/p>\n","protected":false},"excerpt":{"rendered":"<p><a href=\"https:\/\/semmelweis.hu\/aok\/files\/2018\/05\/35_2018_sz_KT_hat\u00e1rozat_\u00f6nk\u00f6lts\u00e9g.pdf\">35\/2018 (2018. \u00e1prilis 10-i) KT sz\u00e1m\u00fa hat\u00e1rozata a 2019\/2020-as tan\u00e9v hallgat\u00f3i \u00f6nk\u00f6lts\u00e9g (k\u00e9pz\u00e9si) d\u00edjt\u00e9tel\u00e9re vonatkoz\u00f3 javaslatr\u00f3l<\/a><\/p>\n<p><a href=\"https:\/\/semmelweis.hu\/aok\/files\/2018\/05\/36_2018_sz_KT_hat\u00e1rozat_CV_FM_Kurzus.pdf\">36\/2018 (2018. \u00e1prilis 10-i) KT sz\u00e1m\u00fa hat\u00e1rozata a kiz\u00e1r\u00f3lag CV vagy FM kurzust felvev\u0151 \u00f6nk\u00f6lts\u00e9ges\/k\u00f6lts\u00e9gt\u00e9r\u00edt\u00e9ses k\u00e9pz\u00e9sben r\u00e9szt vev\u0151 hallgat\u00f3k t\u00e9r\u00edt\u00e9si d\u00edj\u00e1nak meg\u00e1llap\u00edt\u00e1s\u00e1r\u00f3l <\/a><\/p>\n","protected":false},"author":151,"featured_media":0,"parent":1141,"menu_order":0,"comment_status":"closed","ping_status":"closed","template":"","meta":{"_acf_changed":false,"footnotes":""},"categories":[],"tags":[],"class_list":["post-19094","page","type-page","status-publish","hentry"],"acf":[],"publishpress_future_action":{"enabled":false,"date":"1970-01-01 01:00:00","action":"","terms":[],"taxonomy":"","browser_timezone_offset":0},"_links":{"self":[{"href":"https:\/\/semmelweis.hu\/aok\/wp-json\/wp\/v2\/pages\/19094","targetHints":{"allow":["GET"]}}],"collection":[{"href":"https:\/\/semmelweis.hu\/aok\/wp-json\/wp\/v2\/pages"}],"about":[{"href":"https:\/\/semmelweis.hu\/aok\/wp-json\/wp\/v2\/types\/page"}],"author":[{"embeddable":true,"href":"https:\/\/semmelweis.hu\/aok\/wp-json\/wp\/v2\/users\/151"}],"replies":[{"embeddable":true,"href":"https:\/\/semmelweis.hu\/aok\/wp-json\/wp\/v2\/comments?post=19094"}],"version-history":[{"count":4,"href":"https:\/\/semmelweis.hu\/aok\/wp-json\/wp\/v2\/pages\/19094\/revisions"}],"predecessor-version":[{"id":19771,"href":"https:\/\/semmelweis.hu\/aok\/wp-json\/wp\/v2\/pages\/19094\/revisions\/19771"}],"up":[{"embeddable":true,"href":"https:\/\/semmelweis.hu\/aok\/wp-json\/wp\/v2\/pages\/1141"}],"wp:attachment":[{"href":"https:\/\/semmelweis.hu\/aok\/wp-json\/wp\/v2\/media?parent=19094"}],"wp:term":[{"taxonomy":"category","embeddable":true,"href":"https:\/\/semmelweis.hu\/aok\/wp-json\/wp\/v2\/categories?post=19094"},{"taxonomy":"post_tag","embeddable":true,"href":"https:\/\/semmelweis.hu\/aok\/wp-json\/wp\/v2\/tags?post=19094"}],"curies":[{"name":"wp","href":"https:\/\/api.w.org\/{rel}","templated":true}]}}