{"id":17158,"date":"2017-07-25T13:55:39","date_gmt":"2017-07-25T11:55:39","guid":{"rendered":"http:\/\/semmelweis.hu\/aok\/?page_id=17158"},"modified":"2025-09-24T10:57:43","modified_gmt":"2025-09-24T08:57:43","slug":"felvetteknek","status":"publish","type":"page","link":"https:\/\/semmelweis.hu\/aok\/oktatas\/felvetteknek\/","title":{"rendered":"Felv\u00e9telt nyert hallgat\u00f3k sz\u00e1m\u00e1ra t\u00e1j\u00e9koztat\u00f3k \/ nyomtatv\u00e1nyok"},"content":{"rendered":"<h1 style=\"text-align: center\">T \u00c1 J \u00c9 K O Z T A T \u00d3<br \/>\naz \u00c1ltal\u00e1nos Orvostudom\u00e1nyi Kar leend\u0151 <br \/>\nI. \u00e9vfolyamos hallgat\u00f3i r\u00e9sz\u00e9re a 2025\/2026. tan\u00e9vben<\/h1>\n<p style=\"text-align: left\"><strong>Szeretettel k\u00f6sz\u00f6ntj\u00fck \u00e9s egyben gratul\u00e1lunk \u00d6nnek, hogy tanulm\u00e1nyi eredm\u00e9nye alapj\u00e1n felv\u00e9telt nyert a Semmelweis Egyetem \u00c1ltal\u00e1nos Orvostudom\u00e1nyi Kar \u00e1ltal\u00e1nos orvos k\u00e9pz\u00e9s\u00e9re. <\/strong><strong>Egyetemi tanulm\u00e1nyaihoz sok sikert k\u00edv\u00e1nunk!<\/strong><\/p>\n<p><strong>Az al\u00e1bbi t\u00e1j\u00e9koztat\u00f3val szeretn\u00e9nk megk\u00f6nny\u00edteni az egyetemi \u00e9letbe val\u00f3 bekapcsol\u00f3d\u00e1s\u00e1t.<\/strong><\/p>\n<h1>NEPTUN RENDSZER<\/h1>\n<p>T\u00e1j\u00e9koztatjuk, hogy tanulm\u00e1nyi \u00fcgyeit, valamint az egyetem hivatalos \u00e9rtes\u00edt\u00e9seit a NEPTUN.Net Egys\u00e9ges Fels\u0151oktat\u00e1si Tanulm\u00e1nyi Rendszerben tudja majd int\u00e9zni, illetve nyomon k\u00f6vetni. <strong>A rendszerhez val\u00f3 hozz\u00e1f\u00e9r\u00e9sr\u0151l a felv\u00e9telr\u0151l sz\u00f3l\u00f3 ki\u00e9rtes\u00edt\u00e9sben kap t\u00e1j\u00e9koztat\u00e1st.<\/strong><\/p>\n<p>A <a href=\"https:\/\/semmelweis.hu\/neptun\/hu\/neptun-inditasa\/\">NEPTUN<\/a> Egys\u00e9ges Tanulm\u00e1nyi Rendszer haszn\u00e1lat\u00e1val kapcsolatos minden fontos inform\u00e1ci\u00f3t az al\u00e1bbi dokumentum tartalmazza:<\/p>\n<ul>\n<li><a href=\"https:\/\/semmelweis.hu\/aok\/files\/2024\/07\/3RNeptun-hallg-osszefogl_teljes_2024_dh-to_240723.pdf\" target=\"_blank\" rel=\"noopener\">NEPTUN Egys\u00e9ges Tanulm\u00e1nyi Rendszer ismertet\u0151je<\/a><\/li>\n<li>A NEPTUN hallgat\u00f3i p\u00e9nz\u00fcgyi t\u00e1j\u00e9koztat\u00f3 anyaga <a href=\"https:\/\/semmelweis.hu\/aok\/files\/2024\/07\/SE-NEPTUN-PENZUGYI-TAJEKOZTATO_2024.pdf\" target=\"_blank\" rel=\"noopener\">ITT t\u00f6lthet\u0151 le<\/a>.\u00a0<\/li>\n<\/ul>\n<div class=\"keretes w-100\">A felv\u00e9telr\u0151l sz\u00f3l\u00f3 hat\u00e1rozat k\u00e9zhezv\u00e9tel\u00e9t k\u00f6vet\u0151en javasoljuk, hogy <strong>\u00fczeneteit a NEPTUN rendszerben napi szinten k\u00eds\u00e9rje figyelemmel.<\/strong><\/div>\n<h1>OFFICE 365 \u00e9s EGYETEMI E-MAIL C\u00cdM hallgat\u00f3knak<\/h1>\n<p>Az egyetem hallgat\u00f3i sz\u00e1m\u00e1ra ingyenesen el\u00e9rhet\u0151 a Microsoft Office 365 szolg\u00e1ltat\u00e1sa.<\/p>\n<p>Az egyetem \u00e1ltal biztos\u00edtott e-mail c\u00edmet a frissen felvett hallgat\u00f3 k\u00f6teles aktiv\u00e1lni, \u00e9s figyelemmel k\u00eds\u00e9rni az ide \u00e9rkez\u0151 \u00fczeneteket.<\/p>\n<div class=\"keretes w-100\">\n<p>A hallgat\u00f3k <strong>egyetemi e-mail-c\u00edme az egyetemmel val\u00f3 kommunik\u00e1ci\u00f3 hivatalos csatorn\u00e1ja<\/strong>, <strong>az egyetem kiz\u00e1r\u00f3lag erre a c\u00edmre k\u00fcldi az \u00e9rtes\u00edt\u00e9seit<\/strong>. Emiatt a Neptunban, illetve a SeK\u00c1-ban <strong>ezt kell be\u00e1ll\u00edtani els\u0151dleges e-mail-c\u00edmnek<\/strong>.<\/p>\n<\/div>\n<p>Az egyetemi e-mail c\u00edm aktiv\u00e1l\u00e1s\u00e1val kapcsolatos tudnival\u00f3kat az egyetem honlapj\u00e1n tal\u00e1lhat\u00f3, al\u00e1bbi le\u00edr\u00e1s tartalmazza:<\/p>\n<p><a href=\"https:\/\/semmelweis.hu\/informatika\/o365\/tutorial-anyagok\/utmutato-hallgatoi-o365-fiok-aktivalasahoz\/\">\u00datmutat\u00f3 a hallgat\u00f3i o365 fi\u00f3k aktiv\u00e1l\u00e1s\u00e1hoz\/<\/a><\/p>\n<h1>HALLGAT\u00d3I JOGVISZONY L\u00c9TES\u00cdT\u00c9SE<\/h1>\n<p>Az a jelentkez\u0151, aki felv\u00e9telt nyert karunkra, hallgat\u00f3i jogviszonyt l\u00e9tes\u00edthet az egyetemmel.<\/p>\n<p><strong>A hallgat\u00f3i jogviszony a beiratkoz\u00e1ssal j\u00f6n l\u00e9tre.<\/strong><\/p>\n<h2>Tennival\u00f3k a beiratkoz\u00e1st megel\u0151z\u0151en<\/h2>\n<ul>\n<li>Az <span style=\"text-decoration: underline\">al\u00e1bbi adatokat<strong> 2025. augusztus 10-ig <\/strong>kell felt\u00f6lteni Neptun rendszerbe:<\/span><br \/>\n\u2013 ad\u00f3azonos\u00edt\u00f3 jel;<br \/>\n\u2013 t\u00e1rsadalombiztos\u00edt\u00e1si azonos\u00edt\u00f3 jel (TAJ);<br \/>\n\u2013 szem\u00e9lyazonos\u00edt\u00f3 igazolv\u00e1ny sz\u00e1ma\/\u00fatlev\u00e9l\/tart\u00f3zkod\u00e1si enged\u00e9ly sz\u00e1ma;<br \/>\n\u2013 banksz\u00e1mlasz\u00e1m.<\/li>\n<li>A beiratkoz\u00e1s a BEIRATKOZ\u00c1SI LAP NEPTUN rendszerb\u0151l val\u00f3 kinyomtat\u00e1s\u00e1val (NEPTUN\/INFORM\u00c1CI\u00d3\/\u00c1LTAL\u00c1NOS NYOMTATV\u00c1NYOK) \u00e9s al\u00e1\u00edr\u00e1s\u00e1val kezdem\u00e9nyezhet\u0151. <span style=\"text-decoration: underline\">A beiratkoz\u00e1si lap nyomtat\u00e1s\u00e1t k\u00e9rj\u00fck <strong>augusztus 18-a ut\u00e1n<\/strong> v\u00e9gezze el,<\/span> amikor a fent felsorolt adatait az \u00e9vfolyam tanulm\u00e1nyi \u00fcgyint\u00e9z\u0151je m\u00e1r elfogadta a Neptun rendszerben!<\/li>\n<li>Amennyiben a beiratkoz\u00e1si lapon szerepl\u0151 adataiban a jelentkez\u00e9se \u00f3ta v\u00e1ltoz\u00e1s t\u00f6rt\u00e9nt, ezt a v\u00e1ltoz\u00e1s k\u00e9z\u00edr\u00e1ssal vezesse \u00e1t a szem\u00e9lyes beiratkoz\u00e1s el\u0151tt. \u00a0<\/li>\n<li>A beiratkoz\u00e1si lapot a Tanulm\u00e1nyi Oszt\u00e1ly vezet\u0151je hiteles\u00edti, amennyiben a BEIRATKOZ\u00c1SI LAP adatai alapj\u00e1n nincs akad\u00e1lya a jogviszony l\u00e9tes\u00edt\u00e9s\u00e9nek. A beiratkoz\u00e1s a BEIRATKOZ\u00c1SI LAP hiteles\u00edt\u00e9s\u00e9vel val\u00f3sul meg.<\/li>\n<\/ul>\n<h2>Hallgat\u00f3i jogviszony l\u00e9tes\u00edt\u00e9s\u00e9nek felt\u00e9tele<\/h2>\n<p>A hallgat\u00f3i jogviszony l\u00e9tes\u00edt\u00e9s\u00e9nek felt\u00e9tele, hogy <strong>a beiratkoz\u00e1si lap lead\u00e1sakor a Tanulm\u00e1nyi Oszt\u00e1ly munkat\u00e1rsainak \u00e1tadja a felv\u00e9teli elj\u00e1r\u00e1sban a pontsz\u00e1m\u00edt\u00e1s sor\u00e1n felhaszn\u00e1lt dokumentumok<\/strong> (k\u00f6z\u00e9piskolai, \u00e9retts\u00e9gi, nyelvvizsga bizony\u00edtv\u00e1ny, tan\u00fas\u00edtv\u00e1ny, oklev\u00e9l, t\u00f6bbletpontot igazol\u00f3 dokumentumok stb.) <strong>eredeti, vagy k\u00f6zjegyz\u0151 \u00e1ltal hiteles\u00edtett m\u00e1solat\u00e1t<\/strong>, mely dokumentumok az ellen\u0151rz\u00e9s ut\u00e1n a beiratkoz\u00e1s alkalm\u00e1val visszaad\u00e1sra ker\u00fclnek.<\/p>\n<p>T\u00e1j\u00e9koztatom, hogy amennyiben meg\u00e1llap\u00edt\u00e1st nyer, hogy felv\u00e9teli eredm\u00e9ny\u00e9t befoly\u00e1sol\u00f3 val\u00f3tlan adatszolg\u00e1ltat\u00e1s t\u00f6rt\u00e9nt, a felv\u00e9telr\u0151l sz\u00f3l\u00f3 d\u00f6nt\u00e9s megsemmis\u00edt\u00e9sre ker\u00fcl.<\/p>\n<h1>BEIRATKOZ\u00c1S<\/h1>\n<ol>\n<li><strong>az al\u00e1\u00edrt (sz\u00fcks\u00e9g eset\u00e9n jav\u00edtott) BEIRATKOZ\u00c1SI LAP, valamint az al\u00e1bb felsorolt dokumentumok lead\u00e1s\u00e1val \u00e9s<\/strong><\/li>\n<li><strong>a NEPTUN rendszerben a hallgat\u00f3i st\u00e1tusz regisztr\u00e1l\u00e1s\u00e1val t\u00f6rt\u00e9nik.<\/strong><\/li>\n<\/ol>\n<h2>A beiratkoz\u00e1s id\u0151pontjai<\/h2>\n<p><strong style=\"color: #1e2326;font-family: 'PT serif', serif;font-size: 1rem\">2025. augusztus 25. (h\u00e9tf\u0151) 9.00 \u2013 11.00 \u00f3ra \u00e9s 13.00 \u2013 15.00 \u00f3ra<\/strong><\/p>\n<p><strong style=\"color: #1e2326;font-family: 'PT serif', serif;font-size: 1rem\">2025. augusztus 26. (kedd) 9.00 \u2013 11.00 \u00f3ra \u00e9s 13.00 \u2013 15.00 \u00f3ra<\/strong><\/p>\n<h2>A beiratkoz\u00e1s helye<\/h2>\n<p><strong>\u00c1ltal\u00e1nos Orvostudom\u00e1nyi Kar<br \/>\nD\u00e9k\u00e1ni Hivatal, Tanulm\u00e1nyi Oszt\u00e1ly<br \/>\n1089 Budapest, Nagyv\u00e1rad t\u00e9r 4. I. emelet E15.<\/strong><\/p>\n<p>Amennyiben a megadott id\u0151pontban nem tud szem\u00e9lyesen megjelenni, meghatalmazott k\u00f6zrem\u0171k\u00f6d\u00e9s\u00e9re is lehet\u0151s\u00e9g van.<\/p>\n<p><a href=\"https:\/\/semmelweis.hu\/aok\/files\/2025\/09\/MEGHATALMAZAS-MINTA-UJ_2025-2.docx\" target=\"_blank\" rel=\"noopener\">MEGHATALMAZ\u00c1S MINTA (ITT t\u00f6lthet\u0151 le DOC form\u00e1tumban)<\/a><\/p>\n<h2>Beiratkoz\u00e1skor beadand\u00f3\/bemutatand\u00f3 dokumentumok<\/h2>\n<ul>\n<li>szem\u00e9lyazonos\u00edt\u00f3 igazolv\u00e1ny<\/li>\n<li>lakc\u00edmk\u00e1rtya<\/li>\n<li>ad\u00f3k\u00e1rtya<\/li>\n<li>TAJ k\u00e1rtya<\/li>\n<li>beiratkoz\u00e1si lap kinyomtatott, (sz\u00fcks\u00e9g eset\u00e9n jav\u00edtott) al\u00e1\u00edrt p\u00e9ld\u00e1nya<\/li>\n<li>al\u00e1\u00edrt <a href=\"https:\/\/semmelweis.hu\/aok\/files\/2025\/09\/Fogadalomtetel-szoveg_2025.pdf\" target=\"_blank\" rel=\"noopener\">FOGADALOMT\u00c9TEL SZ\u00d6VEG<\/a><\/li>\n<li>al\u00e1\u00edrt <a href=\"https:\/\/semmelweis.hu\/aok\/files\/2025\/09\/NYILATKOZAT-ADATKEZELESI-TAJEKOZTATO-MEGISMERESEROL_2025.pdf\" target=\"_blank\" rel=\"noopener\">NYILATKOZAT ADATKEZEL\u00c9SI T\u00c1J\u00c9KOZTAT\u00d3 MEGISMER\u00c9S\u00c9R\u0150L<\/a><\/li>\n<li>al\u00e1\u00edrt <a href=\"https:\/\/semmelweis.hu\/aok\/files\/2025\/07\/Alumni_2025_regisztracios-lap.pdf\" target=\"_blank\" rel=\"noopener\">SEMMELWEIS ALUMNI REGISZTR\u00c1CI\u00d3S LAP<\/a><\/li>\n<li>al\u00e1\u00edrt <a href=\"https:\/\/semmelweis.hu\/aok\/files\/2025\/09\/NYILATKOZAT-KONYVTARHASZNALATHOZ-MEGKULDENDO-ADATOK-KEZELESEROL_2025.pdf\" target=\"_blank\" rel=\"noopener\">NYILATKOZAT K\u00d6NYVT\u00c1RHASZN\u00c1LATHOZ MEGK\u00dcLDEND\u0150 ADATOK KEZEL\u00c9S\u00c9R\u0150L<\/a><\/li>\n<li>a felv\u00e9teli elj\u00e1r\u00e1s sor\u00e1n a pontsz\u00e1m\u00edt\u00e1sban figyelembe vett dokumentumok eredeti, vagy k\u00f6zjegyz\u0151 \u00e1ltal hiteles\u00edtett m\u00e1solati p\u00e9ld\u00e1nya<\/li>\n<li>Okm\u00e1nyirod\u00e1t\u00f3l kapott NEK adatlap di\u00e1kigazolv\u00e1ny ig\u00e9nyl\u00e9shez<\/li>\n<li>egy darab 3,5 x 4,5 cm-es, a h\u00e1toldal\u00e1n n\u00e9vvel \u00e9s sz\u00fclet\u00e9si d\u00e1tummal ell\u00e1tott f\u00e9nyk\u00e9p<\/li>\n<\/ul>\n<div class=\"lead keretes w-100\">K\u00e9rj\u00fck, hogy a let\u00f6lthet\u0151 dokumentumokat megfelel\u0151en kit\u00f6ltve \u00e9s al\u00e1\u00edrva a beiratkoz\u00e1skor hozza mag\u00e1val.<\/div>\n<p>T\u00e1j\u00e9koztatjuk, hogy a hallgat\u00f3k r\u00e9sz\u00e9re az esetleges p\u00e9nzbeli t\u00e1mogat\u00e1s utal\u00e1sa foly\u00f3sz\u00e1ml\u00e1ra t\u00f6rt\u00e9nik, ez\u00e9rt sz\u00fcks\u00e9ges m\u00e1r el\u0151zetesen lakoss\u00e1gi foly\u00f3sz\u00e1mla nyit\u00e1sa, melynek sz\u00e1m\u00e1t \u00e9s a p\u00e9nzint\u00e9zet nev\u00e9t a beiratkoz\u00e1si lap nyomtat\u00e1sa el\u0151tt a Neptun rendszerben sz\u00edveskedj\u00e9k r\u00f6gz\u00edteni.<\/p>\n<p>Felh\u00edvjuk figyelm\u00e9t, hogy a BEIRATKOZ\u00c1SI LAPON (l\u00e1sd fent) nyilatkoznia kell:<\/p>\n<ol>\n<li>A Tanulm\u00e1nyi t\u00e1j\u00e9koztat\u00f3 megismer\u00e9s\u00e9r\u0151l <br \/>\nA TANULM\u00c1NYI T\u00c1J\u00c9KOZTAT\u00d3 AZ AKTU\u00c1LIS TAN\u00c9VRE augusztus h\u00f3nap m\u00e1sodik fel\u00e9ben lesz el\u00e9rhet\u0151.<\/li>\n<\/ol>\n<ol start=\"2\">\n<li>Az \u00e1llami \u00f6szt\u00f6nd\u00edjas k\u00e9pz\u00e9sre t\u00f6rt\u00e9nt felv\u00e9tel eset\u00e9n e k\u00e9pz\u00e9s felt\u00e9teleinek elfogad\u00e1s\u00e1r\u00f3l\n<ul>\n<li><a href=\"https:\/\/www.oktatas.hu\/magyar-allami-osztondij\/altalanos_tajekoztatok\">\u00c1LLAMI \u00d6SZT\u00d6ND\u00cdJR\u00d3L SZ\u00d3L\u00d3 T\u00c1J\u00c9KOZTAT\u00d3 \u2192<\/a><\/li>\n<li><a href=\"https:\/\/semmelweis.hu\/aok\/files\/2021\/07\/Oktat\u00e1si-Hivatal-egyoldalas-t\u00e1j\u00e9koztat\u00f3-anyag.pdf\">Oktat\u00e1si Hivatal egyoldalas t\u00e1j\u00e9koztat\u00f3 anyaga (PDF)<\/a><\/li>\n<\/ul>\n<\/li>\n<\/ol>\n<div class=\"fontos_div\">\n<p><strong>Amennyiben 2025. szeptember 5-ig a 2025\/2026. tan\u00e9vre felv\u00e9telt nyert jelentkez\u0151 a beiratkoz\u00e1s lehet\u0151s\u00e9g\u00e9vel nem \u00e9l, a tanulm\u00e1nyok megkezd\u00e9s\u00e9re val\u00f3 jog\u00e1t elveszti.<\/strong><\/p>\n<\/div>\n<p>T\u00e1j\u00e9koztatom, hogy a jelenleg hat\u00e1lyos Semmelweis Egyetem Szervezeti \u00e9s M\u0171k\u00f6d\u00e9si Szab\u00e1lyzat \u2013 III. K\u00d6NYV Hallgat\u00f3i K\u00f6vetelm\u00e9nyrendszer \u2013 III.2. R\u00c9SZ Tanulm\u00e1nyi \u00e9s Vizsgaszab\u00e1lyzat \u00e9rtelm\u00e9ben a beiratkozott hallgat\u00f3 tanulm\u00e1nyai megkezd\u00e9s\u00e9re legfeljebb 2 f\u00e9l\u00e9vre kaphat halaszt\u00e1st, a Kar Tanulm\u00e1nyi Oszt\u00e1ly\u00e1hoz beny\u00fajtott, a Tanulm\u00e1nyi \u00e9s Vizsgabizotts\u00e1ghoz c\u00edmzett k\u00e9relem alapj\u00e1n. A hallgat\u00f3i jogviszony els\u0151 f\u00e9l\u00e9v teljes\u00edt\u00e9se el\u0151tti sz\u00fcneteltet\u00e9se abban az esetben lehets\u00e9ges amennyiben a hallgat\u00f3 a hallgat\u00f3i jogviszonyb\u00f3l ered\u0151 k\u00f6telezetts\u00e9geinek sz\u00fcl\u00e9s, tov\u00e1bb\u00e1 baleset, betegs\u00e9g, vagy m\u00e1s v\u00e1ratlan ok miatt, \u00f6nhib\u00e1j\u00e1n k\u00edv\u00fcl nem tud eleget tenni.<\/p>\n<h1>REGISZTR\u00c1CI\u00d3<\/h1>\n<p>a NEPTUN rendszerben a 2025\/2026. tan\u00e9v \u0151szi szemeszter\u00e9re a f\u00e9l\u00e9v \u201eakt\u00edv\u201d st\u00e1tuszra \u00e1ll\u00edt\u00e1s\u00e1val t\u00f6rt\u00e9nik<\/p>\n<p><strong style=\"font-size: 1rem\">2025. augusztus 25. 8.00 \u00f3r\u00e1t\u00f3l szeptember 05. 24.00 \u00f3r\u00e1ig.<\/strong><\/p>\n<h1>TANT\u00c1RGYAK, KURZUSOK FELV\u00c9TELE<\/h1>\n<p>a mintatanterv alapj\u00e1n:<\/p>\n<p><strong style=\"font-size: 1rem\">2025. augusztus 25-t\u0151l szeptember<\/strong><strong> 05. 24.00 \u00f3r\u00e1ig.<\/strong><\/p>\n<p><strong>Az akt\u00edv st\u00e1tuszra t\u00f6rt\u00e9n\u0151 regisztr\u00e1ci\u00f3 a legal\u00e1bb egy t\u00e1rgy felv\u00e9tel\u00e9vel t\u00f6rt\u00e9nhet.<\/strong> A hallgat\u00f3 a t\u00e1rgyfelv\u00e9telr\u0151l a tant\u00e1rgyfelv\u00e9teli id\u0151szak lez\u00e1r\u00e1sa ut\u00e1n 1 munkanapon bel\u00fcl NEPTUN \u00fczenet form\u00e1j\u00e1ban \u00e9rtes\u00edt\u00e9st kap az \u00e1ltala felvett t\u00e1rgyak ellen\u0151rz\u00e9s\u00e9nek sz\u00fcks\u00e9gess\u00e9g\u00e9re vonatkoz\u00f3 felh\u00edv\u00e1ssal.<\/p>\n<p>A hallgat\u00f3 a t\u00e1rgyfelv\u00e9teli id\u0151szak lez\u00e1rulta ut\u00e1n 5 napon bel\u00fcl kifog\u00e1ssal \u00e9lhet a nyilv\u00e1ntart\u00e1sban szerepl\u0151 t\u00e1rgyfelv\u00e9telre vonatkoz\u00f3 adattal szemben. A k\u00e9relmet szem\u00e9lyesen, vagy elektronikus lev\u00e9l form\u00e1j\u00e1ban a Tanulm\u00e1nyi Oszt\u00e1lyn\u00e1l lehet beny\u00fajtani. Megalapozott m\u00f3dos\u00edt\u00e1si k\u00e9relem eset\u00e9n a tant\u00e1rgyfelv\u00e9telt a Tanulm\u00e1nyi Oszt\u00e1ly m\u00f3dos\u00edtja. A kifog\u00e1sra vonatkoz\u00f3 k\u00e9relmet a Tanulm\u00e1nyi Oszt\u00e1ly vezet\u0151je b\u00edr\u00e1lja el, oly m\u00f3don, hogy annak enged\u00e9lyez\u00e9se eset\u00e9n a m\u00f3dos\u00edt\u00e1st a Tanulm\u00e1nyi Oszt\u00e1ly a t\u00e1rgyfelv\u00e9teli id\u0151szak lez\u00e1r\u00e1s\u00e1t k\u00f6vet\u0151 8 napon bel\u00fcl v\u00e9gre tudja hajtani.<\/p>\n<p>A <strong>Testnevel\u00e9s tant\u00e1rgy<\/strong> a mintatanterv k\u00f6telez\u0151 r\u00e9sze, \u00edgy az \u00f3r\u00e1k l\u00e1togat\u00e1sa valamennyi akt\u00edv hallgat\u00f3i jogviszonnyal rendelkez\u0151 hallgat\u00f3 sz\u00e1m\u00e1ra k\u00f6telez\u0151, mind a 12 f\u00e9l\u00e9vben. A Testnevel\u00e9s tant\u00e1rgy \u00f3r\u00e1inak l\u00e1togat\u00e1sa al\u00f3li felment\u00e9s ig\u00e9nyl\u00e9s\u00e9nek, valamint a hallgat\u00f3i felment\u00e9si ig\u00e9nyek elb\u00edr\u00e1l\u00e1s\u00e1nak folyamat\u00e1ra vonatkoz\u00f3 inform\u00e1ci\u00f3k az SE Testnevel\u00e9si \u00e9s Sportk\u00f6zpont honlapj\u00e1nak <a href=\"https:\/\/semmelweis.hu\/sportkozpont\/oktatas\/felmentesek\/\">Felment\u00e9si k\u00e9relem 2025\/2026\/1 \/(2025. augusztus 1. 8.00 \u2013 2025. augusztus 11. 23.59) <\/a>oldal\u00e1n tal\u00e1lhat\u00f3k.<\/p>\n<p>\u00c9rintetts\u00e9g eset\u00e9n az utas\u00edt\u00e1sban le\u00edrtak szerint sz\u00edveskedj\u00e9k elj\u00e1rni, k\u00fcl\u00f6n\u00f6s tekintettel a felment\u00e9sre ir\u00e1nyul\u00f3 k\u00e9relem bead\u00e1si hat\u00e1ridej\u00e9re! (2025. augusztus 1. 8.00 \u2013 2025. augusztus 11. 23.59)<\/p>\n<p><strong>Az els\u0151 oktat\u00e1si nap: 2025. szeptember 08.<\/strong><\/p>\n<h1>TAN\u00c9VNYIT\u00d3<\/h1>\n<div class=\"keretes w-100\">\n<p><strong><span style=\"color: #000000\">A tan\u00e9vnyit\u00f3n elhangz\u00f3 fogadalomt\u00e9tel a kurrikulum r\u00e9sze, ez\u00e9rt minden els\u0151\u00e9ves hallgat\u00f3 sz\u00e1m\u00e1ra k\u00f6telez\u0151 r\u00e9szt venni az \u00fcnneps\u00e9gen.<\/span><\/strong><\/p>\n<\/div>\n<p><strong>Helysz\u00edn<\/strong>: MVM Dome Budapesti Multifunkcion\u00e1lis Sportcsarnok (1098 Budapest, \u00dcll\u0151i \u00fat 131.)<\/p>\n<p><strong>Id\u0151pont:<\/strong> 2025. augusztus 30. (szombat, 12:00 \u00f3r\u00e1t\u00f3l)<\/p>\n<p><strong>Hallgat\u00f3k \u00e9rkez\u00e9se: <\/strong>10:00-11:00 \u00f3ra<\/p>\n<p><strong>Hozz\u00e1tartoz\u00f3k \u00e9rkez\u00e9se: <\/strong>11:30-ig<\/p>\n<p>Az \u00fcnneps\u00e9gen val\u00f3 r\u00e9szv\u00e9tel<strong> el\u0151zetes online regisztr\u00e1ci\u00f3hoz k\u00f6t\u00f6tt, <\/strong>amely r\u00e9szleteir\u0151l minden \u00e9rintett lev\u00e9lben kap t\u00e1j\u00e9koztat\u00e1st.<\/p>\n<h1>ALKALMASS\u00c1GI VIZSG\u00c1LAT<\/h1>\n<p><em>Az eg\u00e9szs\u00e9g\u00fcgyi tev\u00e9kenys\u00e9g v\u00e9gz\u00e9s\u00e9nek egyes k\u00e9rd\u00e9seir\u0151l sz\u00f3l\u00f3 2003. \u00e9vi LXXXIV. t\u00f6rv\u00e9ny<\/em> 27. \u00a7-a \u00e9rtelm\u00e9ben az eg\u00e9szs\u00e9g\u00fcgyi tev\u00e9kenys\u00e9g v\u00e9gz\u00e9s\u00e9ben hallgat\u00f3i jogviszony alapj\u00e1n k\u00f6zrem\u0171k\u00f6d\u0151 szem\u00e9lyek <strong>alkalmass\u00e1gi vizsg\u00e1laton k\u00f6telesek r\u00e9szt venni<\/strong>. Az alkalmass\u00e1gi vizsg\u00e1latot a Semmelweis Egyetem Klinikai K\u00f6zpont Szakrendel\u0151 Int\u00e9zet Foglalkoz\u00e1s-eg\u00e9szs\u00e9g\u00fcgyi Szolg\u00e1lata v\u00e9gzi.<\/p>\n<p>A vizsg\u00e1latra t\u00f6rt\u00e9n\u0151 jelentkez\u00e9sr\u0151l a D\u00e9k\u00e1ni Hivatal \u00e9rtes\u00edti \u00d6nt a k\u00e9s\u0151bbiekben a NEPTUN rendszeren kereszt\u00fcl.<\/p>\n<p>Az eg\u00e9szs\u00e9g\u00fcgyi vizsg\u00e1lathoz sz\u00fcks\u00e9ges dokumentumok itt let\u00f6lthet\u0151ek:<\/p>\n<ul>\n<li><a href=\"https:\/\/semmelweis.hu\/aok\/files\/2024\/07\/Tajekoztato-level_2024_AOK_FEU.pdf\" target=\"_blank\" rel=\"noopener\">T\u00e1j\u00e9koztat\u00f3<\/a><\/li>\n<li><a href=\"https:\/\/semmelweis.hu\/aok\/files\/2024\/08\/Golya-felhasznaloi-utmutato_2024.pdf\" target=\"_blank\" rel=\"noopener\">Felhaszn\u00e1l\u00f3 \u00fatmutat\u00f3 az Aptitude foglalkoz\u00e1s-eg\u00e9szs\u00e9g\u00fcgyi vizsg\u00e1latszervez\u0151 alkalmaz\u00e1shoz<\/a><\/li>\n<li><a href=\"https:\/\/semmelweis.hu\/aok\/files\/2025\/09\/Anamnezis-lap_2025.docx\" target=\"_blank\" rel=\"noopener\">Anamn\u00e9zis lap<\/a><\/li>\n<li><a href=\"https:\/\/semmelweis.hu\/aok\/files\/2023\/08\/HO-nyilatkozat_eu-oktatas.docx\" target=\"_blank\" rel=\"noopener\">H\u00e1ziorvosi nyilatkozat<\/a><\/li>\n<li><a href=\"https:\/\/semmelweis.hu\/aok\/files\/2023\/07\/6_sz_melleklet_Nyilatkozat_HIV_fertozesrol_HCV_vagy_HBV_virushordozasrol_UJ.pdf\" target=\"_blank\" rel=\"noopener\">Semmelweis Egyetem Munkav\u00e9delmi Szab\u00e1lyzat\u00e1nak 6. mell\u00e9klete szerinti Nyilatkozat<\/a><\/li>\n<li><a href=\"https:\/\/semmelweis.hu\/aok\/files\/2023\/07\/Hallgatoi-nyilatkozat-egeszsegi-allapotrol.pdf\" target=\"_blank\" rel=\"noopener\">Hallgat\u00f3i nyilatkozat eg\u00e9szs\u00e9gi \u00e1llapotr\u00f3l<\/a><\/li>\n<li><a href=\"https:\/\/semmelweis.hu\/aok\/files\/2023\/07\/Eu-nyilatkozat.docx\" target=\"_blank\" rel=\"noopener\">Eg\u00e9szs\u00e9g\u00fcgyi nyilatkozat (j\u00e1rv\u00e1ny\u00fcgyi \u00e9rdek)<\/a><\/li>\n<\/ul>\n<p>K\u00e9rj\u00fck, hogy az al\u00e1bbi dokumentumban szerepl\u0151 le\u00edr\u00e1st figyelmesen olvassa el!<\/p>\n<p><a href=\"https:\/\/semmelweis.hu\/aok\/files\/2025\/08\/Semmelweis-Egyetem-Foglalkozas-egeszsegugyi-Szolgalat-\u2013-Hallgatoi-ellatas-\u2013-Gyakran-ismetelt-kerdesek.pdf\">Semmelweis Egyetem Foglalkoz\u00e1s-eg\u00e9szs\u00e9g\u00fcgyi Szolg\u00e1lat \u2013 Hallgat\u00f3i ell\u00e1t\u00e1s \u2013 Gyakran ism\u00e9telt k\u00e9rd\u00e9sek<\/a><\/p>\n<h1>DI\u00c1KIGAZOLV\u00c1NY<\/h1>\n<p>A NEPTUN rendszeren t\u00f6rt\u00e9n\u0151 regisztr\u00e1ci\u00f3t k\u00f6vet\u0151en ind\u00edthat\u00f3 el a di\u00e1kigazolv\u00e1ny ig\u00e9nyl\u00e9se, elektronikus \u00faton.<\/p>\n<p>A di\u00e1kigazolv\u00e1ny ig\u00e9nyl\u00e9s\u00e9r\u0151l az Oktat\u00e1si Hivatal r\u00e9szletes t\u00e1j\u00e9koztat\u00e1sa az al\u00e1bbi linken \u00e9rhet\u0151 el: <a href=\"https:\/\/www.oktatas.hu\/felsooktatas\/diakigazolvany\/diakig_igenyles_hun\">https:\/\/www.oktatas.hu\/felsooktatas\/diakigazolvany\/diakig_igenyles_hun<\/a><\/p>\n<p>Tov\u00e1bbi t\u00e1j\u00e9koztat\u00e1st tal\u00e1l a <a href=\"http:\/\/www.diakigazolvany.hu\/\">www.diakigazolvany.hu<\/a> oldalon.<\/p>\n<h1>K\u00d6TELEZ\u0150 MUNKA \u00c9S T\u0170ZV\u00c9DELMI OKTAT\u00c1S<\/h1>\n<p>A k\u00f6telez\u0151 munka, t\u0171z \u00e9s k\u00f6rnyezetv\u00e9delmi oktat\u00e1sra a \u201eBiztons\u00e1gtechnika tanfolyam I. \u00e9vfolyamos \u00c1OK hallgat\u00f3k r\u00e9sz\u00e9re\u201d kurzus keret\u00e9ben ker\u00fcl sor, mely kurzus a Semmelweis Egyetem K\u00f6zponti E-learning Rendszer\u00e9ben tal\u00e1lhat\u00f3.<\/p>\n<p>Az oktat\u00e1si anyag megtekint\u00e9s\u00e9re \u00e9s az ahhoz kapcsol\u00f3d\u00f3 teszt kit\u00f6lt\u00e9s\u00e9re vonatkoz\u00f3 id\u0151szak a k\u00e9s\u0151bbiekben ker\u00fcl meghat\u00e1roz\u00e1sra.<\/p>\n<p>Semmelweis Egyetem Szen\u00e1tusi hat\u00e1rozata \u00e1ltal elfogadott Munkav\u00e9delmi Szab\u00e1lyzat 2.6.4. pontja, T\u0171zv\u00e9delmi Szab\u00e1lyzat 2.6.4. pontja \u00e9s K\u00f6rnyezetv\u00e9delmi Szab\u00e1lyzat 2.1.3. pontja alapj\u00e1n <strong>a beiratkoz\u00e1st k\u00f6vet\u0151 30 napon bel\u00fcl teljes\u00edteni sz\u00fcks\u00e9ges az oktat\u00e1st, amely a vizsg\u00e1ra bocs\u00e1t\u00e1s felt\u00e9tele<\/strong>. Az oktat\u00e1s akkor tekinthet\u0151 teljes\u00edtettnek, ha a teszten legal\u00e1bb 80 %-os eredm\u00e9nyt \u00e9r el.<\/p>\n<h1>E-LEARNING<\/h1>\n<p>Az e-learning rendszer el\u00e9rhet\u0151s\u00e9ge: <a href=\"http:\/\/itc.semmelweis.hu\/moodle\/\">http:\/\/itc.semmelweis.hu\/moodle\/<\/a><\/p>\n<p>A bejelentkez\u00e9shez sz\u00fcks\u00e9ges regisztr\u00e1ci\u00f3 elk\u00e9sz\u00edt\u00e9s\u00e9hez minden inform\u00e1ci\u00f3t megtal\u00e1l a k\u00f6vetkez\u0151 linken: <a href=\"https:\/\/seka.semmelweis.hu\/hu\/info\/e-learning\">https:\/\/seka.semmelweis.hu\/hu\/info\/e-learning<\/a><\/p>\n<h1>TAN\u00c9VBEOSZT\u00c1S<\/h1>\n<p>A 2025\/2026. tan\u00e9v beoszt\u00e1sa az al\u00e1bbi linken \u00e9rhet\u0151 el: <a href=\"https:\/\/semmelweis.hu\/aok\/oktatas\/tanevbeosztas\/\">https:\/\/semmelweis.hu\/aok\/oktatas\/tanevbeosztas\/<\/a><\/p>\n<h1>G\u00d3LYAT\u00c1BOR<\/h1>\n<p>A\u00a0<a href=\"https:\/\/golya.iocs.hu\/\" target=\"_blank\" rel=\"noopener\">Semmelweis G\u00f3lyat\u00e1bor<\/a> a frissen felvett hallgat\u00f3k \u00e9let\u00e9nek egyik legmeghat\u00e1roz\u00f3bb esem\u00e9nye, ahol\u00a0a g\u00f3ly\u00e1knak lehet\u0151s\u00e9ge ny\u00edlik megismerni a \u00e9vfolyamt\u00e1rsaikat, a fels\u0151bb\u00e9veseket, az egyetemet.\u00a0<\/p>\n<p>A fenti linken tal\u00e1lj\u00e1k a t\u00e1bor fontos r\u00e9szleteit, a t\u00e1borszervez\u0151k el\u00e9rhet\u0151s\u00e9geit, akikkel b\u00e1rmikor felvehetik a kapcsolatot amennyiben t\u00e1borral, vagy egyetemmel kapcsolatos k\u00e9rd\u00e9s\u00fck van.<\/p>\n<h1>KOLL\u00c9GIUM<\/h1>\n<p>Koll\u00e9giumi elhelyez\u00e9ssel kapcsolatos tudnival\u00f3kr\u00f3l (p\u00e1ly\u00e1zati ki\u00edr\u00e1s, p\u00e1ly\u00e1zati adatlap, csatoland\u00f3 dokumentumok, hat\u00e1rid\u0151k) az al\u00e1bbi linkre kattintva t\u00e1j\u00e9koz\u00f3dhat.<\/p>\n<p><a href=\"https:\/\/semmelweis.hu\/hok\/palyazatok\/kollegiumi-palyazat\/\" target=\"_blank\" rel=\"noopener\">T\u00c1J\u00c9KOZTAT\u00d3 \u00c9S P\u00c1LY\u00c1ZATI \u0170RLAP A H\u00d6K WEBOLDAL\u00c1N \u2192<\/a><\/p>\n<p>K\u00e9rd\u00e9seit a Koll\u00e9giumi Bizotts\u00e1gnak \u00edrt lev\u00e9lben a hok.dormitory@semmelweis.hu c\u00edmen teheti fel.\u00a0<\/p>\n<p>A szoci\u00e1lis adatlappal kapcsolatos k\u00e9rd\u00e9seire a Szoci\u00e1lis Bizotts\u00e1gnak a hok.applications@semmelweis.hu c\u00edmre \u00edrt lev\u00e9lben kaphat v\u00e1laszt.<\/p>\n<h1>etikai k\u00f3dex<\/h1>\n<p><a href=\"https:\/\/semmelweis.hu\/jogigfoig\/dokumentumtar\/szabalyzattar\/etikai-kodex\/\" target=\"_blank\" rel=\"noopener\">ETIKAI K\u00d3DEX<\/a><\/p>\n<h1>Hallgat\u00f3i fegyelmi \u00e9s k\u00e1rt\u00e9r\u00edt\u00e9si szab\u00e1lyzat<\/h1>\n<p><a href=\"https:\/\/semmelweis.hu\/jogigfoig\/dokumentumtar\/szabalyzattar\/szervezeti-es-mukodesi-szabalyzat\/iii-konyv-hkr\/szmsz-iii-konyv-iii-5-resz-hallgato-fegyelmi-es-karteritesi-szabalyzat\/\" target=\"_blank\" rel=\"noopener\">HALLGAT\u00d3I FEGYELMI \u00c9S K\u00c1RT\u00c9R\u00cdT\u00c9SI SZAB\u00c1LYZAT<\/a><\/p>\n<h1>ADATV\u00c9DELEM<\/h1>\n<p><a href=\"https:\/\/semmelweis.hu\/aok\/files\/2021\/08\/Adatkezel\u00e9si-t\u00e1j\u00e9koztat\u00f3_hallgat\u00f3.pdf\" target=\"_blank\" rel=\"noopener\">ADATKEZEL\u00c9SI T\u00c1J\u00c9KOZTAT\u00d3 (PDF)<\/a><\/p>\n","protected":false},"excerpt":{"rendered":"<p>T \u00c1 J \u00c9 K O Z T A T \u00d3 az \u00c1ltal\u00e1nos Orvostudom\u00e1nyi Kar leend\u0151 I. \u00e9vfolyamos hallgat\u00f3i r\u00e9sz\u00e9re a 2025\/2026. tan\u00e9vben Szeretettel k\u00f6sz\u00f6ntj\u00fck \u00e9s egyben gratul\u00e1lunk \u00d6nnek, hogy tanulm\u00e1nyi eredm\u00e9nye alapj\u00e1n felv\u00e9telt nyert a Semmelweis Egyetem \u00c1ltal\u00e1nos Orvostudom\u00e1nyi Kar \u00e1ltal\u00e1nos orvos k\u00e9pz\u00e9s\u00e9re. Egyetemi tanulm\u00e1nyaihoz sok sikert k\u00edv\u00e1nunk! Az al\u00e1bbi t\u00e1j\u00e9koztat\u00f3val szeretn\u00e9nk megk\u00f6nny\u00edteni az &hellip;<\/p>\n","protected":false},"author":101136,"featured_media":0,"parent":126,"menu_order":2,"comment_status":"closed","ping_status":"closed","template":"template-fullwidth.php","meta":{"_acf_changed":false,"footnotes":""},"categories":[],"tags":[],"class_list":["post-17158","page","type-page","status-publish","hentry"],"acf":[],"publishpress_future_action":{"enabled":false,"date":"1970-01-01 01:00:00","action":"","terms":[],"taxonomy":"","browser_timezone_offset":0},"_links":{"self":[{"href":"https:\/\/semmelweis.hu\/aok\/wp-json\/wp\/v2\/pages\/17158","targetHints":{"allow":["GET"]}}],"collection":[{"href":"https:\/\/semmelweis.hu\/aok\/wp-json\/wp\/v2\/pages"}],"about":[{"href":"https:\/\/semmelweis.hu\/aok\/wp-json\/wp\/v2\/types\/page"}],"author":[{"embeddable":true,"href":"https:\/\/semmelweis.hu\/aok\/wp-json\/wp\/v2\/users\/101136"}],"replies":[{"embeddable":true,"href":"https:\/\/semmelweis.hu\/aok\/wp-json\/wp\/v2\/comments?post=17158"}],"version-history":[{"count":15,"href":"https:\/\/semmelweis.hu\/aok\/wp-json\/wp\/v2\/pages\/17158\/revisions"}],"predecessor-version":[{"id":33855,"href":"https:\/\/semmelweis.hu\/aok\/wp-json\/wp\/v2\/pages\/17158\/revisions\/33855"}],"up":[{"embeddable":true,"href":"https:\/\/semmelweis.hu\/aok\/wp-json\/wp\/v2\/pages\/126"}],"wp:attachment":[{"href":"https:\/\/semmelweis.hu\/aok\/wp-json\/wp\/v2\/media?parent=17158"}],"wp:term":[{"taxonomy":"category","embeddable":true,"href":"https:\/\/semmelweis.hu\/aok\/wp-json\/wp\/v2\/categories?post=17158"},{"taxonomy":"post_tag","embeddable":true,"href":"https:\/\/semmelweis.hu\/aok\/wp-json\/wp\/v2\/tags?post=17158"}],"curies":[{"name":"wp","href":"https:\/\/api.w.org\/{rel}","templated":true}]}}