{"id":16932,"date":"2017-06-19T12:12:37","date_gmt":"2017-06-19T10:12:37","guid":{"rendered":"http:\/\/semmelweis.hu\/aok\/?page_id=16932"},"modified":"2023-09-05T16:06:31","modified_gmt":"2023-09-05T14:06:31","slug":"kutatoi-merit-dijat-elnyert-oktatok","status":"publish","type":"page","link":"https:\/\/semmelweis.hu\/aok\/tudomany-es-kutatas-a-karon\/kutatoi-merit-dijat-elnyert-oktatok\/","title":{"rendered":"Kari Kiv\u00e1l\u00f3s\u00e1gi Merit d\u00edjat elnyert oktat\u00f3k"},"content":{"rendered":"<div class=\"keretes w-100\">\n<p style=\"text-align: justify\">A D\u00edjat k\u00e9t \u00e9vente az \u00c1ltal\u00e1nos Orvostudom\u00e1nyi Kar azon egyetemi k\u00f6zalkalmazottai kaphatj\u00e1k <strong>kiemelked\u0151 teljes\u00edtm\u00e9ny\u00fck elismer\u00e9sek\u00e9nt<\/strong>, akik <span style=\"font-size: 1rem\">a Kar oktat\u00e1si-kutat\u00e1si szervezeti egys\u00e9geiben <strong>magas sz\u00ednvonal\u00fa szakmai<\/strong> munk\u00e1t fejtenek ki.<\/span><\/p>\n<\/div>\n<h4><strong>Az \u00c1ltal\u00e1nos Orvostudom\u00e1nyi Kar <\/strong><br \/>\n<strong>Kiv\u00e1l\u00f3s\u00e1gi Merit d\u00edjat elnyert oktat\u00f3i<\/strong><\/h4>\n<ul>\n<li><a href=\"https:\/\/semmelweis.hu\/aok\/files\/2023\/04\/honlapra-2.pdf\" target=\"_blank\" rel=\"noopener\">2023. \u00e9vi Merit d\u00edj (pdf)<\/a><\/li>\n<li><a href=\"https:\/\/semmelweis.hu\/aok\/files\/2022\/10\/Kari-Kivalosagi-Merit-dijasok-2021-lista.pdf\" target=\"_blank\" rel=\"noopener\">2021. \u00e9vi Merit d\u00edj (pdf)<\/a><\/li>\n<li><a href=\"https:\/\/semmelweis.hu\/aok\/files\/2019\/05\/2019-merit-n\u00e9vsor.pdf\" target=\"_blank\" rel=\"noopener noreferrer\">2019. \u00e9vi Merit d\u00edj (pdf)<\/a><\/li>\n<li><a href=\"https:\/\/semmelweis.hu\/aok\/files\/2017\/06\/Merit-n\u00e9vsor-2016-2017.pdf\" target=\"_blank\" rel=\"noopener noreferrer\">2016. \u00e9vi Merit d\u00edj (pdf)<\/a><\/li>\n<li><a href=\"https:\/\/semmelweis.hu\/aok\/files\/2022\/11\/Kari-Kivalosagi-Merit-dijasok-2014.pdf\" target=\"_blank\" rel=\"noopener\">2014. \u00e9vi Merit d\u00edj (pdf)<\/a><\/li>\n<\/ul>\n","protected":false},"excerpt":{"rendered":"<p>A D\u00edjat k\u00e9t \u00e9vente az \u00c1ltal\u00e1nos Orvostudom\u00e1nyi Kar azon egyetemi k\u00f6zalkalmazottai kaphatj\u00e1k kiemelked\u0151 teljes\u00edtm\u00e9ny\u00fck elismer\u00e9sek\u00e9nt, akik a Kar oktat\u00e1si-kutat\u00e1si szervezeti egys\u00e9geiben magas sz\u00ednvonal\u00fa szakmai munk\u00e1t fejtenek ki.<\/p>\n<p>Az \u00c1ltal\u00e1nos Orvostudom\u00e1nyi Kar<br \/>\nKiv\u00e1l\u00f3s\u00e1gi Merit d\u00edjat elnyert oktat\u00f3i<\/p>\n<p><a href=\"https:\/\/semmelweis.hu\/aok\/files\/2023\/04\/honlapra-2.pdf\" target=\"_blank\" rel=\"noopener\">2023. \u00e9vi Merit d\u00edj (pdf)<\/a><br \/>\n<a href=\"https:\/\/semmelweis.hu\/aok\/files\/2022\/10\/Kari-Kivalosagi-Merit-dijasok-2021-lista.pdf\" target=\"_blank\" rel=\"noopener\">2021. \u00e9vi Merit d\u00edj (pdf)<\/a><br \/>\n<a href=\"https:\/\/semmelweis.hu\/aok\/files\/2019\/05\/2019-merit-n\u00e9vsor.pdf\" target=\"_blank\" rel=\"noopener noreferrer\">2019. \u00e9vi Merit d\u00edj (pdf)<\/a><br \/>\n<a href=\"https:\/\/semmelweis.hu\/aok\/files\/2017\/06\/Merit-n\u00e9vsor-2016-2017.pdf\" target=\"_blank\" rel=\"noopener noreferrer\">2016. \u00e9vi Merit d\u00edj (pdf)<\/a><br \/>\n<a href=\"https:\/\/semmelweis.hu\/aok\/files\/2022\/11\/Kari-Kivalosagi-Merit-dijasok-2014.pdf\" target=\"_blank\" rel=\"noopener\">2014. \u00e9vi Merit d\u00edj (pdf)<\/a><\/p>\n","protected":false},"author":101136,"featured_media":0,"parent":11524,"menu_order":4,"comment_status":"closed","ping_status":"closed","template":"","meta":{"_acf_changed":false,"footnotes":""},"categories":[],"tags":[],"class_list":["post-16932","page","type-page","status-publish","hentry"],"acf":[],"publishpress_future_action":{"enabled":false,"date":"1970-01-01 01:00:00","action":"","terms":[],"taxonomy":"","browser_timezone_offset":0},"_links":{"self":[{"href":"https:\/\/semmelweis.hu\/aok\/wp-json\/wp\/v2\/pages\/16932","targetHints":{"allow":["GET"]}}],"collection":[{"href":"https:\/\/semmelweis.hu\/aok\/wp-json\/wp\/v2\/pages"}],"about":[{"href":"https:\/\/semmelweis.hu\/aok\/wp-json\/wp\/v2\/types\/page"}],"author":[{"embeddable":true,"href":"https:\/\/semmelweis.hu\/aok\/wp-json\/wp\/v2\/users\/101136"}],"replies":[{"embeddable":true,"href":"https:\/\/semmelweis.hu\/aok\/wp-json\/wp\/v2\/comments?post=16932"}],"version-history":[{"count":12,"href":"https:\/\/semmelweis.hu\/aok\/wp-json\/wp\/v2\/pages\/16932\/revisions"}],"predecessor-version":[{"id":29909,"href":"https:\/\/semmelweis.hu\/aok\/wp-json\/wp\/v2\/pages\/16932\/revisions\/29909"}],"up":[{"embeddable":true,"href":"https:\/\/semmelweis.hu\/aok\/wp-json\/wp\/v2\/pages\/11524"}],"wp:attachment":[{"href":"https:\/\/semmelweis.hu\/aok\/wp-json\/wp\/v2\/media?parent=16932"}],"wp:term":[{"taxonomy":"category","embeddable":true,"href":"https:\/\/semmelweis.hu\/aok\/wp-json\/wp\/v2\/categories?post=16932"},{"taxonomy":"post_tag","embeddable":true,"href":"https:\/\/semmelweis.hu\/aok\/wp-json\/wp\/v2\/tags?post=16932"}],"curies":[{"name":"wp","href":"https:\/\/api.w.org\/{rel}","templated":true}]}}