{"id":16433,"date":"2017-05-22T14:33:00","date_gmt":"2017-05-22T12:33:00","guid":{"rendered":"http:\/\/semmelweis.hu\/aok\/?page_id=16433"},"modified":"2026-03-30T08:50:31","modified_gmt":"2026-03-30T06:50:31","slug":"dokumentumtar","status":"publish","type":"page","link":"https:\/\/semmelweis.hu\/aok\/a-karrol\/dokumentumtar\/","title":{"rendered":"Kari dokumentumok t\u00e1ra"},"content":{"rendered":"<h4><strong>Kari szervezeti \u00e9s m\u0171k\u00f6d\u00e9si rend<\/strong><\/h4>\n<ul>\n<li><strong><a href=\"https:\/\/semmelweis.hu\/aok\/files\/2022\/06\/kariSzMR_hataly_2022_06_22.pdf\" target=\"_blank\" rel=\"noopener\">Kari szervezeti \u00e9s m\u0171k\u00f6d\u00e9si rend<\/a>\u00a0<\/strong><br \/>\nhat\u00e1lyos: 2022. j\u00fanius 22-t\u0151l<\/p>\n<ul>\n<li><a href=\"https:\/\/semmelweis.hu\/aok\/files\/2019\/12\/SE-\u00c1OK-SZMR-M01_v\u00e1laszt\u00e1si-rend-\u00e9s-mell\u00e9kletei_2-1.pdf\" target=\"_blank\" rel=\"noopener noreferrer\">1. sz. mell\u00e9klet &#8211; V\u00e1laszt\u00e1si rend \u00e9s mell\u00e9kletei<\/a>\u00a0<\/li>\n<li><a href=\"https:\/\/semmelweis.hu\/aok\/files\/2022\/06\/SE-AOK-SZR-M02_eloterjesztes.pdf\" target=\"_blank\" rel=\"noopener\">2. sz. mell\u00e9klet &#8211; Kari el\u0151terjeszt\u00e9s formanyomtatv\u00e1ny<\/a>\u00a0<\/li>\n<li><a href=\"https:\/\/semmelweis.hu\/aok\/files\/2022\/06\/organogram2022_junius_22.xlsx\">3 sz. mell\u00e9klet &#8211; Szervezeti egys\u00e9gek fel\u00e9p\u00edt\u00e9s\u00e9nek bemutat\u00e1sa<\/a>\u00a0<\/li>\n<li><a href=\"https:\/\/semmelweis.hu\/aok\/files\/2019\/12\/SE-\u00c1OK-SZMR-M04_Ellen\u0151rz\u00e9si-nyomvonal_1-1.pdf\" target=\"_blank\" rel=\"noopener noreferrer\">4. sz. mell\u00e9klet &#8211; Ellen\u0151rz\u00e9si nyomvonal<\/a>\u00a0<\/li>\n<li><a href=\"https:\/\/semmelweis.hu\/aok\/files\/2019\/12\/SE-\u00c1OK-SZMR-M05_Kontrolldokument\u00e1ci\u00f3_2-1.pdf\" target=\"_blank\" rel=\"noopener noreferrer\">5. sz. mell\u00e9klet -Kontrolldokument\u00e1ci\u00f3<\/a>\u00a0<\/li>\n<li><a href=\"https:\/\/semmelweis.hu\/aok\/files\/2019\/12\/SE-\u00c1OK-SZMR-M06_szavaz\u00f3lap_1-1.pdf\" target=\"_blank\" rel=\"noopener noreferrer\">6. sz. mell\u00e9klet &#8211; szavaz\u00f3lap<\/a><\/li>\n<li><a href=\"https:\/\/semmelweis.hu\/aok\/files\/2020\/06\/SE-\u00c1OK-SZMR-M07_bizotts\u00e1gi_\u00fcgyrendek.pdf\" target=\"_blank\" rel=\"noopener noreferrer\">7. sz. mell\u00e9klet &#8211; <\/a><a href=\"https:\/\/semmelweis.hu\/aok\/files\/2024\/06\/SE_AOK_SZMR_M07_bizottsagi_ugyrendek-3.pdf\">Kari Tan\u00e1cs \u00e1ltal l\u00e9trehozott \u00e9s a karon m\u0171k\u00f6d\u0151 \u00e1lland\u00f3 bizotts\u00e1gok elj\u00e1r\u00e1si rend<\/a><\/li>\n<\/ul>\n<\/li>\n<\/ul>\n<div class=\"exp-col-content-holder\">\n<p><a class=\"expand-cnt-link\" href=\"#\">Kari szervezeti \u00e9s m\u0171k\u00f6d\u00e9si rend kor\u00e1bban hat\u00e1lyos v\u00e1ltozatai<\/a><\/p>\n<div class=\"hidden-content\">\n<h4><strong>Kari szervezeti \u00e9s m\u0171k\u00f6d\u00e9si rend kor\u00e1bban hat\u00e1lyos v\u00e1ltozatai<\/strong><\/h4>\n<ul>\n<li>2021. december 15-t\u0151l &#8211; 2022. j\u00fanius 21-ig hat\u00e1lyos szervezeti \u00e9s m\u0171k\u00f6d\u00e9si rend:<br \/>\n<strong><a href=\"https:\/\/semmelweis.hu\/aok\/files\/2022\/02\/kariSzMR_2021_dec_15_tolhatalyos.pdf\" target=\"_blank\" rel=\"noopener\">Kari szervezeti \u00e9s m\u0171k\u00f6d\u00e9si rend<\/a>\u00a0<\/strong><\/p>\n<ul>\n<li style=\"text-align: justify\"><a href=\"https:\/\/semmelweis.hu\/aok\/files\/2019\/12\/SE-\u00c1OK-SZMR-M01_v\u00e1laszt\u00e1si-rend-\u00e9s-mell\u00e9kletei_2-1.pdf\" target=\"_blank\" rel=\"noopener noreferrer\">1. sz. mell\u00e9klet &#8211; V\u00e1laszt\u00e1si rend \u00e9s mell\u00e9kletei<\/a>\u00a0<\/li>\n<li style=\"text-align: justify\"><a href=\"https:\/\/semmelweis.hu\/aok\/files\/2021\/08\/SE-\u00c1OK-SZR-M02_el\u0151terjeszt\u00e9s.pdf\" target=\"_blank\" rel=\"noopener noreferrer\">2. sz. mell\u00e9klet &#8211; Kari el\u0151terjeszt\u00e9s formanyomtatv\u00e1ny<\/a>\u00a0<\/li>\n<li style=\"text-align: justify\"><a href=\"https:\/\/semmelweis.hu\/aok\/files\/2022\/02\/organogram2021_dec.xlsx\">3 sz. mell\u00e9klet &#8211; Szervezeti egys\u00e9gek fel\u00e9p\u00edt\u00e9s\u00e9nek bemutat\u00e1sa<\/a>\u00a0<\/li>\n<li style=\"text-align: justify\"><a href=\"https:\/\/semmelweis.hu\/aok\/files\/2019\/12\/SE-\u00c1OK-SZMR-M04_Ellen\u0151rz\u00e9si-nyomvonal_1-1.pdf\" target=\"_blank\" rel=\"noopener noreferrer\">4. sz. mell\u00e9klet &#8211; Ellen\u0151rz\u00e9si nyomvonal<\/a>\u00a0<\/li>\n<li style=\"text-align: justify\"><a href=\"https:\/\/semmelweis.hu\/aok\/files\/2019\/12\/SE-\u00c1OK-SZMR-M05_Kontrolldokument\u00e1ci\u00f3_2-1.pdf\" target=\"_blank\" rel=\"noopener noreferrer\">5. sz. mell\u00e9klet -Kontrolldokument\u00e1ci\u00f3<\/a>\u00a0<\/li>\n<li style=\"text-align: justify\"><a href=\"https:\/\/semmelweis.hu\/aok\/files\/2019\/12\/SE-\u00c1OK-SZMR-M06_szavaz\u00f3lap_1-1.pdf\" target=\"_blank\" rel=\"noopener noreferrer\">6. sz. mell\u00e9klet &#8211; szavaz\u00f3lap<\/a><\/li>\n<li style=\"text-align: justify\"><a href=\"https:\/\/semmelweis.hu\/aok\/files\/2020\/06\/SE-\u00c1OK-SZMR-M07_bizotts\u00e1gi_\u00fcgyrendek.pdf\" target=\"_blank\" rel=\"noopener noreferrer\">7. sz. mell\u00e9klet &#8211; Kari tan\u00e1cs \u00e1ltal l\u00e9trehozott \u00e9s a karon m\u0171k\u00f6d\u0151 \u00e1lland\u00f3 bizotts\u00e1gok elj\u00e1r\u00e1si rendje<\/a><\/li>\n<\/ul>\n<\/li>\n<li>2021. augusztus 1-t\u0151l &#8211; 2021. december 14-ig hat\u00e1lyos <a href=\"https:\/\/semmelweis.hu\/aok\/files\/2022\/02\/2021aug1_2021dec14.pdf\" target=\"_blank\" rel=\"noopener\">szervezeti \u00e9s m\u0171k\u00f6d\u00e9si rend<\/a> sz\u00f6vege mell\u00e9kletekkel\u00a0<\/li>\n<li>2020. december 8-t\u00f3l &#8211; 2021. j\u00falius 30-ig hat\u00e1lyos <a href=\"https:\/\/semmelweis.hu\/aok\/files\/2021\/08\/kariszmr.pdf\" target=\"_blank\" rel=\"noopener noreferrer\">szervezeti \u00e9s m\u0171k\u00f6d\u00e9si rend<\/a> sz\u00f6vege mell\u00e9kletekkel\u00a0<\/li>\n<li>2020. j\u00fanius 10-t\u0151l 2020. december 08-ig hat\u00e1lyos <a href=\"https:\/\/semmelweis.hu\/aok\/files\/2021\/08\/kszmr-2.pdf\" target=\"_blank\" rel=\"noopener noreferrer\">szervezeti \u00e9s m\u0171k\u00f6d\u00e9si rend<\/a> sz\u00f6vege mell\u00e9kletekkel\u00a0<\/li>\n<li>A 2020. \u00e1prilis 16-t\u00f3l 2020. j\u00fanius 9-ig hat\u00e1lyos <a href=\"https:\/\/semmelweis.hu\/aok\/files\/2020\/06\/2020.04.15_2020.06.09_hat\u00e1lyos_szmr.pdf\" target=\"_blank\" rel=\"noopener noreferrer\">szervezeti \u00e9s m\u0171k\u00f6d\u00e9si rend<\/a>sz\u00f6vege mell\u00e9kletekkel\u00a0<\/li>\n<li>A 2020. janu\u00e1r 1-t\u0151l 2020. \u00e1prilis 15-ig hat\u00e1lyos <a href=\"https:\/\/semmelweis.hu\/aok\/files\/2020\/05\/KSZMR.pdf\">szervezeti \u00e9s m\u0171k\u00f6d\u00e9si rend<\/a> sz\u00f6vege mell\u00e9kletekkel\u00a0<\/li>\n<li>A 2019. december 13-t\u00f3l 2019. december 31-ig hat\u00e1lyos <a href=\"https:\/\/semmelweis.hu\/aok\/files\/2020\/05\/karimr.pdf\" target=\"_blank\" rel=\"noopener noreferrer\">szervezeti \u00e9s m\u0171k\u00f6d\u00e9si rend<\/a> sz\u00f6vege mell\u00e9kletekkel\u00a0<\/li>\n<li>A 2019. m\u00e1jus 15-t\u0151l 2019. december 12-ig hat\u00e1lyos <a href=\"https:\/\/semmelweis.hu\/aok\/files\/2019\/12\/KSZMR2019_majus15.pdf\" target=\"_blank\" rel=\"noopener noreferrer\">szervezeti \u00e9s m\u0171k\u00f6d\u00e9si rend<\/a> sz\u00f6vege mell\u00e9kletekkel\u00a0<\/li>\n<li>A 2019. febru\u00e1r 1-t\u0151l 2019. m\u00e1jus 14-ig hat\u00e1lyos <a href=\"https:\/\/semmelweis.hu\/aok\/files\/2019\/05\/Szervezeti_\u00e9s_M\u0171k\u00f6d\u00e9si_Rend_2019.febr_.1-t\u0151l_hat\u00e1lyos.pdf\" target=\"_blank\" rel=\"noopener noreferrer\">szervezeti \u00e9s m\u0171k\u00f6d\u00e9si rend<\/a> sz\u00f6vege mell\u00e9kletekkel\u00a0<\/li>\n<li>A 2018. szeptember 21-t\u0151l 2019. janu\u00e1r 31-ig hat\u00e1lyos <a href=\"https:\/\/semmelweis.hu\/aok\/files\/2019\/03\/Szervezeti_\u00e9s_M\u0171k\u00f6d\u00e9si_Rend_2018.szeptember20-t\u00f3l-hat\u00e1lyos.pdf\" target=\"_blank\" rel=\"noopener noreferrer\">szervezeti \u00e9s m\u0171k\u00f6d\u00e9si rend<\/a> sz\u00f6vege mell\u00e9kletekkel\u00a0<\/li>\n<li>A 2018. j\u00fanius 12-t\u0151l 2018. szeptember 20-ig hat\u00e1lyos <a href=\"https:\/\/semmelweis.hu\/aok\/files\/2019\/03\/Szervezeti_\u00e9s_M\u0171k\u00f6d\u00e9si_Rend_2018.j\u00fanius12-t\u0151l-hat\u00e1lyos.pdf\" target=\"_blank\" rel=\"noopener noreferrer\">szervezeti \u00e9s m\u0171k\u00f6d\u00e9si rend <\/a>sz\u00f6vege mell\u00e9kletekkel\u00a0<\/li>\n<li>A 2017. febru\u00e1r 14-t\u0151l 2018. j\u00fanius 11-ig hat\u00e1lyos <a href=\"https:\/\/semmelweis.hu\/aok\/files\/2019\/03\/Szervezeti_\u00dcgyrend_2017.febru\u00e1r14-t\u0151l-hat\u00e1lyos.pdf\" target=\"_blank\" rel=\"noopener noreferrer\">szervezeti \u00fcgyrend<\/a> sz\u00f6vege mell\u00e9kletekkel\u00a0<\/li>\n<\/ul>\n<\/div>\n<\/div>\n<h4><strong>SZAB\u00c1LYOZ\u00d3 dokumentumok<\/strong><\/h4>\n<ul>\n<li><a href=\"https:\/\/semmelweis.hu\/aok\/files\/2023\/12\/AOK_Haynal-szabalyzat_202310-1.pdf\" target=\"_blank\" rel=\"noopener\">Dr. Haynal Imre eml\u00e9k\u00e9rem \u00e9s jutalomd\u00edj adom\u00e1nyoz\u00e1s\u00e1r\u00f3l sz\u00f3l\u00f3 szab\u00e1lyzat<\/a><\/li>\n<li><a href=\"https:\/\/semmelweis.hu\/aok\/files\/2023\/12\/AOK_Beznak_szabalyzat_202310-1.pdf\" target=\"_blank\" rel=\"noopener\">Dr. Bezn\u00e1k Alad\u00e1r eml\u00e9k\u00e9rem \u00e9s jutalomd\u00edj adom\u00e1nyoz\u00e1s\u00e1r\u00f3l sz\u00f3l\u00f3 szab\u00e1lyzat<\/a><\/li>\n<li><a href=\"https:\/\/semmelweis.hu\/aok\/files\/2025\/09\/OMHV_szabalyzat_2025_08_29.pdf\" target=\"_blank\" rel=\"noopener\">Oktat\u00f3i Munka Hallgat\u00f3i V\u00e9lem\u00e9nyez\u00e9s\u00e9nek Rendje<\/a><\/li>\n<li>\n<p style=\"text-align: justify\"><a href=\"https:\/\/semmelweis.hu\/aok\/files\/2021\/07\/ach_palyazatok-eljarasrend2021julius.pdf\" target=\"_blank\" rel=\"noopener noreferrer\">A Semmelweis Egyetem \u00c1ltal\u00e1nos Orvostudom\u00e1nyi Kar Kari Tan\u00e1cs\u00e1nak 43\/2021. (2021. j\u00falius 6-i) sz. KT hat\u00e1rozata az \u00c1ltal\u00e1nos Orvostudom\u00e1nyi Kar sz\u00e9khelyen k\u00edv\u00fcli, hamburgi k\u00e9pz\u00e9si hely\u00e9n (ACH) oktat\u00f3k kinevez\u00e9si elj\u00e1r\u00e1srendj\u00e9r\u0151l egyetemi oktat\u00f3i \u00e9s\/vagy tudom\u00e1nyos poz\u00edci\u00f3k bet\u00f6lt\u00e9s\u00e9re<\/a><\/p>\n<\/li>\n<li><a href=\"https:\/\/semmelweis.hu\/aok\/files\/2025\/06\/Tanulmanyi-verseny-szabalyzat-vegleges-alairt.pdf\" target=\"_blank\" rel=\"noopener\">A tanulm\u00e1nyi verseny t\u00e1mogat\u00e1s\u00e1nak elj\u00e1r\u00e1srendje<\/a><\/li>\n<li><a href=\"https:\/\/semmelweis.hu\/aok\/files\/2025\/05\/Kari-Kivalosagi-Merit-dij-alairt-1.pdf\" target=\"_blank\" rel=\"noopener\">Kari Kiv\u00e1l\u00f3s\u00e1gi Merit d\u00edj szab\u00e1lyzat<\/a><\/li>\n<li><a href=\"https:\/\/semmelweis.hu\/aok\/files\/2025\/04\/Oktatasi-Merit-dij-szabalyzat.pdf\" target=\"_blank\" rel=\"noopener\">Oktat\u00e1si Merit d\u00edj szab\u00e1lyzat\u00a0<\/a><\/li>\n<li><a href=\"https:\/\/semmelweis.hu\/aok\/files\/2025\/05\/Online-zarovizsga-0523.pdf\" target=\"_blank\" rel=\"noopener\">Online \u00edr\u00e1sbeli z\u00e1r\u00f3vizsga megszervez\u00e9s\u00e9nek \u00e9s lebonyol\u00edt\u00e1s\u00e1nak elj\u00e1r\u00e1srendje<\/a><\/li>\n<li><a href=\"https:\/\/semmelweis.hu\/aok\/files\/2025\/09\/4_2025_dekani-utasitas_KTKP-palyazat-2.pdf\" target=\"_blank\" rel=\"noopener\">4\/2025. (IX.11.) sz\u00e1m\u00fa D\u00e9k\u00e1ni Utas\u00edt\u00e1s az \u00c1ltal\u00e1nos Orvostudom\u00e1nyi Kar Kooperat\u00edv Transzl\u00e1ci\u00f3s Kutat\u00e1si Program (KTKP) p\u00e1ly\u00e1zat elj\u00e1r\u00e1srendj\u00e9r\u0151l<\/a>\n<ul>\n<li><a href=\"https:\/\/semmelweis.hu\/aok\/files\/2025\/09\/Palyazati-kiiras.pdf\" target=\"_blank\" rel=\"noopener\">1. sz. mell\u00e9klet<\/a><\/li>\n<li><a href=\"https:\/\/semmelweis.hu\/aok\/files\/2025\/09\/Adatlap-az-SE-AOK-KTKP-palyazat-benyujtasahoz-1.docx\" target=\"_blank\" rel=\"noopener\">2. sz. mell\u00e9klet<\/a><\/li>\n<li><a href=\"https:\/\/semmelweis.hu\/aok\/files\/2025\/09\/Beszamolo-tartalmi-elemei.pdf\" target=\"_blank\" rel=\"noopener\">3. sz. mell\u00e9klet<\/a><\/li>\n<\/ul>\n<\/li>\n<li><a href=\"https:\/\/semmelweis.hu\/aok\/files\/2026\/03\/SKM_C25826033007360.pdf\" target=\"_blank\" rel=\"noopener\">Az \u00c1ltal\u00e1nos Orvostudom\u00e1nyi Kar Szab\u00e1lyzata a Semmelweis Egyetemen k\u00edv\u00fcli eg\u00e9szs\u00e9g\u00fcgyi int\u00e9zm\u00e9nyek orvostanhallgat\u00f3k gyakorlati k\u00e9pz\u00e9s\u00e9be val\u00f3 bevon\u00e1s\u00e1nak rendj\u00e9r\u0151l<\/a><\/li>\n<\/ul>\n<h4><strong>ARCHIV\u00c1LT SZAB\u00c1LYOZ\u00d3 dokumentumok<\/strong><\/h4>\n<ul style=\"list-style-type: disc\">\n<li style=\"text-align: justify\"><a href=\"https:\/\/semmelweis.hu\/aok\/files\/2018\/07\/26_2018_hat\u00e1rozat_kiv\u00e1l\u00f3-oktat\u00f3-szempontrendszer.pdf\" target=\"_blank\" rel=\"noopener noreferrer\">&#8222;A Semmelweis Egyetem Kiv\u00e1l\u00f3 Oktat\u00f3ja kit\u00fcntet\u00e9s&#8221; elb\u00edr\u00e1l\u00e1s\u00e1ra vonatkoz\u00f3 kari szempontrendszer<\/a><\/li>\n<li><a href=\"https:\/\/semmelweis.hu\/aok\/files\/2023\/02\/Merit-dij-adomanyozasarol-szolo-szabalyzat.pdf\" target=\"_blank\" rel=\"noopener\">Merit d\u00edj adom\u00e1nyoz\u00e1s\u00e1r\u00f3l sz\u00f3l\u00f3 szab\u00e1lyzat<\/a>\u00a0<\/li>\n<li><a href=\"https:\/\/semmelweis.hu\/aok\/files\/2024\/10\/modositott_OMHV_szabalyzat_20230925-1.pdf\" target=\"_blank\" rel=\"noopener\">Oktat\u00f3i Munka Hallgat\u00f3i V\u00e9lem\u00e9nyez\u00e9s\u00e9nek Rendje<\/a>\u00a0<\/li>\n<li><a href=\"https:\/\/semmelweis.hu\/aok\/files\/2020\/12\/Kari-szab\u00e1lyzat-az-Oktat\u00f3-Oszt\u00e1ly-c\u00edm-elnyer\u00e9s\u00e9re.pdf\">Kari szab\u00e1lyzat az Oktat\u00f3 Oszt\u00e1ly c\u00edm elnyer\u00e9s\u00e9re<\/a>\u00a0<\/li>\n<li><a href=\"https:\/\/semmelweis.hu\/aok\/files\/2020\/12\/Kari-szab\u00e1lyzat-a-Gyakorl\u00f3-K\u00f3rh\u00e1z-\u00e9s-Gyakorl\u00f3-Oszt\u00e1ly-c\u00edm-elnyer\u00e9s\u00e9re.pdf\">Kari szab\u00e1lyzat a Gyakorl\u00f3 K\u00f3rh\u00e1z \u00e9s Gyakorl\u00f3 Oszt\u00e1ly c\u00edm elnyer\u00e9s\u00e9re<\/a>\u00a0<\/li>\n<\/ul>\n","protected":false},"excerpt":{"rendered":"<p>Kari szervezeti \u00e9s m\u0171k\u00f6d\u00e9si rend <a href=\"https:\/\/semmelweis.hu\/aok\/files\/2022\/06\/kariSzMR_hataly_2022_06_22.pdf\" target=\"_blank\" rel=\"noopener\">Kari szervezeti \u00e9s m\u0171k\u00f6d\u00e9si rend<\/a> \u00a0 hat\u00e1lyos: 2022. j\u00fanius 22-t\u0151l <a href=\"https:\/\/semmelweis.hu\/aok\/files\/2019\/12\/SE-\u00c1OK-SZMR-M01_v\u00e1laszt\u00e1si-rend-\u00e9s-mell\u00e9kletei_2-1.pdf\" target=\"_blank\" rel=\"noopener noreferrer\">1. sz. mell\u00e9klet &#8211; V\u00e1laszt\u00e1si rend \u00e9s mell\u00e9kletei<\/a> \u00a0 <a href=\"https:\/\/semmelweis.hu\/aok\/files\/2022\/06\/SE-AOK-SZR-M02_eloterjesztes.pdf\" target=\"_blank\" rel=\"noopener\">2. sz. mell\u00e9klet &#8211; Kari el\u0151terjeszt\u00e9s formanyomtatv\u00e1ny<\/a> \u00a0 <a href=\"https:\/\/semmelweis.hu\/aok\/files\/2022\/06\/organogram2022_junius_22.xlsx\">3 sz. mell\u00e9klet &#8211; Szervezeti egys\u00e9gek fel\u00e9p\u00edt\u00e9s\u00e9nek bemutat\u00e1sa<\/a> \u00a0 <a href=\"https:\/\/semmelweis.hu\/aok\/files\/2019\/12\/SE-\u00c1OK-SZMR-M04_Ellen\u0151rz\u00e9si-nyomvonal_1-1.pdf\" target=\"_blank\" rel=\"noopener noreferrer\">4. sz. mell\u00e9klet &#8211; Ellen\u0151rz\u00e9si nyomvonal<\/a> \u00a0 <a href=\"https:\/\/semmelweis.hu\/aok\/files\/2019\/12\/SE-\u00c1OK-SZMR-M05_Kontrolldokument\u00e1ci\u00f3_2-1.pdf\" target=\"_blank\" rel=\"noopener noreferrer\">5. sz. mell\u00e9klet -Kontrolldokument\u00e1ci\u00f3<\/a> \u00a0 <a href=\"https:\/\/semmelweis.hu\/aok\/files\/2019\/12\/SE-\u00c1OK-SZMR-M06_szavaz\u00f3lap_1-1.pdf\" target=\"_blank\" rel=\"noopener noreferrer\">6. sz. mell\u00e9klet &#8211; szavaz\u00f3lap<\/a> <a href=\"https:\/\/semmelweis.hu\/aok\/files\/2020\/06\/SE-\u00c1OK-SZMR-M07_bizotts\u00e1gi_\u00fcgyrendek.pdf\" target=\"_blank\" rel=\"noopener noreferrer\">7. sz. mell\u00e9klet &#8211; <\/a> <a href=\"https:\/\/semmelweis.hu\/aok\/files\/2024\/06\/SE_AOK_SZMR_M07_bizottsagi_ugyrendek-3.pdf\">Kari Tan\u00e1cs \u00e1ltal l\u00e9trehozott \u00e9s a karon m\u0171k\u00f6d\u0151 \u00e1lland\u00f3 bizotts\u00e1gok elj\u00e1r\u00e1si rend<\/a> <a class=\"expand-cnt-link\" href=\"#\">Kari szervezeti \u00e9s m\u0171k\u00f6d\u00e9si rend kor\u00e1bban hat\u00e1lyos v\u00e1ltozatai<\/a> Kari szervezeti \u00e9s m\u0171k\u00f6d\u00e9si rend kor\u00e1bban hat\u00e1lyos v\u00e1ltozatai 2021. december 15-t\u0151l &#8211; 2022. j\u00fanius 21-ig hat\u00e1lyos szervezeti \u00e9s m\u0171k\u00f6d\u00e9si rend: <a href=\"https:\/\/semmelweis.hu\/aok\/files\/2022\/02\/kariSzMR_2021_dec_15_tolhatalyos.pdf\" target=\"_blank\" rel=\"noopener\">Kari szervezeti \u00e9s m\u0171k\u00f6d\u00e9si rend<\/a> \u00a0 <a href=\"https:\/\/semmelweis.hu\/aok\/files\/2019\/12\/SE-\u00c1OK-SZMR-M01_v\u00e1laszt\u00e1si-rend-\u00e9s-mell\u00e9kletei_2-1.pdf\" target=\"_blank\" rel=\"noopener noreferrer\">1. sz. mell\u00e9klet &#8211; V\u00e1laszt\u00e1si rend \u00e9s mell\u00e9kletei<\/a> \u00a0 <a href=\"https:\/\/semmelweis.hu\/aok\/files\/2021\/08\/SE-\u00c1OK-SZR-M02_el\u0151terjeszt\u00e9s.pdf\" target=\"_blank\" rel=\"noopener noreferrer\">2. sz. mell\u00e9klet &#8211; Kari el\u0151terjeszt\u00e9s formanyomtatv\u00e1ny<\/a> \u00a0 <a href=\"https:\/\/semmelweis.hu\/aok\/files\/2022\/02\/organogram2021_dec.xlsx\">3 sz. mell\u00e9klet &#8211; Szervezeti egys\u00e9gek fel\u00e9p\u00edt\u00e9s\u00e9nek bemutat\u00e1sa<\/a> \u00a0 <a href=\"https:\/\/semmelweis.hu\/aok\/files\/2019\/12\/SE-\u00c1OK-SZMR-M04_Ellen\u0151rz\u00e9si-nyomvonal_1-1.pdf\" target=\"_blank\" rel=\"noopener noreferrer\">4. sz. mell\u00e9klet &#8211; Ellen\u0151rz\u00e9si nyomvonal<\/a> \u00a0 <a href=\"https:\/\/semmelweis.hu\/aok\/files\/2019\/12\/SE-\u00c1OK-SZMR-M05_Kontrolldokument\u00e1ci\u00f3_2-1.pdf\" target=\"_blank\" rel=\"noopener noreferrer\">5. sz. mell\u00e9klet -Kontrolldokument\u00e1ci\u00f3<\/a> \u00a0 <a href=\"https:\/\/semmelweis.hu\/aok\/files\/2019\/12\/SE-\u00c1OK-SZMR-M06_szavaz\u00f3lap_1-1.pdf\" target=\"_blank\" rel=\"noopener noreferrer\">6. sz. mell\u00e9klet &#8211; szavaz\u00f3lap<\/a> <a href=\"https:\/\/semmelweis.hu\/aok\/files\/2020\/06\/SE-\u00c1OK-SZMR-M07_bizotts\u00e1gi_\u00fcgyrendek.pdf\" target=\"_blank\" rel=\"noopener noreferrer\">7. sz. mell\u00e9klet &#8211; Kari tan\u00e1cs \u00e1ltal l\u00e9trehozott \u00e9s a karon m\u0171k\u00f6d\u0151 \u00e1lland\u00f3 bizotts\u00e1gok elj\u00e1r\u00e1si rendje<\/a> 2021. augusztus 1-t\u0151l &#8211; 2021. december 14-ig hat\u00e1lyos <a href=\"https:\/\/semmelweis.hu\/aok\/files\/2022\/02\/2021aug1_2021dec14.pdf\" target=\"_blank\" rel=\"noopener\">szervezeti \u00e9s m\u0171k\u00f6d\u00e9si rend<\/a> sz\u00f6vege mell\u00e9kletekkel\u00a0 2020. december 8-t\u00f3l &#8211; &hellip;<\/p>\n","protected":false},"author":101136,"featured_media":0,"parent":9067,"menu_order":9,"comment_status":"closed","ping_status":"closed","template":"","meta":{"_acf_changed":false,"footnotes":""},"categories":[],"tags":[],"class_list":["post-16433","page","type-page","status-publish","hentry"],"acf":[],"publishpress_future_action":{"enabled":false,"date":"1970-01-01 01:00:00","action":"","terms":[],"taxonomy":"","browser_timezone_offset":0},"_links":{"self":[{"href":"https:\/\/semmelweis.hu\/aok\/wp-json\/wp\/v2\/pages\/16433","targetHints":{"allow":["GET"]}}],"collection":[{"href":"https:\/\/semmelweis.hu\/aok\/wp-json\/wp\/v2\/pages"}],"about":[{"href":"https:\/\/semmelweis.hu\/aok\/wp-json\/wp\/v2\/types\/page"}],"author":[{"embeddable":true,"href":"https:\/\/semmelweis.hu\/aok\/wp-json\/wp\/v2\/users\/101136"}],"replies":[{"embeddable":true,"href":"https:\/\/semmelweis.hu\/aok\/wp-json\/wp\/v2\/comments?post=16433"}],"version-history":[{"count":18,"href":"https:\/\/semmelweis.hu\/aok\/wp-json\/wp\/v2\/pages\/16433\/revisions"}],"predecessor-version":[{"id":34331,"href":"https:\/\/semmelweis.hu\/aok\/wp-json\/wp\/v2\/pages\/16433\/revisions\/34331"}],"up":[{"embeddable":true,"href":"https:\/\/semmelweis.hu\/aok\/wp-json\/wp\/v2\/pages\/9067"}],"wp:attachment":[{"href":"https:\/\/semmelweis.hu\/aok\/wp-json\/wp\/v2\/media?parent=16433"}],"wp:term":[{"taxonomy":"category","embeddable":true,"href":"https:\/\/semmelweis.hu\/aok\/wp-json\/wp\/v2\/categories?post=16433"},{"taxonomy":"post_tag","embeddable":true,"href":"https:\/\/semmelweis.hu\/aok\/wp-json\/wp\/v2\/tags?post=16433"}],"curies":[{"name":"wp","href":"https:\/\/api.w.org\/{rel}","templated":true}]}}