{"id":149,"date":"2012-02-08T08:31:51","date_gmt":"2012-02-08T08:31:51","guid":{"rendered":"http:\/\/semmelweis-egyetem.hu\/aok\/?page_id=149"},"modified":"2023-09-20T11:35:44","modified_gmt":"2023-09-20T09:35:44","slug":"gradualis-kepzes","status":"publish","type":"page","link":"https:\/\/semmelweis.hu\/aok\/oktatas\/gradualis-kepzes\/","title":{"rendered":"A gradu\u00e1lis k\u00e9pz\u00e9sr\u0151l"},"content":{"rendered":"<div class=\"keretes w-100\">\n<p>A <strong>Semmelweis Egyetem legnagyobb kar\u00e1n<\/strong> \u00f6sszesen csaknem n\u00e9gyezren tanulnak magyar, <a href=\"https:\/\/semmelweis.hu\/admission\/programs\/medicine\/\" target=\"_blank\" rel=\"noopener\">angol<\/a> \u00e9s <a href=\"https:\/\/semmelweis.hu\/deutsch\/studiengange\/humanmedizin\/\" target=\"_blank\" rel=\"noopener\">n\u00e9met<\/a> nyelven. Az oklev\u00e9lben szerepl\u0151 szakk\u00e9pzetts\u00e9g megnevez\u00e9se <strong>\u00e1ltal\u00e1nos orvos<\/strong> (doctor medicinae universae, ennek r\u00f6vid\u00edt\u00e9se <strong>dr. med. univ.<\/strong>).<\/p>\n<p>Az \u00e1ltal\u00e1nos orvos szakra felvettek <strong>egys\u00e9ges, osztatlan k\u00e9pz\u00e9s<\/strong>ben vesznek r\u00e9szt, <strong>tizenk\u00e9t f\u00e9l\u00e9v<\/strong> ut\u00e1n szerzik meg a <strong>mesterfokozat<\/strong>ot.<\/p>\n<\/div>\n<p>A tantervi rendszer, azaz a kurrikulum \u00e1talak\u00edt\u00e1sakor a c\u00e9l az volt, hogy<strong> elm\u00e9let, preklinikum \u00e9s klinikum<\/strong> oktat\u00e1sa jobban \u00f6sszekapcsol\u00f3djon, \u00e9s p\u00e9ld\u00e1ul a hallgat\u00f3k kapcsolata a betegell\u00e1t\u00e1ssal m\u00e1r az els\u0151 \u00e9vekben elkezd\u0151dj\u00e9k.<\/p>\n<h4><strong>Elm\u00e9leti modul<\/strong><\/h4>\n<p><a href=\"https:\/\/semmelweis.hu\/aok\/files\/2023\/09\/RS58106_IMG_5794-scr.jpg\"><img loading=\"lazy\" decoding=\"async\" class=\"alignright size-medium wp-image-30020\" src=\"https:\/\/semmelweis.hu\/aok\/files\/2023\/09\/RS58106_IMG_5794-scr-400x267.jpg\" alt=\"\" width=\"400\" height=\"267\" srcset=\"https:\/\/semmelweis.hu\/aok\/files\/2023\/09\/RS58106_IMG_5794-scr-400x267.jpg 400w, https:\/\/semmelweis.hu\/aok\/files\/2023\/09\/RS58106_IMG_5794-scr-768x512.jpg 768w, https:\/\/semmelweis.hu\/aok\/files\/2023\/09\/RS58106_IMG_5794-scr-753x502.jpg 753w, https:\/\/semmelweis.hu\/aok\/files\/2023\/09\/RS58106_IMG_5794-scr-203x135.jpg 203w, https:\/\/semmelweis.hu\/aok\/files\/2023\/09\/RS58106_IMG_5794-scr.jpg 950w\" sizes=\"auto, (max-width: 400px) 100vw, 400px\" \/><\/a>Az els\u0151 k\u00e9t \u00e9vben kapnak helyet az orvosi k\u00e9mia, az orvosi biofizika, az anat\u00f3mia, sz\u00f6vet- \u00e9s fejl\u0151d\u00e9stan, a biok\u00e9mia, a molekul\u00e1ris sejtbiol\u00f3gia, az \u00e9lettan t\u00e1rgyak. A klasszikus elm\u00e9leti t\u00e1rgyak mellett az els\u0151 k\u00e9t \u00e9vben megjelenik az ember szoci\u00e1lis l\u00e9ny volt\u00e1val foglalkoz\u00f3 t\u00e1rgy, az orvosi szociol\u00f3gia, valamint a 2008\/2009. tan\u00e9vt\u0151l felmen\u0151 rendszerben bevezet\u00e9sre ker\u00fcl\u0151 curriculum reform eredm\u00e9nyek\u00e9ppen helyet kapnak a klinikai vonatkoz\u00e1sokat tartalmaz\u00f3 \u201ebevezet\u00e9s a klinikumba\u201d \u00e9s a belgy\u00f3gy\u00e1szati propedeutika valamint az orvosi kommunik\u00e1ci\u00f3 c. t\u00e1rgyak is.<\/p>\n<hr \/>\n<h4><strong>Preklinikai modul<\/strong><\/h4>\n<p><a href=\"https:\/\/semmelweis.hu\/aok\/files\/2023\/07\/RS41946_15-scr.jpg\"><img loading=\"lazy\" decoding=\"async\" class=\"alignright size-medium wp-image-29706\" src=\"https:\/\/semmelweis.hu\/aok\/files\/2023\/07\/RS41946_15-scr-400x267.jpg\" alt=\"\" width=\"400\" height=\"267\" srcset=\"https:\/\/semmelweis.hu\/aok\/files\/2023\/07\/RS41946_15-scr-400x267.jpg 400w, https:\/\/semmelweis.hu\/aok\/files\/2023\/07\/RS41946_15-scr-768x512.jpg 768w, https:\/\/semmelweis.hu\/aok\/files\/2023\/07\/RS41946_15-scr-753x502.jpg 753w, https:\/\/semmelweis.hu\/aok\/files\/2023\/07\/RS41946_15-scr-203x135.jpg 203w, https:\/\/semmelweis.hu\/aok\/files\/2023\/07\/RS41946_15-scr.jpg 950w\" sizes=\"auto, (max-width: 400px) 100vw, 400px\" \/><\/a>A III. \u00e9vben a javar\u00e9szben m\u00e9g elm\u00e9leti, de m\u00e1r sok klinikai vonatkoz\u00e1st is tartalmaz\u00f3 preklinikai t\u00e1rgyak, a k\u00f3r\u00e9lettan \u00e9s klinikai laborat\u00f3riumi diagnosztika, a mikrobiol\u00f3gia, a patol\u00f3gia, a k\u00eds\u00e9rletes \u00e9s seb\u00e9szeti m\u0171t\u00e9ttan \u00e9s az immunol\u00f3gia oktat\u00e1sa mellett megkezd\u0151dik a belgy\u00f3gy\u00e1szat egyes fejezeteinek (anyagcsere, endokrinol\u00f3gia, toxikol\u00f3gia) oktat\u00e1sa is.<\/p>\n<hr \/>\n<h4><strong>Klinikai modul<\/strong><\/h4>\n<p><a href=\"https:\/\/semmelweis.hu\/aok\/files\/2020\/12\/RS20347_KA-20140708-IMG_1301-pullmonologia-oktatas-scr.jpg\"><img loading=\"lazy\" decoding=\"async\" class=\"alignright size-medium wp-image-25400\" src=\"https:\/\/semmelweis.hu\/aok\/files\/2020\/12\/RS20347_KA-20140708-IMG_1301-pullmonologia-oktatas-scr-400x267.jpg\" alt=\"\" width=\"400\" height=\"267\" srcset=\"https:\/\/semmelweis.hu\/aok\/files\/2020\/12\/RS20347_KA-20140708-IMG_1301-pullmonologia-oktatas-scr-400x267.jpg 400w, https:\/\/semmelweis.hu\/aok\/files\/2020\/12\/RS20347_KA-20140708-IMG_1301-pullmonologia-oktatas-scr-768x512.jpg 768w, https:\/\/semmelweis.hu\/aok\/files\/2020\/12\/RS20347_KA-20140708-IMG_1301-pullmonologia-oktatas-scr-753x502.jpg 753w, https:\/\/semmelweis.hu\/aok\/files\/2020\/12\/RS20347_KA-20140708-IMG_1301-pullmonologia-oktatas-scr-203x135.jpg 203w, https:\/\/semmelweis.hu\/aok\/files\/2020\/12\/RS20347_KA-20140708-IMG_1301-pullmonologia-oktatas-scr.jpg 950w\" sizes=\"auto, (max-width: 400px) 100vw, 400px\" \/><\/a>A IV. \u00e9s V. \u00e9vben a klinikai t\u00e1rgyak eset\u00e9ben az alapoz\u00f3 \u00e9s preklinikai tanulm\u00e1nyok sor\u00e1n megszerzett ismeretek gyakorlatba t\u00f6rt\u00e9n\u0151 \u00e1t\u00fcltet\u00e9se t\u00f6rt\u00e9nik. A gyakorlatok legfontosabb c\u00e9lja a hallgat\u00f3knak az oktat\u00f3 vezet\u00e9se \u00e9s fel\u00fcgyelete mellett a betegek vizsg\u00e1lata, a k\u00f3rk\u00e9pek felismer\u00e9se, az anamn\u00e9zis felv\u00e9tele, a tapasztalt \u00e9s felismert jelens\u00e9gek ismertet\u00e9se. C\u00e9l tov\u00e1bb\u00e1, hogy az oktat\u00f3val t\u00f6rt\u00e9n\u0151 megbesz\u00e9l\u00e9sek sor\u00e1n megfelel\u0151 j\u00e1rtass\u00e1gra tegyenek szert a hallgat\u00f3k, betekint\u00e9st nyerjenek a laborat\u00f3riumi diagnosztikai vizsg\u00e1latok menet\u00e9be.<\/p>\n<p>A modul sor\u00e1n m\u00f3d ny\u00edlik az orvosi hivat\u00e1s etikai vonatkoz\u00e1sainak megismer\u00e9s\u00e9re, az orvos-beteg kapcsolatba val\u00f3 betekint\u00e9sre, tapasztalatszerz\u00e9sre, valamint a betegjogokkal kapcsolatos k\u00e9rd\u00e9sek \u00e1ttekint\u00e9s\u00e9re. A 8-9. szemeszterben els\u0151sorban klinikai t\u00e1rgyak szerepelnek a k\u00e9pz\u00e9sben, de n\u00e9h\u00e1ny elm\u00e9leti t\u00e1rgy hallgat\u00e1s\u00e1ra is sor ker\u00fcl.<\/p>\n<p><a href=\"https:\/\/semmelweis.hu\/aok\/files\/2020\/12\/RS122154_C19A7280-scr.jpg\"><img loading=\"lazy\" decoding=\"async\" class=\"alignright size-medium wp-image-25403\" src=\"https:\/\/semmelweis.hu\/aok\/files\/2020\/12\/RS122154_C19A7280-scr-400x280.jpg\" alt=\"\" width=\"400\" height=\"280\" srcset=\"https:\/\/semmelweis.hu\/aok\/files\/2020\/12\/RS122154_C19A7280-scr-400x280.jpg 400w, https:\/\/semmelweis.hu\/aok\/files\/2020\/12\/RS122154_C19A7280-scr-1024x717.jpg 1024w, https:\/\/semmelweis.hu\/aok\/files\/2020\/12\/RS122154_C19A7280-scr-768x538.jpg 768w, https:\/\/semmelweis.hu\/aok\/files\/2020\/12\/RS122154_C19A7280-scr-753x527.jpg 753w, https:\/\/semmelweis.hu\/aok\/files\/2020\/12\/RS122154_C19A7280-scr.jpg 1200w\" sizes=\"auto, (max-width: 400px) 100vw, 400px\" \/><\/a>A klinikai k\u00e9pz\u00e9s sor\u00e1n az aneszteziol\u00f3gia \u00e9s intenz\u00edv ter\u00e1pia, a belgy\u00f3gy\u00e1szat, a seb\u00e9szet, az ortop\u00e9dia, a traumatol\u00f3gia, a sz\u00fcl\u00e9szet \u00e9s n\u0151gy\u00f3gy\u00e1szat, a kardiol\u00f3gia, az oxiol\u00f3gia, a gyermekgy\u00f3gy\u00e1szat, a szem\u00e9szet, a f\u00fcl-orr-g\u00e9g\u00e9szet, a b\u0151rgy\u00f3gy\u00e1szat, a neurol\u00f3gia, a pszichi\u00e1tria, a fog\u00e1szat, urol\u00f3gia, csal\u00e1dorvostan, radiol\u00f3gia, orvosi k\u00e9palkot\u00f3 elj\u00e1r\u00e1sok, pulmonol\u00f3gia, pszichoter\u00e1pia az orvosi gyakorlatban, s\u0171rg\u0151ss\u00e9gi orvostan, oxiol\u00f3gia, bioetika-orvosi etika. A k\u00e9pz\u00e9s ezen szakasz\u00e1ban hallgatj\u00e1k hallgat\u00f3ink az igazs\u00e1g\u00fcgyi orvostan \u00e9s a n\u00e9peg\u00e9szs\u00e9gtan, az eg\u00e9szs\u00e9g\u00fcgyi jog, biztos\u00edt\u00e1si \u00e9s gazdas\u00e1gi ismeretek c. t\u00e1rgyakat is.<\/p>\n<hr \/>\n<h4><strong><a href=\"https:\/\/semmelweis.hu\/aok\/files\/2023\/07\/RS114797_C19A5488-scr.jpg\"><img loading=\"lazy\" decoding=\"async\" class=\"alignright size-medium wp-image-29716\" src=\"https:\/\/semmelweis.hu\/aok\/files\/2023\/07\/RS114797_C19A5488-scr-400x267.jpg\" alt=\"\" width=\"400\" height=\"267\" srcset=\"https:\/\/semmelweis.hu\/aok\/files\/2023\/07\/RS114797_C19A5488-scr-400x267.jpg 400w, https:\/\/semmelweis.hu\/aok\/files\/2023\/07\/RS114797_C19A5488-scr-1024x683.jpg 1024w, https:\/\/semmelweis.hu\/aok\/files\/2023\/07\/RS114797_C19A5488-scr-768x512.jpg 768w, https:\/\/semmelweis.hu\/aok\/files\/2023\/07\/RS114797_C19A5488-scr-753x502.jpg 753w, https:\/\/semmelweis.hu\/aok\/files\/2023\/07\/RS114797_C19A5488-scr-203x135.jpg 203w, https:\/\/semmelweis.hu\/aok\/files\/2023\/07\/RS114797_C19A5488-scr.jpg 1200w\" sizes=\"auto, (max-width: 400px) 100vw, 400px\" \/><\/a>Gyakorlati \u00e9v<\/strong><\/h4>\n<p>A VI. \u00e9vfolyamon hallgat\u00f3ink belgy\u00f3gy\u00e1szat (9 h\u00e9t, ebb\u0151l 1 h\u00e9t infektol\u00f3gia 1 h\u00e9t csal\u00e1dorvostan) seb\u00e9szet (9 h\u00e9t, ebb\u0151l 2 h\u00e9t traumatol\u00f3gia), 1 h\u00e9t \u00e9rseb\u00e9szet, gyermekgy\u00f3gy\u00e1szat (8 h\u00e9t, melyb\u0151l 1 h\u00e9t fert\u0151z\u0151 gyakorlat), sz\u00fcl\u00e9szet- n\u0151gy\u00f3gy\u00e1szat (5 h\u00e9t), ideggy\u00f3gy\u00e1szat (4 h\u00e9t) elmegy\u00f3gy\u00e1szat (4 h\u00e9t) gyakorlataikat k\u00f6zvetlen\u00fcl beteg\u00e1gy mellett az egyetem klinik\u00e1in, illetve a k\u00e9pz\u00e9sbe bevont k\u00f3rh\u00e1zak oszt\u00e1lyain v\u00e9gzik.<\/p>\n<div class=\"keretes w-100\">\n<p>A k\u00e9pz\u00e9si c\u00e9lhoz igazod\u00f3, egym\u00e1sra \u00e9p\u00edtett vizsgaform\u00e1kat a <strong>mintatanterv,<\/strong> a tartalmi k\u00f6vetelm\u00e9nyeket a <strong>tant\u00e1rgyi program<\/strong> hat\u00e1rozza meg. A tananyag ismeret\u00e9nek \u00e9rt\u00e9kel\u00e9se r\u00e9szben \u00f6t fokozat\u00fa (1-5), r\u00e9szben h\u00e1rom fokozat\u00fa (kiv\u00e1l\u00f3an megfelelt, megfelelt, nem felelt meg) min\u0151s\u00edt\u00e9ssel t\u00f6rt\u00e9nhet.<\/p>\n<\/div>\n<h4><strong>A tant\u00e1rgyak f\u0151bb sz\u00e1monk\u00e9r\u00e9si form\u00e1i:<\/strong><\/h4>\n<ul>\n<li><strong>a gyakorlati jegy:<\/strong> a tant\u00e1rgy gyakorlati alkalmaz\u00e1sa, az alkalmaz\u00e1si k\u00e9szs\u00e9g ellen\u0151rz\u00e9se c\u00e9lj\u00e1b\u00f3l &#8211; a hallgat\u00f3nak els\u0151sorban a szorgalmi id\u0151szakban kell a k\u00f6vetelm\u00e9nyt teljes\u00edtenie,<\/li>\n<li><strong>a kollokvium:<\/strong> a tant\u00e1rgy egy oktat\u00e1si id\u0151szakot \u00e1tfog\u00f3 anyag\u00e1nak elsaj\u00e1t\u00edt\u00e1s\u00e1t ellen\u0151rzi &#8211; az \u00e9rt\u00e9kel\u00e9s \u00f6t fokozat\u00fa, buktat\u00f3 hat\u00e1ly\u00fa,<\/li>\n<li><strong>a szigorlat:<\/strong> a tant\u00e1rgy eg\u00e9sz anyag\u00e1nak elsaj\u00e1t\u00edt\u00e1s\u00e1t ellen\u0151rzi, az \u00e9rt\u00e9kel\u00e9s \u00f6t fokozat\u00fa,<\/li>\n<li><strong>a z\u00e1r\u00f3vizsga:<\/strong> hallgat\u00f3ink egyetemi tanulm\u00e1nyaikat szakdolgozattal \u00e9s z\u00e1r\u00f3vizsg\u00e1val fejezik be. A z\u00e1r\u00f3vizsg\u00e1n a hallgat\u00f3k a gyakorlati vizsga (betegvizsg\u00e1lat) mellett \u00edr\u00e1sbeli teszt \u00e9s sz\u00f3beli z\u00e1r\u00f3vizsg\u00e1n adnak sz\u00e1mot felk\u00e9sz\u00fclts\u00e9g\u00fckr\u0151l.<\/li>\n<\/ul>\n","protected":false},"excerpt":{"rendered":"<p>A Semmelweis Egyetem legnagyobb kar\u00e1n \u00f6sszesen csaknem n\u00e9gyezren tanulnak magyar, <a href=\"https:\/\/semmelweis.hu\/admission\/programs\/medicine\/\" target=\"_blank\" rel=\"noopener\">angol<\/a> \u00e9s <a href=\"https:\/\/semmelweis.hu\/deutsch\/studiengange\/humanmedizin\/\" target=\"_blank\" rel=\"noopener\">n\u00e9met<\/a> nyelven. Az oklev\u00e9lben szerepl\u0151 szakk\u00e9pzetts\u00e9g megnevez\u00e9se \u00e1ltal\u00e1nos orvos (doctor medicinae universae, ennek r\u00f6vid\u00edt\u00e9se dr. med. univ.). Az \u00e1ltal\u00e1nos orvos szakra felvettek egys\u00e9ges, osztatlan k\u00e9pz\u00e9sben vesznek r\u00e9szt, tizenk\u00e9t f\u00e9l\u00e9v ut\u00e1n szerzik meg a mesterfokozatot. A tantervi rendszer, azaz a kurrikulum \u00e1talak\u00edt\u00e1sakor a c\u00e9l az volt, &hellip;<\/p>\n","protected":false},"author":158,"featured_media":0,"parent":126,"menu_order":1,"comment_status":"closed","ping_status":"closed","template":"","meta":{"_acf_changed":false,"footnotes":""},"categories":[],"tags":[],"class_list":["post-149","page","type-page","status-publish","hentry"],"acf":[],"publishpress_future_action":{"enabled":false,"date":"1970-01-01 01:00:00","action":"","terms":[],"taxonomy":"","browser_timezone_offset":0},"_links":{"self":[{"href":"https:\/\/semmelweis.hu\/aok\/wp-json\/wp\/v2\/pages\/149","targetHints":{"allow":["GET"]}}],"collection":[{"href":"https:\/\/semmelweis.hu\/aok\/wp-json\/wp\/v2\/pages"}],"about":[{"href":"https:\/\/semmelweis.hu\/aok\/wp-json\/wp\/v2\/types\/page"}],"author":[{"embeddable":true,"href":"https:\/\/semmelweis.hu\/aok\/wp-json\/wp\/v2\/users\/158"}],"replies":[{"embeddable":true,"href":"https:\/\/semmelweis.hu\/aok\/wp-json\/wp\/v2\/comments?post=149"}],"version-history":[{"count":11,"href":"https:\/\/semmelweis.hu\/aok\/wp-json\/wp\/v2\/pages\/149\/revisions"}],"predecessor-version":[{"id":30026,"href":"https:\/\/semmelweis.hu\/aok\/wp-json\/wp\/v2\/pages\/149\/revisions\/30026"}],"up":[{"embeddable":true,"href":"https:\/\/semmelweis.hu\/aok\/wp-json\/wp\/v2\/pages\/126"}],"wp:attachment":[{"href":"https:\/\/semmelweis.hu\/aok\/wp-json\/wp\/v2\/media?parent=149"}],"wp:term":[{"taxonomy":"category","embeddable":true,"href":"https:\/\/semmelweis.hu\/aok\/wp-json\/wp\/v2\/categories?post=149"},{"taxonomy":"post_tag","embeddable":true,"href":"https:\/\/semmelweis.hu\/aok\/wp-json\/wp\/v2\/tags?post=149"}],"curies":[{"name":"wp","href":"https:\/\/api.w.org\/{rel}","templated":true}]}}