{"id":14880,"date":"2017-01-12T10:39:31","date_gmt":"2017-01-12T09:39:31","guid":{"rendered":"http:\/\/semmelweis.hu\/aok\/?page_id=14880"},"modified":"2023-12-12T11:10:38","modified_gmt":"2023-12-12T10:10:38","slug":"a-kar-merit-dijat-elnyert-oktatoi","status":"publish","type":"page","link":"https:\/\/semmelweis.hu\/aok\/oktatas\/a-kar-merit-dijat-elnyert-oktatoi\/","title":{"rendered":"Oktat\u00e1si Merit D\u00edjat elnyert oktat\u00f3k"},"content":{"rendered":"<div class=\"keretes w-100\">\n<p>Az \u00c1ltal\u00e1nos Orvostudom\u00e1nyi Kar vezet\u00e9se c\u00e9lul t\u0171zte ki <strong>a kiemelked\u0151 oktat\u00f3i teljes\u00edtm\u00e9ny<\/strong>ek \u00f6szt\u00f6nz\u00e9s\u00e9t, erk\u00f6lcsi \u00e9s anyagi t\u00e9ren egyar\u00e1nt. E c\u00e9l \u00e9rdek\u00e9ben a karon l\u00e9trehoz\u00e1sra ker\u00fclt az <strong>\u201eOktat\u00e1si Merit D\u00edj\u201d<\/strong>, melynek keret\u00e9ben a hallgat\u00f3k meg\u00edt\u00e9l\u00e9se szerint kiemelked\u0151en teljes\u00edt\u0151 oktat\u00f3k r\u00e9szes\u00fclhetnek anyagi elismer\u00e9sben.<\/p>\n<p><a href=\"https:\/\/semmelweis.hu\/aok\/a-karrol\/dokumentumtar\/\"><strong>A Kar szab\u00e1lyzata az Oktat\u00e1si Merit D\u00edj adom\u00e1nyoz\u00e1s\u00e1r\u00f3l a dokumentumt\u00e1rb\u00f3l \u00e9rhet\u0151 el \u2192<\/strong><\/a><\/p>\n<\/div>\n<h2>\u00a0<\/h2>\n<h2>Oktat\u00e1si Merit D\u00edjat elnyert oktat\u00f3k<\/h2>\n<h4><strong>2023. \u00c9VBEN:<\/strong><\/h4>\n<ul style=\"list-style-type: disc\">\n<li>Dr. Ag\u00f3cs Gergely, egyetemi adjunktus<\/li>\n<li>Dr. Andr\u00e1sfalvy \u00c1gnes mesteroktat\u00f3<\/li>\n<li>Dr. Barna J\u00e1nos egyetemi docens<\/li>\n<li>Dr. Csala Mikl\u00f3s egyetemi tan\u00e1r<\/li>\n<li>Dr. Guly\u00e1s D\u00e1niel rezidens<\/li>\n<li>Dr. Horv\u00e1th Andrea egyetemi adjunktus<\/li>\n<li>Dr. Kellermayer Mikl\u00f3s S\u00e1ndor Zolt\u00e1n egyetemi tan\u00e1r<\/li>\n<li>Dr. L\u0151rincz M\u00e1rton \u00c1kos egyetemi adjunktus<\/li>\n<li>Dr. Matolcsy Andr\u00e1s egyetemi tan\u00e1r<\/li>\n<li>Dr. S\u00e1rdy Mikl\u00f3s egyetemi tan\u00e1r<\/li>\n<li>Dr. Terebessy Tam\u00e1s egyetemi docens<\/li>\n<li>Dr. T\u0151ke Judit egyetemi adjunktus<\/li>\n<\/ul>\n<h4><strong>2022. \u00e9vben:<\/strong><\/h4>\n<ul>\n<li>Dr. Ag\u00f3cs Gergely, egyetemi adjunktus<\/li>\n<li>Dr. Csala Mikl\u00f3s, egyetemi tan\u00e1r<\/li>\n<li>Dr. Guly\u00e1s D\u00e1niel, rezidens<\/li>\n<li>Dr. Hanics J\u00e1nos, egyetemi adjunktus<\/li>\n<li>Dr. Kat\u00f3 Erzs\u00e9bet, egyetemi adjunktus<\/li>\n<li>Dr. Katz S\u00e1ndor, egyetemi adjunktus<\/li>\n<li>Dr. Kellermayer Mikl\u00f3s S\u00e1ndor Zolt\u00e1n, egyetemi tan\u00e1r<\/li>\n<li>Dr. Magyar Attila, egyetemi docens<\/li>\n<li>Dr. Matolcsy Andr\u00e1s, egyetemi tan\u00e1r<\/li>\n<li>Dr. M\u00fcller Veronika, egyetemi tan\u00e1r<\/li>\n<li>Dr. Riba P\u00e1l, egyetemi docens<\/li>\n<li>Dr. Szab\u00f3 Eszter, egyetemi adjunktus<\/li>\n<li>Dr. Szombath Gergely, egyetemi tan\u00e1rseg\u00e9d<\/li>\n<li>Dr. T\u00f6r\u0151csik Be\u00e1ta, egyetemi docens<\/li>\n<\/ul>\n<h4><strong>2021. \u00e9vben:<\/strong><\/h4>\n<ul>\n<li>Dr. Balla Andr\u00e1s, egyetemi docens<\/li>\n<li>Dr. Barna J\u00e1nos, egyetemi docens<\/li>\n<li>Dr. Csala Mikl\u00f3s, egyetemi tan\u00e1r<\/li>\n<li>Dr. Guly\u00e1s D\u00e1niel, rezidens<\/li>\n<li>Dr. Kat\u00f3 Erzs\u00e9bet, egyetemi adjunktus<\/li>\n<li>Dr. Kellermayer Mikl\u00f3s S\u00e1ndor Zolt\u00e1n, egyetemi tan\u00e1r<\/li>\n<li>Dr. K\u00f6les L\u00e1szl\u00f3, egyetemi docens<\/li>\n<li>Dr. Kuroli Enik\u0151, klinikai f\u0151orvos<\/li>\n<li>Dr. Madaras Lilla, egyetemi docens<\/li>\n<li>Dr. Magyar L\u00f3r\u00e1nt, igazgat\u00f3helyettes<\/li>\n<li>Dr. Matolcsy Andr\u00e1s, egyetemi tan\u00e1r<\/li>\n<li>Dr. Riba P\u00e1l, egyetemi docens<\/li>\n<li>Dr. Szanda Gerg\u0151, egyetemi docens<\/li>\n<li>Dr. Tisl\u00e9r Andr\u00e1s, egyetemi docens<\/li>\n<li>Dr. T\u00f6r\u0151csik Be\u00e1ta, egyetemi docens<\/li>\n<li>Dr. V\u00e1rnai P\u00e9ter, egyetemi tan\u00e1r<\/li>\n<\/ul>\n<h4><strong>2020. \u00e9vben:<\/strong><\/h4>\n<ul>\n<li>Dr. Altdorfer K\u00e1roly, egyetemi docens<\/li>\n<li>Dr. Barna J\u00e1nos, egyetemi docens<\/li>\n<li>Dr. Katz S\u00e1ndor, egyetemi adjunktus<\/li>\n<li>Dr. Kellermayer Mikl\u00f3s S\u00e1ndor Zolt\u00e1n, egyetemi tan\u00e1r<\/li>\n<li>Dr. K\u00f6les L\u00e1szl\u00f3, egyetemi docens<\/li>\n<li>Dr. Riba P\u00e1l, egyetemi docens<\/li>\n<li>Dr. Szanda Gerg\u0151, egyetemi adjunktus<\/li>\n<li>Dr. Toronyi \u00c9va, egyetemi docens<\/li>\n<li>Dr. T\u00f6r\u0151csik Be\u00e1ta, egyetemi docens<\/li>\n<\/ul>\n<h4><strong>2019. \u00e9vben:<\/strong><\/h4>\n<ul>\n<li>Dr. Barna J\u00e1nos, tudom\u00e1nyos munkat\u00e1rs<\/li>\n<li>Dr. Ella Krisztina, egyetemi adjunktus<\/li>\n<li>Dr. Guly\u00e1s D\u00e1niel, rezidens<\/li>\n<li>Dr. Kardon Tam\u00e1s, egyetemi docens<\/li>\n<li>Dr. Kellermayer Mikl\u00f3s, egyetemi tan\u00e1r<\/li>\n<li>Dr. Kiss Levente, egyetemi adjunktus<\/li>\n<li>Dr. Kocsis B\u00e9la, egyetemi adjunktus<\/li>\n<li>Dr. Kozsurek M\u00e1rk, egyetemi adjunktus<\/li>\n<li>Dr. K\u00f6les L\u00e1szl\u00f3, egyetemi docens<\/li>\n<li>Dr. Kriston T\u00fcnde, mesteroktat\u00f3<\/li>\n<li>Dr. Matolcsy Andr\u00e1s, egyetemi tan\u00e1r<\/li>\n<li>Dr. Neh\u00e9z L\u00e1szl\u00f3, egyetemi adjunktus<\/li>\n<li>Dr. Riba P\u00e1l, egyetemi docens<\/li>\n<li>Dr. Ruttkay Tam\u00e1s, egyetemi adjunktus<\/li>\n<li>Dr. Szanda Gerg\u0151, egyetemi adjunktus<\/li>\n<\/ul>\n<h4><strong>2018. \u00e9vben:<\/strong><\/h4>\n<ul>\n<li>Dr. Barna J\u00e1nos egyetemi docens<\/li>\n<li>Dr. Cs\u00e1ki \u00c1gnes egyetemi docens<\/li>\n<li>Dr. Frit\u00faz G\u00e1bor egyetemi tan\u00e1rseg\u00e9d<\/li>\n<li>Dr. K\u00e1llai Andr\u00e1s egyetemi tan\u00e1rseg\u00e9d<\/li>\n<li>Dr. Kamondi Anita egyetemi tan\u00e1r<\/li>\n<li>Dr. Kat\u00f3 Erzs\u00e9bet egyetemi adjunktus<\/li>\n<li>Dr. Kellermayer Mikl\u00f3s egyetemi tan\u00e1r<\/li>\n<li>Dr. Kiss Levente egyetemi adjunktus<\/li>\n<li>Dr. K\u00f6les L\u00e1szl\u00f3 egyetemi docens<\/li>\n<li>Dr. Kriston T\u00fcnde mestertan\u00e1r<\/li>\n<li>Dr. Ligeti Erzs\u00e9bet egyetemi tan\u00e1r<\/li>\n<li>Dr. Magyar L\u00f3r\u00e1nt egyetemi tan\u00e1rseg\u00e9d<\/li>\n<li>Dr. Matolcsy Andr\u00e1s egyetemi tan\u00e1r<\/li>\n<li>Dr. M\u00fcllner N\u00e1ndor egyetemi docens<\/li>\n<li>Dr. Riba P\u00e1l egyetemi docens<\/li>\n<li>Dr. Torn\u00f3ci L\u00e1szl\u00f3 mesteroktat\u00f3<\/li>\n<li>Dr. Toronyi \u00c9va egyetemi docens<\/li>\n<\/ul>\n<h4><strong>2017. \u00e9vben:<\/strong><span style=\"font-size: 14pt\"><strong><u><br \/>\n<\/u><\/strong><\/span><\/h4>\n<ul>\n<li>Dr. Kamondi Anita egyetemi tan\u00e1r<\/li>\n<li>Dr. Kellermayer Mikl\u00f3s egyetemi tan\u00e1r<\/li>\n<li>Dr. Matolcsy Andr\u00e1s egyetemi tan\u00e1r<\/li>\n<li>Dr. V\u00e1rnai P\u00e9ter egyetemi tan\u00e1r<\/li>\n<li>Dr. Veres G\u00e1bor egyetemi tan\u00e1r<\/li>\n<li>Dr. Alp\u00e1r Al\u00e1n egyetemi docens<\/li>\n<li>Dr. K\u00f6les L\u00e1szl\u00f3 egyetemi docens<\/li>\n<li>Dr. Moln\u00e1r Mikl\u00f3s egyetemi docens<\/li>\n<li>Dr. Toronyi \u00c9va egyetemi docens<\/li>\n<li>Dr. Barna J\u00e1nos egyetemi adjunktus<\/li>\n<li>Dr. Hagym\u00e1si Krisztina egyetemi adjunktus<\/li>\n<li>Dr. Kat\u00f3 Erzs\u00e9bet egyetemi adjunktus<\/li>\n<li>Dr. Kiss Levente egyetemi adjunktus<\/li>\n<li>Dr. Fullajt\u00e1r M\u00e1t\u00e9 tan\u00e1rseg\u00e9d<\/li>\n<li>Dr. Kriston T\u00fcnde mestertan\u00e1r<\/li>\n<li>Dr. Torn\u00f3ci L\u00e1szl\u00f3 mesteroktat\u00f3<\/li>\n<\/ul>\n<h4><strong>2016. \u00e9vben:<\/strong><span style=\"font-size: 14pt\"><strong><u><br \/>\n<\/u><\/strong><\/span><\/h4>\n<ul>\n<li>Dr. Csala Mikl\u00f3s egyetemi docens<\/li>\n<li>Dr. Barna J\u00e1nos tudom\u00e1nyos munkat\u00e1rs<\/li>\n<li>Dr. Torn\u00f3ci L\u00e1szl\u00f3 int\u00e9zeti m\u00e9rn\u00f6k<\/li>\n<li>Dr. Matolcsy Andr\u00e1s egyetemi tan\u00e1r<\/li>\n<li>Dr. Riba P\u00e1l egyetemi docens<\/li>\n<li>Dr. K\u00f6les L\u00e1szl\u00f3 egyetemi docens<\/li>\n<li>Dr. Veres G\u00e1bor egyetemi docens<\/li>\n<li>Dr. Frit\u00faz G\u00e1bor egyetemi tan\u00e1rseg\u00e9d<\/li>\n<li>Dr. Magyar L\u00f3r\u00e1nt tan\u00e1rseg\u00e9d<\/li>\n<li>Dr. Szuromi B\u00e1lint klinikai orvos<\/li>\n<li>Dr. \u00c1d\u00e1m \u00c1gota tudom\u00e1nyos munkat\u00e1rs<\/li>\n<li>Dr. Barna J\u00e1nos tudom\u00e1nyos munkat\u00e1rs<\/li>\n<li>Dr. Ostorh\u00e1zi Eszter egyetemi adjunktus<\/li>\n<li>Dr. Ghid\u00e1n \u00c1goston egyetemi adjunktus<\/li>\n<li>Dr. Riba P\u00e1l egyetemi docens<\/li>\n<li>Dr. K\u00f6les L\u00e1szl\u00f3 egyetemi docens<\/li>\n<li>Dr. Kopa Zsolt egyetemi docens<\/li>\n<li>Dr. Horv\u00e1th Andr\u00e1s egyetemi adjunktus<\/li>\n<li>Dr. Malik Anik\u00f3 klinikai szakorvos<\/li>\n<li>Dr. N\u00e9benf\u00fchrer Zsuzsanna klinikai szakorvos<\/li>\n<\/ul>\n<h4><strong>2015. \u00e9vben:<\/strong><\/h4>\n<ul>\n<li>Dr. L. Kiss Anna egyetemi docens<\/li>\n<li>Dr. Barna J\u00e1nos tudom\u00e1nyos munkat\u00e1rs<\/li>\n<li>Dr. Glasz Tibor egyetemi docens<\/li>\n<li>Dr. Ghid\u00e1n \u00c1goston egyetemi adjunktus<\/li>\n<li>Dr. Riba P\u00e1l egyetemi docens<\/li>\n<li>Dr. K\u00f6les L\u00e1szl\u00f3 egyetemi docens<\/li>\n<li>Dr. Tulassay Tivadar egyetemi tan\u00e1r<\/li>\n<li>Dr. Somfai G\u00e1bor M\u00e1rk egyetemi adjunktus<\/li>\n<li>Dr. Malik Anik\u00f3 \u00c9va klinikai szakorvos<\/li>\n<li>Dr. Szombath Gergely klinikai szakorvos<\/li>\n<\/ul>\n<h4><strong>2014. \u00e9vben:<\/strong><span style=\"font-size: 14pt\"><strong><u><br \/>\n<\/u><\/strong><\/span><\/h4>\n<ul>\n<li>Dr. L. Kiss Anna egyetemi docens<\/li>\n<li>Dr. Barna J\u00e1nos tudom\u00e1nyos munkat\u00e1rs<\/li>\n<li>Dr. Csala Mikl\u00f3s egyetemi docens<\/li>\n<li>Dr. Ivanics Tam\u00e1s egyetemi docens<\/li>\n<li>Dr. Moln\u00e1r Mikl\u00f3s egyetemi docens<\/li>\n<li>Dr. Zalatnai Attila egyetemi docens<\/li>\n<li>Dr. Riba P\u00e1l egyetemi docens<\/li>\n<li>Dr. K\u00f6les L\u00e1szl\u00f3 egyetemi docens<\/li>\n<li>Dr. Tulassay Tivadar egyetemi tan\u00e1r<\/li>\n<li>Dr. Kempler P\u00e9ter egyetemi tan\u00e1r<\/li>\n<li>Dr. Kamondi Anita egyetemi tan\u00e1r<\/li>\n<\/ul>\n<h4><strong>2013. \u00e9vben:<\/strong><\/h4>\n<ul>\n<li>Dr. Csala Mikl\u00f3s egyetemi docens<\/li>\n<li>Dr. Barna J\u00e1nos tudom\u00e1nyos munkat\u00e1rs<\/li>\n<li>Dr. T\u00edm\u00e1r Csaba Istv\u00e1n tudom\u00e1nyos munkat\u00e1rs<\/li>\n<li>Dr. Hanics J\u00e1nos egyetemi tan\u00e1rseg\u00e9d<\/li>\n<li>Dr. Torn\u00f3ci L\u00e1szl\u00f3 int\u00e9zeti m\u00e9rn\u00f6k<\/li>\n<li>Dr. Nagy P\u00e9ter egyetemi tan\u00e1r<\/li>\n<li>Dr. Z\u00e1dori Zolt\u00e1n egyetemi docens<\/li>\n<li>Dr. K\u00f6les L\u00e1szl\u00f3 egyetemi docens<\/li>\n<li>Dr. Veres G\u00e1bor egyetemi docens<\/li>\n<li>Dr. Kamondi Anita egyetemi tan\u00e1r<\/li>\n<\/ul>\n<p>&nbsp;<\/p>\n","protected":false},"excerpt":{"rendered":"<p>Az \u00c1ltal\u00e1nos Orvostudom\u00e1nyi Kar vezet\u00e9se c\u00e9lul t\u0171zte ki a kiemelked\u0151 oktat\u00f3i teljes\u00edtm\u00e9nyek \u00f6szt\u00f6nz\u00e9s\u00e9t, erk\u00f6lcsi \u00e9s anyagi t\u00e9ren egyar\u00e1nt. E c\u00e9l \u00e9rdek\u00e9ben a karon l\u00e9trehoz\u00e1sra ker\u00fclt az \u201eOktat\u00e1si Merit D\u00edj\u201d, melynek keret\u00e9ben a hallgat\u00f3k meg\u00edt\u00e9l\u00e9se szerint kiemelked\u0151en teljes\u00edt\u0151 oktat\u00f3k r\u00e9szes\u00fclhetnek anyagi elismer\u00e9sben. <a href=\"https:\/\/semmelweis.hu\/aok\/a-karrol\/dokumentumtar\/\">A Kar szab\u00e1lyzata az Oktat\u00e1si Merit D\u00edj adom\u00e1nyoz\u00e1s\u00e1r\u00f3l a dokumentumt\u00e1rb\u00f3l \u00e9rhet\u0151 el \u2192<\/a> \u00a0 Oktat\u00e1si Merit D\u00edjat elnyert oktat\u00f3k 2023. \u00c9VBEN: Dr. Ag\u00f3cs Gergely, egyetemi adjunktus Dr. &hellip;<\/p>\n","protected":false},"author":101015,"featured_media":0,"parent":126,"menu_order":10,"comment_status":"closed","ping_status":"closed","template":"","meta":{"_acf_changed":false,"footnotes":""},"categories":[],"tags":[],"class_list":["post-14880","page","type-page","status-publish","hentry"],"acf":[],"publishpress_future_action":{"enabled":false,"date":"1970-01-01 01:00:00","action":"","terms":[],"taxonomy":"","browser_timezone_offset":0},"_links":{"self":[{"href":"https:\/\/semmelweis.hu\/aok\/wp-json\/wp\/v2\/pages\/14880","targetHints":{"allow":["GET"]}}],"collection":[{"href":"https:\/\/semmelweis.hu\/aok\/wp-json\/wp\/v2\/pages"}],"about":[{"href":"https:\/\/semmelweis.hu\/aok\/wp-json\/wp\/v2\/types\/page"}],"author":[{"embeddable":true,"href":"https:\/\/semmelweis.hu\/aok\/wp-json\/wp\/v2\/users\/101015"}],"replies":[{"embeddable":true,"href":"https:\/\/semmelweis.hu\/aok\/wp-json\/wp\/v2\/comments?post=14880"}],"version-history":[{"count":12,"href":"https:\/\/semmelweis.hu\/aok\/wp-json\/wp\/v2\/pages\/14880\/revisions"}],"predecessor-version":[{"id":30428,"href":"https:\/\/semmelweis.hu\/aok\/wp-json\/wp\/v2\/pages\/14880\/revisions\/30428"}],"up":[{"embeddable":true,"href":"https:\/\/semmelweis.hu\/aok\/wp-json\/wp\/v2\/pages\/126"}],"wp:attachment":[{"href":"https:\/\/semmelweis.hu\/aok\/wp-json\/wp\/v2\/media?parent=14880"}],"wp:term":[{"taxonomy":"category","embeddable":true,"href":"https:\/\/semmelweis.hu\/aok\/wp-json\/wp\/v2\/categories?post=14880"},{"taxonomy":"post_tag","embeddable":true,"href":"https:\/\/semmelweis.hu\/aok\/wp-json\/wp\/v2\/tags?post=14880"}],"curies":[{"name":"wp","href":"https:\/\/api.w.org\/{rel}","templated":true}]}}