{"id":13815,"date":"2016-07-04T09:57:33","date_gmt":"2016-07-04T07:57:33","guid":{"rendered":"http:\/\/semmelweis.hu\/aok\/?page_id=13815"},"modified":"2026-04-14T11:14:48","modified_gmt":"2026-04-14T09:14:48","slug":"a-semmelweis-egyetem-altalanos-orvostudomanyi-kar-gyakorlo-korhaza-es-gyakorlo-osztalya-valamint-oktato-osztalya-cimmel-rendelkezo-intezmenyek-listaja","status":"publish","type":"page","link":"https:\/\/semmelweis.hu\/aok\/oktatas\/a-semmelweis-egyetem-altalanos-orvostudomanyi-kar-gyakorlo-korhaza-es-gyakorlo-osztalya-valamint-oktato-osztalya-cimmel-rendelkezo-intezmenyek-listaja\/","title":{"rendered":"Gyakorl\u00f3 k\u00f3rh\u00e1z \u00e9s oszt\u00e1ly \/ Oktat\u00f3 oszt\u00e1ly"},"content":{"rendered":"<h1 class=\"w-100\"><span style=\"font-size: 30px;font-weight: 600;color: #313b40;font-family: Montserrat, sans-serif;text-transform: uppercase\">Gyakorl\u00f3 K\u00f3rh\u00e1z \u00e9s Gyakorl\u00f3 Oszt\u00e1ly<\/span><\/h1>\n<div class=\"keretes w-100\">\n<p>Gyakorl\u00f3 K\u00f3rh\u00e1z \u00e9s Gyakorl\u00f3 Oszt\u00e1ly c\u00edm adom\u00e1nyoz\u00e1s\u00e1nak c\u00e9lja, hogy az arra alkalmas, Egyetemen k\u00edv\u00fcli eg\u00e9szs\u00e9g\u00fcgyi int\u00e9zm\u00e9nyek r\u00e9szt vegyenek az orvostanhallgat\u00f3k gyakorlati oktat\u00e1s\u00e1ban, illetve ezen oktat\u00f3 helyek erk\u00f6lcsi elismer\u00e9sben r\u00e9szes\u00fcljenek.<\/p>\n<p>A Gyakorl\u00f3 K\u00f3rh\u00e1z \u00e9s Gyakorl\u00f3 Oszt\u00e1ly <strong>a VI. \u00e9ves \u00e9s a ny\u00e1ri szakmai gyakorlatok oktat\u00e1s\u00e1ban<\/strong> vesz r\u00e9szt a kar \u00e1ltal megadott tematika alapj\u00e1n \u00e9s a t\u00e1rgyat meghirdet\u0151 egyetemi oktat\u00e1si szervezeti egys\u00e9g ir\u00e1ny\u00edt\u00e1s\u00e1val v\u00e9gzi oktat\u00f3 munk\u00e1j\u00e1t.<\/p>\n<p><a href=\"https:\/\/semmelweis.hu\/aok\/files\/2024\/04\/Gyakorlo-korhaz-v-osztaly-cimmel-rendelkezo-intezmenyek_honlapra_2024.04.10.pdf\">Semmelweis Egyetem \u00c1ltal\u00e1nos Orvostudom\u00e1nyi Kar Gyakorl\u00f3 K\u00f3rh\u00e1z \u00e9s Gyakorl\u00f3 Oszt\u00e1ly c\u00edmmel rendelkez\u0151 int\u00e9zm\u00e9nyek list\u00e1ja (pdf)<\/a><\/p>\n<p>A c\u00edm adom\u00e1nyoz\u00e1sa hat\u00e1rozott id\u0151re, 4 tan\u00e9vre sz\u00f3l.<\/p>\n<p>&nbsp;<\/p>\n<p><a href=\"https:\/\/semmelweis.hu\/aok\/a-karrol\/dokumentumtar\/\">&#8222;Az \u00c1ltal\u00e1nos Orvostudom\u00e1nyi Kar Szab\u00e1lyzata a Semmelweis Egyetemen k\u00edv\u00fcli eg\u00e9szs\u00e9g\u00fcgyi int\u00e9zm\u00e9nyek orvostanhallgat\u00f3k gyakorlati k\u00e9pz\u00e9s\u00e9be val\u00f3 bevon\u00e1s\u00e1nak rendj\u00e9r\u0151l&#8221; c\u00edm\u0171 szab\u00e1lyzat a dokumentumt\u00e1rb\u00f3l \u00e9rhet\u0151 el<\/a> <strong><a href=\"https:\/\/semmelweis.hu\/aok\/a-karrol\/dokumentumtar\/\">\u2192<\/a><\/strong><\/p>\n<\/div>\n<div class=\"w-100\">\n<p>&nbsp;<\/p>\n<h1 class=\"w-100\"><span style=\"font-size: 30px;font-weight: 600;color: #313b40;font-family: Montserrat, sans-serif;text-transform: uppercase\">oKTAT\u00f3 Oszt\u00e1LY<\/span><\/h1>\n<\/div>\n<div class=\"keretes w-100\">\n<p>Az Oktat\u00f3 Oszt\u00e1ly c\u00edm adom\u00e1nyoz\u00e1s\u00e1nak c\u00e9lja, hogy az arra alkalmas, egyetemen k\u00edv\u00fcli eg\u00e9szs\u00e9g\u00fcgyi int\u00e9zm\u00e9nyek oszt\u00e1lyai r\u00e9szt vegyenek az orvostanhallgat\u00f3k gyakorlati oktat\u00e1s\u00e1ban, illetve ezen oktat\u00f3 helyek erk\u00f6lcsi elismer\u00e9sben r\u00e9szes\u00fcljenek.<\/p>\n<p>Az Oktat\u00f3 Oszt\u00e1ly <strong>a gradu\u00e1lis k\u00e9pz\u00e9s \u00e9vk\u00f6zi gyakorlati oktat\u00e1s\u00e1ban<\/strong> vesz r\u00e9szt \u00e9s a t\u00e1rgyat meghirdet\u0151 egyetemi oktat\u00e1si szervezeti egys\u00e9g ir\u00e1ny\u00edt\u00e1s\u00e1val v\u00e9gzi oktat\u00f3 munk\u00e1j\u00e1t.<\/p>\n<div class=\"w-100\">\n<p>A c\u00edm adom\u00e1nyoz\u00e1sa hat\u00e1rozott id\u0151re, 4 tan\u00e9vre sz\u00f3l.<\/p>\n<\/div>\n<p><a href=\"https:\/\/semmelweis.hu\/aok\/files\/2025\/03\/Semmelweis-Egyetem-Altalanos-Orvostudomanyi-Kar-Oktato-Osztaly-cimmel-rendelkezo-intezmenyek.pdf\">Semmelweis Egyetem \u00c1ltal\u00e1nos Orvostudom\u00e1nyi Kar Oktat\u00f3 Oszt\u00e1ly c\u00edmmel rendelkez\u0151 int\u00e9zm\u00e9nyek (pdf)<\/a><\/p>\n<p><a href=\"https:\/\/semmelweis.hu\/aok\/a-karrol\/dokumentumtar\/\">&#8222;Az \u00c1ltal\u00e1nos Orvostudom\u00e1nyi Kar Szab\u00e1lyzata a Semmelweis Egyetemen k\u00edv\u00fcli eg\u00e9szs\u00e9g\u00fcgyi int\u00e9zm\u00e9nyek orvostanhallgat\u00f3k gyakorlati k\u00e9pz\u00e9s\u00e9be val\u00f3 bevon\u00e1s\u00e1nak rendj\u00e9r\u0151l&#8221; c\u00edm\u0171 szab\u00e1lyzat a dokumentumt\u00e1rb\u00f3l \u00e9rhet\u0151 el<\/a> <strong><a href=\"https:\/\/semmelweis.hu\/aok\/a-karrol\/dokumentumtar\/\">\u2192<\/a><\/strong><\/p>\n<\/div>\n<h3>\u00a0<\/h3>\n<h3>\u00a0<\/h3>\n<p>&nbsp;<\/p>\n<p>&nbsp;<\/p>\n<p>&nbsp;<\/p>\n<p>&nbsp;<\/p>\n","protected":false},"excerpt":{"rendered":"<p>Gyakorl\u00f3 K\u00f3rh\u00e1z \u00e9s Gyakorl\u00f3 Oszt\u00e1ly Gyakorl\u00f3 K\u00f3rh\u00e1z \u00e9s Gyakorl\u00f3 Oszt\u00e1ly c\u00edm adom\u00e1nyoz\u00e1s\u00e1nak c\u00e9lja, hogy az arra alkalmas, Egyetemen k\u00edv\u00fcli eg\u00e9szs\u00e9g\u00fcgyi int\u00e9zm\u00e9nyek r\u00e9szt vegyenek az orvostanhallgat\u00f3k gyakorlati oktat\u00e1s\u00e1ban, illetve ezen oktat\u00f3 helyek erk\u00f6lcsi elismer\u00e9sben r\u00e9szes\u00fcljenek. A Gyakorl\u00f3 K\u00f3rh\u00e1z \u00e9s Gyakorl\u00f3 Oszt\u00e1ly a VI. \u00e9ves \u00e9s a ny\u00e1ri szakmai gyakorlatok oktat\u00e1s\u00e1ban vesz r\u00e9szt a kar \u00e1ltal megadott &hellip;<\/p>\n","protected":false},"author":101015,"featured_media":0,"parent":126,"menu_order":6,"comment_status":"closed","ping_status":"closed","template":"","meta":{"_acf_changed":false,"footnotes":""},"categories":[],"tags":[],"class_list":["post-13815","page","type-page","status-publish","hentry"],"acf":[],"publishpress_future_action":{"enabled":false,"date":"1970-01-01 01:00:00","action":"","terms":[],"taxonomy":"","browser_timezone_offset":0},"_links":{"self":[{"href":"https:\/\/semmelweis.hu\/aok\/wp-json\/wp\/v2\/pages\/13815","targetHints":{"allow":["GET"]}}],"collection":[{"href":"https:\/\/semmelweis.hu\/aok\/wp-json\/wp\/v2\/pages"}],"about":[{"href":"https:\/\/semmelweis.hu\/aok\/wp-json\/wp\/v2\/types\/page"}],"author":[{"embeddable":true,"href":"https:\/\/semmelweis.hu\/aok\/wp-json\/wp\/v2\/users\/101015"}],"replies":[{"embeddable":true,"href":"https:\/\/semmelweis.hu\/aok\/wp-json\/wp\/v2\/comments?post=13815"}],"version-history":[{"count":13,"href":"https:\/\/semmelweis.hu\/aok\/wp-json\/wp\/v2\/pages\/13815\/revisions"}],"predecessor-version":[{"id":29771,"href":"https:\/\/semmelweis.hu\/aok\/wp-json\/wp\/v2\/pages\/13815\/revisions\/29771"}],"up":[{"embeddable":true,"href":"https:\/\/semmelweis.hu\/aok\/wp-json\/wp\/v2\/pages\/126"}],"wp:attachment":[{"href":"https:\/\/semmelweis.hu\/aok\/wp-json\/wp\/v2\/media?parent=13815"}],"wp:term":[{"taxonomy":"category","embeddable":true,"href":"https:\/\/semmelweis.hu\/aok\/wp-json\/wp\/v2\/categories?post=13815"},{"taxonomy":"post_tag","embeddable":true,"href":"https:\/\/semmelweis.hu\/aok\/wp-json\/wp\/v2\/tags?post=13815"}],"curies":[{"name":"wp","href":"https:\/\/api.w.org\/{rel}","templated":true}]}}