{"id":13421,"date":"2016-06-02T14:11:11","date_gmt":"2016-06-02T12:11:11","guid":{"rendered":"http:\/\/semmelweis.hu\/aok\/?page_id=13421"},"modified":"2026-02-16T09:31:23","modified_gmt":"2026-02-16T08:31:23","slug":"tanevbeosztas","status":"publish","type":"page","link":"https:\/\/semmelweis.hu\/aok\/oktatas\/tanevbeosztas\/","title":{"rendered":"Tan\u00e9vbeoszt\u00e1s \/ Tan\u00e9vnapt\u00e1r"},"content":{"rendered":"<div class=\"responsive-tabs\">\n<h2 class=\"tabtitle\">Tan\u00e9vbeoszt\u00e1s<\/h2>\n<div class=\"tabcontent\">\n\n<h1 style=\"text-align: center\">2025\/2026. TAN\u00c9V BEOSZT\u00c1SA<\/h1>\n<h2 style=\"text-align: center\">\u00a0\u0150szi f\u00e9l\u00e9v<\/h2>\n<p>&nbsp;<\/p>\n<h5>Regisztr\u00e1ci\u00f3s h\u00e9t I. \u00e9vfolyam:<\/h5>\n<p>2025. augusztus 25- szeptember 05-ig<\/p>\n<h5>A tanulm\u00e1nyok folytat\u00e1s\u00e1nak bejelent\u00e9se:<\/h5>\n<p>II-III. \u00e9vfolyam: 2025. augusztus 25- szeptember 05-ig<\/p>\n<p>IV-V. \u00e9vfolyam: 2025. augusztus 25- augusztus 29-ig<\/p>\n<p>VI. \u00e9vfolyam: 2025. j\u00falius 04-j\u00falius 10-ig<\/p>\n<h5>Szorgalmi id\u0151szak:<\/h5>\n<p>I., II. \u00e9s III. \u00e9vfolyam: 2025. szeptember 08- december 12-ig\u00a0 \u00a0 \u00a0 \u00a0 \u00a0 \u00a0 \u00a0 \u00a0 \u00a0 \u00a0 \u00a0 \u00a0 \u00a0<\/p>\n<h5>Vizsgaid\u0151szak:<\/h5>\n<p>I., II. \u00e9s III. \u00e9vfolyam: 2025. december 15- december 19-ig \u00e9s<\/p>\n<p>2026. <span style=\"font-size: 1rem\">janu\u00e1r 05- febru\u00e1r 13-ig<\/span><\/p>\n<p>A IV. \u00e9s V. \u00e9vfolyamon bevezetett blokkos\u00edtott oktat\u00e1s keret\u00e9ben egy blokkon bel\u00fcl ker\u00fcl sor az el\u0151ad\u00e1sokra \u00e9s a gyakorlati oktat\u00e1sra egyar\u00e1nt. A vizsg\u00e1ra a blokk v\u00e9g\u00e9n ker\u00fcl sor.<\/p>\n<p>A VI. \u00e9vfolyamon szakmai gyakorlatok turnusbeoszt\u00e1s szerint, vizsg\u00e1kra az egyes gyakorlatok v\u00e9g\u00e9n ker\u00fcl sor.<\/p>\n<p>&nbsp;<\/p>\n<h2 style=\"text-align: center\">Tavaszi f\u00e9l\u00e9v<\/h2>\n<h5>A tanulm\u00e1nyok folytat\u00e1s\u00e1nak bejelent\u00e9se:<\/h5>\n<p>I., II. \u00e9s III. \u00e9vfolyam: 2026. febru\u00e1r 09- febru\u00e1r 13-ig<\/p>\n<p>IV-V. \u00e9vfolyam: 2026. febru\u00e1r 02- febru\u00e1r 06-ig<\/p>\n<p>VI. \u00e9vfolyam: 2025. december 15 &#8211; 2026. janu\u00e1r 16-ig<\/p>\n<h5>Szorgalmi id\u0151szak:<\/h5>\n<p>I., II. \u00e9s III. \u00e9vfolyam: 2026. febru\u00e1r 16- m\u00e1jus 22-ig\u00a0 \u00a0 \u00a0 \u00a0 \u00a0 \u00a0 \u00a0 \u00a0 \u00a0 \u00a0 \u00a0 \u00a0 \u00a0 \u00a0 \u00a0\u00a0<\/p>\n<h5>Vizsgaid\u0151szak:<\/h5>\n<p>I., II. \u00e9s III. \u00e9vfolyam: 2026. m\u00e1jus 26- j\u00falius 10-ig<\/p>\n<p>A IV. \u00e9s V. \u00e9vfolyamon bevezetett blokkos\u00edtott oktat\u00e1s keret\u00e9ben egy blokkon bel\u00fcl ker\u00fcl sor az el\u0151ad\u00e1sokra \u00e9s a gyakorlati oktat\u00e1sra egyar\u00e1nt. A vizsg\u00e1ra a blokk v\u00e9g\u00e9n ker\u00fcl sor.<\/p>\n<p>A VI. \u00e9vfolyamon szakmai gyakorlatok turnusbeoszt\u00e1s szerint, vizsg\u00e1kra az egyes gyakorlatok v\u00e9g\u00e9n ker\u00fcl sor.<\/p>\n<p>&nbsp;<\/p>\n<h5>Tan\u00e9ven k\u00edv\u00fcl szervezett vizsga (TKSZV): \u00a0\u00a0<\/h5>\n<p>2026. augusztus 24. (h\u00e9tf\u0151) &#8211; augusztus 28. (p\u00e9ntek)<\/p>\n<h5>Oktat\u00e1si sz\u00fcnetek:<\/h5>\n<p><strong>2025. okt\u00f3ber 23. (cs\u00fct\u00f6rt\u00f6k) Nemzeti \u00fcnnep<\/strong><\/p>\n<p><strong style=\"font-size: 1rem\">2025. december 22. (h\u00e9tf\u0151) \u2013<\/strong><\/p>\n<p><strong style=\"font-size: 1rem\">\u00a0 \u00a02026. janu\u00e1r 04. (vas\u00e1rnap) T\u00e9li sz\u00fcnet<\/strong><\/p>\n<p><strong style=\"font-size: 1rem\">2026. \u00e1prilis 03- \u00e1prilis 06. Nagyp\u00e9ntek, H\u00fasv\u00e9t<\/strong><\/p>\n<p><strong style=\"font-size: 1rem\">2026. m\u00e1jus 01. (p\u00e9ntek) Munka \u00fcnnepe<\/strong><\/p>\n<p><strong style=\"font-size: 1rem\">2026. m\u00e1jus 25. (h\u00e9tf\u0151) P\u00fcnk\u00f6sd<\/strong><\/p>\n<h5>\u00a0Szakmai gyakorlat:<\/h5>\n<p>I., III., IV. \u00e9vfolyam: 2026. j\u00falius 01- j\u00falius 31-ig vagy\u00a0\u00a0<\/p>\n<p>2026. augusztus 01- augusztus 30-ig<\/p>\n<p>2025\/2026. tan\u00e9v VI. \u00e9vfolyam: 2025. j\u00falius 14- 2026. \u00e1prilis 24-ig<\/p>\n<p>2026\/2027. tan\u00e9v VI. \u00e9vfolyam: 2026. j\u00falius 13- 2027. \u00e1prilis 23-ig<\/p>\n<h5>Z\u00e1r\u00f3vizsga id\u0151szak:<\/h5>\n<p>2025. november 18- november 28-ig<\/p>\n<p><span style=\"font-size: 1rem\">2026. m\u00e1jus 27- j\u00fanius 12-ig<\/span><\/p>\n<p><span style=\"font-size: 1rem\">2026. augusztus 25- szeptember 02-ig<\/span><\/p>\n<p>A 2025\/2026. \u00e9vi tan\u00e9vbeoszt\u00e1s <a href=\"https:\/\/semmelweis.hu\/aok\/files\/2026\/02\/Tanevbeosztas-2025_2026_2026.-februar.pdf\">let\u00f6lthet\u0151 pdf form\u00e1tumban.<\/a><\/p>\n<p>&nbsp;<\/p>\n<h1 style=\"text-align: center\">2024\/2025. TAN\u00c9V BEOSZT\u00c1SA<\/h1>\n<h2 style=\"text-align: center\">\u0150szi f\u00e9l\u00e9v<\/h2>\n<h5>Regisztr\u00e1ci\u00f3s h\u00e9t I. \u00e9vfolyam:<\/h5>\n<p>2024. augusztus 26 &#8211; augusztus 30-ig<\/p>\n<h5>A tanulm\u00e1nyok folytat\u00e1s\u00e1nak bejelent\u00e9se:<\/h5>\n<ul>\n<li>II-V. \u00e9vfolyam\u00a0 2024. augusztus 26 &#8211; augusztus 30-ig<\/li>\n<li>VI. \u00e9vfolyam 2024. j\u00falius 05 &#8211; j\u00falius 11-ig<\/li>\n<\/ul>\n<h5>Szorgalmi id\u0151szak:<\/h5>\n<p>I., II. \u00e9s III. \u00e9vfolyam 2024. szeptember 02 &#8211; december 06-ig<\/p>\n<h5>Vizsgaid\u0151szak:<\/h5>\n<ul>\n<li>I., II. \u00e9s III. \u00e9vfolyam 2024. december 09 &#8211; december 20-ig \u00e9s\u00a0<br \/>\n<span style=\"font-size: 1rem\">2025. janu\u00e1r 06 &#8211; febru\u00e1r 07-ig<\/span><\/li>\n<li>A IV. \u00e9s V. \u00e9vfolyamon bevezetett blokkos\u00edtott oktat\u00e1s keret\u00e9ben egy blokkon bel\u00fcl ker\u00fcl sor az el\u0151ad\u00e1sokra \u00e9s a gyakorlati oktat\u00e1sra egyar\u00e1nt. A vizsg\u00e1ra a blokk v\u00e9g\u00e9n ker\u00fcl sor.<\/li>\n<li>A VI. \u00e9vfolyamon szakmai gyakorlatok turnusbeoszt\u00e1s szerint, vizsg\u00e1kra az egyes gyakorlatok v\u00e9g\u00e9n ker\u00fcl sor.<\/li>\n<\/ul>\n<h2 style=\"text-align: center\">Tavaszi f\u00e9l\u00e9v<\/h2>\n<h5>A tanulm\u00e1nyok folytat\u00e1s\u00e1nak bejelent\u00e9se:<\/h5>\n<p>2025. febru\u00e1r 03 &#8211; febru\u00e1r 07-ig<\/p>\n<h5>Szorgalmi id\u0151szak:<\/h5>\n<p>I., II. \u00e9s III. \u00e9vfolyam 2025. febru\u00e1r 10 &#8211; m\u00e1jus 17-ig<\/p>\n<h5>Vizsgaid\u0151szak:<\/h5>\n<ul>\n<li>I., II. \u00e9s III. \u00e9vfolyam 2025. m\u00e1jus 19 &#8211; j\u00falius 04-ig<\/li>\n<li>A IV. \u00e9s V. \u00e9vfolyamon bevezetett blokkos\u00edtott oktat\u00e1s keret\u00e9ben egy blokkon bel\u00fcl ker\u00fcl sor az el\u0151ad\u00e1sokra \u00e9s a gyakorlati oktat\u00e1sra egyar\u00e1nt. A vizsg\u00e1ra a blokk v\u00e9g\u00e9n ker\u00fcl sor.<\/li>\n<li>A VI. \u00e9vfolyamon szakmai gyakorlatok turnusbeoszt\u00e1s szerint, vizsg\u00e1kra az egyes gyakorlatok v\u00e9g\u00e9n ker\u00fcl sor.<\/li>\n<\/ul>\n<h5>Tan\u00e9ven k\u00edv\u00fcl szervezett vizsga (TKSZV):<\/h5>\n<p>2025. augusztus 21 &#8211; augusztus 27-ig<\/p>\n<h5>Oktat\u00e1si sz\u00fcnetek:<\/h5>\n<ul>\n<li>2024. okt\u00f3ber 23. (szerda) Nemzeti \u00fcnnep<\/li>\n<li>2024. november 01. (p\u00e9ntek) Mindenszentek<\/li>\n<li>2024. december 23. (h\u00e9tf\u0151) &#8211; 2025. janu\u00e1r 05. (vas\u00e1rnap) T\u00e9li sz\u00fcnet<\/li>\n<li>2025. \u00e1prilis 18 &#8211; \u00e1prilis 21. Nagyp\u00e9ntek, H\u00fasv\u00e9t<\/li>\n<li>2025. m\u00e1jus 01. (cs\u00fct\u00f6rt\u00f6k) Munka \u00fcnnepe<\/li>\n<li>2025. j\u00fanius 09. (h\u00e9tf\u0151) P\u00fcnk\u00f6sd<\/li>\n<\/ul>\n<h5>Szakmai gyakorlat:\u00a0<\/h5>\n<ul>\n<li>I., III., IV. \u00e9vfolyam 2025. j\u00falius 01 &#8211; j\u00falius 31-ig vagy <br \/>\n2025. <span style=\"font-size: 1rem\">augusztus 01 &#8211; augusztus 31-ig<\/span><\/li>\n<li>2024\/2025. tan\u00e9v VI. \u00e9vfolyam 2024. j\u00falius 15 &#8211; 2025. \u00e1prilis 25-ig<\/li>\n<li>2025\/2026. tan\u00e9v VI. \u00e9vfolyam 2025. j\u00falius 14 &#8211; 2026. \u00e1prilis 24-ig<\/li>\n<\/ul>\n<h5>Z\u00e1r\u00f3vizsga id\u0151szak:<\/h5>\n<ul>\n<li><span style=\"font-size: 1rem\">2024. november 19 &#8211; november 27-ig<\/span><\/li>\n<li><span style=\"font-size: 1rem\">2025. m\u00e1jus 27 &#8211; j\u00fanius 13-ig<\/span><\/li>\n<li><span style=\"font-size: 1rem\">2025. augusztus 26 &#8211; szeptember 02-ig<\/span><\/li>\n<\/ul>\n<p>A 2024\/2025. \u00e9vi tan\u00e9vbeoszt\u00e1s\u00a0 <a href=\"https:\/\/semmelweis.hu\/aok\/files\/2025\/04\/Tanevbeosztas-2024-2025_2025-aprilis.pdf\">let\u00f6lthet\u0151 pdf form\u00e1tumban.<\/a><\/p>\n<h1>\u00a0<\/h1>\n<p>&nbsp;<\/p>\n\n<\/div><h2 class=\"tabtitle\">Tan\u00e9vnapt\u00e1r<\/h2>\n<div class=\"tabcontent\">\n\n<h2>Let\u00f6lthet\u0151 tan\u00e9vnapt\u00e1r<\/h2>\n<ul>\n<li style=\"list-style-type: none\">\n<ul>\n<li style=\"list-style-type: none\">\n<ul>\n<li><a href=\"https:\/\/semmelweis.hu\/aok\/files\/2026\/02\/TANEVNAPTAR_2025_26_2-FELEV.pdf\" target=\"_blank\" rel=\"noopener\">Tan\u00e9vnapt\u00e1r 2025\/2026. tan\u00e9v II. f\u00e9l\u00e9v<\/a><\/li>\n<li><a href=\"https:\/\/semmelweis.hu\/aok\/files\/2025\/07\/TANEVNAPTAR_2025_26_1-FELEV.pdf\" target=\"_blank\" rel=\"noopener\">Tan\u00e9vnapt\u00e1r 2025\/2026. tan\u00e9v I. f\u00e9l\u00e9v<\/a><\/li>\n<li><a href=\"https:\/\/semmelweis.hu\/aok\/files\/2025\/11\/TANEVNAPTAR_2024_25_2-FELEV_2025-aprilis.pdf\" target=\"_blank\" rel=\"noopener\">Tan\u00e9vnapt\u00e1r 2024\/2025. tan\u00e9v II. f\u00e9l\u00e9v<\/a><\/li>\n<\/ul>\n<\/li>\n<\/ul>\n<\/li>\n<\/ul>\n<\/div><\/div>\n<p>&nbsp;<\/p>\n<p>&nbsp;<\/p>\n","protected":false},"excerpt":{"rendered":"<p>2025\/2026. TAN\u00c9V BEOSZT\u00c1SA \u00a0\u0150szi f\u00e9l\u00e9v &nbsp; Regisztr\u00e1ci\u00f3s h\u00e9t I. \u00e9vfolyam: 2025. augusztus 25- szeptember 05-ig A tanulm\u00e1nyok folytat\u00e1s\u00e1nak bejelent\u00e9se: II-III. \u00e9vfolyam: 2025. augusztus 25- szeptember 05-ig IV-V. \u00e9vfolyam: 2025. augusztus 25- augusztus 29-ig VI. \u00e9vfolyam: 2025. j\u00falius 04-j\u00falius 10-ig Szorgalmi id\u0151szak: I., II. \u00e9s III. \u00e9vfolyam: 2025. szeptember 08- december 12-ig\u00a0 \u00a0 \u00a0 \u00a0 \u00a0 &hellip;<\/p>\n","protected":false},"author":101015,"featured_media":0,"parent":126,"menu_order":5,"comment_status":"closed","ping_status":"closed","template":"","meta":{"_acf_changed":false,"footnotes":""},"categories":[],"tags":[],"class_list":["post-13421","page","type-page","status-publish","hentry"],"acf":[],"publishpress_future_action":{"enabled":false,"date":"1970-01-01 01:00:00","action":"","terms":[],"taxonomy":"","browser_timezone_offset":0},"_links":{"self":[{"href":"https:\/\/semmelweis.hu\/aok\/wp-json\/wp\/v2\/pages\/13421","targetHints":{"allow":["GET"]}}],"collection":[{"href":"https:\/\/semmelweis.hu\/aok\/wp-json\/wp\/v2\/pages"}],"about":[{"href":"https:\/\/semmelweis.hu\/aok\/wp-json\/wp\/v2\/types\/page"}],"author":[{"embeddable":true,"href":"https:\/\/semmelweis.hu\/aok\/wp-json\/wp\/v2\/users\/101015"}],"replies":[{"embeddable":true,"href":"https:\/\/semmelweis.hu\/aok\/wp-json\/wp\/v2\/comments?post=13421"}],"version-history":[{"count":14,"href":"https:\/\/semmelweis.hu\/aok\/wp-json\/wp\/v2\/pages\/13421\/revisions"}],"predecessor-version":[{"id":34196,"href":"https:\/\/semmelweis.hu\/aok\/wp-json\/wp\/v2\/pages\/13421\/revisions\/34196"}],"up":[{"embeddable":true,"href":"https:\/\/semmelweis.hu\/aok\/wp-json\/wp\/v2\/pages\/126"}],"wp:attachment":[{"href":"https:\/\/semmelweis.hu\/aok\/wp-json\/wp\/v2\/media?parent=13421"}],"wp:term":[{"taxonomy":"category","embeddable":true,"href":"https:\/\/semmelweis.hu\/aok\/wp-json\/wp\/v2\/categories?post=13421"},{"taxonomy":"post_tag","embeddable":true,"href":"https:\/\/semmelweis.hu\/aok\/wp-json\/wp\/v2\/tags?post=13421"}],"curies":[{"name":"wp","href":"https:\/\/api.w.org\/{rel}","templated":true}]}}