{"id":126,"date":"2012-02-06T13:19:35","date_gmt":"2012-02-06T12:19:35","guid":{"rendered":"http:\/\/semmelweis-egyetem.hu\/aok\/?page_id=126"},"modified":"2024-09-26T12:29:52","modified_gmt":"2024-09-26T10:29:52","slug":"oktatas","status":"publish","type":"page","link":"https:\/\/semmelweis.hu\/aok\/oktatas\/","title":{"rendered":"A kar oktat\u00e1si tev\u00e9kenys\u00e9ge"},"content":{"rendered":"<div class=\"keretes w-100\">\n<p>Az \u00c1ltal\u00e1nos Orvostudom\u00e1nyi Kar c\u00e9lja a kor k\u00f6vetelm\u00e9nyeinek, a <strong>harmadik \u00e9vezred kih\u00edv\u00e1sainak eleget tev\u0151<\/strong>, a WHO \u00e9s az Eur\u00f3pai K\u00f6z\u00f6ss\u00e9g elv\u00e1r\u00e1sainak is megfelel\u0151, nemzetk\u00f6zi szinten ekvivalens diplom\u00e1t ad\u00f3, sz\u00ednvonalas k\u00e9pz\u00e9s, mely ugyanakkor megfelel a hazai k\u00f6vetelm\u00e9nyrendszernek is.\u00a0A Karunkon megszerzett ismeretek, mind a\u00a0<strong>betegell\u00e1t\u00e1sban<\/strong>, mind pedig a\u00a0<strong\">tudom\u00e1nyos \u00e9letben kiemelked\u0151 teljes\u00edtm\u00e9nyt biztos\u00edtanak, ez\u00e1ltal k\u00edn\u00e1lva hallgat\u00f3ink sz\u00e1m\u00e1ra az <strong>\u00e9lethosszig tart\u00f3 szakmai fejl\u0151d\u00e9s<\/strong> lehet\u0151s\u00e9g\u00e9t.<\/p>\n<\/div>\n<h3><a href=\"https:\/\/semmelweis.hu\/aok\/files\/2023\/09\/RS109051_C19A6364-scr.jpg\"><img loading=\"lazy\" decoding=\"async\" class=\"alignright size-medium wp-image-30018\" src=\"https:\/\/semmelweis.hu\/aok\/files\/2023\/09\/RS109051_C19A6364-scr-267x400.jpg\" alt=\"\" width=\"267\" height=\"400\" srcset=\"https:\/\/semmelweis.hu\/aok\/files\/2023\/09\/RS109051_C19A6364-scr-267x400.jpg 267w, https:\/\/semmelweis.hu\/aok\/files\/2023\/09\/RS109051_C19A6364-scr.jpg 600w\" sizes=\"auto, (max-width: 267px) 100vw, 267px\" \/><\/a>Gradu\u00e1lis k\u00e9pz\u00e9s<\/h3>\n<p>Az egyetem legnagyobb kar\u00e1n \u00f6sszesen csaknem n\u00e9gyezren tanulnak \u00e1ltal\u00e1nos orvos szakon magyar, <a href=\"https:\/\/semmelweis.hu\/admission\/programs\/medicine\/\" target=\"_blank\" rel=\"noopener\">angol<\/a> \u00e9s <a href=\"https:\/\/semmelweis.hu\/deutsch\/studiengange\/humanmedizin\/\" target=\"_blank\" rel=\"noopener\">n\u00e9met<\/a> nyelven. Hallgat\u00f3ink a legkiv\u00e1l\u00f3bb oktat\u00f3k, valamint a legmodernebb eszk\u00f6z\u00f6k seg\u00edts\u00e9g\u00e9vel saj\u00e1t\u00edthatj\u00e1k el a szakmai ismereteket. Hisz\u00fcnk abban, hogy a n\u00e1lunk el\u00e9rhet\u0151 <strong>vil\u00e1gsz\u00ednvonal\u00fa oktat\u00e1s <\/strong>\u00e9s a <strong>professzion\u00e1lis munkak\u00f6rnyezet <\/strong>k\u00e9pes garant\u00e1lni az \u00c1ltal\u00e1nos Orvostudom\u00e1nyi Kar v\u00e9gzett hallgat\u00f3inak <strong>kimagasl\u00f3 szakmai elismerts\u00e9g\u00e9t<\/strong>\u00a0az eg\u00e9sz vil\u00e1gon.<\/p>\n<p>Az \u00e1ltal\u00e1nos orvos szakra felvettek egys\u00e9ges, <strong>osztatlan k\u00e9pz\u00e9s<\/strong>ben vesznek r\u00e9szt, <strong>tizenk\u00e9t f\u00e9l\u00e9v<\/strong> ut\u00e1n szerzik meg a mesterfokozatot. A k\u00e9pz\u00e9s n\u00e9gy szakaszb\u00f3l \u00e9p\u00fcl fel: az elm\u00e9leti (I-II. \u00e9v), a pre-klinikai (III. \u00e9v) \u00e9s a klinika modulb\u00f3l (IV-V. \u00e9v) valamint egy gyakorl\u00f3 \u00e9vb\u0151l (VI. \u00e9v).\u00a0A megszerezhet\u0151 szakk\u00e9pzetts\u00e9g megnevez\u00e9se <strong>\u00e1ltal\u00e1nos orvos<\/strong> (doctor medicinae universae, ennek r\u00f6vid\u00edt\u00e9se <strong>dr. med. univ.<\/strong>).<\/p>\n<p>Az \u00e1ltal\u00e1nos orvostanhallgat\u00f3k k\u00e9pz\u00e9se mellett karunk jelent\u0151s szerepet v\u00e1llal az egyetem <a href=\"https:\/\/semmelweis.hu\/fok\/\">Fogorvostudom\u00e1nyi <\/a>\u00e9s <a href=\"https:\/\/semmelweis.hu\/gytk\/\">Gy\u00f3gyszer\u00e9sztudom\u00e1nyi Kara<\/a> hallgat\u00f3inak az oktat\u00e1s\u00e1ban is.\u00a0<\/p>\n<p><a href=\"https:\/\/semmelweis.hu\/aok\/oktatas\/gradualis-kepzes\/\">B\u0151vebben a gradu\u00e1lis k\u00e9pz\u00e9sr\u0151l \u2192<\/a><\/p>\n<hr \/>\n<h3><a href=\"https:\/\/semmelweis.hu\/aok\/files\/2023\/09\/RS146127_C19A3191-scr.jpg\"><img loading=\"lazy\" decoding=\"async\" class=\"alignright size-medium wp-image-30017\" src=\"https:\/\/semmelweis.hu\/aok\/files\/2023\/09\/RS146127_C19A3191-scr-267x400.jpg\" alt=\"\" width=\"267\" height=\"400\" srcset=\"https:\/\/semmelweis.hu\/aok\/files\/2023\/09\/RS146127_C19A3191-scr-267x400.jpg 267w, https:\/\/semmelweis.hu\/aok\/files\/2023\/09\/RS146127_C19A3191-scr.jpg 600w\" sizes=\"auto, (max-width: 267px) 100vw, 267px\" \/><\/a>Doktori k\u00e9pz\u00e9s<\/h3>\n<p>Az \u00c1ltal\u00e1nos Orvostudom\u00e1nyi Kar jelent\u0151s feladatot l\u00e1t el az alapk\u00e9pz\u00e9sen t\u00fal a posztgradu\u00e1lis k\u00e9pz\u00e9sben is. A Semmelweis Egyetem kutat\u00e1si tev\u00e9kenys\u00e9g\u00e9nek legnagyobb r\u00e9sze az \u00c1ltal\u00e1nos Orvostudom\u00e1nyi Karon koncentr\u00e1l\u00f3dik, ennek megfelel\u0151en oktat\u00f3ink \u00e9s kutat\u00f3ink\u00a0<span style=\"font-size: 1rem;\">kiemelked\u0151 szerepet v\u00e1llalnak a <\/span><span style=\"font-size: 1rem;\">Doktori Iskola PhD k\u00e9pz\u00e9s\u00e9ben is.\u00a0<\/span><\/p>\n<p><span style=\"font-size: 1rem;\">A Semmelweis Egyetemen 1993 \u00f3ta folyik akkredit\u00e1lt PhD k\u00e9pz\u00e9s, melynek c\u00e9lja, hogy a r\u00e9sztvev\u0151k olyan\u00a0<\/span><strong style=\"font-size: 1rem;\">kutat\u00e1si kompetenci\u00e1kat saj\u00e1t\u00edt\u00e1sanak el<\/strong><span style=\"font-size: 1rem;\">, amelyek k\u00e9pess\u00e9 teszik \u00f6n\u00e1ll\u00f3 kutat\u00f3munka v\u00e9gz\u00e9s\u00e9re, tudom\u00e1nyos k\u00e9rd\u00e9sekben v\u00e9lem\u00e9nyform\u00e1l\u00e1sra \u00e9s a\u00a0<\/span><strong style=\"font-size: 1rem;\">szakmai k\u00f6z\u00e9letben<\/strong><span style=\"font-size: 1rem;\">\u00a0val\u00f3 akt\u00edv r\u00e9szv\u00e9telre.\u00a0<\/span><\/p>\n<p>A doktoranduszhallgat\u00f3k jelentik akad\u00e9miai tud\u00f3sok ut\u00e1np\u00f3tl\u00e1s\u00e1t, emellett sokan a kutat\u00e1s-fejleszt\u00e9s ter\u00fclet\u00e9n elhelyezkedve \u00e9rnek el sikereket tanulm\u00e1nyaik befejez\u00e9se ut\u00e1n.\u00a0\u00a0<span style=\"font-size: 1rem;\">Doktori k\u00e9pz\u00e9sre a<\/span><span style=\"font-size: 1rem;\">\u00a0<\/span><strong style=\"font-size: 1rem;\">t\u00e9mavezet\u0151k \u00e1ltal meghirdetett\u00a0kutat\u00e1si t\u00e9m\u00e1k<\/strong><span style=\"font-size: 1rem;\">ra lehet jelentkezni.<\/span><\/p>\n<p><a href=\"https:\/\/semmelweis.hu\/phd\/\" target=\"_blank\" rel=\"noopener\">Tov\u00e1bb a Doktori Iskola honlapj\u00e1ra \u2192<\/a><\/p>\n<hr \/>\n<h3><a href=\"https:\/\/semmelweis.hu\/aok\/files\/2023\/09\/RS144695_C19A5123-scr.jpg\"><img loading=\"lazy\" decoding=\"async\" class=\"alignright size-medium wp-image-30016\" src=\"https:\/\/semmelweis.hu\/aok\/files\/2023\/09\/RS144695_C19A5123-scr-267x400.jpg\" alt=\"\" width=\"267\" height=\"400\" srcset=\"https:\/\/semmelweis.hu\/aok\/files\/2023\/09\/RS144695_C19A5123-scr-267x400.jpg 267w, https:\/\/semmelweis.hu\/aok\/files\/2023\/09\/RS144695_C19A5123-scr.jpg 600w\" sizes=\"auto, (max-width: 267px) 100vw, 267px\" \/><\/a>Szak- \u00e9s tov\u00e1bbk\u00e9pz\u00e9s<\/h3>\n<p>A v\u00e9gzett \u00e1ltal\u00e1nos orvosok a <strong>szakorvosk\u00e9pz\u00e9s<\/strong> keret\u00e9ben szerzik meg azt a speci\u00e1lis szaktud\u00e1st, amellyel az eg\u00e9szs\u00e9g\u00fcgyi ell\u00e1t\u00f3 rendszerben magas szinten tudnak \u00f6n\u00e1ll\u00f3an tev\u00e9kenykedni a v\u00e1lasztott szakter\u00fclet\u00fck\u00f6n. Ehhez <strong>elengedhetetlen a szakvizsga megszerz\u00e9se,<\/strong> amit a rezidensk\u00e9pz\u00e9s keret\u00e9ben szerezhetnek meg. A v\u00e1lasztott szakt\u00f3l f\u00fcgg\u0151en<strong> 4-5 \u00e9v alatt kell elsaj\u00e1t\u00edtani<\/strong> a gy\u00f3gy\u00edt\u00f3 munk\u00e1hoz sz\u00fcks\u00e9ges szaktud\u00e1st.<\/p>\n<p>A <strong>legal\u00e1bb 3 \u00e9ven \u00e1t<\/strong> tart\u00f3, szakk\u00e9pes\u00edt\u00e9s\u00e9nek megfelel\u0151 hazai vagy k\u00fclf\u00f6ldi munkaviszony mellett <strong>k\u00f6telez\u0151<\/strong> egy szint\u00e9n szakir\u00e1ny szerinti \u00fan. <strong>szinten tart\u00f3 egyetemi tov\u00e1bbk\u00e9pz\u00e9s<\/strong>, valamint olyan tov\u00e1bbi tanfolyamokon \u00e9s konferenci\u00e1kon t\u00f6rt\u00e9n\u0151 r\u00e9szv\u00e9tel, amelyek kreditpont \u00e9rt\u00e9ke egy\u00fcttesen el\u00e9ri a nyilv\u00e1ntart\u00e1s \u00e1ltal megszabott k\u00f6vetelm\u00e9nyt.<\/p>\n<p>Karunk oktat\u00f3i az alap- \u00e9s r\u00e1\u00e9p\u00edtett szakvizsg\u00e1ra val\u00f3 felk\u00e9sz\u00edt\u00e9sben is fontos szerepet t\u00f6ltenek be.<\/p>\n<p><a href=\"https:\/\/semmelweis.hu\/szak-es-tovabbkepzes\/\" target=\"_blank\" rel=\"noopener\">Tov\u00e1bb a Szak- \u00e9s Tov\u00e1bbk\u00e9pz\u00e9si K\u00f6zpont honlapj\u00e1ra \u2192<\/a><\/p>\n","protected":false},"excerpt":{"rendered":"<p>Az \u00c1ltal\u00e1nos Orvostudom\u00e1nyi Kar c\u00e9lja a kor k\u00f6vetelm\u00e9nyeinek, a harmadik \u00e9vezred kih\u00edv\u00e1sainak eleget tev\u0151, a WHO \u00e9s az Eur\u00f3pai K\u00f6z\u00f6ss\u00e9g elv\u00e1r\u00e1sainak is megfelel\u0151, nemzetk\u00f6zi szinten ekvivalens diplom\u00e1t ad\u00f3, sz\u00ednvonalas k\u00e9pz\u00e9s, mely ugyanakkor megfelel a hazai k\u00f6vetelm\u00e9nyrendszernek is.\u00a0A Karunkon megszerzett ismeretek, mind a\u00a0betegell\u00e1t\u00e1sban, mind pedig a\u00a0<\/p>\n","protected":false},"author":158,"featured_media":0,"parent":0,"menu_order":1,"comment_status":"closed","ping_status":"closed","template":"template-fullwidth.php","meta":{"_acf_changed":false,"footnotes":""},"categories":[],"tags":[],"class_list":["post-126","page","type-page","status-publish","hentry"],"acf":[],"publishpress_future_action":{"enabled":false,"date":"1970-01-01 01:00:00","action":"","terms":[],"taxonomy":"","browser_timezone_offset":0},"_links":{"self":[{"href":"https:\/\/semmelweis.hu\/aok\/wp-json\/wp\/v2\/pages\/126","targetHints":{"allow":["GET"]}}],"collection":[{"href":"https:\/\/semmelweis.hu\/aok\/wp-json\/wp\/v2\/pages"}],"about":[{"href":"https:\/\/semmelweis.hu\/aok\/wp-json\/wp\/v2\/types\/page"}],"author":[{"embeddable":true,"href":"https:\/\/semmelweis.hu\/aok\/wp-json\/wp\/v2\/users\/158"}],"replies":[{"embeddable":true,"href":"https:\/\/semmelweis.hu\/aok\/wp-json\/wp\/v2\/comments?post=126"}],"version-history":[{"count":10,"href":"https:\/\/semmelweis.hu\/aok\/wp-json\/wp\/v2\/pages\/126\/revisions"}],"predecessor-version":[{"id":31589,"href":"https:\/\/semmelweis.hu\/aok\/wp-json\/wp\/v2\/pages\/126\/revisions\/31589"}],"wp:attachment":[{"href":"https:\/\/semmelweis.hu\/aok\/wp-json\/wp\/v2\/media?parent=126"}],"wp:term":[{"taxonomy":"category","embeddable":true,"href":"https:\/\/semmelweis.hu\/aok\/wp-json\/wp\/v2\/categories?post=126"},{"taxonomy":"post_tag","embeddable":true,"href":"https:\/\/semmelweis.hu\/aok\/wp-json\/wp\/v2\/tags?post=126"}],"curies":[{"name":"wp","href":"https:\/\/api.w.org\/{rel}","templated":true}]}}