{"id":1161,"date":"2012-03-02T12:36:56","date_gmt":"2012-03-02T12:36:56","guid":{"rendered":"http:\/\/semmelweis-egyetem.hu\/aok\/?page_id=1161"},"modified":"2025-09-05T12:11:47","modified_gmt":"2025-09-05T10:11:47","slug":"szakdolgozat","status":"publish","type":"page","link":"https:\/\/semmelweis.hu\/aok\/oktatas\/szakdolgozat\/","title":{"rendered":"Szakdolgozat"},"content":{"rendered":"<h1>A szakdolgozat elk\u00e9sz\u00edt\u00e9s\u00e9nek rendje<\/h1>\n<p>A Semmelweis Egyetem Szervezeti \u00e9s M\u0171k\u00f6d\u00e9si Szab\u00e1lyzat \u2013 III. K\u00d6NYV Hallgat\u00f3i K\u00f6vetelm\u00e9nyrendszer \u2013 III.2. R\u00c9SZ Tanulm\u00e1nyi \u00e9s Vizsgaszab\u00e1lyzat 46. \u00a7-a \u00e9rtelm\u00e9ben:<\/p>\n<div class=\"fontos_div\">\n<p><strong>&#8222;(1) A hallgat\u00f3nak az alapk\u00e9pz\u00e9sben, a mesterk\u00e9pz\u00e9sben \u00e9s az osztatlan k\u00e9pz\u00e9sben az oklev\u00e9l megszerz\u00e9s\u00e9hez szakdolgozatot\/diplomamunk\u00e1t kell k\u00e9sz\u00edtenie.<\/strong><\/p>\n<\/div>\n<p>A szakdolgozat\/diplomamunka c\u00e9lja az adott tudom\u00e1nyter\u00fclet b\u00e1rmely probl\u00e9mak\u00f6r\u00e9nek \u00f6n\u00e1ll\u00f3 tudom\u00e1nyos feldolgoz\u00e1sa r\u00e9v\u00e9n el\u0151seg\u00edteni, hogy a hallgat\u00f3 szakmai tev\u00e9kenys\u00e9ge sor\u00e1n fejlessze l\u00e9nyegmegragad\u00f3 k\u00e9pess\u00e9g\u00e9t, elsaj\u00e1t\u00edtsa a k\u00f6nyvt\u00e1rhaszn\u00e1lat \u00e9s irodalomkutat\u00e1s m\u00f3dszereit, tov\u00e1bb\u00e1 amilyen m\u00e9rt\u00e9kben a kari szab\u00e1lyzat lehet\u0151v\u00e9 teszi, akkor a mesters\u00e9ges intelligencia tudatos \u00e9s szab\u00e1lyos haszn\u00e1lat\u00e1nak m\u00f3dszer\u00e9t, \u00e9s k\u00e9pes legyen v\u00e9lem\u00e9ny\u00e9t t\u00f6m\u00f6ren \u00e9s szabatosan megfogalmazni, tov\u00e1bb\u00e1 c\u00e9lja lehet a k\u00e9pz\u00e9s saj\u00e1toss\u00e1gaihoz igazodva gyakorlati probl\u00e9m\u00e1k megold\u00e1si lehet\u0151s\u00e9geinek szisztematikus feldolgoz\u00e1sa, illetve innov\u00e1ci\u00f3s elk\u00e9pzel\u00e9sek, eredm\u00e9nyek bemutat\u00e1sa.<\/p>\n<p><strong>(2) A szakdolgozat\/diplomamunka k\u00e9sz\u00edt\u00e9s\u00e9t t\u00e9mavezet\u0151 ir\u00e1ny\u00edtja, esetenk\u00e9nt konzulens t\u00e1mogat\u00e1s\u00e1val.<\/strong> T\u00e9mavezet\u0151 a kar oktat\u00f3ja \u00e9s kutat\u00f3ja, valamint d\u00e9k\u00e1ni enged\u00e9llyel k\u00fcls\u0151 szakember lehet. A konzulens a munk\u00e1t seg\u00edt\u0151 egyetemi oktat\u00f3, kutat\u00f3 vagy k\u00fcls\u0151 szakember. K\u00fcls\u0151 t\u00e9mavezet\u0151 csak bels\u0151 konzulenssel egy\u00fctt k\u00e9rhet\u0151 fel. Amennyiben a t\u00e9mavezet\u0151 k\u00fcls\u0151 szakember, a tant\u00e1rgy f\u00e9l\u00e9v v\u00e9gi al\u00e1\u00edr\u00e1s\u00e1t \u00e9s \u00e9rt\u00e9kel\u00e9s\u00e9t a kari oktat\u00f3, kutat\u00f3 t\u00e9mavezet\u0151 adja.\u201d<\/p>\n<h2>A t\u00e9m\u00e1kra jelentkez\u00e9s szab\u00e1lyai<\/h2>\n<p>\u201e(3) Az illet\u00e9kes kar oktat\u00e1si-kutat\u00e1si szervezeti egys\u00e9ge a szakdolgozatra\/ diplomamunk\u00e1ra vonatkoz\u00f3 t\u00e9majegyz\u00e9ket k\u00e9sz\u00edt, amelyen a t\u00e9mavezet\u0151, \u00e9s amennyiben van konzulens, az \u0151 nev\u00e9t is fel kell t\u00fcntetni. A t\u00e9majegyz\u00e9ket \u2013 alapk\u00e9pz\u00e9s, mesterk\u00e9pz\u00e9s, osztatlan k\u00e9pz\u00e9s eset\u00e9n a v\u00e9gz\u00e9s \u00e9v\u00e9t megel\u0151z\u0151 legal\u00e1bb n\u00e9gy f\u00e9l\u00e9vvel, n\u00e9gy f\u00e9l\u00e9vet meghalad\u00f3, de legfeljebb h\u00e9t f\u00e9l\u00e9ves k\u00e9pz\u00e9s eset\u00e9n a v\u00e9gz\u00e9s f\u00e9l\u00e9v\u00e9t megel\u0151z\u0151 legal\u00e1bb 2 f\u00e9l\u00e9vvel kor\u00e1bban, legfeljebb n\u00e9gy f\u00e9l\u00e9ves k\u00e9pz\u00e9s eset\u00e9n a v\u00e9gz\u00e9s f\u00e9l\u00e9v\u00e9t megel\u0151z\u0151 f\u00e9l\u00e9vben \u2013 minden tan\u00e9v \u0151szi f\u00e9l\u00e9vi vizsgaid\u0151szak\u00e1nak utols\u00f3 napj\u00e1ig a NEPTUN-EFTR-ben k\u00f6zz\u00e9 kell tenni. A hallgat\u00f3 b\u00e1rmely ki\u00edrt t\u00e9m\u00e1b\u00f3l v\u00e1laszthat, a t\u00e9mavezet\u0151i kapacit\u00e1s f\u00fcggv\u00e9ny\u00e9ben. A t\u00e9mav\u00e1laszt\u00e1s a ki\u00edrt t\u00e9m\u00e1t\u00f3l elt\u00e9r\u0151 is lehet, ha ehhez a t\u00e9ma szerint illet\u00e9kes oktat\u00e1si-kutat\u00e1si szervezeti egys\u00e9g vezet\u0151je hozz\u00e1j\u00e1rult. Az oktat\u00e1si-kutat\u00e1si szervezeti egys\u00e9g vezet\u0151je enged\u00e9lyez\u00e9s eset\u00e9n gondoskodik a t\u00e9mavezet\u0151 biztos\u00edt\u00e1s\u00e1r\u00f3l \u00e9s annak NEPTUN-EFTR-ben val\u00f3 r\u00f6gz\u00edt\u00e9s\u00e9r\u0151l. <br \/>\n(4) A hallgat\u00f3nak, a szakdolgozat\/diplomamunka elk\u00e9sz\u00edt\u00e9se sor\u00e1n a NEPTUN-EFTR-ben meghirdetett, az aj\u00e1nlott tantervben szerepl\u0151 kontakt \u00f3rasz\u00e1mban vagy a vonatkoz\u00f3 kari szab\u00e1lyoz\u00e1snak megfelel\u0151en kell konzult\u00e1lnia a t\u00e9mavezet\u0151j\u00e9vel.\u201d<\/p>\n<div class=\"keretes w-100\">\n<h4><strong>Az \u00c1ltal\u00e1nos Orvostudom\u00e1nyi Karon:<\/strong><\/h4>\n<p>A hallgat\u00f3nak <strong>a szakdolgozat t\u00e9m\u00e1j\u00e1t a tanulm\u00e1nyok befejez\u00e9se el\u0151tt legal\u00e1bb egy \u00e9vvel kor\u00e1bban kell kiv\u00e1lasztania \u00e9s az adott oktat\u00e1si-kutat\u00e1si szervezeti egys\u00e9g vezet\u0151j\u00e9n\u00e9l bejelentenie<\/strong> a \u201eSzakdolgozat c\u00edmbejelent\u0151 lap\u201d-on. Az egys\u00e9g vezet\u0151je enged\u00e9lyez\u00e9s eset\u00e9n gondoskodik annak nyilv\u00e1ntart\u00e1s\u00e1r\u00f3l, Neptun rendszeren t\u00f6rt\u00e9n\u0151 r\u00f6gz\u00edt\u00e9s\u00e9r\u0151l \u00e9s t\u00e9mavezet\u0151 biztos\u00edt\u00e1s\u00e1r\u00f3l.<br \/>\n<strong>A c\u00edmr\u00f6gz\u00edt\u00e9st k\u00f6vet\u0151en a Neptun rendszerb\u0151l<\/strong> \u2013 a bejelent\u00e9s d\u00e1tum\u00e1val is ell\u00e1tott \u2013 <strong>szakdolgozat v\u00e9d\u00e9si jegyz\u0151k\u00f6nyvet a hallgat\u00f3nak kell 2 p\u00e9ld\u00e1nyban kinyomtatni<\/strong> az: Inform\u00e1ci\u00f3\/ \u00c1ltal\u00e1nos nyomtatv\u00e1nyok fel\u00fcleten a Lehet\u0151s\u00e9gek\/Nyomtat\u00e1s linkkel megnyit\u00e1s vagy ment\u00e9s ut\u00e1n.<\/p>\n<\/div>\n<h2>Szakdolgozat formai k\u00f6vetelm\u00e9nyei, lead\u00e1si hat\u00e1rideje<\/h2>\n<p>A szakdolgozat formai k\u00f6vetelm\u00e9nyeire, terjedelm\u00e9re, beny\u00fajt\u00e1s\u00e1ra, lead\u00e1s\u00e1ra vonatkoz\u00f3 rendelkez\u00e9seket tov\u00e1bb\u00e1 a mesters\u00e9ges intelligencia alkalmaz\u00e1s\u00e1nak, valamint az alkalmaz\u00e1sa m\u00e9rt\u00e9k\u00e9nek \u00e9s m\u00f3dj\u00e1nak szab\u00e1lyait a kar saj\u00e1t szab\u00e1lyzat\u00e1ban hat\u00e1rozza meg.<\/p>\n<div class=\"keretes w-100\">\n<h4><strong>Az \u00c1ltal\u00e1nos Orvostudom\u00e1nyi Karon:<\/strong><\/h4>\n<p>A szakdolgozat terjedelme legal\u00e1bb 50.000 karakter, maxim\u00e1lis terjedelme sz\u00f3k\u00f6z\u00f6k n\u00e9lk\u00fcl 100.000 karakter. A haszn\u00e1land\u00f3 bet\u0171t\u00edpus a Times New Roman, bet\u0171m\u00e9ret: 12. A terjedelembe a t\u00e1bl\u00e1zatok \u00e9s az irodalomjegyz\u00e9k is beletartozik, de az \u00e1bra, l\u00e1bjegyzet, bibliogr\u00e1fia nem. A szakdolgozatot dosszi\u00e9ba bef\u0171zve vagy bek\u00f6tve, 2 p\u00e9ld\u00e1nyban, valamint elektronikus \u00faton kell beny\u00fajtani a k\u00e9pz\u00e9s\u00e9rt felel\u0151s oktat\u00e1si-kutat\u00e1si szervezeti egys\u00e9ghez. A bead\u00e1sr\u00f3l a hallgat\u00f3 igazol\u00e1st kap. A bor\u00edt\u00f3n fel kell t\u00fcntetni a dolgozat c\u00edm\u00e9t, a hallgat\u00f3 nev\u00e9t, \u00e9vfolyam\u00e1t \u00e9s csoportj\u00e1t, a bead\u00e1s \u00e9v\u00e9t \u00e9s a t\u00e9mavezet\u0151 nev\u00e9t \u00e9s munkahely\u00e9t. A hallgat\u00f3 a tansz\u00e9kvezet\u0151 enged\u00e9lye alapj\u00e1n a k\u00e9pz\u00e9se nyelv\u00e9t\u0151l elt\u00e9r\u0151, az egyetem k\u00e9pz\u00e9si nyelvei k\u00f6z\u00e9 tartoz\u00f3 nyelven is \u00edrhatja a szakdolgozatot.<\/p>\n<ul>\n<li>Az elk\u00e9sz\u00fclt szakdolgozatot legk\u00e9s\u0151bb\u00a0<strong>a v\u00e9gz\u00e9s \u00e9v\u00e9ben janu\u00e1r 15-ig<\/strong>\u00a0<strong>kell beny\u00fajtani<\/strong>\u00a0a k\u00e9pz\u00e9s\u00e9rt felel\u0151s oktat\u00e1si-kutat\u00e1si szervezeti egys\u00e9ghez dosszi\u00e9ba bef\u0171zve vagy bek\u00f6tve, 2 p\u00e9ld\u00e1nyban, valamint elektronikus \u00faton.<\/li>\n<li>A hallgat\u00f3nak nyilatkoznia kell arr\u00f3l, hogy a szakdolgozat k\u00e9sz\u00edt\u00e9se sor\u00e1n a szerz\u0151i jogr\u00f3l sz\u00f3l\u00f3 1999. \u00e9vi LXXVI. tv. rendelkez\u00e9seit betartja. Az \u00fagynevezett \u201e<strong>Pl\u00e1gium nyilatkozat<\/strong>\u201d-ot a szakdolgozatba bek\u00f6tve, annak f\u00fcggel\u00e9kek\u00e9nt kell leadni. A tansz\u00e9kek, klinik\u00e1k csak azokat a szakdolgozatokat fogadj\u00e1k el, melyek tartalmazz\u00e1k ezen nyilatkozatot.<\/li>\n<\/ul>\n<\/div>\n<h2>Szakdolgozat lead\u00e1si hat\u00e1rid\u0151 m\u00f3dos\u00edt\u00e1sa<\/h2>\n<p>A hallgat\u00f3 a szakdolgozat\/diplomamunka lead\u00e1si hat\u00e1ridej\u00e9nek m\u00f3dos\u00edt\u00e1s\u00e1t egy alkalommal, maximum 2 h\u00e9t id\u0151tartamra az illet\u00e9kes kar Tanulm\u00e1nyi \u00e9s Vizsgabizotts\u00e1g\u00e1hoz c\u00edmzett, de a kar Tanulm\u00e1nyi Oszt\u00e1ly\u00e1n beny\u00fajtott k\u00e9relemmel k\u00e9rv\u00e9nyezheti. A k\u00e9relemr\u0151l az adott kar Tanulm\u00e1nyi \u00e9s Vizsgabizotts\u00e1ga d\u00f6nt az illet\u00e9kes oktat\u00e1si-kutat\u00e1si szervezeti egys\u00e9g javaslat\u00e1nak figyelembev\u00e9tel\u00e9vel.<\/p>\n<div class=\"keretes w-100\">\n<h4><strong>Az \u00c1ltal\u00e1nos Orvostudom\u00e1nyi Karon:<\/strong><\/h4>\n<ul style=\"list-style-type: square\">\n<li>A szakdolgozat janu\u00e1r 31-ig az illet\u00e9kes oktat\u00e1si-kutat\u00e1si szervezeti egys\u00e9ggel t\u00f6rt\u00e9nt el\u0151zetes egyeztet\u00e9st k\u00f6vet\u0151en, k\u00fcl\u00f6n enged\u00e9ly \u00e9s k\u00fcl\u00f6nelj\u00e1r\u00e1si d\u00edj fizet\u00e9se n\u00e9lk\u00fcl leadhat\u00f3.<\/li>\n<li>A\u00a0<strong>szakdolgozat lead\u00e1si hat\u00e1ridej\u00e9nek janu\u00e1r 31-e ut\u00e1nra t\u00f6rt\u00e9n\u0151 halaszt\u00e1sa\u00a0<\/strong>eset\u00e9n az al\u00e1bbiak szerint kell elj\u00e1rni:\n<ul>\n<li>A k\u00e9relem a \u201eSzakdolgozat halaszt\u00e1si k\u00e9relem\u201d c. nyomtatv\u00e1nyon ny\u00fajthat\u00f3 be, melyre az illet\u00e9kes oktat\u00e1si-kutat\u00e1si szervezeti egys\u00e9g vezet\u0151j\u00e9nek v\u00e9lem\u00e9ny\u00e9t is r\u00e1 kell vezettetni. Ezt k\u00f6vet\u0151en a k\u00e9rv\u00e9nyt a Tanulm\u00e1nyi Oszt\u00e1lyon az \u00e9vfolyam-\u00fcgyint\u00e9z\u0151nek kell leadni.<\/li>\n<li>A halaszt\u00e1si k\u00e9relem enged\u00e9lyez\u00e9s\u00e9nek felt\u00e9tele az el\u0151\u00edrt k\u00fcl\u00f6nelj\u00e1r\u00e1si d\u00edj befizet\u00e9se: 3.500 Ft<\/li>\n<li style=\"list-style-type: none\">\u00a0<\/li>\n<\/ul>\n<\/li>\n<\/ul>\n<\/div>\n<h2>A b\u00edr\u00e1lat<\/h2>\n<p>A szakdolgozatot\/diplomamunk\u00e1t b\u00edr\u00e1latra kell kiadni. A b\u00edr\u00e1l\u00f3 felk\u00e9r\u00e9s\u00e9t a t\u00e9m\u00e1t meghirdet\u0151 oktat\u00e1si-kutat\u00e1si szervezeti egys\u00e9g vezet\u0151je v\u00e9gzi. A b\u00edr\u00e1l\u00f3 csak fels\u0151fok\u00fa v\u00e9gzetts\u00e9ggel rendelkez\u0151 oktat\u00f3, kutat\u00f3 vagy k\u00fcls\u0151 szakember lehet. A b\u00edr\u00e1latra alapk\u00e9pz\u00e9sben indokolt esetben a t\u00e9mavezet\u0151t is fel lehet k\u00e9rni. A b\u00edr\u00e1l\u00f3k kinevez\u00e9s\u00e9t (sz\u00e1m\u00e1t) a kari szab\u00e1lyzatok rendelik el.<\/p>\n<div class=\"keretes w-100\">\n<h4><strong>Az \u00c1ltal\u00e1nos Orvostudom\u00e1nyi Karon:<\/strong><\/h4>\n<p>A b\u00edr\u00e1l\u00f3k sz\u00e1ma legal\u00e1bb kett\u0151.\u00a0<\/p>\n<\/div>\n<h2>Az \u00e9rt\u00e9kel\u00e9s<\/h2>\n<p>A t\u00e9mavezet\u0151\/konzulens \u00e9s a b\u00edr\u00e1l\u00f3 \u00e9rt\u00e9kel\u00e9st k\u00e9sz\u00edt a NEPTUN-EFTR-ben. A szakdolgozat\/diplomamunka \u00e9rt\u00e9kel\u00e9se 1-5 fokozat\u00fa oszt\u00e1lyzattal t\u00f6rt\u00e9nik. Az \u00e9rt\u00e9kel\u00e9sn\u00e9l tekintetbe kell venni a dolgozatba foglalt \u00f6n\u00e1ll\u00f3 vizsg\u00e1l\u00f3d\u00e1s m\u00e9rt\u00e9k\u00e9t. <br \/>\nAz \u00e9rt\u00e9kel\u00e9st \u00e9s a b\u00edr\u00e1latot, amely tartalmazza a szakdolgozat min\u0151s\u00edt\u00e9s\u00e9re tett javaslatot, legk\u00e9s\u0151bb 5 nappal a szakdolgozat\/diplomamunka v\u00e9d\u00e9se el\u0151tt r\u00f6gz\u00edteni, \u00e9s a hallgat\u00f3\/jel\u00f6lt sz\u00e1m\u00e1ra el\u00e9rhet\u0151v\u00e9 kell tenni a NEPTUN-EFTR-ben. <br \/>\nA szakdolgozat\/diplomamunka megv\u00e9d\u00e9se az oktat\u00e1si-kutat\u00e1si szervezeti egys\u00e9g h\u00e1romtag\u00fa bizotts\u00e1ga &#8211; vagy ha a szakdolgozat-v\u00e9d\u00e9s a z\u00e1r\u00f3vizsga r\u00e9sze a z\u00e1r\u00f3vizsgabizotts\u00e1g &#8211; el\u0151tt t\u00f6rt\u00e9nik, melynek eln\u00f6ke az oktat\u00e1si-kutat\u00e1si szervezeti egys\u00e9g vezet\u0151je vagy az \u00e1ltala kijel\u00f6lt egyetemi vagy f\u0151iskolai tan\u00e1r vagy docens, tagjai a tansz\u00e9k k\u00e9t oktat\u00f3ja, melyek k\u00f6z\u00fcl az egyik a b\u00edr\u00e1l\u00f3 is lehet. A bizotts\u00e1g harmadik tagjak\u00e9nt a tansz\u00e9k k\u00fcls\u0151 oktat\u00f3t is ig\u00e9nybe vehet, k\u00fcl\u00f6n\u00f6sen az egyetem mag\u00e1ntan\u00e1rai k\u00f6z\u00fcl. <br \/>\nA b\u00edr\u00e1l\u00f3 a NEPTUN-EFTR-ben kit\u00f6lt\u00f6tt b\u00edr\u00e1lati lapon kett\u0151-\u00f6t k\u00e9rd\u00e9st tesz fel a szakdolgozat\/diplomamunka tartalm\u00e1ra vonatkoz\u00f3an, a szakdolgozat bizotts\u00e1g \u00e1ltal elv\u00e1rt terjedelm\u0171 ismertet\u00e9se, e k\u00e9rd\u00e9sek \u00e9s a bizotts\u00e1g esetleges tov\u00e1bbi k\u00e9rd\u00e9seinek hallgat\u00f3 \u00e1ltal sz\u00f3ban t\u00f6rt\u00e9n\u0151 megv\u00e1laszol\u00e1sa jelenti a szakdolgozat\/diplomamunka megv\u00e9d\u00e9s\u00e9t. <br \/>\nA v\u00e9d\u00e9sre nem bocs\u00e1tott szakdolgozat\/diplomamunka min\u0151s\u00edt\u00e9se el\u00e9gtelen. A v\u00e9d\u00e9sre bocs\u00e1tott szakdolgozat\/diplomamunka min\u0151s\u00edt\u00e9s\u00e9t a b\u00edr\u00e1l\u00f3k javaslat\u00e1ra \u00e9s v\u00e9d\u00e9s sor\u00e1n mutatott teljes\u00edtm\u00e9nyre figyelemmel a (10) bekezd\u00e9s szerinti bizotts\u00e1g \u00e1llap\u00edtja meg \u00e9s r\u00f6gz\u00edti a NEPTUN-EFTR-ben. <br \/>\nEgy b\u00edr\u00e1l\u00f3 eset\u00e9n az oktat\u00e1si-kutat\u00e1si szervezeti egys\u00e9g vezet\u0151je j\u00f3v\u00e1hagyja az el\u00e9gtelen \u00e9rt\u00e9kel\u00e9st, vagy \u00fajabb b\u00edr\u00e1l\u00f3t jel\u00f6lhet ki. K\u00e9t b\u00edr\u00e1l\u00f3 eset\u00e9n, amennyiben csak az egyik b\u00edr\u00e1l\u00f3 adott el\u00e9gtelen \u00e9rt\u00e9kel\u00e9st, az oktat\u00e1si-kutat\u00e1si szervezeti egys\u00e9g vezet\u0151je \u00fajabb b\u00edr\u00e1l\u00f3t jel\u00f6l ki. <br \/>\nEl\u00e9gtelen min\u0151s\u00edt\u00e9s eset\u00e9n az oktat\u00e1si-kutat\u00e1si szervezeti egys\u00e9g vezet\u0151je a NEPTUN EFTR-en kereszt\u00fcl t\u00e1j\u00e9koztatja a hallgat\u00f3t a p\u00f3tl\u00e1s felt\u00e9teleir\u0151l. El\u00e9gtelen diplomamunk\u00e1t (szakdolgozatot) p\u00f3tolni csak egy alkalommal lehet. <br \/>\nCsak a soron k\u00f6vetkez\u0151 z\u00e1r\u00f3vizsga id\u0151szakban tehet z\u00e1r\u00f3vizsg\u00e1t a szakdolgozat\/diplomamunka p\u00f3tl\u00e1sa, illetve jav\u00edt\u00e1sa ut\u00e1n az a hallgat\u00f3, <br \/>\na) aki szakdolgozat\u00e1t a hat\u00e1rid\u0151re nem ny\u00fajtja be, <br \/>\nb) akinek szakdolgozat\u00e1t a b\u00edr\u00e1l\u00f3 \u2013 az oktat\u00e1si-kutat\u00e1si szervezeti egys\u00e9g vezet\u0151je \u00e1ltal j\u00f3v\u00e1hagyottan \u2013 el\u00e9gtelenre min\u0151s\u00edtette, <br \/>\nc) akinek szakdolgozat\u00e1t\/diplomamunk\u00e1j\u00e1ra (13) bekezd\u00e9s szerint kijel\u00f6lt \u00fajabb b\u00edr\u00e1l\u00f3 is el\u00e9gtelenre min\u0151s\u00edtette.<\/p>\n<p>Az el\u00e9gtelenre min\u0151s\u00edtett szakdolgozat\/diplomamunka p\u00f3tl\u00e1s\u00e1nak felt\u00e9teleir\u0151l a k\u00e9pz\u00e9sben illet\u00e9kes oktat\u00e1sszervezeti egys\u00e9g vezet\u0151je rendelkezik, sz\u00fcks\u00e9g eset\u00e9n \u00fajabb konzult\u00e1ci\u00f3k NEPTUN-EFTR-ben el\u0151\u00edr\u00e1s\u00e1val. <br \/>\nA szakdolgozat\/diplomamunka \u00e9rt\u00e9kel\u00e9s\u00e9t igazol\u00f3 hiteles\u00edtett v\u00e9d\u00e9si jegyz\u0151k\u00f6nyv eredeti p\u00e9ld\u00e1ny\u00e1t az oktat\u00e1si-kutat\u00e1si szervezeti egys\u00e9g felt\u00f6lti a NEPTUN-EFTR-be, majd a kar tanulm\u00e1nyi oszt\u00e1ly\u00e1nak bek\u00fcldi. <br \/>\nA d\u00edjjal jutalmazott rektori p\u00e1lyamunk\u00e1kat a t\u00e9ma szerint illet\u00e9kes oktat\u00e1si-kutat\u00e1si szervezeti egys\u00e9g vezet\u0151j\u00e9nek javaslata alapj\u00e1n a d\u00e9k\u00e1n jeles b\u00edr\u00e1lati javaslat\u00fa szakdolgozatnak fogadhatja el, amennyiben ezt a hallgat\u00f3 a NEPTUN-EFTR-ben beny\u00fajtott k\u00e9rv\u00e9nyben k\u00e9ri. <br \/>\nOsztatlan mesterk\u00e9pz\u00e9sben r\u00e9szt vev\u0151 hallgat\u00f3k sz\u00e1m\u00e1ra a dics\u00e9rettel jutalmazott rektori p\u00e1lyamunk\u00e1kat a t\u00e9ma szerint illet\u00e9kes oktat\u00e1si-kutat\u00e1si szervezeti egys\u00e9g vezet\u0151j\u00e9nek javaslata alapj\u00e1n a d\u00e9k\u00e1n jeles b\u00edr\u00e1lati javaslat\u00fa szakdolgozatnak fogadhatja el, amennyiben ezt a hallgat\u00f3 a NEPTUN-EFTR-ben beny\u00fajtott k\u00e9rv\u00e9nyben k\u00e9ri. <br \/>\nA tanulm\u00e1nyok keret\u00e9ben l\u00e9trehozott, lektor\u00e1lt tudom\u00e1nyos foly\u00f3iratban els\u0151 szerz\u0151s m\u0171k\u00e9nt k\u00f6zz\u00e9 tett\/szerkeszt\u0151bizotts\u00e1g \u00e1ltal k\u00f6zl\u00e9sre elfogadott dolgozatot szakdolgozatk\u00e9nt elfogadhatja a d\u00e9k\u00e1n, mely esetben a b\u00edr\u00e1latot az \u00e1ltal\u00e1nos szab\u00e1lyok szerint kell elv\u00e9gezni. <br \/>\nA fentiekben meghat\u00e1rozott szakdolgozatra\/diplomamunk\u00e1ra vonatkoz\u00f3 k\u00e9relmet a hallgat\u00f3nak a rektori p\u00e1lyamunka eredm\u00e9nyhirdet\u00e9s\u00e9t k\u00f6vet\u0151 legk\u00e9s\u0151bb k\u00e9t h\u00e9ten bel\u00fcl kell beny\u00fajtania. Lektor\u00e1lt tudom\u00e1nyos foly\u00f3iratban els\u0151 szerz\u0151s m\u0171k\u00e9nt k\u00f6zz\u00e9tett\/szerkeszt\u0151bizotts\u00e1g \u00e1ltal k\u00f6zl\u00e9sre elfogadott dolgozat szakdolgozatk\u00e9nt val\u00f3 elfogad\u00e1s\u00e1ra ir\u00e1nyul\u00f3 k\u00e9relmet a szakdolgozat lead\u00e1si hat\u00e1rid\u0151 el\u0151tt k\u00e9t h\u00e9ttel kell beny\u00fajtani.<\/p>\n<p>A szakdolgozat meg\u00edr\u00e1sa al\u00f3li mentes\u00fcl\u00e9s a v\u00e9d\u00e9s k\u00f6telezetts\u00e9ge al\u00f3l nem mentes\u00edt.<\/p>\n<div class=\"keretes w-100\">\n<h4><strong>Az \u00c1ltal\u00e1nos Orvostudom\u00e1nyi Karon:<\/strong><\/h4>\n<ul>\n<li><strong>A v\u00e9d\u00e9si jegyz\u0151k\u00f6nyv egy p\u00e9ld\u00e1ny\u00e1t<\/strong> az oktat\u00e1si-kutat\u00e1si szervezeti egys\u00e9g r\u00e9sz\u00e9r\u0151l \u2013 a lead\u00e1sra vonatkoz\u00f3 halaszt\u00e1si enged\u00e9ly eset\u00e9n is \u2013 legk\u00e9s\u0151bb <strong>a v\u00e9gz\u00e9s \u00e9v\u00e9ben \u00e1prilis 1-ig kell eljuttatni a Tanulm\u00e1nyi Oszt\u00e1lyra.<\/strong><\/li>\n<\/ul>\n<\/div>\n<h1>LET\u00d6LTHET\u0150 DOKUMENTUMOK<\/h1>\n<ul>\n<li><a href=\"https:\/\/semmelweis.hu\/aok\/files\/2012\/03\/Szakdolgozati-c\u00edmbejelent\u0151-lap-1.doc\">Szakdolgozati c\u00edmbejelent\u0151 lap<\/a><\/li>\n<li><a href=\"https:\/\/semmelweis.hu\/aok\/files\/2012\/03\/szakdog.halaszt.nyomt_-1.doc\">Szakdolgozat halaszt\u00e1si k\u00e9relem<\/a><\/li>\n<li><a href=\"https:\/\/semmelweis.hu\/aok\/files\/2020\/01\/Rektori-p\u00e1lyamunka-elfogad\u00e1sa-szakdolgozatk\u00e9nt-1.doc\" target=\"_blank\" rel=\"noopener noreferrer\">Rektori p\u00e1lyamunka elfogad\u00e1sa szakdolgozatk\u00e9nt<\/a><\/li>\n<li>\n<p><a href=\"https:\/\/semmelweis.hu\/aok\/files\/2025\/02\/Cikk-szakdolgkent-valo-elfogadasa-nyomtatvany.doc\" target=\"_blank\" rel=\"noopener\">Lektor\u00e1lt tudom\u00e1nyos foly\u00f3iratban els\u0151 szerz\u0151s cikk szakdolgozatk\u00e9nt t\u00f6rt\u00e9n\u0151 elfogad\u00e1s\u00e1hoz<\/a><\/p>\n<\/li>\n<\/ul>\n<p><strong>Pl\u00e1gium Nyilatkozat:<\/strong><\/p>\n<ul>\n<li><a href=\"https:\/\/semmelweis.hu\/aok\/files\/2018\/11\/T\u00e1j\u00e9koztat\u00f3-pl\u00e1gium-nyilatkozatr\u00f3l.pdf\" target=\"_blank\" rel=\"noopener noreferrer\">T\u00e1j\u00e9koztat\u00f3 pl\u00e1gium nyilatkozatr\u00f3l<\/a><\/li>\n<li><a href=\"https:\/\/semmelweis.hu\/aok\/files\/2012\/03\/Pl\u00e1gium-Nyilatkozat.docx\">Pl\u00e1gium Nyilatkozat<\/a><\/li>\n<\/ul>\n","protected":false},"excerpt":{"rendered":"<p>A szakdolgozat elk\u00e9sz\u00edt\u00e9s\u00e9nek rendje A Semmelweis Egyetem Szervezeti \u00e9s M\u0171k\u00f6d\u00e9si Szab\u00e1lyzat \u2013 III. K\u00d6NYV Hallgat\u00f3i K\u00f6vetelm\u00e9nyrendszer \u2013 III.2. R\u00c9SZ Tanulm\u00e1nyi \u00e9s Vizsgaszab\u00e1lyzat 46. \u00a7-a \u00e9rtelm\u00e9ben: &#8222;(1) A hallgat\u00f3nak az alapk\u00e9pz\u00e9sben, a mesterk\u00e9pz\u00e9sben \u00e9s az osztatlan k\u00e9pz\u00e9sben az oklev\u00e9l megszerz\u00e9s\u00e9hez szakdolgozatot\/diplomamunk\u00e1t kell k\u00e9sz\u00edtenie. A szakdolgozat\/diplomamunka c\u00e9lja az adott tudom\u00e1nyter\u00fclet b\u00e1rmely probl\u00e9mak\u00f6r\u00e9nek \u00f6n\u00e1ll\u00f3 tudom\u00e1nyos feldolgoz\u00e1sa r\u00e9v\u00e9n el\u0151seg\u00edteni, &hellip;<\/p>\n","protected":false},"author":158,"featured_media":0,"parent":126,"menu_order":8,"comment_status":"closed","ping_status":"closed","template":"","meta":{"_acf_changed":false,"footnotes":""},"categories":[],"tags":[],"class_list":["post-1161","page","type-page","status-publish","hentry"],"acf":[],"publishpress_future_action":{"enabled":false,"date":"1970-01-01 01:00:00","action":"","terms":[],"taxonomy":"","browser_timezone_offset":0},"_links":{"self":[{"href":"https:\/\/semmelweis.hu\/aok\/wp-json\/wp\/v2\/pages\/1161","targetHints":{"allow":["GET"]}}],"collection":[{"href":"https:\/\/semmelweis.hu\/aok\/wp-json\/wp\/v2\/pages"}],"about":[{"href":"https:\/\/semmelweis.hu\/aok\/wp-json\/wp\/v2\/types\/page"}],"author":[{"embeddable":true,"href":"https:\/\/semmelweis.hu\/aok\/wp-json\/wp\/v2\/users\/158"}],"replies":[{"embeddable":true,"href":"https:\/\/semmelweis.hu\/aok\/wp-json\/wp\/v2\/comments?post=1161"}],"version-history":[{"count":12,"href":"https:\/\/semmelweis.hu\/aok\/wp-json\/wp\/v2\/pages\/1161\/revisions"}],"predecessor-version":[{"id":33704,"href":"https:\/\/semmelweis.hu\/aok\/wp-json\/wp\/v2\/pages\/1161\/revisions\/33704"}],"up":[{"embeddable":true,"href":"https:\/\/semmelweis.hu\/aok\/wp-json\/wp\/v2\/pages\/126"}],"wp:attachment":[{"href":"https:\/\/semmelweis.hu\/aok\/wp-json\/wp\/v2\/media?parent=1161"}],"wp:term":[{"taxonomy":"category","embeddable":true,"href":"https:\/\/semmelweis.hu\/aok\/wp-json\/wp\/v2\/categories?post=1161"},{"taxonomy":"post_tag","embeddable":true,"href":"https:\/\/semmelweis.hu\/aok\/wp-json\/wp\/v2\/tags?post=1161"}],"curies":[{"name":"wp","href":"https:\/\/api.w.org\/{rel}","templated":true}]}}