{"id":110,"date":"2012-02-03T12:51:41","date_gmt":"2012-02-03T12:51:41","guid":{"rendered":"http:\/\/semmelweis-egyetem.hu\/aok\/?page_id=110"},"modified":"2026-02-02T10:54:37","modified_gmt":"2026-02-02T09:54:37","slug":"kimutatas-a-2011-ben-dekanhoz-kuldendo-jelentesek-javaslatok-valamint-a-neptun-rendszeren-vegrehajtando-feladatok-hataridejerol-2","status":"publish","type":"page","link":"https:\/\/semmelweis.hu\/aok\/a-karrol\/kimutatas-a-2011-ben-dekanhoz-kuldendo-jelentesek-javaslatok-valamint-a-neptun-rendszeren-vegrehajtando-feladatok-hataridejerol-2\/","title":{"rendered":"D\u00e9k\u00e1nhoz k\u00fcldend\u0151 jelent\u00e9sek, javaslatok"},"content":{"rendered":"<p style=\"text-align: justify\">Az al\u00e1bbiakban olvashat\u00f3 a d\u00e9k\u00e1nhoz k\u00fcldend\u0151 jelent\u00e9sek, javaslatok \u00e9s a Neptun rendszerben v\u00e9grehajtand\u00f3 feladatok hat\u00e1rideje, kieg\u00e9sz\u00fclve a Kari Tan\u00e1csra el\u0151terjeszteni k\u00edv\u00e1nt javaslatok bek\u00fcld\u00e9si hat\u00e1ridej\u00e9vel.<\/p>\n<h1 style=\"text-align: justify\"><span style=\"font-size: 24pt\">I. negyed\u00e9v (I., II., III.)<\/span><\/h1>\n<p style=\"text-align: justify\"><strong><span style=\"font-size: 18pt\">Janu\u00e1r 5.<\/span><br \/>\n<\/strong>A 2026. janu\u00e1r 19-i Kari Tan\u00e1cs\u00fcl\u00e9sre <strong>javaslatok\/el\u0151terjeszt\u00e9sek bek\u00fcld\u00e9s\u00e9nek<\/strong>\u00a0hat\u00e1rideje.<\/p>\n<hr \/>\n<p style=\"text-align: justify\">\u00a0<\/p>\n<p style=\"text-align: justify\"><span style=\"font-size: 18pt\"><strong>Febru\u00e1r 15.<br \/>\n<\/strong><\/span>Ig\u00e9ny bejelent\u00e9se <strong>tanulm\u00e1nyi verseny<\/strong> tart\u00e1s\u00e1ra (2025\/2026. tan\u00e9v II. f\u00e9l\u00e9v \u00e9s 2026\/2027. tan\u00e9v I. f\u00e9l\u00e9v).<\/p>\n<p style=\"text-align: justify\">K\u00e9rj\u00fck, hogy csak az ig\u00e9nybejelent\u00e9st k\u00fcldj\u00e9k be, a k\u00e9t f\u00e9l\u00e9vre k\u00fcl\u00f6n bont\u00e1sban <a href=\"https:\/\/semmelweis.hu\/aok\/files\/2026\/02\/Tanulmanyi-verseny-szabalyzat-1.-sz.-melleklet_Tamogatas-igenyles.docx\" target=\"_blank\" rel=\"noopener\">ezen\u00a0t\u00e1bl\u00e1zat<\/a>\u00a0kit\u00f6lt\u00e9s\u00e9vel a <a href=\"mailto:bodzsar.sara@semmelweis.hu\">bodzsar.sara@semmelweis.hu<\/a> c\u00edmre!<\/p>\n<hr \/>\n<p style=\"text-align: justify\"><strong><span style=\"font-size: 18pt\">Febru\u00e1r 20.<br \/>\n<\/span><\/strong><strong>Javaslat egyetemi docensi, kutat\u00f3professzori, tudom\u00e1nyos tan\u00e1csad\u00f3i, tudom\u00e1nyos f\u0151munkat\u00e1rsi \u00e1ll\u00e1shelyek<\/strong> l\u00e9trehoz\u00e1s\u00e1ra.<\/p>\n<p style=\"text-align: justify\"><em>(tavaszi ciklus)<\/em><\/p>\n<p style=\"padding-left: 40px;text-align: justify\">A javaslatokat a <a href=\"mailto:titkarsag.aokdekani@semmelweis.hu\">titkarsag.aokdekani@semmelweis.hu<\/a> e-mail c\u00edmre k\u00e9rj\u00fck megk\u00fcldeni.<\/p>\n<hr \/>\n<p style=\"text-align: justify\"><strong><span style=\"font-size: 18pt\">M\u00e1rcius 23.<br \/>\n<\/span><\/strong>A 2026. \u00e1prilis 13-i Kari Tan\u00e1cs\u00fcl\u00e9sre <strong>javaslatok \/ el\u0151terjeszt\u00e9sek bek\u00fcld\u00e9s\u00e9nek <\/strong>hat\u00e1rideje.<\/p>\n<hr \/>\n<p style=\"text-align: justify\"><span style=\"font-size: 18pt\"><strong>M\u00e1rcius 31.<br \/>\n<\/strong><\/span><\/p>\n<p><strong>Oktatott t\u00e1rgy<\/strong> <strong>2026\/2027. tan\u00e9v I. \u00e9s II. f\u00e9l\u00e9vi<\/strong> tematik\u00e1j\u00e1nak, <strong>k\u00f6vetelm\u00e9nyrendszer\u00e9nek TANKOVTAR-ba (Tanulm\u00e1nyi K\u00f6vetelm\u00e9ny T\u00e1rba) t\u00f6rt\u00e9n\u0151 felt\u00f6lt\u00e9se.<\/strong><\/p>\n<p><strong>Az \u00f6sszes olyan t\u00e1rgyra vonatkoz\u00f3an sz\u00fcks\u00e9ges a k\u00f6vetelm\u00e9nyrendszer bek\u00fcld\u00e9se, amit oktatni terveznek a 2026\/2027-es tan\u00e9vben, a v\u00e1ltozatlan k\u00f6vetelm\u00e9nyekkel indul\u00f3 t\u00e1rgyakra vonatkoz\u00f3an is.<\/strong><\/p>\n<p>A TANKOVTAR el\u00e9rhet\u0151 a <a href=\"https:\/\/tankovtar.semmelweis.hu\/login\"><em>https:\/\/tankovtar.semmelweis.hu\/login<\/em><\/a> c\u00edmen. A SIA azonos\u00edt\u00f3j\u00e1val, semmelweis.hu v\u00e9g\u0171 e-mail c\u00edmmel tud bel\u00e9pni mindenki, akinek jogosults\u00e1ga van a rendszerhez.<\/p>\n<p>\u00daj jogosults\u00e1g ig\u00e9nyl\u00e9s\u00e9t a <a href=\"mailto:tanulmanyi.aokdekani@semmelweis.hu\">tanulmanyi.aokdekani@semmelweis.hu<\/a> e-mail c\u00edmen lehet kezdem\u00e9nyezni, kiz\u00e1r\u00f3lag igazgat\u00f3i vagy tansz\u00e9kvezet\u0151i j\u00f3v\u00e1hagy\u00e1ssal.<\/p>\n<p>Seg\u00edts\u00e9get ny\u00fajt a 2025. m\u00e1rcius 17-\u00e9n 42965\/AOATO\/2025 sz\u00e1mon e-mail \u00fatj\u00e1n k\u00fcld\u00f6tt k\u00f6rlev\u00e9l \u00e9s az azzal megk\u00fcld\u00f6tt Felhaszn\u00e1l\u00f3i le\u00edr\u00e1s.<\/p>\n<hr \/>\n<h1 style=\"text-align: justify\"><span style=\"font-size: 24pt\">II. negyed\u00e9v (IV., V., VI.)<\/span><\/h1>\n<p style=\"text-align: justify\"><span style=\"font-size: 18pt\"><strong>\u00c1prilis 13.<\/strong><\/span><br \/>\nA 2026. m\u00e1jus 4-i Kari Tan\u00e1cs\u00fcl\u00e9sre <strong>javaslatok \/ el\u0151terjeszt\u00e9sek<\/strong>\u00a0<strong>bek\u00fcld\u00e9s\u00e9nek<\/strong> hat\u00e1rideje.<\/p>\n<hr \/>\n<p style=\"text-align: justify\"><span style=\"font-size: 18pt\"><strong>\u00c1prilis 16.<br \/>\n<\/strong><\/span>\u00a0A 2025\/2026. tan\u00e9v II. f\u00e9l\u00e9vi <strong>vizsgaid\u0151pontjainak ki\u00edr\u00e1sa<\/strong> a NEPTUN rendszerben.<\/p>\n<hr \/>\n<p style=\"text-align: justify\"><span style=\"font-size: 18pt\"><strong>\u00c1prilis 20.<br \/>\n<\/strong><\/span>Javaslat <strong>\u00f3raad\u00f3 oktat\u00f3knak \u2013 mag\u00e1ntan\u00e1ri, c\u00edmzetes egyetemi tan\u00e1ri \u00e9s c\u00edmzetes egyetemi docensi, valamint mesteroktat\u00f3i &#8211; adom\u00e1nyozhat\u00f3 c\u00edm oda\u00edt\u00e9l\u00e9s\u00e9re.<\/strong><\/p>\n<p style=\"text-align: justify\">A javaslatokat a <a href=\"mailto:titkarsag.aokdekani@semmelweis.hu\">titkarsag.aokdekani@semmelweis.hu<\/a> e-mail c\u00edmre k\u00e9rj\u00fck megk\u00fcldeni.<\/p>\n<hr \/>\n<p style=\"text-align: justify\"><strong><span style=\"font-size: 18pt\">M\u00e1jus 18.<\/span><br \/>\n<\/strong>A 2026. j\u00fanius 8-i Kari Tan\u00e1cs\u00fcl\u00e9sre<strong> javaslatok\/el\u0151terjeszt\u00e9sek<\/strong> <strong>bek\u00fcld\u00e9s\u00e9nek<\/strong> hat\u00e1rideje.<\/p>\n<hr \/>\n<p style=\"text-align: justify\">\u00a0<\/p>\n<h1 style=\"text-align: justify\"><span style=\"font-size: 24pt\">III. negyed\u00e9v (VII., VIII., IX.)<\/span><\/h1>\n<p style=\"text-align: justify\"><strong><span style=\"font-size: 18pt\">Augusztus 7.<\/span><br \/>\nOktatott t\u00e1rgy 2026\/2027. tan\u00e9v I. f\u00e9l\u00e9vi kurzusainak meghirdet\u00e9se<\/strong> a NEPTUN rendszerben (egyidej\u0171leg a t\u00e1rgyle\u00edr\u00e1s bevitele vagy ellen\u0151rz\u00e9se is).<\/p>\n<hr \/>\n<p style=\"text-align: justify\"><strong><span style=\"font-size: 18pt\">Augusztus 17.<\/span><\/strong><br \/>\nA 2026. szeptember 7-i Kari Tan\u00e1cs\u00fcl\u00e9sre <strong>javaslatok\/el\u0151terjeszt\u00e9sek<\/strong> <strong>bek\u00fcld\u00e9s\u00e9nek<\/strong> hat\u00e1rideje.<\/p>\n<hr \/>\n<p style=\"text-align: justify\"><strong><span style=\"font-size: 18pt\">Szeptember 15.<\/span><br \/>\n<\/strong>Javaslat<strong> egyetemi tan\u00e1ri munkak\u00f6r bet\u00f6lt\u00e9s\u00e9re ir\u00e1nyul\u00f3 p\u00e1ly\u00e1zatok ki\u00edr\u00e1s\u00e1ra a 2027. \u00e9vre <\/strong>vonatkoz\u00f3an.<strong><br \/>\n<\/strong><em>(egy tan\u00e9vben, egy alkalommal)<\/em><\/p>\n<p style=\"padding-left: 40px;text-align: justify\">A javaslatokat a <a href=\"mailto:titkarsag.aokdekani@semmelweis.hu\">titkarsag.aokdekani@semmelweis.hu<\/a> e-mail c\u00edmre k\u00e9rj\u00fck megk\u00fcldeni.<\/p>\n<hr \/>\n<p style=\"text-align: justify\">Javaslat <strong>egyetemi docensi, kutat\u00f3professzori, tudom\u00e1nyos tan\u00e1csad\u00f3i, tudom\u00e1nyos f\u0151munkat\u00e1rsi \u00e1ll\u00e1shelyek <\/strong>l\u00e9trehoz\u00e1s\u00e1ra.<strong><br \/>\n<\/strong><em>(\u0151szi ciklus)<\/em><\/p>\n<p style=\"padding-left: 40px;text-align: justify\">A javaslatokat a <a href=\"mailto:titkarsag.aokdekani@semmelweis.hu\">titkarsag.aokdekani@semmelweis.hu<\/a> e-mail c\u00edmre k\u00e9rj\u00fck megk\u00fcldeni.<\/p>\n<hr \/>\n<p><strong><span style=\"font-size: 18pt\">Szeptember 16.<\/span><\/strong><br \/>\nA 2026. okt\u00f3ber 5-i Kari Tan\u00e1cs\u00fcl\u00e9sre <strong>javaslatok\/el\u0151terjeszt\u00e9sek<\/strong> <strong>bek\u00fcld\u00e9s\u00e9nek<\/strong> hat\u00e1rideje.<\/p>\n<hr \/>\n<h1 style=\"text-align: justify\"><span style=\"font-size: 24pt\">IV. negyed\u00e9v (X., XI., XII.)<\/span><\/h1>\n<p style=\"text-align: justify\"><strong><span style=\"font-size: 18pt\">Okt\u00f3ber 30.<\/span><br \/>\nA 2026\/2027. tan\u00e9v I. f\u00e9l\u00e9vi vizsgaid\u0151pontjainak ki\u00edr\u00e1sa<\/strong> a NEPTUN rendszerben.<\/p>\n<hr \/>\n<p style=\"text-align: justify\"><strong><span style=\"font-size: 18pt\">November 16.<\/span><br \/>\n<\/strong>A 2026. december 7-ei Kari Tan\u00e1cs\u00fcl\u00e9sre <strong>javaslatok\/el\u0151terjeszt\u00e9sek<\/strong> <strong>bek\u00fcld\u00e9s\u00e9nek<\/strong> hat\u00e1rideje.<\/p>\n<hr \/>\n<p style=\"text-align: justify\"><strong><span style=\"font-size: 18pt\">December 16.<\/span><br \/>\nAz oktatott t\u00e1rgy 2026\/2027. tan\u00e9v II. f\u00e9l\u00e9vi kurzusainak meghirdet\u00e9se<\/strong> a NEPTUN rendszerben (egyidej\u0171leg a t\u00e1rgyle\u00edr\u00e1s bevitele vagy ellen\u0151rz\u00e9se is).<\/p>\n","protected":false},"excerpt":{"rendered":"<p>Az al\u00e1bbiakban olvashat\u00f3 a d\u00e9k\u00e1nhoz k\u00fcldend\u0151 jelent\u00e9sek, javaslatok \u00e9s a Neptun rendszerben v\u00e9grehajtand\u00f3 feladatok hat\u00e1rideje, kieg\u00e9sz\u00fclve a Kari Tan\u00e1csra el\u0151terjeszteni k\u00edv\u00e1nt javaslatok bek\u00fcld\u00e9si hat\u00e1ridej\u00e9vel. I. negyed\u00e9v (I., II., III.) Janu\u00e1r 5. A 2026. janu\u00e1r 19-i Kari Tan\u00e1cs\u00fcl\u00e9sre javaslatok\/el\u0151terjeszt\u00e9sek bek\u00fcld\u00e9s\u00e9nek\u00a0hat\u00e1rideje. \u00a0 Febru\u00e1r 15. Ig\u00e9ny bejelent\u00e9se tanulm\u00e1nyi verseny tart\u00e1s\u00e1ra (2025\/2026. tan\u00e9v II. f\u00e9l\u00e9v \u00e9s 2026\/2027. tan\u00e9v I. &hellip;<\/p>\n","protected":false},"author":158,"featured_media":0,"parent":9067,"menu_order":7,"comment_status":"closed","ping_status":"closed","template":"","meta":{"_acf_changed":false,"footnotes":""},"categories":[],"tags":[],"class_list":["post-110","page","type-page","status-publish","hentry"],"acf":[],"publishpress_future_action":{"enabled":false,"date":"1970-01-01 01:00:00","action":"","terms":[],"taxonomy":"","browser_timezone_offset":0},"_links":{"self":[{"href":"https:\/\/semmelweis.hu\/aok\/wp-json\/wp\/v2\/pages\/110","targetHints":{"allow":["GET"]}}],"collection":[{"href":"https:\/\/semmelweis.hu\/aok\/wp-json\/wp\/v2\/pages"}],"about":[{"href":"https:\/\/semmelweis.hu\/aok\/wp-json\/wp\/v2\/types\/page"}],"author":[{"embeddable":true,"href":"https:\/\/semmelweis.hu\/aok\/wp-json\/wp\/v2\/users\/158"}],"replies":[{"embeddable":true,"href":"https:\/\/semmelweis.hu\/aok\/wp-json\/wp\/v2\/comments?post=110"}],"version-history":[{"count":14,"href":"https:\/\/semmelweis.hu\/aok\/wp-json\/wp\/v2\/pages\/110\/revisions"}],"predecessor-version":[{"id":34180,"href":"https:\/\/semmelweis.hu\/aok\/wp-json\/wp\/v2\/pages\/110\/revisions\/34180"}],"up":[{"embeddable":true,"href":"https:\/\/semmelweis.hu\/aok\/wp-json\/wp\/v2\/pages\/9067"}],"wp:attachment":[{"href":"https:\/\/semmelweis.hu\/aok\/wp-json\/wp\/v2\/media?parent=110"}],"wp:term":[{"taxonomy":"category","embeddable":true,"href":"https:\/\/semmelweis.hu\/aok\/wp-json\/wp\/v2\/categories?post=110"},{"taxonomy":"post_tag","embeddable":true,"href":"https:\/\/semmelweis.hu\/aok\/wp-json\/wp\/v2\/tags?post=110"}],"curies":[{"name":"wp","href":"https:\/\/api.w.org\/{rel}","templated":true}]}}