{"id":9600,"date":"2026-04-09T14:07:28","date_gmt":"2026-04-09T12:07:28","guid":{"rendered":"https:\/\/semmelweis.hu\/aneszteziologia\/?page_id=9600"},"modified":"2026-04-09T14:36:28","modified_gmt":"2026-04-09T12:36:28","slug":"critical-care-study-group","status":"publish","type":"page","link":"https:\/\/semmelweis.hu\/aneszteziologia\/kutatas\/munkacsoportok\/critical-care-study-group\/","title":{"rendered":"Critical Care Study Group"},"content":{"rendered":"<p>Jelenleg folyamatban l\u00e9v\u0151 kutat\u00e1saink<\/p>\n<ul>\n<li><a href=\"https:\/\/clinicaltrials.gov\/study\/NCT07509203\">Scored\u00a0<\/a><\/li>\n<li><a href=\"https:\/\/clinicaltrials.gov\/study\/NCT07211620\">Kiprun<\/a><\/li>\n<\/ul>\n","protected":false},"excerpt":{"rendered":"<p>Jelenleg folyamatban l\u00e9v\u0151 kutat\u00e1saink<\/p>\n<p><a href=\"https:\/\/clinicaltrials.gov\/study\/NCT07509203\">Scored\u00a0<\/a><br \/>\n<a href=\"https:\/\/clinicaltrials.gov\/study\/NCT07211620\">Kiprun<\/a><\/p>\n","protected":false},"author":102324,"featured_media":0,"parent":6289,"menu_order":1,"comment_status":"closed","ping_status":"closed","template":"","meta":{"_acf_changed":false,"footnotes":""},"categories":[],"tags":[],"class_list":["post-9600","page","type-page","status-publish","hentry"],"acf":[],"_links":{"self":[{"href":"https:\/\/semmelweis.hu\/aneszteziologia\/wp-json\/wp\/v2\/pages\/9600","targetHints":{"allow":["GET"]}}],"collection":[{"href":"https:\/\/semmelweis.hu\/aneszteziologia\/wp-json\/wp\/v2\/pages"}],"about":[{"href":"https:\/\/semmelweis.hu\/aneszteziologia\/wp-json\/wp\/v2\/types\/page"}],"author":[{"embeddable":true,"href":"https:\/\/semmelweis.hu\/aneszteziologia\/wp-json\/wp\/v2\/users\/102324"}],"replies":[{"embeddable":true,"href":"https:\/\/semmelweis.hu\/aneszteziologia\/wp-json\/wp\/v2\/comments?post=9600"}],"version-history":[{"count":3,"href":"https:\/\/semmelweis.hu\/aneszteziologia\/wp-json\/wp\/v2\/pages\/9600\/revisions"}],"predecessor-version":[{"id":9607,"href":"https:\/\/semmelweis.hu\/aneszteziologia\/wp-json\/wp\/v2\/pages\/9600\/revisions\/9607"}],"up":[{"embeddable":true,"href":"https:\/\/semmelweis.hu\/aneszteziologia\/wp-json\/wp\/v2\/pages\/6289"}],"wp:attachment":[{"href":"https:\/\/semmelweis.hu\/aneszteziologia\/wp-json\/wp\/v2\/media?parent=9600"}],"wp:term":[{"taxonomy":"category","embeddable":true,"href":"https:\/\/semmelweis.hu\/aneszteziologia\/wp-json\/wp\/v2\/categories?post=9600"},{"taxonomy":"post_tag","embeddable":true,"href":"https:\/\/semmelweis.hu\/aneszteziologia\/wp-json\/wp\/v2\/tags?post=9600"}],"curies":[{"name":"wp","href":"https:\/\/api.w.org\/{rel}","templated":true}]}}