{"id":9496,"date":"2025-12-08T14:31:53","date_gmt":"2025-12-08T13:31:53","guid":{"rendered":"https:\/\/semmelweis.hu\/aneszteziologia\/?page_id=9496"},"modified":"2025-12-08T14:35:45","modified_gmt":"2025-12-08T13:35:45","slug":"kotelezoen-valaszthato","status":"publish","type":"page","link":"https:\/\/semmelweis.hu\/aneszteziologia\/oktatas\/gradualis-orvoskepzes\/kotelezoen-valaszthato\/","title":{"rendered":"K\u00f6telez\u0151en v\u00e1laszthat\u00f3"},"content":{"rendered":"<p><strong>K\u00f6telez\u0151en v\u00e1laszhat\u00f3 6 hetes VI. \u00e9ves gyakorlat<\/strong><\/p>\n<p>Azon hatod\u00e9ves hallgat\u00f3k sz\u00e1m\u00e1ra, akik az egyetem elv\u00e9gz\u00e9se ut\u00e1n \u00e9rdekl\u0151dnek az aneszteziol\u00f3giai \u00e9s intenz\u00edv ter\u00e1pi\u00e1s szakorvosi munka, illetve a szakk\u00e9pz\u00e9s ir\u00e1nt, minden \u00e9vben lehet\u0151s\u00e9get biztos\u00edtunk egy v\u00e1laszthat\u00f3, 6 hetes gyakorlat elv\u00e9gz\u00e9s\u00e9re az Intenz\u00edv Ter\u00e1pi\u00e1s Klinik\u00e1n, a rendelkez\u00e9sre \u00e1ll\u00f3 kapacit\u00e1sok f\u00fcggv\u00e9ny\u00e9ben. A jelentkez\u00e9s a Neptun rendszerben t\u00f6rt\u00e9nik.<\/p>\n<p><strong>A gyakorlat\u00e9rt\u00a0 felel\u0151s<\/strong>: Dr. F\u00e1bry Szabolcs\u00a0<br \/>\n\u00a0 \u00a0 \u00a0 \u00a0 \u00a0 \u00a0 \u00a0 \u00a0 \u00a0 \u00a0 \u00a0 \u00a0 \u00a0 \u00a0 \u00a0 \u00a0 \u00a0 \u00a0 \u00a0 \u00a0 <a href=\"mailto:fabry.szabolcs@semmelweis.hu\">fabry.szabolcs@semmelweis.hu<\/a><\/p>\n<p>&nbsp;<\/p>\n","protected":false},"excerpt":{"rendered":"<p>K\u00f6telez\u0151en v\u00e1laszhat\u00f3 6 hetes VI. \u00e9ves gyakorlat Azon hatod\u00e9ves hallgat\u00f3k sz\u00e1m\u00e1ra, akik az egyetem elv\u00e9gz\u00e9se ut\u00e1n \u00e9rdekl\u0151dnek az aneszteziol\u00f3giai \u00e9s intenz\u00edv ter\u00e1pi\u00e1s szakorvosi munka, illetve a szakk\u00e9pz\u00e9s ir\u00e1nt, minden \u00e9vben lehet\u0151s\u00e9get biztos\u00edtunk egy v\u00e1laszthat\u00f3, 6 hetes gyakorlat elv\u00e9gz\u00e9s\u00e9re az Intenz\u00edv Ter\u00e1pi\u00e1s Klinik\u00e1n, a rendelkez\u00e9sre \u00e1ll\u00f3 kapacit\u00e1sok f\u00fcggv\u00e9ny\u00e9ben. A jelentkez\u00e9s a Neptun rendszerben t\u00f6rt\u00e9nik. A gyakorlat\u00e9rt\u00a0 &hellip;<\/p>\n","protected":false},"author":102324,"featured_media":0,"parent":53,"menu_order":1,"comment_status":"closed","ping_status":"closed","template":"","meta":{"_acf_changed":false,"footnotes":""},"categories":[],"tags":[],"class_list":["post-9496","page","type-page","status-publish","hentry"],"acf":[],"_links":{"self":[{"href":"https:\/\/semmelweis.hu\/aneszteziologia\/wp-json\/wp\/v2\/pages\/9496","targetHints":{"allow":["GET"]}}],"collection":[{"href":"https:\/\/semmelweis.hu\/aneszteziologia\/wp-json\/wp\/v2\/pages"}],"about":[{"href":"https:\/\/semmelweis.hu\/aneszteziologia\/wp-json\/wp\/v2\/types\/page"}],"author":[{"embeddable":true,"href":"https:\/\/semmelweis.hu\/aneszteziologia\/wp-json\/wp\/v2\/users\/102324"}],"replies":[{"embeddable":true,"href":"https:\/\/semmelweis.hu\/aneszteziologia\/wp-json\/wp\/v2\/comments?post=9496"}],"version-history":[{"count":1,"href":"https:\/\/semmelweis.hu\/aneszteziologia\/wp-json\/wp\/v2\/pages\/9496\/revisions"}],"predecessor-version":[{"id":9497,"href":"https:\/\/semmelweis.hu\/aneszteziologia\/wp-json\/wp\/v2\/pages\/9496\/revisions\/9497"}],"up":[{"embeddable":true,"href":"https:\/\/semmelweis.hu\/aneszteziologia\/wp-json\/wp\/v2\/pages\/53"}],"wp:attachment":[{"href":"https:\/\/semmelweis.hu\/aneszteziologia\/wp-json\/wp\/v2\/media?parent=9496"}],"wp:term":[{"taxonomy":"category","embeddable":true,"href":"https:\/\/semmelweis.hu\/aneszteziologia\/wp-json\/wp\/v2\/categories?post=9496"},{"taxonomy":"post_tag","embeddable":true,"href":"https:\/\/semmelweis.hu\/aneszteziologia\/wp-json\/wp\/v2\/tags?post=9496"}],"curies":[{"name":"wp","href":"https:\/\/api.w.org\/{rel}","templated":true}]}}