{"id":9460,"date":"2025-12-08T09:52:45","date_gmt":"2025-12-08T08:52:45","guid":{"rendered":"https:\/\/semmelweis.hu\/aneszteziologia\/?page_id=9460"},"modified":"2025-12-08T11:17:52","modified_gmt":"2025-12-08T10:17:52","slug":"traumatologiai-intenziv-reszleg","status":"publish","type":"page","link":"https:\/\/semmelweis.hu\/aneszteziologia\/betegellatas\/traumatologiai-intenziv-reszleg\/","title":{"rendered":"Traumatol\u00f3giai Intenz\u00edv R\u00e9szleg"},"content":{"rendered":"<p><strong>Traumatol\u00f3gia, Aneszteziol\u00f3giai \u00e9s Intenz\u00edv Ter\u00e1pi\u00e1s R\u00e9szleg<\/strong><\/p>\n<p>Az Intenz\u00edv Ter\u00e1pi\u00e1s Klinika \u00f6n\u00e1ll\u00f3 r\u00e9szlegek\u00e9nt els\u0151sorban a \u00a0Semmelweis Egyetem Traumatol\u00f3giai Klinik\u00e1j\u00e1nak betegell\u00e1t\u00e1s\u00e1t seg\u00edtj\u00fck. A traum\u00e1s betegek aneszteziol\u00f3giai ambulanci\u00e1n t\u00f6rt\u00e9n\u0151 vizsg\u00e1lat\u00e1t\u00f3l, a m\u0171t\u00e9tre val\u00f3 felk\u00e9sz\u00edt\u00e9sen \u00e1t, a m\u0171t\u00e9thez v\u00e9gzett \u00e9rz\u00e9stelen\u00edt\u00e9s vagy altat\u00e1s folyamat\u00e1t, illetve a m\u0171t\u00e9t ut\u00e1ni f\u00e1jdalomcsillap\u00edt\u00e1s \u00e9s a s\u00falyos betegek intenz\u00edv oszt\u00e1lyos kezel\u00e9s\u00e9t v\u00e9gezz\u00fck. A s\u00falyosan s\u00e9r\u00fclt betegek ell\u00e1t\u00e1sa mellett, a Traumatol\u00f3giai Klinik\u00e1n \u00e1polt \u00e9s nem baleseti okb\u00f3l kritikus \u00e1llapotba ker\u00fclt p\u00e1cienseket is kezelj\u00fck. Seg\u00edt\u00fcnk az egyetem m\u00e1s klinik\u00e1in oper\u00e1lt betegek posztoperat\u00edv ell\u00e1t\u00e1s\u00e1ban, illetve m\u00e1s okb\u00f3l intenz\u00edv kezel\u00e9st ig\u00e9nyl\u0151 betegek kezel\u00e9s\u00e9ben is r\u00e9szt vesz\u00fcnk.<\/p>\n<p><strong><u>Aneszteziol\u00f3gia:<br \/>\n<\/u><\/strong>A seb\u00e9szeti gy\u00f3gy\u00edt\u00e1s biztons\u00e1gos \u00e9s f\u00e1jdalommentes alapj\u00e1t biztos\u00edtja. C\u00e9lunk, hogy minden m\u0171t\u00e9t el\u0151tt, alatt \u00e9s ut\u00e1n a betegek \u00e9letfunkci\u00f3it optim\u00e1lis szinten tartsuk. Preoperat\u00edv felm\u00e9r\u00e9s\u00fcnk sor\u00e1n minden beteg sz\u00e1m\u00e1ra a legmegfelel\u0151bb \u00e9rz\u00e9stelen\u00edt\u00e9si m\u00f3dszer kiv\u00e1laszt\u00e1s\u00e1ra t\u00f6reksz\u00fcnk. Munk\u00e1nkat els\u0151sorban a c\u00e9lzott, region\u00e1lis m\u00f3dszerek jellemzik a v\u00e9gtag s\u00e9r\u00fcl\u00e9sek ell\u00e1t\u00e1sa sor\u00e1n. Altat\u00e1st f\u0151leg koponya, gerinc, mellkas, has\u00fcregi m\u0171t\u00e9tekn\u00e9l v\u00e9gz\u00fcnk. A f\u00e1jdalomcsillap\u00edt\u00e1s az oper\u00e1ci\u00f3t k\u00f6vet\u0151 id\u0151szakban kiemelt feladatunk, melyet szint\u00e9n region\u00e1lis technik\u00e1kkal igyeksz\u00fcnk megoldani, mely sok esetben hat\u00e9konyabb \u00e9s biztons\u00e1gosabb, mint puszt\u00e1n a v\u00e9n\u00e1s f\u00e1jdalomcsillap\u00edt\u00f3k haszn\u00e1lata. Ez a szem\u00e9lyre szabott, korszer\u0171 filoz\u00f3fi\u00e1nk, kulcsa a gyorsabb \u00e9s sim\u00e1bb fel\u00e9p\u00fcl\u00e9snek. \u00a0\u00a0<\/p>\n<p><strong><u>Intenz\u00edv Ter\u00e1pia:<br \/>\n<\/u><\/strong>R\u00e9szleg\u00fcnk feladata a legs\u00falyosabb \u00e1llapot\u00fa, \u00e9letvesz\u00e9lyben l\u00e9v\u0151 traum\u00e1s betegek magas szint\u0171, korszer\u0171 ell\u00e1t\u00e1sa. Oszt\u00e1lyunk\u00a012 intenz\u00edv \u00e1ggyal\u00a0rendelkezik, \u00e9s els\u0151dleges ell\u00e1t\u00e1si ter\u00fclet\u00e9t\u00a0a d\u00e9lpesti r\u00e9gi\u00f3 \u00e9s annak vonz\u00e1sk\u00f6rzete\u00a0k\u00e9pezi. F\u0151 profilk\u00e9nt itt olyan p\u00e1cienseket kezel\u00fcnk, akik s\u00falyos balesetek, politraumatiz\u00e1ci\u00f3, koponya-, mellkasi-, hasi-, \u00e9s medences\u00e9r\u00fcl\u00e9sek k\u00f6vetkezt\u00e9ben komplex, azonnali \u00e9s folyamatos orvosi megfigyel\u00e9st \u00e9s beavatkoz\u00e1sokat ig\u00e9nyelnek. Alkalmank\u00e9nt egy\u00e9b, seb\u00e9szeti \u00e9s belgy\u00f3gy\u00e1szati eredet\u0171 s\u00falyos \u00e1llapotban l\u00e9v\u0151 vagy m\u0171t\u00e9t ut\u00e1ni megfigyel\u00e9sre szorul\u00f3 betegeket is ell\u00e1tunk.<\/p>\n<p>Szakmai csapatunk \u2013 aneszteziol\u00f3gus \u00e9s intenz\u00edv ter\u00e1pi\u00e1s szakorvosok, magasan k\u00e9pzett szak\u00e1pol\u00f3k, gy\u00f3gytorn\u00e1szok \u00e9s t\u00e1rsszakm\u00e1k k\u00e9pvisel\u0151i \u2013 napi 24 \u00f3r\u00e1ban \u00f6sszehangolt munk\u00e1val biztos\u00edtja a betegek megfelel\u0151 kezel\u00e9s\u00e9t. Modern diagnosztikai \u00e9s ter\u00e1pi\u00e1s eszk\u00f6zparkunk lehet\u0151v\u00e9 teszi a folyamatos monitoroz\u00e1st, a fejlett l\u00e9gz\u00e9s-, vese t\u00e1mogat\u00e1si elj\u00e1r\u00e1sokat, a kering\u00e9si \u00e9s szervfunkci\u00f3k prec\u00edz szab\u00e1lyoz\u00e1s\u00e1t, valamint a gyors, c\u00e9lzott beavatkoz\u00e1sok elv\u00e9gz\u00e9s\u00e9t.<\/p>\n<p>Kiemelt figyelmet ford\u00edtunk a betegbiztons\u00e1gra, a hum\u00e1nus, m\u00e9lt\u00f3s\u00e1gteljes ell\u00e1t\u00e1sra \u00e9s a hozz\u00e1tartoz\u00f3k hiteles, empatikus t\u00e1j\u00e9koztat\u00e1s\u00e1ra. Munk\u00e1nk k\u00f6z\u00e9ppontj\u00e1ban a komplex, szem\u00e9lyre szabott kezel\u00e9s \u00e1ll, amelynek c\u00e9lja nem csup\u00e1n az \u00e9letment\u00e9s, hanem a fel\u00e9p\u00fcl\u00e9st k\u00f6vet\u0151 lehet\u0151 legjobb \u00e9letmin\u0151s\u00e9g biztos\u00edt\u00e1sa. R\u00e9szleg\u00fcnk elk\u00f6telezett a folyamatos szakmai fejl\u0151d\u00e9s, a modern orvosi technol\u00f3gi\u00e1k alkalmaz\u00e1sa \u00e9s a legmagasabb szint\u0171 betegell\u00e1t\u00e1s mellett.<\/p>\n<p>&nbsp;<\/p>\n","protected":false},"excerpt":{"rendered":"<p>Traumatol\u00f3gia, Aneszteziol\u00f3giai \u00e9s Intenz\u00edv Ter\u00e1pi\u00e1s R\u00e9szleg Az Intenz\u00edv Ter\u00e1pi\u00e1s Klinika \u00f6n\u00e1ll\u00f3 r\u00e9szlegek\u00e9nt els\u0151sorban a \u00a0Semmelweis Egyetem Traumatol\u00f3giai Klinik\u00e1j\u00e1nak betegell\u00e1t\u00e1s\u00e1t seg\u00edtj\u00fck. A traum\u00e1s betegek aneszteziol\u00f3giai ambulanci\u00e1n t\u00f6rt\u00e9n\u0151 vizsg\u00e1lat\u00e1t\u00f3l, a m\u0171t\u00e9tre val\u00f3 felk\u00e9sz\u00edt\u00e9sen \u00e1t, a m\u0171t\u00e9thez v\u00e9gzett \u00e9rz\u00e9stelen\u00edt\u00e9s vagy altat\u00e1s folyamat\u00e1t, illetve a m\u0171t\u00e9t ut\u00e1ni f\u00e1jdalomcsillap\u00edt\u00e1s \u00e9s a s\u00falyos betegek intenz\u00edv oszt\u00e1lyos kezel\u00e9s\u00e9t v\u00e9gezz\u00fck. A s\u00falyosan s\u00e9r\u00fclt &hellip;<\/p>\n","protected":false},"author":102324,"featured_media":0,"parent":7,"menu_order":3,"comment_status":"closed","ping_status":"closed","template":"","meta":{"_acf_changed":false,"footnotes":""},"categories":[],"tags":[],"class_list":["post-9460","page","type-page","status-publish","hentry"],"acf":[],"_links":{"self":[{"href":"https:\/\/semmelweis.hu\/aneszteziologia\/wp-json\/wp\/v2\/pages\/9460","targetHints":{"allow":["GET"]}}],"collection":[{"href":"https:\/\/semmelweis.hu\/aneszteziologia\/wp-json\/wp\/v2\/pages"}],"about":[{"href":"https:\/\/semmelweis.hu\/aneszteziologia\/wp-json\/wp\/v2\/types\/page"}],"author":[{"embeddable":true,"href":"https:\/\/semmelweis.hu\/aneszteziologia\/wp-json\/wp\/v2\/users\/102324"}],"replies":[{"embeddable":true,"href":"https:\/\/semmelweis.hu\/aneszteziologia\/wp-json\/wp\/v2\/comments?post=9460"}],"version-history":[{"count":3,"href":"https:\/\/semmelweis.hu\/aneszteziologia\/wp-json\/wp\/v2\/pages\/9460\/revisions"}],"predecessor-version":[{"id":9478,"href":"https:\/\/semmelweis.hu\/aneszteziologia\/wp-json\/wp\/v2\/pages\/9460\/revisions\/9478"}],"up":[{"embeddable":true,"href":"https:\/\/semmelweis.hu\/aneszteziologia\/wp-json\/wp\/v2\/pages\/7"}],"wp:attachment":[{"href":"https:\/\/semmelweis.hu\/aneszteziologia\/wp-json\/wp\/v2\/media?parent=9460"}],"wp:term":[{"taxonomy":"category","embeddable":true,"href":"https:\/\/semmelweis.hu\/aneszteziologia\/wp-json\/wp\/v2\/categories?post=9460"},{"taxonomy":"post_tag","embeddable":true,"href":"https:\/\/semmelweis.hu\/aneszteziologia\/wp-json\/wp\/v2\/tags?post=9460"}],"curies":[{"name":"wp","href":"https:\/\/api.w.org\/{rel}","templated":true}]}}