{"id":9444,"date":"2025-11-28T12:02:03","date_gmt":"2025-11-28T11:02:03","guid":{"rendered":"https:\/\/semmelweis.hu\/aneszteziologia\/?page_id=9444"},"modified":"2025-11-28T12:48:18","modified_gmt":"2025-11-28T11:48:18","slug":"kegyeleti-ugyintezes","status":"publish","type":"page","link":"https:\/\/semmelweis.hu\/aneszteziologia\/kegyeleti-ugyintezes\/","title":{"rendered":"Kegyeleti \u00fcgyint\u00e9z\u00e9s"},"content":{"rendered":"<p><strong>Intenz\u00edv Ter\u00e1pi\u00e1s Klinika r\u00e9szleg<\/strong><br \/>\n<em>\u00a0 \u00a0 \u00a0 adminisztr\u00e1ci\u00f3s \u00fcgyint\u00e9z\u0151: Bal\u00e1zs Horv\u00e1th Ad\u00e9l\u00a0 06-20-825-0141<\/em><\/p>\n<p><strong>Traumatol\u00f3giai Intenz\u00edv r\u00e9szleg<br \/>\n<\/strong><em>\u00a0 \u00a0 \u00a0 adminisztr\u00e1ci\u00f3s \u00fcgyint\u00e9z\u0151: S\u00f3s-Kov\u00e1cs Aranka\u00a0 06-30-016-4219<\/em><\/p>\n<p>&nbsp;<\/p>\n<p>Tov\u00e1bbi kegyeleti \u00fcgyint\u00e9z\u00e9ssel kapcsolatos inform\u00e1ci\u00f3k az al\u00e1bbi linken kereszt\u00fcl \u00e9rhet\u0151k el: <a href=\"https:\/\/semmelweis.hu\/patologia2\/kegyeleti-ugyintezes\/\">https:\/\/semmelweis.hu\/patologia2\/kegyeleti-ugyintezes\/<\/a><\/p>\n<p>&nbsp;<\/p>\n<p>&nbsp;<\/p>\n","protected":false},"excerpt":{"rendered":"<p>Intenz\u00edv Ter\u00e1pi\u00e1s Klinika r\u00e9szleg<br \/>\n\u00a0 \u00a0 \u00a0 adminisztr\u00e1ci\u00f3s \u00fcgyint\u00e9z\u0151: Bal\u00e1zs Horv\u00e1th Ad\u00e9l\u00a0 06-20-825-0141<br \/>\nTraumatol\u00f3giai Intenz\u00edv r\u00e9szleg<br \/>\n\u00a0 \u00a0 \u00a0 adminisztr\u00e1ci\u00f3s \u00fcgyint\u00e9z\u0151: S\u00f3s-Kov\u00e1cs Aranka\u00a0 06-30-016-4219<br \/>\n&nbsp;<br \/>\nTov\u00e1bbi kegyeleti \u00fcgyint\u00e9z\u00e9ssel kapcsolatos inform\u00e1ci\u00f3k az al\u00e1bbi linken kereszt\u00fcl \u00e9rhet\u0151k el: <a href=\"https:\/\/semmelweis.hu\/patologia2\/kegyeleti-ugyintezes\/\">https:\/\/semmelweis.hu\/patologia2\/kegyeleti-ugyintezes\/<\/a><br \/>\n&nbsp;<br \/>\n&nbsp;<\/p>\n","protected":false},"author":102324,"featured_media":0,"parent":0,"menu_order":0,"comment_status":"closed","ping_status":"closed","template":"","meta":{"_acf_changed":false,"footnotes":""},"categories":[],"tags":[],"class_list":["post-9444","page","type-page","status-publish","hentry"],"acf":[],"_links":{"self":[{"href":"https:\/\/semmelweis.hu\/aneszteziologia\/wp-json\/wp\/v2\/pages\/9444","targetHints":{"allow":["GET"]}}],"collection":[{"href":"https:\/\/semmelweis.hu\/aneszteziologia\/wp-json\/wp\/v2\/pages"}],"about":[{"href":"https:\/\/semmelweis.hu\/aneszteziologia\/wp-json\/wp\/v2\/types\/page"}],"author":[{"embeddable":true,"href":"https:\/\/semmelweis.hu\/aneszteziologia\/wp-json\/wp\/v2\/users\/102324"}],"replies":[{"embeddable":true,"href":"https:\/\/semmelweis.hu\/aneszteziologia\/wp-json\/wp\/v2\/comments?post=9444"}],"version-history":[{"count":5,"href":"https:\/\/semmelweis.hu\/aneszteziologia\/wp-json\/wp\/v2\/pages\/9444\/revisions"}],"predecessor-version":[{"id":9455,"href":"https:\/\/semmelweis.hu\/aneszteziologia\/wp-json\/wp\/v2\/pages\/9444\/revisions\/9455"}],"wp:attachment":[{"href":"https:\/\/semmelweis.hu\/aneszteziologia\/wp-json\/wp\/v2\/media?parent=9444"}],"wp:term":[{"taxonomy":"category","embeddable":true,"href":"https:\/\/semmelweis.hu\/aneszteziologia\/wp-json\/wp\/v2\/categories?post=9444"},{"taxonomy":"post_tag","embeddable":true,"href":"https:\/\/semmelweis.hu\/aneszteziologia\/wp-json\/wp\/v2\/tags?post=9444"}],"curies":[{"name":"wp","href":"https:\/\/api.w.org\/{rel}","templated":true}]}}