{"id":9288,"date":"2025-05-19T15:08:10","date_gmt":"2025-05-19T13:08:10","guid":{"rendered":"https:\/\/semmelweis.hu\/aneszteziologia\/?page_id=9288"},"modified":"2025-12-08T14:38:11","modified_gmt":"2025-12-08T13:38:11","slug":"hallgatoi-visszajelzesek","status":"publish","type":"page","link":"https:\/\/semmelweis.hu\/aneszteziologia\/oktatas\/gradualis-orvoskepzes\/hallgatoi-visszajelzesek\/","title":{"rendered":"Hallgat\u00f3i visszajelz\u00e9sek"},"content":{"rendered":"<p>2024-25\/1.f\u00e9l\u00e9v<\/p>\n<p><a href=\"https:\/\/semmelweis.hu\/aneszteziologia\/files\/2025\/05\/Intenziv-terapia-es-aneszteziologia-AOKANE759_1A.pdf\">Intenz\u00edv ter\u00e1pia \u00e9s aneszteziol\u00f3gia-AOKANE759_1A<\/a><br \/>\n<a href=\"https:\/\/semmelweis.hu\/aneszteziologia\/files\/2025\/05\/Intenziv-terapia-es-aneszteziologia-AOKANE759_1M.pdf\">Intenz\u00edv ter\u00e1pia \u00e9s aneszteziol\u00f3gia-AOKANE759_1M<\/a><br \/>\n<a href=\"https:\/\/semmelweis.hu\/aneszteziologia\/files\/2025\/05\/Intenziv-terapia-es-aneszteziologia-AOKANE759_1N.pdf\">Intenz\u00edv ter\u00e1pia \u00e9s aneszteziol\u00f3gia-AOKANE759_1N<\/a><br \/>\n<a href=\"https:\/\/semmelweis.hu\/aneszteziologia\/files\/2025\/05\/Intenziv-terapia-es-aneszteziologia-AOKANE759_1A-1.pdf\">Intenz\u00edv ter\u00e1pia \u00e9s aneszteziol\u00f3gia-AOKANE759_1A (1)<\/a><br \/>\n<a href=\"https:\/\/semmelweis.hu\/aneszteziologia\/files\/2025\/05\/Intenziv-terapia-es-aneszteziologia-AOKANE759_1M-1.pdf\">Intenz\u00edv ter\u00e1pia \u00e9s aneszteziol\u00f3gia-AOKANE759_1M (1)<\/a><br \/>\n<a href=\"https:\/\/semmelweis.hu\/aneszteziologia\/files\/2025\/05\/Intenziv-terapia-es-aneszteziologia-AOKANE759_1N-1.pdf\">Intenz\u00edv ter\u00e1pia \u00e9s aneszteziol\u00f3gia-AOKANE759_1N (1)<\/a><br \/>\n<a href=\"https:\/\/semmelweis.hu\/aneszteziologia\/files\/2025\/05\/Szepszis-a-betegagy-mellett-AOSANE1184_1A.pdf\">Szepszis a beteg\u00e1gy mellett-AOSANE1184_1A<\/a><\/p>\n","protected":false},"excerpt":{"rendered":"<p>2024-25\/1.f\u00e9l\u00e9v<br \/>\n<a href=\"https:\/\/semmelweis.hu\/aneszteziologia\/files\/2025\/05\/Intenziv-terapia-es-aneszteziologia-AOKANE759_1A.pdf\">Intenz\u00edv ter\u00e1pia \u00e9s aneszteziol\u00f3gia-AOKANE759_1A<\/a><br \/>\n<a href=\"https:\/\/semmelweis.hu\/aneszteziologia\/files\/2025\/05\/Intenziv-terapia-es-aneszteziologia-AOKANE759_1M.pdf\">Intenz\u00edv ter\u00e1pia \u00e9s aneszteziol\u00f3gia-AOKANE759_1M<\/a><br \/>\n<a href=\"https:\/\/semmelweis.hu\/aneszteziologia\/files\/2025\/05\/Intenziv-terapia-es-aneszteziologia-AOKANE759_1N.pdf\">Intenz\u00edv ter\u00e1pia \u00e9s aneszteziol\u00f3gia-AOKANE759_1N<\/a><br \/>\n<a href=\"https:\/\/semmelweis.hu\/aneszteziologia\/files\/2025\/05\/Intenziv-terapia-es-aneszteziologia-AOKANE759_1A-1.pdf\">Intenz\u00edv ter\u00e1pia \u00e9s aneszteziol\u00f3gia-AOKANE759_1A (1)<\/a><br \/>\n<a href=\"https:\/\/semmelweis.hu\/aneszteziologia\/files\/2025\/05\/Intenziv-terapia-es-aneszteziologia-AOKANE759_1M-1.pdf\">Intenz\u00edv ter\u00e1pia \u00e9s aneszteziol\u00f3gia-AOKANE759_1M (1)<\/a><br \/>\n<a href=\"https:\/\/semmelweis.hu\/aneszteziologia\/files\/2025\/05\/Intenziv-terapia-es-aneszteziologia-AOKANE759_1N-1.pdf\">Intenz\u00edv ter\u00e1pia \u00e9s aneszteziol\u00f3gia-AOKANE759_1N (1)<\/a><br \/>\n<a href=\"https:\/\/semmelweis.hu\/aneszteziologia\/files\/2025\/05\/Szepszis-a-betegagy-mellett-AOSANE1184_1A.pdf\">Szepszis a beteg\u00e1gy mellett-AOSANE1184_1A<\/a><\/p>\n","protected":false},"author":102324,"featured_media":0,"parent":53,"menu_order":4,"comment_status":"closed","ping_status":"closed","template":"","meta":{"_acf_changed":false,"footnotes":""},"categories":[],"tags":[],"class_list":["post-9288","page","type-page","status-publish","hentry"],"acf":[],"_links":{"self":[{"href":"https:\/\/semmelweis.hu\/aneszteziologia\/wp-json\/wp\/v2\/pages\/9288","targetHints":{"allow":["GET"]}}],"collection":[{"href":"https:\/\/semmelweis.hu\/aneszteziologia\/wp-json\/wp\/v2\/pages"}],"about":[{"href":"https:\/\/semmelweis.hu\/aneszteziologia\/wp-json\/wp\/v2\/types\/page"}],"author":[{"embeddable":true,"href":"https:\/\/semmelweis.hu\/aneszteziologia\/wp-json\/wp\/v2\/users\/102324"}],"replies":[{"embeddable":true,"href":"https:\/\/semmelweis.hu\/aneszteziologia\/wp-json\/wp\/v2\/comments?post=9288"}],"version-history":[{"count":2,"href":"https:\/\/semmelweis.hu\/aneszteziologia\/wp-json\/wp\/v2\/pages\/9288\/revisions"}],"predecessor-version":[{"id":9301,"href":"https:\/\/semmelweis.hu\/aneszteziologia\/wp-json\/wp\/v2\/pages\/9288\/revisions\/9301"}],"up":[{"embeddable":true,"href":"https:\/\/semmelweis.hu\/aneszteziologia\/wp-json\/wp\/v2\/pages\/53"}],"wp:attachment":[{"href":"https:\/\/semmelweis.hu\/aneszteziologia\/wp-json\/wp\/v2\/media?parent=9288"}],"wp:term":[{"taxonomy":"category","embeddable":true,"href":"https:\/\/semmelweis.hu\/aneszteziologia\/wp-json\/wp\/v2\/categories?post=9288"},{"taxonomy":"post_tag","embeddable":true,"href":"https:\/\/semmelweis.hu\/aneszteziologia\/wp-json\/wp\/v2\/tags?post=9288"}],"curies":[{"name":"wp","href":"https:\/\/api.w.org\/{rel}","templated":true}]}}