{"id":8486,"date":"2022-06-14T10:42:23","date_gmt":"2022-06-14T08:42:23","guid":{"rendered":"https:\/\/semmelweis.hu\/aneszteziologia\/?page_id=8486"},"modified":"2024-09-26T14:42:00","modified_gmt":"2024-09-26T12:42:00","slug":"informacio-tdk-munkarol","status":"publish","type":"page","link":"https:\/\/semmelweis.hu\/aneszteziologia\/kutatas\/tdk\/informacio-tdk-munkarol\/","title":{"rendered":"Inform\u00e1ci\u00f3 TDK-munk\u00e1r\u00f3l"},"content":{"rendered":"<p><strong>Klinikai TDK-felel\u0151s:<\/strong>\u00a0\u00a0 <br \/>\nDr. Lorx Andr\u00e1s\u00a0<\/p>\n<p><a href=\"mailto:tdk.aitk@semmelweis.hu\">tdk.aitk@semmelweis.hu<\/a><\/p>\n<p>&nbsp;<\/p>\n<p><strong>A Tudom\u00e1nyos Di\u00e1kk\u00f6ri tev\u00e9kenys\u00e9g szab\u00e1lyai az AITT-n:<\/strong><\/p>\n<p style=\"text-align: justify\"><strong>T\u00e9mav\u00e1laszt\u00e1s.\u00a0<\/strong>Az AITT-n az al\u00e1bb felsorolt tudom\u00e1nyos kutat\u00e1si ter\u00fcleteken, a t\u00e9mavezet\u0151vel t\u00f6rt\u00e9n\u0151 egyeztet\u00e9s alapj\u00e1n lehets\u00e9ges tudom\u00e1nyos di\u00e1kk\u00f6ri tev\u00e9kenys\u00e9get folytatni, illetve a tdk-tev\u00e9kenys\u00e9ggel \u00f6sszef\u00fcgg\u00e9sben szakdolgozatot k\u00e9sz\u00edteni.<\/p>\n<p>&nbsp;<\/p>\n<p style=\"text-align: justify\"><strong>Jelent\u00e9si k\u00f6telezetts\u00e9g. <\/strong>Minden TDK-s hallgat\u00f3 adatait (TDK-s hallgat\u00f3 neve, t\u00e9mavezet\u0151 neve,\u00a0a TDK-t\u00e9ma c\u00edme, helyileg hol t\u00f6rt\u00e9nik a tev\u00e9kenys\u00e9g)\u00a0a munka kezdetekor \u00e9s minden egyes f\u00e9l\u00e9v elej\u00e9n\u00a0a t\u00e9mavezet\u0151 lejelenti\u00a0a klinikai TDK-felel\u0151sn\u00e9l.<\/p>\n<p style=\"text-align: justify\"><strong>A TDK-munka elfogad\u00e1sa. <\/strong>A TDK-hallgat\u00f3 minden egyes f\u00e9l\u00e9v v\u00e9g\u00e9n 2 oldalas besz\u00e1mol\u00f3t \u00edr a f\u00e9l\u00e9ves munk\u00e1j\u00e1r\u00f3l, annak eredm\u00e9nyeir\u0151l, tervekr\u0151l, probl\u00e9m\u00e1kr\u00f3l, stb., ezt a t\u00e9mavezet\u0151 al\u00e1\u00edrja, \u00e9s javaslatot tesz a klinikai TDK-felel\u0151s fel\u00e9 a hallgat\u00f3 munk\u00e1j\u00e1nak elfogad\u00e1s\u00e1ra, illetve a f\u00e9l\u00e9ves \u00e9rdemjegyre.<\/p>\n<p style=\"text-align: justify\"><strong>Jegybe\u00edr\u00e1s. <\/strong>A f\u00e9l\u00e9v v\u00e9gi jegy\/kredit csak ezek ut\u00e1n ker\u00fclhet be\u00edr\u00e1sra a Neptun-rendszerbe \u00e9s a Leckek\u00f6nyvbe a\u00a0klinikai TDK-felel\u0151s \u00e1ltal.<\/p>\n<p><a href=\"https:\/\/semmelweis.hu\/tdk\/a-tudomanyos-diakkorrol\/hogyan-lesz-valaki-tagja-a-tudomanyos-diakkornek\/\" target=\"_blank\" rel=\"noopener\">Hogyan lesz valaki tagja a Tudom\u00e1nyos Di\u00e1kk\u00f6rnek?<\/a><br \/>\n<a href=\"https:\/\/semmelweis.hu\/tdk\/a-tudomanyos-diakkorrol\/a-targy-felvetele\/\" target=\"_blank\" rel=\"noopener\">A t\u00e1rgy felv\u00e9tele<\/a><br \/>\n<a href=\"https:\/\/semmelweis.hu\/tdk\/a-tudomanyos-diakkorrol\/nyomtatvanyok\/\" target=\"_blank\" rel=\"noopener\">Nyomtatv\u00e1nyok<\/a><\/p>\n","protected":false},"excerpt":{"rendered":"<p>Klinikai TDK-felel\u0151s:\u00a0\u00a0 Dr. Lorx Andr\u00e1s\u00a0 <a href=\"mailto:tdk.aitk@semmelweis.hu\">tdk.aitk@semmelweis.hu<\/a> &nbsp; A Tudom\u00e1nyos Di\u00e1kk\u00f6ri tev\u00e9kenys\u00e9g szab\u00e1lyai az AITT-n: T\u00e9mav\u00e1laszt\u00e1s.\u00a0Az AITT-n az al\u00e1bb felsorolt tudom\u00e1nyos kutat\u00e1si ter\u00fcleteken, a t\u00e9mavezet\u0151vel t\u00f6rt\u00e9n\u0151 egyeztet\u00e9s alapj\u00e1n lehets\u00e9ges tudom\u00e1nyos di\u00e1kk\u00f6ri tev\u00e9kenys\u00e9get folytatni, illetve a tdk-tev\u00e9kenys\u00e9ggel \u00f6sszef\u00fcgg\u00e9sben szakdolgozatot k\u00e9sz\u00edteni. &nbsp; Jelent\u00e9si k\u00f6telezetts\u00e9g. Minden TDK-s hallgat\u00f3 adatait (TDK-s hallgat\u00f3 neve, t\u00e9mavezet\u0151 neve,\u00a0a TDK-t\u00e9ma c\u00edme, helyileg hol t\u00f6rt\u00e9nik a &hellip;<\/p>\n","protected":false},"author":101992,"featured_media":0,"parent":6297,"menu_order":2,"comment_status":"closed","ping_status":"closed","template":"","meta":{"_acf_changed":false,"footnotes":""},"categories":[10],"tags":[],"class_list":["post-8486","page","type-page","status-publish","hentry","category-kutatas"],"acf":[],"_links":{"self":[{"href":"https:\/\/semmelweis.hu\/aneszteziologia\/wp-json\/wp\/v2\/pages\/8486","targetHints":{"allow":["GET"]}}],"collection":[{"href":"https:\/\/semmelweis.hu\/aneszteziologia\/wp-json\/wp\/v2\/pages"}],"about":[{"href":"https:\/\/semmelweis.hu\/aneszteziologia\/wp-json\/wp\/v2\/types\/page"}],"author":[{"embeddable":true,"href":"https:\/\/semmelweis.hu\/aneszteziologia\/wp-json\/wp\/v2\/users\/101992"}],"replies":[{"embeddable":true,"href":"https:\/\/semmelweis.hu\/aneszteziologia\/wp-json\/wp\/v2\/comments?post=8486"}],"version-history":[{"count":5,"href":"https:\/\/semmelweis.hu\/aneszteziologia\/wp-json\/wp\/v2\/pages\/8486\/revisions"}],"predecessor-version":[{"id":8968,"href":"https:\/\/semmelweis.hu\/aneszteziologia\/wp-json\/wp\/v2\/pages\/8486\/revisions\/8968"}],"up":[{"embeddable":true,"href":"https:\/\/semmelweis.hu\/aneszteziologia\/wp-json\/wp\/v2\/pages\/6297"}],"wp:attachment":[{"href":"https:\/\/semmelweis.hu\/aneszteziologia\/wp-json\/wp\/v2\/media?parent=8486"}],"wp:term":[{"taxonomy":"category","embeddable":true,"href":"https:\/\/semmelweis.hu\/aneszteziologia\/wp-json\/wp\/v2\/categories?post=8486"},{"taxonomy":"post_tag","embeddable":true,"href":"https:\/\/semmelweis.hu\/aneszteziologia\/wp-json\/wp\/v2\/tags?post=8486"}],"curies":[{"name":"wp","href":"https:\/\/api.w.org\/{rel}","templated":true}]}}