{"id":8430,"date":"2022-05-24T11:03:30","date_gmt":"2022-05-24T09:03:30","guid":{"rendered":"https:\/\/semmelweis.hu\/aneszteziologia\/?page_id=8430"},"modified":"2025-04-25T14:08:31","modified_gmt":"2025-04-25T12:08:31","slug":"informacio","status":"publish","type":"page","link":"https:\/\/semmelweis.hu\/aneszteziologia\/kutatas\/rektori-palyamunka\/informacio\/","title":{"rendered":"Inform\u00e1ci\u00f3 rektori p\u00e1lyamunk\u00e1r\u00f3l"},"content":{"rendered":"<ul>\n<li><a href=\"https:\/\/semmelweis.hu\/aneszteziologia\/files\/2025\/04\/Rektori-palyamunka-szabalyzat.pdf\">Rektori p\u00e1lyamunka szab\u00e1lyzat<\/a><\/li>\n<li><a href=\"https:\/\/semmelweis.hu\/aneszteziologia\/kutatas\/rektori-palyamunka\/rektori-palyamunka-cimek\/\" target=\"_blank\" rel=\"noopener\">Rektori p\u00e1lyamunka c\u00edmlista<\/a><\/li>\n<li><a href=\"https:\/\/semmelweis.hu\/aneszteziologia\/kutatas\/szakdolgozatok\/informacio\/rektori-palyamunka-mint-szakdolgozat\/\" target=\"_blank\" rel=\"noopener\">Rektori p\u00e1lyamunka mint szakdolgozat<\/a><\/li>\n<\/ul>\n","protected":false},"excerpt":{"rendered":"<p><a href=\"https:\/\/semmelweis.hu\/aneszteziologia\/files\/2025\/04\/Rektori-palyamunka-szabalyzat.pdf\">Rektori p\u00e1lyamunka szab\u00e1lyzat<\/a><br \/>\n<a href=\"https:\/\/semmelweis.hu\/aneszteziologia\/kutatas\/rektori-palyamunka\/rektori-palyamunka-cimek\/\" target=\"_blank\" rel=\"noopener\">Rektori p\u00e1lyamunka c\u00edmlista<\/a><br \/>\n<a href=\"https:\/\/semmelweis.hu\/aneszteziologia\/kutatas\/szakdolgozatok\/informacio\/rektori-palyamunka-mint-szakdolgozat\/\" target=\"_blank\" rel=\"noopener\">Rektori p\u00e1lyamunka mint szakdolgozat<\/a><\/p>\n","protected":false},"author":101992,"featured_media":0,"parent":7061,"menu_order":1,"comment_status":"closed","ping_status":"closed","template":"","meta":{"_acf_changed":false,"footnotes":""},"categories":[10],"tags":[],"class_list":["post-8430","page","type-page","status-publish","hentry","category-kutatas"],"acf":[],"_links":{"self":[{"href":"https:\/\/semmelweis.hu\/aneszteziologia\/wp-json\/wp\/v2\/pages\/8430","targetHints":{"allow":["GET"]}}],"collection":[{"href":"https:\/\/semmelweis.hu\/aneszteziologia\/wp-json\/wp\/v2\/pages"}],"about":[{"href":"https:\/\/semmelweis.hu\/aneszteziologia\/wp-json\/wp\/v2\/types\/page"}],"author":[{"embeddable":true,"href":"https:\/\/semmelweis.hu\/aneszteziologia\/wp-json\/wp\/v2\/users\/101992"}],"replies":[{"embeddable":true,"href":"https:\/\/semmelweis.hu\/aneszteziologia\/wp-json\/wp\/v2\/comments?post=8430"}],"version-history":[{"count":5,"href":"https:\/\/semmelweis.hu\/aneszteziologia\/wp-json\/wp\/v2\/pages\/8430\/revisions"}],"predecessor-version":[{"id":9254,"href":"https:\/\/semmelweis.hu\/aneszteziologia\/wp-json\/wp\/v2\/pages\/8430\/revisions\/9254"}],"up":[{"embeddable":true,"href":"https:\/\/semmelweis.hu\/aneszteziologia\/wp-json\/wp\/v2\/pages\/7061"}],"wp:attachment":[{"href":"https:\/\/semmelweis.hu\/aneszteziologia\/wp-json\/wp\/v2\/media?parent=8430"}],"wp:term":[{"taxonomy":"category","embeddable":true,"href":"https:\/\/semmelweis.hu\/aneszteziologia\/wp-json\/wp\/v2\/categories?post=8430"},{"taxonomy":"post_tag","embeddable":true,"href":"https:\/\/semmelweis.hu\/aneszteziologia\/wp-json\/wp\/v2\/tags?post=8430"}],"curies":[{"name":"wp","href":"https:\/\/api.w.org\/{rel}","templated":true}]}}