{"id":8424,"date":"2022-05-24T10:55:43","date_gmt":"2022-05-24T08:55:43","guid":{"rendered":"https:\/\/semmelweis.hu\/aneszteziologia\/?page_id=8424"},"modified":"2025-05-29T11:23:08","modified_gmt":"2025-05-29T09:23:08","slug":"rektori-palyamunka-cimek","status":"publish","type":"page","link":"https:\/\/semmelweis.hu\/aneszteziologia\/kutatas\/rektori-palyamunka\/rektori-palyamunka-cimek\/","title":{"rendered":"Rektori p\u00e1lyamunka (p\u00e1lyat\u00e9tel) c\u00edmlista"},"content":{"rendered":"<table style=\"width: 65.9864%\" width=\"910\">\n<tbody>\n<tr>\n<td style=\"width: 610.734px;text-align: center\"><strong>Rektori p\u00e1lyat\u00e9tel c\u00edme<\/strong><\/td>\n<td style=\"width: 296.891px;text-align: center\"><strong>Konzulens<\/strong><\/td>\n<\/tr>\n<tr>\n<td style=\"width: 610.734px\">A kr\u00f3nikus kritikus \u00e1llapot\u00fa betegek endokrin v\u00e1ltoz\u00e1sai<\/td>\n<td style=\"width: 296.891px\">Dr. Holndonner-Kirst Enik\u0151 PhD<\/td>\n<\/tr>\n<tr>\n<td style=\"width: 610.734px\">A kr\u00f3nikus kritikus \u00e1llapot metabolikus jellemz\u0151i<\/td>\n<td style=\"width: 296.891px\">Dr. Holndonner-Kirst Enik\u0151 PhD<\/td>\n<\/tr>\n<tr>\n<td style=\"width: 610.734px\">A Legionella pneumophila okozta pneumonia gyakoris\u00e1ga, diagnosztikai neh\u00e9zs\u00e9gei \u00e9s kimenetele az intenz\u00edv oszt\u00e1lyon<\/td>\n<td style=\"width: 296.891px\">Dr. K\u00e1llai Andr\u00e1s PhD<\/td>\n<\/tr>\n<tr>\n<td style=\"width: 610.734px\">A l\u00e9gz\u0151rendszer mechanikus tulajdons\u00e1gainak v\u00e1ltoz\u00e1sa l\u00e9gz\u00e9si el\u00e9gtelens\u00e9gben<\/td>\n<td style=\"width: 296.891px\">Dr. Lorx Andr\u00e1s PhD<\/td>\n<\/tr>\n<tr>\n<td style=\"width: 610.734px\">A m\u00e1j-diszfunkci\u00f3 vizsg\u00e1lata sz\u00edvm\u0171t\u00e9t, mechanikus kering\u00e9st\u00e1mogat\u00e1s \u00e9s sz\u00edvtranszplant\u00e1ci\u00f3 eset\u00e9n<\/td>\n<td style=\"width: 296.891px\">Prof. Dr. Sz\u00e9kely Andrea<\/td>\n<\/tr>\n<tr>\n<td style=\"width: 610.734px\">A mikrobiom klinikai relevanci\u00e1ja<\/td>\n<td style=\"width: 296.891px\">Dr. Mad\u00e1ch Krisztina PhD<\/td>\n<\/tr>\n<tr>\n<td style=\"width: 610.734px\">A perkut\u00e1n tracheoszt\u00f3mia sz\u00f6v\u0151dm\u00e9nyei \u00e9s azok megel\u0151z\u00e9se<\/td>\n<td style=\"width: 296.891px\">Dr. \u00c9l\u0151 G\u00e1bor PhD<\/td>\n<\/tr>\n<tr>\n<td style=\"width: 610.734px\">A tan\u00edt\u00e1s hat\u00e1sa az aneszteziol\u00f3gusok altat\u00e1si szok\u00e1saira<\/td>\n<td style=\"width: 296.891px\">Prof. Dr. Sz\u00e9kely Andrea<\/td>\n<\/tr>\n<tr>\n<td style=\"width: 610.734px\">Autoimmun betegs\u00e9gek \u00e9s sz\u00edvtranszplant\u00e1ci\u00f3<\/td>\n<td style=\"width: 296.891px\">Prof. Dr. Sz\u00e9kely Andrea<\/td>\n<\/tr>\n<tr>\n<td style=\"width: 610.734px\">Az otthonl\u00e9legeztet\u00e9si program hat\u00e9konys\u00e1g\u00e1nak k\u00f6vet\u00e9se, fejleszt\u00e9se<\/td>\n<td style=\"width: 296.891px\">Dr. Lorx Andr\u00e1s PhD<\/td>\n<\/tr>\n<tr>\n<td style=\"width: 610.734px\">Frailty a sz\u00edv-, \u00e9rseb\u00e9szetben<\/td>\n<td style=\"width: 296.891px\">Prof. Dr. Sz\u00e9kely Andrea<\/td>\n<\/tr>\n<tr>\n<td style=\"width: 610.734px\">Frailty szerepe a sz\u00edv- \u00e9s \u00e9rseb\u00e9szeti m\u0171t\u00e9tetek valamint a sz\u00edvtranszplant\u00e1ci\u00f3 kimenetel\u00e9ben<\/td>\n<td style=\"width: 296.891px\">Prof. Dr. Sz\u00e9kely Andrea<\/td>\n<\/tr>\n<tr>\n<td style=\"width: 610.734px\">Immunol\u00f3giai folyamatok donorok \u00e9s transzplant\u00e1ltak k\u00f6r\u00e9ben<\/td>\n<td style=\"width: 296.891px\">Prof. Dr. Sz\u00e9kely Andrea<\/td>\n<\/tr>\n<tr>\n<td style=\"width: 610.734px\">L\u00e9g\u00fatbiztos\u00edt\u00e1si m\u00f3dszerek \u00e9s posztoperat\u00edv l\u00e9legeztet\u00e9si ig\u00e9ny vizsg\u00e1lata korasz\u00fcl\u00f6ttek ROP l\u00e9zeres photocoagulatioja sor\u00e1n<\/td>\n<td style=\"width: 296.891px\">dr. Hauser Bal\u00e1zs PhD<\/td>\n<\/tr>\n<tr>\n<td style=\"width: 610.734px\">Meteorol\u00f3giai v\u00e1ltoz\u00e1sok hat\u00e1sa a perioperat\u00edv \u00e9s hosszabb t\u00e1v\u00fa kimenetelre sz\u00edv- \u00e9s \u00e9rm\u0171t\u00e9tek ut\u00e1n<\/td>\n<td style=\"width: 296.891px\">Prof. Dr. Sz\u00e9kely Andrea<\/td>\n<\/tr>\n<tr>\n<td style=\"width: 610.734px\">Neuromonitoring az \u00e9rseb\u00e9szetben<\/td>\n<td style=\"width: 296.891px\">Prof. Dr. Sz\u00e9kely Andrea \/ Dr. S\u00e1ndor \u00c1gnes<\/td>\n<\/tr>\n<tr>\n<td style=\"width: 610.734px\">Non-technical skills az oktat\u00e1sban<\/td>\n<td style=\"width: 296.891px\">Prof. Dr. Sz\u00e9kely Andrea<\/td>\n<\/tr>\n<tr>\n<td style=\"width: 610.734px\">Oral biology and outcome after heart surgery and transplantation<\/td>\n<td style=\"width: 296.891px\">Prof. Dr. Sz\u00e9kely Andrea<\/td>\n<\/tr>\n<tr>\n<td style=\"width: 610.734px\">Ozmotikus \u00e9s elektrolit v\u00e1ltoz\u00e1sok transzplant\u00e1ci\u00f3 ut\u00e1n<\/td>\n<td style=\"width: 296.891px\">Prof. Dr. Sz\u00e9kely Andrea<\/td>\n<\/tr>\n<tr>\n<td style=\"width: 610.734px\">Transzplant\u00e1ci\u00f3 \u00e9s autoimmun\/immun folyamatok<\/td>\n<td style=\"width: 296.891px\">Prof. Dr. Sz\u00e9kely Andrea<\/td>\n<\/tr>\n<tr>\n<td style=\"width: 610.734px\">Transzplant\u00e1ci\u00f3 \u00e9s m\u00e1jm\u0171k\u00f6d\u00e9s<\/td>\n<td style=\"width: 296.891px\">Prof. Dr. Sz\u00e9kely Andrea<\/td>\n<\/tr>\n<tr>\n<td style=\"width: 610.734px\">Transzplant\u00e1ci\u00f3 \u00e9s pajzsmirigym\u0171k\u00f6d\u00e9s<\/td>\n<td style=\"width: 296.891px\">Prof. Dr. Sz\u00e9kely Andrea<\/td>\n<\/tr>\n<tr>\n<td style=\"width: 610.734px\">\u00daj m\u00f3dszer az antibiotikum-rezisztencia vizsg\u00e1lat\u00e1ra<\/td>\n<td style=\"width: 296.891px\">Dr. K\u00e1llai Andr\u00e1s PhD<\/td>\n<\/tr>\n<tr>\n<td style=\"width: 610.734px\">Viszkoelasztikus v\u00e9ralvad\u00e1s monitoriz\u00e1l\u00e1s lehet\u0151s\u00e9gei \u00e9s felhaszn\u00e1l\u00e1sa intenz\u00edv oszt\u00e1lyon<\/td>\n<td style=\"width: 296.891px\">Dr. K\u00e1llai Andr\u00e1s PhD<\/td>\n<\/tr>\n<tr>\n<td style=\"width: 610.734px\">Az \u00fajra\u00e9leszt\u00e9s aktu\u00e1lis k\u00e9rd\u00e9sei<\/td>\n<td style=\"width: 296.891px\">Dr. Kov\u00e1cs Enik\u0151<\/td>\n<\/tr>\n<tr>\n<td style=\"width: 610.734px\">Oktat\u00e1sm\u00f3dszertan az orvosk\u00e9pz\u00e9sben<\/td>\n<td style=\"width: 296.891px\">Dr. Kov\u00e1cs Enik\u0151<\/td>\n<\/tr>\n<tr>\n<td style=\"width: 610.734px\">Folyamatos vesep\u00f3tl\u00f3 kezel\u00e9s kritikus \u00e1llapot\u00fa betegekn\u00e9l<\/td>\n<td style=\"width: 296.891px\">Dr. Valk\u00f3 Luca<\/td>\n<\/tr>\n<tr>\n<td style=\"width: 610.734px\">Noninvaz\u00edv l\u00e9legeztet\u00e9s kritikus \u00e1llapot\u00fa betegekn\u00e9l<\/td>\n<td style=\"width: 296.891px\">Dr. Valk\u00f3 Luca<\/td>\n<\/tr>\n<tr>\n<td style=\"width: 610.734px\">Kritikus \u00e1llapot\u00fa hematol\u00f3giai betegek az intenz\u00edv oszt\u00e1lyon<\/td>\n<td style=\"width: 296.891px\">Dr. Smudla Anik\u00f3 PhD<\/td>\n<\/tr>\n<tr>\n<td style=\"width: 610.734px\">Az agyhal\u00e1l \u00e9s a donorgondoz\u00e1s hat\u00e1sa a szerv\u00e1t\u00fcltet\u00e9sre<\/td>\n<td style=\"width: 296.891px\">Dr. Smudla Anik\u00f3 PhD<\/td>\n<\/tr>\n<tr>\n<td style=\"width: 610.734px\">Az obesitas-hypoventilaci\u00f3 szindr\u00f3ma kezel\u00e9se<\/td>\n<td style=\"width: 296.891px\">Dr. Baglyas Szabolcs<\/td>\n<\/tr>\n<tr>\n<td style=\"width: 610.734px\">A kr\u00f3nikus l\u00e9gz\u00e9si el\u00e9gtelen beteg gondoz\u00e1sa<\/td>\n<td style=\"width: 296.891px\">Dr. Baglyas Szabolcs<\/td>\n<\/tr>\n<tr>\n<td style=\"width: 610.734px\">\u00c9letv\u00e9gi d\u00f6nt\u00e9sek az intenz\u00edv oszt\u00e1lyon<\/td>\n<td style=\"width: 296.891px\">Dr. Zubek L\u00e1szl\u00f3<\/td>\n<\/tr>\n<tr>\n<td style=\"width: 610.734px\">\u00daj biomarkerek a veseel\u00e9gtelens\u00e9g diagnosztik\u00e1j\u00e1ba<\/td>\n<td style=\"width: 296.891px\">Dr. Kiss Nikolett<\/td>\n<\/tr>\n<tr>\n<td style=\"width: 610.734px\">Prokalcitonin szerepe a fert\u0151z\u00e9sek diagnosztik\u00e1j\u00e1ban<\/td>\n<td style=\"width: 296.891px\">Dr. Papp M\u00e1rton<\/td>\n<\/tr>\n<tr>\n<td style=\"width: 610.734px\">Individualiz\u00e1lt transzf\u00fazi\u00f3 management<\/td>\n<td style=\"width: 296.891px\">Dr. Kiss Nikolett<\/td>\n<\/tr>\n<tr>\n<td style=\"width: 610.734px\">Min\u0151s\u00e9gbiztos\u00edt\u00e1s \u00e9s betegbiztons\u00e1g<\/td>\n<td style=\"width: 296.891px\">Dr. \u00c9l\u0151 G\u00e1bor<\/td>\n<\/tr>\n<tr>\n<td style=\"width: 610.734px\">Ultrahang vizsg\u00e1latok az intenz\u00edv ell\u00e1t\u00e1sban<\/td>\n<td style=\"width: 296.891px\">Dr. Zubek L\u00e1szl\u00f3<\/td>\n<\/tr>\n<tr>\n<td style=\"width: 610.734px\">\u201cHemodinamikailag instabil betegek intra- \u00e9s postprocedur\u00e1lis t\u00fal\u00e9l\u00e9se Transzkat\u00e9teres Aortabillenyt\u0171 Implant\u00e1ci\u00f3t k\u00f6vet\u0151en<\/td>\n<td style=\"width: 296.891px\">Dr. Czobor Nikoletta R\u00e1hel PhD<\/td>\n<\/tr>\n<tr>\n<td style=\"width: 610.734px\">Vazoaktiv es inotrop szerek hatasa a szivtranszplantacio kimenetelere<\/td>\n<td style=\"width: 296.891px\">Prof. Dr. Sz\u00e9kely Andrea<\/td>\n<\/tr>\n<tr>\n<td style=\"width: 610.734px\">Kritikus \u00e1llapot\u00fa betegek hemostasisa<\/td>\n<td style=\"width: 296.891px\">Dr. Smudla Anik\u00f3 PhD<\/td>\n<\/tr>\n<tr>\n<td style=\"width: 610.734px\">\u00daj protokoll megalkot\u00e1sa t\u00fcd\u0151emb\u00f3lia sziszt\u00e9m\u00e1s trombol\u00edzis\u00e9re<\/td>\n<td style=\"width: 296.891px\">Dr. K\u00e1llai Andr\u00e1s PhD<\/td>\n<\/tr>\n<tr>\n<td style=\"width: 610.734px\">Elektrokonvulz\u00edv ter\u00e1pia az intenz\u00edv oszt\u00e1lyon<\/td>\n<td style=\"width: 296.891px\">Dr. K\u00e1llai Andr\u00e1s PhD<\/td>\n<\/tr>\n<tr>\n<td style=\"width: 610.734px\">Elh\u00faz\u00f3d\u00f3 intenz\u00edv oszt\u00e1lyos kezel\u00e9s k\u00f6vetkezm\u00e9nyeinek vizsg\u00e1lata<\/td>\n<td style=\"width: 296.891px\">Dr. Tur\u00f3czi Zsolt PhD<\/td>\n<\/tr>\n<tr>\n<td style=\"width: 610.734px\">Mechanikus kering\u00e9st\u00e1mogat\u00e1s okozta sz\u00f6v\u0151dm\u00e9nyek cs\u00f6kkent\u00e9si lehet\u0151s\u00e9gei<\/td>\n<td style=\"width: 296.891px\">Dr. Tur\u00f3czi Zsolt PhD<\/td>\n<\/tr>\n<tr>\n<td style=\"width: 610.734px\">Dogm\u00e1k \u00e9s paradigm\u00e1k kritikus vizsg\u00e1lata az aneszt\u00e9zi\u00e1ban \u00e9s az intenz\u00edv ter\u00e1pi\u00e1ban<\/td>\n<td style=\"width: 296.891px\">Dr. Tur\u00f3czi Zsolt PhD<\/td>\n<\/tr>\n<tr>\n<td style=\"width: 610.734px\">Perioperat\u00edv f\u00e1jdalomcsillap\u00edt\u00e1s<\/td>\n<td style=\"width: 296.891px\">Prof.Dr. Zima Endre, Dr. Brenner D\u00e1vid<\/td>\n<\/tr>\n<tr>\n<td style=\"width: 610.734px\">Alapszint\u0171 \u00fajra\u00e9leszt\u00e9s oktat\u00e1s serd\u00fcl\u0151knek &#8211; m\u00f3dszertan, szervez\u00e9s, implement\u00e1ci\u00f3<\/td>\n<td style=\"width: 296.891px\">Prof.Dr.Zima Endre, Dr. Kov\u00e1cs Enik\u0151, Dr. Frit\u00faz G\u00e1bor,\u00a0<\/td>\n<\/tr>\n<tr>\n<td style=\"width: 610.734px\">Pre- \u00e9s intrahospitalis \u00fajra\u00e9leszt\u00e9s: defibrill\u00e1ci\u00f3-hat\u00e9konys\u00e1g n\u00f6vel\u00e9s\u00e9nek aspektusai<\/td>\n<td style=\"width: 296.891px\">Prof.Dr. Zima Endre, Dr. Ma\u00e1r Csaba\u00a0<\/td>\n<\/tr>\n<tr>\n<td style=\"width: 610.734px\">Pre- \u00e9s intrahospitalis \u00fajra\u00e9leszt\u00e9s sikeress\u00e9g\u00e9nek meghat\u00e1roz\u00f3 faktorai<\/td>\n<td style=\"width: 296.891px\">Prof.Dr. Zima Endre, Dr. Ma\u00e1r Csaba\u00a0<\/td>\n<\/tr>\n<tr>\n<td style=\"width: 610.734px\">Magyarorsz\u00e1gi posztreszuszcit\u00e1ci\u00f3s protokolliz\u00e1ci\u00f3 \u00e9s gyakorlati megval\u00f3s\u00edt\u00e1s<\/td>\n<td style=\"width: 296.891px\">Prof.Dr. Zima Endre, Dr. Szvath Petra , Dr. Kov\u00e1cs Enik\u0151<\/td>\n<\/tr>\n<tr>\n<td style=\"width: 610.734px\">ECPR magyarorsz\u00e1gi megval\u00f3s\u00edt\u00e1s\u00e1nak lehet\u0151s\u00e9gei.<\/td>\n<td style=\"width: 296.891px\">Dr. Kov\u00e1cs Enik\u0151<\/td>\n<\/tr>\n<tr>\n<td style=\"width: 610.734px\"><span data-olk-copy-source=\"MessageBody\">A hagyom\u00e1nyos \u00e9s emeltszint\u0171 hemodinamikai monitoroz\u00e1s hat\u00e9konys\u00e1g\u00e1nak \u00e9s biztons\u00e1goss\u00e1g\u00e1nak vizsg\u00e1lata sokkos betegekn\u00e9l.<\/span><\/td>\n<td style=\"width: 296.891px\">Dr. Zubek L\u00e1szl\u00f3<\/td>\n<\/tr>\n<tr>\n<td style=\"width: 610.734px\"><span data-olk-copy-source=\"MessageBody\">K\u00f6vet\u00e9ses oscillometria felhaszn\u00e1l\u00e1sa a kr\u00f3nikus t\u00fcd\u0151 allograft diszfunkci\u00f3 (CLAD) felismer\u00e9s\u00e9ben<\/span><\/td>\n<td style=\"width: 296.891px\">Prof.Dr. Hantos Zolt\u00e1n<\/td>\n<\/tr>\n<tr>\n<td style=\"width: 610.734px\"><span data-olk-copy-source=\"MessageBody\">Perioperat\u00edv care of paediatric renal transplant patients<\/span><\/td>\n<td style=\"width: 296.891px\">Dr. F\u00fcle Bal\u00e1zs<\/td>\n<\/tr>\n<\/tbody>\n<\/table>\n","protected":false},"excerpt":{"rendered":"<p>Rektori p\u00e1lyat\u00e9tel c\u00edme Konzulens A kr\u00f3nikus kritikus \u00e1llapot\u00fa betegek endokrin v\u00e1ltoz\u00e1sai Dr. Holndonner-Kirst Enik\u0151 PhD A kr\u00f3nikus kritikus \u00e1llapot metabolikus jellemz\u0151i Dr. Holndonner-Kirst Enik\u0151 PhD A Legionella pneumophila okozta pneumonia gyakoris\u00e1ga, diagnosztikai neh\u00e9zs\u00e9gei \u00e9s kimenetele az intenz\u00edv oszt\u00e1lyon Dr. K\u00e1llai Andr\u00e1s PhD A l\u00e9gz\u0151rendszer mechanikus tulajdons\u00e1gainak v\u00e1ltoz\u00e1sa l\u00e9gz\u00e9si el\u00e9gtelens\u00e9gben Dr. Lorx Andr\u00e1s PhD A m\u00e1j-diszfunkci\u00f3 &hellip;<\/p>\n","protected":false},"author":101992,"featured_media":0,"parent":7061,"menu_order":0,"comment_status":"closed","ping_status":"closed","template":"","meta":{"_acf_changed":false,"footnotes":""},"categories":[10],"tags":[],"class_list":["post-8424","page","type-page","status-publish","hentry","category-kutatas"],"acf":[],"_links":{"self":[{"href":"https:\/\/semmelweis.hu\/aneszteziologia\/wp-json\/wp\/v2\/pages\/8424","targetHints":{"allow":["GET"]}}],"collection":[{"href":"https:\/\/semmelweis.hu\/aneszteziologia\/wp-json\/wp\/v2\/pages"}],"about":[{"href":"https:\/\/semmelweis.hu\/aneszteziologia\/wp-json\/wp\/v2\/types\/page"}],"author":[{"embeddable":true,"href":"https:\/\/semmelweis.hu\/aneszteziologia\/wp-json\/wp\/v2\/users\/101992"}],"replies":[{"embeddable":true,"href":"https:\/\/semmelweis.hu\/aneszteziologia\/wp-json\/wp\/v2\/comments?post=8424"}],"version-history":[{"count":11,"href":"https:\/\/semmelweis.hu\/aneszteziologia\/wp-json\/wp\/v2\/pages\/8424\/revisions"}],"predecessor-version":[{"id":9314,"href":"https:\/\/semmelweis.hu\/aneszteziologia\/wp-json\/wp\/v2\/pages\/8424\/revisions\/9314"}],"up":[{"embeddable":true,"href":"https:\/\/semmelweis.hu\/aneszteziologia\/wp-json\/wp\/v2\/pages\/7061"}],"wp:attachment":[{"href":"https:\/\/semmelweis.hu\/aneszteziologia\/wp-json\/wp\/v2\/media?parent=8424"}],"wp:term":[{"taxonomy":"category","embeddable":true,"href":"https:\/\/semmelweis.hu\/aneszteziologia\/wp-json\/wp\/v2\/categories?post=8424"},{"taxonomy":"post_tag","embeddable":true,"href":"https:\/\/semmelweis.hu\/aneszteziologia\/wp-json\/wp\/v2\/tags?post=8424"}],"curies":[{"name":"wp","href":"https:\/\/api.w.org\/{rel}","templated":true}]}}