{"id":8418,"date":"2022-05-24T10:42:09","date_gmt":"2022-05-24T08:42:09","guid":{"rendered":"https:\/\/semmelweis.hu\/aneszteziologia\/?page_id=8418"},"modified":"2025-04-28T14:25:11","modified_gmt":"2025-04-28T12:25:11","slug":"rektori-palyamunka-mint-szakdolgozat","status":"publish","type":"page","link":"https:\/\/semmelweis.hu\/aneszteziologia\/kutatas\/szakdolgozatok\/informacio\/rektori-palyamunka-mint-szakdolgozat\/","title":{"rendered":"Rektori p\u00e1lyamunka mint szakdolgozat"},"content":{"rendered":"<p style=\"text-align: center\"><span style=\"font-size: 18pt\"><strong>Rektori p\u00e1lyamunka mint szakdolgozat<\/strong><\/span><\/p>\n<p><strong>56\/2020 (IV.21.) sz\u00e1m\u00fa szab\u00e1lyzat egyes, a hallgat\u00f3k r\u00e9sz\u00e9re jutalomd\u00edjjal j\u00e1r\u00f3 p\u00e1ly\u00e1zatokr\u00f3l<\/strong><\/p>\n<p style=\"text-align: justify\">(10) A d\u00edjjal jutalmazott rektori p\u00e1lyamunk\u00e1kat a t\u00e9ma szerint illet\u00e9kes oktat\u00e1si-kutat\u00e1si szervezeti egys\u00e9g vezet\u0151j\u00e9nek javaslata\u00a0 alapj\u00e1n a d\u00e9k\u00e1n jeles b\u00edr\u00e1lati javaslat\u00fa szakdolgozatnak\u00a0 fogadhatja el, amennyiben ezt a hallgat\u00f3 a tanulm\u00e1nyi oszt\u00e1lyon beny\u00fajtott k\u00e9rv\u00e9nyben k\u00e9ri.<\/p>\n<p style=\"text-align: justify\">(11) Osztatlan\u00a0mesterk\u00e9pz\u00e9sben r\u00e9sztvev\u0151 hallgat\u00f3k sz\u00e1m\u00e1ra a dics\u00e9rettel jutalmazott rektori p\u00e1lyamunk\u00e1kat a t\u00e9ma szerint illet\u00e9kes oktat\u00e1si-kutat\u00e1si szervezeti egys\u00e9g vezet\u0151j\u00e9nek javaslata alapj\u00e1n a d\u00e9k\u00e1n jeles b\u00edr\u00e1lati javaslat\u00fa szakdolgozatnak fogadhatja el, amennyiben ezt a hallgat\u00f3 a tanulm\u00e1nyi oszt\u00e1lyon beny\u00fajtott k\u00e9rv\u00e9nyben k\u00e9ri.<\/p>\n<p style=\"text-align: justify\">(13) A szakdolgozatk\u00e9nt befogadott rektori p\u00e1lyamunk\u00e1kat a TVSZ 45. \u00a7 (21) bekezd\u00e9se szerint v\u00e9d\u00e9sre kell bocs\u00e1tani.<\/p>\n<p style=\"text-align: justify\">(14)A (10)\u2013(11) bekezd\u00e9sek szerint jutalmazott rektori p\u00e1lyamunk\u00e1kra a TVSZ 45. \u00a7 (6)-(8) bekezd\u00e9seiben szerepl\u0151 el\u0151\u00edr\u00e1sok nem vonatkoznak.<\/p>\n<p style=\"text-align: justify\">Elj\u00e1r\u00e1si rend:<\/p>\n<ol>\n<li style=\"text-align: justify\">a hallgat\u00f3 kit\u00f6lti a d\u00edjjal jutalmazott (helyezett vagy dics\u00e9rettel \u00e9rt\u00e9kelt) p\u00e1lyamunka szakdolgozatk\u00e9nt val\u00f3 elfogad\u00e1s\u00e1ra vonatkoz\u00f3\u00a0<a href=\"https:\/\/semmelweis.hu\/aneszteziologia\/files\/2022\/05\/Kerveny-Diplomamunka-keszites-aloli-mentesseg-rektori-palyamunka.docx\" target=\"_blank\" rel=\"noopener\"><strong>k\u00e9rv\u00e9nyt<\/strong><\/a><\/li>\n<li style=\"text-align: justify\">a fenti k\u00e9rv\u00e9nyt eljuttatja az int\u00e9zet vezet\u0151j\u00e9hez, aki vagy elutas\u00edtja a k\u00e9r\u00e9st, vagy t\u00e1mogatja, \u00e9s a k\u00e9rv\u00e9nyt al\u00e1\u00edr\u00e1s\u00e1val \u00e9s az Int\u00e9zet pecs\u00e9tj\u00e9vel l\u00e1tja el<\/li>\n<li style=\"text-align: justify\">az \u00edgy aj\u00e1nlott k\u00e9rv\u00e9nyt a hallgat\u00f3 eljuttatja a kar D\u00e9k\u00e1ni Hivatal\u00e1ba, ahol a d\u00e9k\u00e1n sz\u00e1nd\u00e9ka szerint vagy elutas\u00edtja, vagy t\u00e1mogatja (\u00e9s ez esetben jeles b\u00edr\u00e1lati jegyet javasol) a szakdolgozatk\u00e9nt elfogadott munk\u00e1t.<\/li>\n<li style=\"text-align: justify\">a kit\u00f6lt\u00f6tt <strong style=\"font-size: 1rem\">szakdolgozati c\u00edmbejelent\u0151 lap<\/strong><span style=\"font-size: 1rem\"> \u00e9s az al\u00e1\u00edrt, <\/span><strong style=\"font-size: 1rem\">enged\u00e9lyezett k\u00e9rv\u00e9ny<\/strong><span style=\"font-size: 1rem\">\u00a0<\/span><strong style=\"font-size: 1rem\">elektronikus m\u00e1solat\u00e1<\/strong><span style=\"font-size: 1rem\">t a hallgat\u00f3 k\u00f6teles az \u00fcgyint\u00e9z\u0151nek a <a href=\"mailto:horvathne.banfalvi.aniko@semmelweis.hu\">horvathne.banfalvi.aniko@semmelweis.hu <\/a><\/span><span style=\"font-size: 1rem\">\u00a0e-mail c\u00edmre megk\u00fcldeni, hogy a dolgozat szakdolgozatk\u00e9nt is r\u00f6gz\u00edt\u00e9sre ker\u00fclhessen\u00a0 a Neptun rendszerben is.<\/span><\/li>\n<\/ol>\n","protected":false},"excerpt":{"rendered":"<p>Rektori p\u00e1lyamunka mint szakdolgozat 56\/2020 (IV.21.) sz\u00e1m\u00fa szab\u00e1lyzat egyes, a hallgat\u00f3k r\u00e9sz\u00e9re jutalomd\u00edjjal j\u00e1r\u00f3 p\u00e1ly\u00e1zatokr\u00f3l (10) A d\u00edjjal jutalmazott rektori p\u00e1lyamunk\u00e1kat a t\u00e9ma szerint illet\u00e9kes oktat\u00e1si-kutat\u00e1si szervezeti egys\u00e9g vezet\u0151j\u00e9nek javaslata\u00a0 alapj\u00e1n a d\u00e9k\u00e1n jeles b\u00edr\u00e1lati javaslat\u00fa szakdolgozatnak\u00a0 fogadhatja el, amennyiben ezt a hallgat\u00f3 a tanulm\u00e1nyi oszt\u00e1lyon beny\u00fajtott k\u00e9rv\u00e9nyben k\u00e9ri. (11) Osztatlan\u00a0mesterk\u00e9pz\u00e9sben r\u00e9sztvev\u0151 hallgat\u00f3k sz\u00e1m\u00e1ra a &hellip;<\/p>\n","protected":false},"author":101992,"featured_media":0,"parent":8412,"menu_order":0,"comment_status":"closed","ping_status":"closed","template":"","meta":{"_acf_changed":false,"footnotes":""},"categories":[10,9],"tags":[],"class_list":["post-8418","page","type-page","status-publish","hentry","category-kutatas","category-oktatas"],"acf":[],"_links":{"self":[{"href":"https:\/\/semmelweis.hu\/aneszteziologia\/wp-json\/wp\/v2\/pages\/8418","targetHints":{"allow":["GET"]}}],"collection":[{"href":"https:\/\/semmelweis.hu\/aneszteziologia\/wp-json\/wp\/v2\/pages"}],"about":[{"href":"https:\/\/semmelweis.hu\/aneszteziologia\/wp-json\/wp\/v2\/types\/page"}],"author":[{"embeddable":true,"href":"https:\/\/semmelweis.hu\/aneszteziologia\/wp-json\/wp\/v2\/users\/101992"}],"replies":[{"embeddable":true,"href":"https:\/\/semmelweis.hu\/aneszteziologia\/wp-json\/wp\/v2\/comments?post=8418"}],"version-history":[{"count":4,"href":"https:\/\/semmelweis.hu\/aneszteziologia\/wp-json\/wp\/v2\/pages\/8418\/revisions"}],"predecessor-version":[{"id":9260,"href":"https:\/\/semmelweis.hu\/aneszteziologia\/wp-json\/wp\/v2\/pages\/8418\/revisions\/9260"}],"up":[{"embeddable":true,"href":"https:\/\/semmelweis.hu\/aneszteziologia\/wp-json\/wp\/v2\/pages\/8412"}],"wp:attachment":[{"href":"https:\/\/semmelweis.hu\/aneszteziologia\/wp-json\/wp\/v2\/media?parent=8418"}],"wp:term":[{"taxonomy":"category","embeddable":true,"href":"https:\/\/semmelweis.hu\/aneszteziologia\/wp-json\/wp\/v2\/categories?post=8418"},{"taxonomy":"post_tag","embeddable":true,"href":"https:\/\/semmelweis.hu\/aneszteziologia\/wp-json\/wp\/v2\/tags?post=8418"}],"curies":[{"name":"wp","href":"https:\/\/api.w.org\/{rel}","templated":true}]}}