{"id":8412,"date":"2022-05-24T10:23:30","date_gmt":"2022-05-24T08:23:30","guid":{"rendered":"https:\/\/semmelweis.hu\/aneszteziologia\/?page_id=8412"},"modified":"2025-04-28T14:17:16","modified_gmt":"2025-04-28T12:17:16","slug":"informacio","status":"publish","type":"page","link":"https:\/\/semmelweis.hu\/aneszteziologia\/kutatas\/szakdolgozatok\/informacio\/","title":{"rendered":"Inform\u00e1ci\u00f3 szakdolgozatr\u00f3l"},"content":{"rendered":"<p>Inform\u00e1ci\u00f3 szakdolgozattal kapcsolatban:<\/p>\n<ul>\n<li style=\"text-align: justify\"><a href=\"https:\/\/semmelweis.hu\/aok\/oktatas\/szakdolgozat\/\" target=\"_blank\" rel=\"noopener\">Szakdolgozat elk\u00e9sz\u00edt\u00e9s\u00e9nek rendje, let\u00f6lthet\u0151 dokumentumok <\/a>[szakdolgozati c\u00edmbejelent\u0151 lap, pl\u00e1gium nyilatkozat, t\u00e1j\u00e9koztat\u00f3 pl\u00e1gium nyilatkozatr\u00f3l, szakdolgozat halaszt\u00e1si k\u00e9relem, rektori p\u00e1lyamunka elfogad\u00e1sa szakdolgozatk\u00e9nt] <em>(oldal alj\u00e1n!)<\/em><\/li>\n<li>szakdolgozati c\u00edmbejelent\u0151 lap bead\u00e1si hat\u00e1rideje <em>(AITT fel\u00e9)<\/em>:\u00a0 <span style=\"color: #ff0000\"><strong>j\u00fanius 30.<\/strong><\/span><\/li>\n<li><a href=\"https:\/\/semmelweis.hu\/aneszteziologia\/kutatas\/szakdolgozatok\/informacio\/rektori-palyamunka-mint-szakdolgozat\/\" target=\"_blank\" rel=\"noopener\">Rektori p\u00e1lyamunka mint szakdolgozat<\/a><\/li>\n<\/ul>\n<p>\u00a0 \u00a0 \u00a0 \u00a0 Kontakt: Horv\u00e1thn\u00e9 B\u00e1nfalvi Anik\u00f3<br \/>\n\u00a0 \u00a0 \u00a0 \u00a0 \u00a0 \u00a0 \u00a0 \u00a0\u00a0 \u00a0\u00a0 \u00a0\u00a0 <a href=\"mailto:horvathne.banfalvi.aniko@semmelweis.hu\">horvathne.banfalvi.aniko@semmelweis.hu<\/a><\/p>\n<p>&nbsp;<\/p>\n","protected":false},"excerpt":{"rendered":"<p>Inform\u00e1ci\u00f3 szakdolgozattal kapcsolatban:<\/p>\n<p><a href=\"https:\/\/semmelweis.hu\/aok\/oktatas\/szakdolgozat\/\" target=\"_blank\" rel=\"noopener\">Szakdolgozat elk\u00e9sz\u00edt\u00e9s\u00e9nek rendje, let\u00f6lthet\u0151 dokumentumok <\/a>[szakdolgozati c\u00edmbejelent\u0151 lap, pl\u00e1gium nyilatkozat, t\u00e1j\u00e9koztat\u00f3 pl\u00e1gium nyilatkozatr\u00f3l, szakdolgozat halaszt\u00e1si k\u00e9relem, rektori p\u00e1lyamunka elfogad\u00e1sa szakdolgozatk\u00e9nt] (oldal alj\u00e1n!)<br \/>\nszakdolgozati c\u00edmbejelent\u0151 lap bead\u00e1si hat\u00e1rideje (AITT fel\u00e9):\u00a0 j\u00fanius 30.<br \/>\n<a href=\"https:\/\/semmelweis.hu\/aneszteziologia\/kutatas\/szakdolgozatok\/informacio\/rektori-palyamunka-mint-szakdolgozat\/\" target=\"_blank\" rel=\"noopener\">Rektori p\u00e1lyamunka mint szakdolgozat<\/a><\/p>\n<p>\u00a0 \u00a0 \u00a0 \u00a0 Kontakt: Horv\u00e1thn\u00e9 B\u00e1nfalvi Anik\u00f3<br \/>\n\u00a0 \u00a0 \u00a0 \u00a0 \u00a0 \u00a0 \u00a0 \u00a0\u00a0 \u00a0\u00a0 \u00a0\u00a0 <a href=\"mailto:horvathne.banfalvi.aniko@semmelweis.hu\">horvathne.banfalvi.aniko@semmelweis.hu<\/a><br \/>\n&nbsp;<\/p>\n","protected":false},"author":101992,"featured_media":0,"parent":6295,"menu_order":1,"comment_status":"closed","ping_status":"closed","template":"","meta":{"_acf_changed":false,"footnotes":""},"categories":[10,9],"tags":[],"class_list":["post-8412","page","type-page","status-publish","hentry","category-kutatas","category-oktatas"],"acf":[],"_links":{"self":[{"href":"https:\/\/semmelweis.hu\/aneszteziologia\/wp-json\/wp\/v2\/pages\/8412","targetHints":{"allow":["GET"]}}],"collection":[{"href":"https:\/\/semmelweis.hu\/aneszteziologia\/wp-json\/wp\/v2\/pages"}],"about":[{"href":"https:\/\/semmelweis.hu\/aneszteziologia\/wp-json\/wp\/v2\/types\/page"}],"author":[{"embeddable":true,"href":"https:\/\/semmelweis.hu\/aneszteziologia\/wp-json\/wp\/v2\/users\/101992"}],"replies":[{"embeddable":true,"href":"https:\/\/semmelweis.hu\/aneszteziologia\/wp-json\/wp\/v2\/comments?post=8412"}],"version-history":[{"count":10,"href":"https:\/\/semmelweis.hu\/aneszteziologia\/wp-json\/wp\/v2\/pages\/8412\/revisions"}],"predecessor-version":[{"id":9257,"href":"https:\/\/semmelweis.hu\/aneszteziologia\/wp-json\/wp\/v2\/pages\/8412\/revisions\/9257"}],"up":[{"embeddable":true,"href":"https:\/\/semmelweis.hu\/aneszteziologia\/wp-json\/wp\/v2\/pages\/6295"}],"wp:attachment":[{"href":"https:\/\/semmelweis.hu\/aneszteziologia\/wp-json\/wp\/v2\/media?parent=8412"}],"wp:term":[{"taxonomy":"category","embeddable":true,"href":"https:\/\/semmelweis.hu\/aneszteziologia\/wp-json\/wp\/v2\/categories?post=8412"},{"taxonomy":"post_tag","embeddable":true,"href":"https:\/\/semmelweis.hu\/aneszteziologia\/wp-json\/wp\/v2\/tags?post=8412"}],"curies":[{"name":"wp","href":"https:\/\/api.w.org\/{rel}","templated":true}]}}