{"id":8409,"date":"2022-05-24T10:09:16","date_gmt":"2022-05-24T08:09:16","guid":{"rendered":"https:\/\/semmelweis.hu\/aneszteziologia\/?page_id=8409"},"modified":"2025-06-24T14:05:17","modified_gmt":"2025-06-24T12:05:17","slug":"szakdolgozat-cimlista","status":"publish","type":"page","link":"https:\/\/semmelweis.hu\/aneszteziologia\/kutatas\/szakdolgozatok\/szakdolgozat-cimlista\/","title":{"rendered":"Szakdolgozat c\u00edmlista"},"content":{"rendered":"<div class=\"entry-content\">\n<p style=\"text-align: center\"><strong>SZAKDOLGOZAT C\u00cdMLISTA<\/strong><\/p>\n<\/div>\n<div class=\"entry-content\">\n<p><strong>Egy\u00e9b t\u00e9ma is feldolgozhat\u00f3, a ki\u00edrt c\u00edmt\u0151l, illetve a konzulens szem\u00e9ly\u00e9t\u0151l el\u0151zetes megbesz\u00e9l\u00e9s alapj\u00e1n el lehet t\u00e9rni.<\/strong><\/p>\n<\/div>\n<table style=\"width: 73.413%\" width=\"701\">\n<tbody>\n<tr>\n<td style=\"width: 71.9198%\" width=\"505\">Obesitas az intenz\u00edv oszt\u00e1lyon<\/td>\n<td style=\"width: 39.4048%\" width=\"196\">Dr. Baglyas Szabolcs<\/td>\n<\/tr>\n<tr>\n<td style=\"width: 71.9198%\" width=\"505\">A min\u0151s\u00e9gbiztos\u00edt\u00e1s szerepe az intenz\u00edv ter\u00e1pi\u00e1ban<\/td>\n<td style=\"width: 39.4048%\" width=\"196\">Dr. \u00c9l\u0151 G\u00e1bor<\/td>\n<\/tr>\n<tr>\n<td style=\"width: 71.9198%\" width=\"505\">A perkut\u00e1n tracheoszt\u00f3mia helye az intenz\u00edv ter\u00e1pi\u00e1ban<\/td>\n<td style=\"width: 39.4048%\" width=\"196\">Dr. \u00c9l\u0151 G\u00e1bor<\/td>\n<\/tr>\n<tr>\n<td style=\"width: 71.9198%\" width=\"505\">Az \u00fajra\u00e9leszt\u00e9s etikai \u00e9s jogi vonatkoz\u00e1sai, DNAR<\/td>\n<td style=\"width: 39.4048%\" width=\"196\">Dr. \u00c9l\u0151 G\u00e1bor<\/td>\n<\/tr>\n<tr>\n<td style=\"width: 71.9198%\" width=\"505\">\u00c9letmin\u0151s\u00e9g vizsg\u00e1latok intenz\u00edv oszt\u00e1lyon<\/td>\n<td style=\"width: 39.4048%\" width=\"196\">Dr. \u00c9l\u0151 G\u00e1bor<\/td>\n<\/tr>\n<tr>\n<td style=\"width: 71.9198%\" width=\"505\">\u00c9letv\u00e9gi d\u00f6nt\u00e9sek intenz\u00edv oszt\u00e1lyon<\/td>\n<td style=\"width: 39.4048%\" width=\"196\">Dr. \u00c9l\u0151 G\u00e1bor<\/td>\n<\/tr>\n<tr>\n<td style=\"width: 71.9198%\" width=\"505\">Betegbiztons\u00e1g az aneszt\u00e9zi\u00e1ban<\/td>\n<td style=\"width: 39.4048%\" width=\"196\">Dr. \u00c9l\u0151 G\u00e1bor<\/td>\n<\/tr>\n<tr>\n<td style=\"width: 71.9198%\" width=\"505\">Alszik vagy csak nem reag\u00e1l?\u00a0<\/td>\n<td style=\"width: 39.4048%\" width=\"196\">Dr. F\u00e1bry Szabolcs<\/td>\n<\/tr>\n<tr>\n<td style=\"width: 71.9198%\" width=\"505\">V\u00e9ralvad\u00e1s management\u00a0<\/td>\n<td style=\"width: 39.4048%\" width=\"196\">Dr. Fazakas J\u00e1nos<\/td>\n<\/tr>\n<tr>\n<td style=\"width: 71.9198%\" width=\"505\">Kommunik\u00e1ci\u00f3 az intenz\u00edv oszt\u00e1lyon<\/td>\n<td style=\"width: 39.4048%\" width=\"196\">Dr. Frit\u00faz G\u00e1bor<\/td>\n<\/tr>\n<tr>\n<td style=\"width: 71.9198%\" width=\"505\">Poszttraum\u00e1s stresszzavar intenz\u00edv ter\u00e1pi\u00e1s kezel\u00e9st k\u00f6vet\u0151en<\/td>\n<td style=\"width: 39.4048%\" width=\"196\">Dr. Frit\u00faz G\u00e1bor<\/td>\n<\/tr>\n<tr>\n<td style=\"width: 71.9198%\" width=\"505\">Poszttraum\u00e1s stresszzavar kering\u00e9smeg\u00e1ll\u00e1s ut\u00e1n<\/td>\n<td style=\"width: 39.4048%\" width=\"196\">Dr. Frit\u00faz G\u00e1bor<\/td>\n<\/tr>\n<tr>\n<td style=\"width: 71.9198%\" width=\"505\">Pozit\u00edv szuggeszti\u00f3k alkalmaz\u00e1s\u00e1nak lehet\u0151s\u00e9gei az aneszt\u00e9zi\u00e1ban\/intenz\u00edv ter\u00e1pi\u00e1ban<\/td>\n<td style=\"width: 39.4048%\" width=\"196\">Dr. Frit\u00faz G\u00e1bor<\/td>\n<\/tr>\n<tr>\n<td style=\"width: 71.9198%\" width=\"505\">Ter\u00e1pi\u00e1s hypothermia a postresuscitati\u00f3s ell\u00e1t\u00e1sban<\/td>\n<td style=\"width: 39.4048%\" width=\"196\">Dr. Frit\u00faz G\u00e1bor<\/td>\n<\/tr>\n<tr>\n<td style=\"width: 71.9198%\" width=\"505\">\u00daj lehet\u0151s\u00e9gek a cardiopulmonalis resuscitati\u00f3ban<\/td>\n<td style=\"width: 39.4048%\" width=\"196\">Dr. Frit\u00faz G\u00e1bor<\/td>\n<\/tr>\n<tr>\n<td style=\"width: 71.9198%\" width=\"505\">Gyermek m\u00e1jtranszplant\u00e1ci\u00f3 aneszteziol\u00f3giai \u00e9s intenz\u00edv ter\u00e1pi\u00e1s vonatkoz\u00e1sai<\/td>\n<td style=\"width: 39.4048%\" width=\"196\">Dr. F\u00fcle Bal\u00e1zs Kriszti\u00e1n<\/td>\n<\/tr>\n<tr>\n<td style=\"width: 71.9198%\" width=\"505\">Gyermek vesetranszplant\u00e1ci\u00f3 aneszteziol\u00f3giai \u00e9s intenz\u00edv ter\u00e1pi\u00e1s vonatkoz\u00e1sai<\/td>\n<td style=\"width: 39.4048%\" width=\"196\">Dr. F\u00fcle Bal\u00e1zs Kriszti\u00e1n<\/td>\n<\/tr>\n<tr>\n<td style=\"width: 71.9198%\" width=\"505\">Pancreatitis acuta necrotisans diagnosztik\u00e1j\u00e1nak \u00e9s kezel\u00e9s\u00e9nek intenz\u00edv ter\u00e1pi\u00e1s vonatkoz\u00e1sai<\/td>\n<td style=\"width: 39.4048%\" width=\"196\">Dr. F\u00fcle Bal\u00e1zs Kriszti\u00e1n<\/td>\n<\/tr>\n<tr>\n<td style=\"width: 71.9198%\" width=\"505\">Csecsem\u0151 \u00e9s gyermekaneszt\u00e9zia<\/td>\n<td style=\"width: 39.4048%\" width=\"196\">Dr. G\u0151bl Gergely<\/td>\n<\/tr>\n<tr>\n<td style=\"width: 71.9198%\" width=\"505\">Anesztetikumok hat\u00e1sa a fejl\u0151d\u0151 agyra\/anesztetikumok neurotoxicit\u00e1sa<\/td>\n<td style=\"width: 39.4048%\" width=\"196\">Dr. Hauser Bal\u00e1zs<\/td>\n<\/tr>\n<tr>\n<td style=\"width: 71.9198%\" width=\"505\">Corticosteroidok alkalmaz\u00e1sa az intenz\u00edv ter\u00e1pi\u00e1ban<\/td>\n<td style=\"width: 39.4048%\" width=\"196\">Dr. Hauser Bal\u00e1zs<\/td>\n<\/tr>\n<tr>\n<td style=\"width: 71.9198%\" width=\"505\">Csecsem\u0151 \u00e9s gyermekaneszt\u00e9zia<\/td>\n<td style=\"width: 39.4048%\" width=\"196\">Dr. Hauser Bal\u00e1zs<\/td>\n<\/tr>\n<tr>\n<td style=\"width: 71.9198%\" width=\"505\">Csecsem\u0151 \u00e9s gyermek\u00fajra\u00e9leszt\u00e9s<\/td>\n<td style=\"width: 39.4048%\" width=\"196\">Dr. Hauser Bal\u00e1zs<\/td>\n<\/tr>\n<tr>\n<td style=\"width: 71.9198%\" width=\"505\">Hemosztazeol\u00f3gia az intenz\u00edv oszt\u00e1lyon<\/td>\n<td style=\"width: 39.4048%\" width=\"196\">Dr. Hauser Bal\u00e1zs<\/td>\n<\/tr>\n<tr>\n<td style=\"width: 71.9198%\" width=\"505\">Sz\u00fcl\u0151szobai \u00fajra\u00e9leszt\u00e9s<\/td>\n<td style=\"width: 39.4048%\" width=\"196\">Dr. Hauser Bal\u00e1zs<\/td>\n<\/tr>\n<tr>\n<td style=\"width: 71.9198%\" width=\"505\">Ter\u00e1pi\u00e1s hypothermia a postresuscitati\u00f3s ell\u00e1t\u00e1sban<\/td>\n<td style=\"width: 39.4048%\" width=\"196\">Dr. Hauser Bal\u00e1zs<\/td>\n<\/tr>\n<tr>\n<td style=\"width: 71.9198%\" width=\"505\">Terhess\u00e9ggel kapcsolatos intenz\u00edv ell\u00e1t\u00e1st ig\u00e9nyl\u0151 k\u00f3rk\u00e9pek<\/td>\n<td style=\"width: 39.4048%\" width=\"196\">Dr. Hauser Bal\u00e1zs<\/td>\n<\/tr>\n<tr>\n<td style=\"width: 71.9198%\" width=\"505\">\u00daj lehet\u0151s\u00e9gek a cardiopulmonalis resuscitati\u00f3ban<\/td>\n<td style=\"width: 39.4048%\" width=\"196\">Dr. Hauser Bal\u00e1zs<\/td>\n<\/tr>\n<tr>\n<td style=\"width: 71.9198%\" width=\"505\">V\u00e9ralvad\u00e1s monitoroz\u00e1sa csecsem\u0151 \u00e9s gyermekkorban<\/td>\n<td style=\"width: 39.4048%\" width=\"196\">Dr. Hauser Bal\u00e1zs<\/td>\n<\/tr>\n<tr>\n<td style=\"width: 71.9198%\" width=\"505\">A kr\u00f3nikus kritikus \u00e1llapot defin\u00edci\u00f3ja, jellemz\u0151i, rizik\u00f3faktorai<\/td>\n<td style=\"width: 39.4048%\" width=\"196\">Dr. Holdonner-Kirst Enik\u0151<\/td>\n<\/tr>\n<tr>\n<td style=\"width: 71.9198%\" width=\"505\">A kiterjesztett has\u00fcregi m\u0171t\u00e9ten (CRS) \u00e9s a magas h\u0151m\u00e9rs\u00e9klet\u0171 has\u00fcregi kemoter\u00e1pi\u00e1s kezel\u00e9sen (HIPEC) \u00e1tesett betegek korai posztoperat\u00edv ell\u00e1t\u00e1sa<\/td>\n<td style=\"width: 39.4048%\" width=\"196\">Dr. Holndonner-Kirst Enik\u0151<\/td>\n<\/tr>\n<tr>\n<td style=\"width: 71.9198%\" width=\"505\">V\u00e1rand\u00f3s \u00e9s gyermek\u00e1gyas, intenz\u00edv ell\u00e1t\u00e1st ig\u00e9nyl\u0151 COVID-19 pneum\u00f3ni\u00e1s betegek jellemz\u0151i, ell\u00e1t\u00e1sa<\/td>\n<td style=\"width: 39.4048%\" width=\"196\">Dr. Holndonner-Kirst Enik\u0151<\/td>\n<\/tr>\n<tr>\n<td style=\"width: 71.9198%\" width=\"505\">A cs\u00e1sz\u00e1rmetsz\u00e9s \u00e9rz\u00e9stelen\u00edt\u00e9se<\/td>\n<td style=\"width: 39.4048%\" width=\"196\">Dr. Hupuczi Petronella<\/td>\n<\/tr>\n<tr>\n<td style=\"width: 71.9198%\" width=\"505\">A posztpartum v\u00e9rz\u00e9sek ell\u00e1t\u00e1sa<\/td>\n<td style=\"width: 39.4048%\" width=\"196\">Dr. Hupuczi Petronella<\/td>\n<\/tr>\n<tr>\n<td style=\"width: 71.9198%\" width=\"505\">Sz\u00fcl\u00e9szeti aneszt\u00e9zia<\/td>\n<td style=\"width: 39.4048%\" width=\"196\">Dr. Hupuczi Petronella<\/td>\n<\/tr>\n<tr>\n<td style=\"width: 71.9198%\" width=\"505\">Microangiopathi\u00e1s hemolitikus an\u00e9mi\u00e1k terhess\u00e9gben \u00e9s a sz\u00fcl\u00e9s ut\u00e1ni id\u0151szakban<\/td>\n<td style=\"width: 39.4048%\" width=\"196\">Dr. Hupuczi Petronella<\/td>\n<\/tr>\n<tr>\n<td style=\"width: 71.9198%\" width=\"505\">Peripartum v\u00e9rz\u00e9sek aneszteziol\u00f3giai vonatkoz\u00e1sai<\/td>\n<td style=\"width: 39.4048%\" width=\"196\">Dr. Hupuczi Petronella<\/td>\n<\/tr>\n<tr>\n<td style=\"width: 71.9198%\" width=\"505\">Sz\u00fcl\u00e9si f\u00e1jdalomcsillap\u00edt\u00e1s a XXI. sz\u00e1zadban<\/td>\n<td style=\"width: 39.4048%\" width=\"196\">Dr. Hupuczi Petronella<\/td>\n<\/tr>\n<tr>\n<td style=\"width: 71.9198%\" width=\"505\">Hemosztazeol\u00f3gia az intenz\u00edv oszt\u00e1lyon<\/td>\n<td style=\"width: 39.4048%\" width=\"196\">Dr. K\u00e1llai Andr\u00e1s<\/td>\n<\/tr>\n<tr>\n<td style=\"width: 71.9198%\" width=\"505\">A Legionella pneumophila okozta pneumonia gyakoris\u00e1ga, diagnosztikai neh\u00e9zs\u00e9gei \u00e9s kimenetele az intenz\u00edv oszt\u00e1lyon<\/td>\n<td style=\"width: 39.4048%\" width=\"196\">Dr. K\u00e1llai Andr\u00e1s<\/td>\n<\/tr>\n<tr>\n<td style=\"width: 71.9198%\" width=\"505\">Viszkoelasztikus v\u00e9ralvad\u00e1s monitoriz\u00e1l\u00e1s lehet\u0151s\u00e9gei \u00e9s felhaszn\u00e1l\u00e1sa intenz\u00edv oszt\u00e1lyon<\/td>\n<td style=\"width: 39.4048%\" width=\"196\">Dr. K\u00e1llai Andr\u00e1s<\/td>\n<\/tr>\n<tr>\n<td style=\"width: 71.9198%\" width=\"505\">Az oktat\u00e1s hat\u00e9konys\u00e1g\u00e1nak vizsg\u00e1lata az orvosk\u00e9pz\u00e9sben<\/td>\n<td style=\"width: 39.4048%\" width=\"196\">Dr. Kov\u00e1cs Enik\u0151<\/td>\n<\/tr>\n<tr>\n<td style=\"width: 71.9198%\" width=\"505\">Ter\u00e1pi\u00e1s hypothermia a postresuscitati\u00f3s ell\u00e1t\u00e1sban<\/td>\n<td style=\"width: 39.4048%\" width=\"196\">Dr. Kov\u00e1cs Enik\u0151<\/td>\n<\/tr>\n<tr>\n<td style=\"width: 71.9198%\" width=\"505\">\u00daj lehet\u0151s\u00e9gek a cardiopulmonalis resuscitati\u00f3ban<\/td>\n<td style=\"width: 39.4048%\" width=\"196\">Dr. Kov\u00e1cs Enik\u0151<\/td>\n<\/tr>\n<tr>\n<td style=\"width: 71.9198%\" width=\"505\">A l\u00e9legeztet\u00e9s monitoriz\u00e1l\u00e1sa<\/td>\n<td style=\"width: 39.4048%\" width=\"196\">Dr. Lorx Andr\u00e1s<\/td>\n<\/tr>\n<tr>\n<td style=\"width: 71.9198%\" width=\"505\">A l\u00e9legeztet\u00e9s \u00faj m\u00f3dszerei<\/td>\n<td style=\"width: 39.4048%\" width=\"196\">Dr. Lorx Andr\u00e1s<\/td>\n<\/tr>\n<tr>\n<td style=\"width: 71.9198%\" width=\"505\">A non-invaz\u00edv l\u00e9legeztet\u00e9s szerepe az intenz\u00edv oszt\u00e1lyon<\/td>\n<td style=\"width: 39.4048%\" width=\"196\">Dr. Lorx Andr\u00e1s<\/td>\n<\/tr>\n<tr>\n<td style=\"width: 71.9198%\" width=\"505\">ARDS<\/td>\n<td style=\"width: 39.4048%\" width=\"196\">Dr. Lorx Andr\u00e1s<\/td>\n<\/tr>\n<tr>\n<td style=\"width: 71.9198%\" width=\"505\">A hum\u00e1n mikrobiota v\u00e1ltoz\u00e1s\u00e1nak jelent\u0151s\u00e9ge kritikus \u00e1llapot\u00fa betegekben<\/td>\n<td style=\"width: 39.4048%\" width=\"196\">Dr. Mad\u00e1ch Krisztina<\/td>\n<\/tr>\n<tr>\n<td style=\"width: 71.9198%\" width=\"505\">A septicus beteg ter\u00e1pi\u00e1j\u00e1nak aktu\u00e1lis szempontjai<\/td>\n<td style=\"width: 39.4048%\" width=\"196\">Dr. Mad\u00e1ch Krisztina<\/td>\n<\/tr>\n<tr>\n<td style=\"width: 71.9198%\" width=\"505\">Kritikus betegek klinikai t\u00e1pl\u00e1l\u00e1sa<\/td>\n<td style=\"width: 39.4048%\" width=\"196\">Dr. Mad\u00e1ch Krisztina<\/td>\n<\/tr>\n<tr>\n<td style=\"width: 71.9198%\" width=\"505\">S\u00falyos medence s\u00e9r\u00fcltek perioperat\u00edv ell\u00e1t\u00e1sa<\/td>\n<td style=\"width: 39.4048%\" width=\"196\">Dr. Marics G\u00e1bor<\/td>\n<\/tr>\n<tr>\n<td style=\"width: 71.9198%\" width=\"505\">A betegbiztons\u00e1g preferenci\u00e1j\u00e1nak jelent\u0151s\u00e9ge a politraumatiz\u00e1lt betegek ell\u00e1t\u00e1s\u00e1ban<\/td>\n<td style=\"width: 39.4048%\" width=\"196\">Dr. Marjanek Zsuzsanna<\/td>\n<\/tr>\n<tr>\n<td style=\"width: 71.9198%\" width=\"505\">A koponya\u0171ri nyom\u00e1sfokoz\u00f3d\u00e1s invaz\u00edv\/non-invaz\u00edv monitoriz\u00e1l\u00e1si lehet\u0151s\u00e9gei<\/td>\n<td style=\"width: 39.4048%\" width=\"196\">Dr. Marjanek Zsuzsanna<\/td>\n<\/tr>\n<tr>\n<td style=\"width: 71.9198%\" width=\"505\">A sokk \u00e1llapot hemodinamikai megk\u00f6zel\u00edt\u00e9se,kontrollja politraumatiz\u00e1lt betegeken.<\/td>\n<td style=\"width: 39.4048%\" width=\"196\">Dr. Marjanek Zsuzsanna<\/td>\n<\/tr>\n<tr>\n<td style=\"width: 71.9198%\" width=\"505\">Infekci\u00f3kontroll az intenz\u00edv oszt\u00e1lyon<\/td>\n<td style=\"width: 39.4048%\" width=\"196\">Dr. Mogyor\u00f3di Bence<\/td>\n<\/tr>\n<tr>\n<td style=\"width: 71.9198%\" width=\"505\">Az intenz\u00edv ell\u00e1t\u00e1st ig\u00e9nyl\u0151 beteg antibiotikum ter\u00e1pi\u00e1j\u00e1nak speci\u00e1lis szempontjai<\/td>\n<td style=\"width: 39.4048%\" width=\"196\">Dr. Mogyor\u00f3di Bence<\/td>\n<\/tr>\n<tr>\n<td style=\"width: 71.9198%\" width=\"505\">Nozokomi\u00e1lis infekci\u00f3k az intenz\u00edv oszt\u00e1lyon, epidemiol\u00f3gia, patofiziol\u00f3gia, prevenci\u00f3, ter\u00e1pia<\/td>\n<td style=\"width: 39.4048%\" width=\"196\">Dr. Mogyor\u00f3di Bence<\/td>\n<\/tr>\n<tr>\n<td style=\"width: 71.9198%\" width=\"505\">A s\u00falyos s\u00e9r\u00fcl\u00e9ssel intenz\u00edv oszt\u00e1lyra felvett betegek epidemiol\u00f3giai, ell\u00e1t\u00e1si \u00e9s kimeneteli jellemz\u0151i<\/td>\n<td style=\"width: 39.4048%\" width=\"196\" data-sheets-value=\"{&quot;1&quot;:2,&quot;2&quot;:&quot;Dr. Nardai G\u00e1bor&quot;}\">Dr. Nardai G\u00e1bor<\/td>\n<\/tr>\n<tr>\n<td style=\"width: 71.9198%\">S\u00falyos baleseti s\u00e9r\u00fcltek k\u00e9s\u0151i gyullad\u00e1sos sz\u00f6v\u0151dm\u00e9nyeinek \u00f6sszef\u00fcgg\u00e9se a s\u00e9r\u00fcl\u00e9st jellemz\u0151 param\u00e9terek alakul\u00e1s\u00e1val<\/td>\n<td style=\"width: 39.4048%\">Dr. Nardai G\u00e1bor<\/td>\n<\/tr>\n<tr>\n<td style=\"width: 71.9198%\" width=\"505\">A s\u00falyos baleseti s\u00e9r\u00fcl\u00e9shez t\u00e1rsul\u00f3 gyullad\u00e1sos v\u00e1lasz saj\u00e1toss\u00e1gai<\/td>\n<td style=\"width: 39.4048%\" width=\"196\" data-sheets-value=\"{&quot;1&quot;:2,&quot;2&quot;:&quot;Dr. Nardai G\u00e1bor&quot;}\">Dr. Nardai G\u00e1bor<\/td>\n<\/tr>\n<tr>\n<td style=\"width: 71.9198%\" width=\"505\">Az ultrahang szerepe \u00e9s elterjed\u00e9se a fels\u0151v\u00e9gtagi s\u00e9r\u00fcltek baleseti seb\u00e9szeti anaesthesi\u00e1j\u00e1ban<\/td>\n<td style=\"width: 39.4048%\" width=\"196\">Dr. Nyom\u00e1rkay Krisztina<\/td>\n<\/tr>\n<tr>\n<td style=\"width: 71.9198%\" width=\"505\">A sepsis ter\u00e1pi\u00e1j\u00e1nak \u00fajabb lehet\u0151s\u00e9gei<\/td>\n<td style=\"width: 39.4048%\" width=\"196\">Dr. Papp M\u00e1rton<\/td>\n<\/tr>\n<tr>\n<td style=\"width: 71.9198%\" width=\"505\">A szepszis patofiziol\u00f3gi\u00e1ja, neutrofil aktiv\u00e1ci\u00f3, gyullad\u00e1sos medi\u00e1torok szerepe a szepszis kialakul\u00e1s\u00e1ban<\/td>\n<td style=\"width: 39.4048%\" width=\"196\">Dr. Papp M\u00e1rton<\/td>\n<\/tr>\n<tr>\n<td style=\"width: 71.9198%\" width=\"505\">F\u00e1jdalom patofiziol\u00f3gi\u00e1ja, kezel\u00e9se<\/td>\n<td style=\"width: 39.4048%\" width=\"196\">Dr. R\u00e1cz Gergely<\/td>\n<\/tr>\n<tr>\n<td style=\"width: 71.9198%\" width=\"505\">Neuromonitoring az \u00e9rseb\u00e9szetben<\/td>\n<td style=\"width: 39.4048%\" width=\"196\">Dr. S\u00e1ndor \u00c1gnes<\/td>\n<\/tr>\n<tr>\n<td style=\"width: 71.9198%\" width=\"505\">A vesetranszplant\u00e1ci\u00f3 aneszteziol\u00f3giai vonatkoz\u00e1sa<\/td>\n<td style=\"width: 39.4048%\" width=\"196\">Dr. Smudla Anik\u00f3<\/td>\n<\/tr>\n<tr>\n<td style=\"width: 71.9198%\" width=\"505\">\u00c9l\u0151don\u00e1ci\u00f3 pszichoszoci\u00e1lis vonatkoz\u00e1sai<\/td>\n<td style=\"width: 39.4048%\" width=\"196\">Dr. Smudla Anik\u00f3<\/td>\n<\/tr>\n<tr>\n<td style=\"width: 71.9198%\" width=\"505\">Invaz\u00edv gombafert\u0151z\u00e9sek az intenz\u00edv oszt\u00e1lyon<\/td>\n<td style=\"width: 39.4048%\" width=\"196\">Dr. Smudla Anik\u00f3<\/td>\n<\/tr>\n<tr>\n<td style=\"width: 71.9198%\" width=\"505\">M\u00e1jrecipiensek \u00e9letmin\u0151s\u00e9g\u00e9t befoly\u00e1sol\u00f3 t\u00e9nyez\u0151k vizsg\u00e1lata<\/td>\n<td style=\"width: 39.4048%\" width=\"196\">Dr. Smudla Anik\u00f3<\/td>\n<\/tr>\n<tr>\n<td style=\"width: 71.9198%\" width=\"505\">Pszichoszoci\u00e1lis faktorok szerepe az intenz\u00edv oszt\u00e1lyos tart\u00f3zkod\u00e1sban<\/td>\n<td style=\"width: 39.4048%\" width=\"196\">Prof. Dr. Sz\u00e9kely Andrea<\/td>\n<\/tr>\n<tr>\n<td style=\"width: 71.9198%\" width=\"505\">Pszichoszoci\u00e1lis v\u00e1ltoz\u00e1sok intenz\u00edv oszt\u00e1lyos tart\u00f3zkod\u00e1s ut\u00e1n ill. sz\u00f6v\u0151dm\u00e9nyes seb\u00e9szeti beavatkoz\u00e1sok ut\u00e1n<\/td>\n<td style=\"width: 39.4048%\" width=\"196\">Dr. Sz\u00e9kely Andrea<\/td>\n<\/tr>\n<tr>\n<td style=\"width: 71.9198%\" width=\"505\">Csecsem\u0151 \u00e9s gyermekaneszt\u00e9zia<\/td>\n<td style=\"width: 39.4048%\" width=\"196\">Dr. T\u00f6vish\u00e1zi Gyula<\/td>\n<\/tr>\n<tr>\n<td style=\"width: 71.9198%\" width=\"505\">A csecsem\u0151 \u00e9s gyermekkor region\u00e1lis aneszt\u00e9ziai vonatkoz\u00e1sai<\/td>\n<td style=\"width: 39.4048%\" width=\"196\">Dr. Z\u00e1ch L\u00e1szl\u00f3<\/td>\n<\/tr>\n<tr>\n<td style=\"width: 71.9198%\" width=\"505\">A myocardialis infarktus kezel\u00e9s\u00e9nek \u00fajabb lehet\u0151s\u00e9gei<\/td>\n<td style=\"width: 39.4048%\" width=\"196\">Dr. Zubek L\u00e1szl\u00f3<\/td>\n<\/tr>\n<tr>\n<td style=\"width: 71.9198%\" width=\"505\">Mellkasi f\u00e1jdalom differenci\u00e1l diagn\u00f3zisa<\/td>\n<td style=\"width: 39.4048%\" width=\"196\">Dr. Zubek L\u00e1szl\u00f3<\/td>\n<\/tr>\n<tr>\n<td style=\"width: 71.9198%\" width=\"505\">Cardiogen shock korszer\u0171 ter\u00e1pi\u00e1ja<\/td>\n<td style=\"width: 39.4048%\" width=\"196\">Dr. Zubek L\u00e1szl\u00f3<\/td>\n<\/tr>\n<tr>\n<td style=\"width: 71.9198%\" width=\"505\">Diabeteses anyagcsere kr\u00edzisek<\/td>\n<td style=\"width: 39.4048%\" width=\"196\">Dr. Zubek L\u00e1szl\u00f3<\/td>\n<\/tr>\n<tr>\n<td style=\"width: 71.9198%\" width=\"505\">Hemodinamikai monitoroz\u00e1s<\/td>\n<td style=\"width: 39.4048%\" width=\"196\">Dr. Zubek L\u00e1szl\u00f3<\/td>\n<\/tr>\n<tr>\n<td style=\"width: 71.9198%\" width=\"505\">\u00c9letv\u00e9gi d\u00f6nt\u00e9sek intenz\u00edv oszt\u00e1lyon<\/td>\n<td style=\"width: 39.4048%\" width=\"196\">Dr. Zubek L\u00e1szl\u00f3<\/td>\n<\/tr>\n<tr>\n<td style=\"width: 71.9198%\" width=\"505\">Pulmon\u00e1lis hipert\u00f3nia<\/td>\n<td style=\"width: 39.4048%\" width=\"196\">Dr. Zubek L\u00e1szl\u00f3<\/td>\n<\/tr>\n<tr>\n<td style=\"width: 71.9198%\" width=\"505\">Toxikol\u00f3giai intenz\u00edv ter\u00e1pia<\/td>\n<td style=\"width: 39.4048%\" width=\"196\">Dr. Zubek L\u00e1szl\u00f3<\/td>\n<\/tr>\n<tr>\n<td style=\"width: 71.9198%\" width=\"505\">V\u00e9rtiszt\u00edt\u00f3 elj\u00e1r\u00e1sok az intenz\u00edv ter\u00e1pi\u00e1ban<\/td>\n<td style=\"width: 39.4048%\" width=\"196\">Dr. Zubek L\u00e1szl\u00f3<\/td>\n<\/tr>\n<tr>\n<td style=\"width: 71.9198%\" width=\"505\">Az aspir\u00e1ci\u00f3 diagnosztik\u00e1ja \u00e9s megel\u0151z\u00e9se az intenz\u00edv oszt\u00e1lyon<\/td>\n<td style=\"width: 39.4048%\" width=\"196\">Dr. Zubek L\u00e1szl\u00f3<\/td>\n<\/tr>\n<tr>\n<td style=\"width: 71.9198%\" width=\"505\">Ultrahang vizsg\u00e1latok az intenz\u00edv oszt\u00e1lyon<\/td>\n<td style=\"width: 39.4048%\" width=\"196\">Dr. Zubek L\u00e1szl\u00f3<\/td>\n<\/tr>\n<tr>\n<td style=\"width: 71.9198%\" width=\"505\">Endothel v\u00e9delem szeptikus shockban\/extracorporalis citokin elt\u00e1vol\u00edt\u00e1s<\/td>\n<td style=\"width: 39.4048%\" width=\"196\">Prof. Dr. Moln\u00e1r Zsolt<\/td>\n<\/tr>\n<tr>\n<td style=\"width: 71.9198%\" width=\"505\">Procalcitonin kinetika \u00e9s infekci\u00f3 ell\u00e1t\u00e1s az ITO-n<\/td>\n<td style=\"width: 39.4048%\" width=\"196\">Prof. Dr. Moln\u00e1r Zsolt<\/td>\n<\/tr>\n<tr>\n<td style=\"width: 71.9198%\" width=\"505\">Intraoperat\u00edv multimodalis individualiz\u00e1lt hemodinamikai t\u00e1mogat\u00e1s magas rizik\u00f3j\u00fa seb\u00e9szeti betegeken\u00a0<\/td>\n<td style=\"width: 39.4048%\" width=\"196\">Prof. Dr. Moln\u00e1r Zsolt<\/td>\n<\/tr>\n<tr>\n<td style=\"width: 71.9198%\" width=\"505\">Frailty a sz\u00edv-, \u00e9rseb\u00e9szetben<\/td>\n<td style=\"width: 39.4048%\" width=\"196\">Prof. Dr. Sz\u00e9kely Andrea<\/td>\n<\/tr>\n<tr>\n<td style=\"width: 71.9198%\" width=\"505\">Neuromonitoring az \u00e9rseb\u00e9szetben<\/td>\n<td style=\"width: 39.4048%\" width=\"196\">Prof. Dr. Sz\u00e9kely Andrea<\/td>\n<\/tr>\n<tr>\n<td style=\"width: 71.9198%\" width=\"505\">Non-technical skills az oktat\u00e1sban<\/td>\n<td style=\"width: 39.4048%\" width=\"196\">Prof. Dr. Sz\u00e9kely Andrea<\/td>\n<\/tr>\n<tr>\n<td style=\"width: 71.9198%\" width=\"505\">Transzplant\u00e1ci\u00f3 \u00e9s autoimmun\/immun folyamatok<\/td>\n<td style=\"width: 39.4048%\" width=\"196\">Prof. Dr. Sz\u00e9kely Andrea<\/td>\n<\/tr>\n<tr>\n<td style=\"width: 71.9198%\" width=\"505\">Transzplant\u00e1ci\u00f3 \u00e9s m\u00e1jm\u0171k\u00f6d\u00e9s<\/td>\n<td style=\"width: 39.4048%\" width=\"196\">Prof. Dr. Sz\u00e9kely Andrea<\/td>\n<\/tr>\n<tr>\n<td style=\"width: 71.9198%\" width=\"505\">Transzplant\u00e1ci\u00f3 \u00e9s pajzsmirigym\u0171k\u00f6d\u00e9s<\/td>\n<td style=\"width: 39.4048%\" width=\"196\">Prof. Dr. Sz\u00e9kely Andrea<\/td>\n<\/tr>\n<tr>\n<td style=\"width: 71.9198%\">Elh\u00faz\u00f3d\u00f3 intenz\u00edv oszt\u00e1lyos kezel\u00e9s k\u00f6vetkezm\u00e9nyeinek vizsg\u00e1lata<\/td>\n<td style=\"width: 39.4048%\">Dr. Tur\u00f3czi Zsolt PhD<\/td>\n<\/tr>\n<tr>\n<td style=\"width: 71.9198%\">Mechanikus kering\u00e9st\u00e1mogat\u00e1s okozta sz\u00f6v\u0151dm\u00e9nyek cs\u00f6kkent\u00e9si lehet\u0151s\u00e9gei<\/td>\n<td style=\"width: 39.4048%\">Dr. Tur\u00f3czi Zsolt PhD<\/td>\n<\/tr>\n<tr>\n<td style=\"width: 71.9198%\">Dogm\u00e1k \u00e9s paradigm\u00e1k kritikus vizsg\u00e1lata az aneszt\u00e9zi\u00e1ban \u00e9s az intenz\u00edv ter\u00e1pi\u00e1ban<\/td>\n<td style=\"width: 39.4048%\">Dr. Tur\u00f3czi Zsolt PhD<\/td>\n<\/tr>\n<tr>\n<td style=\"width: 71.9198%\">Perioperat\u00edv f\u00e1jdalomcsillap\u00edt\u00e1s<\/td>\n<td style=\"width: 39.4048%\">Prof. Dr. Zima Endre, Dr. Brenner D\u00e1vid\u00a0<\/td>\n<\/tr>\n<tr>\n<td style=\"width: 71.9198%\">Alapszint\u0171 \u00fajra\u00e9leszt\u00e9s oktat\u00e1s serd\u00fcl\u0151knek &#8211; m\u00f3dszertan, szervez\u00e9s, implement\u00e1ci\u00f3<\/td>\n<td style=\"width: 39.4048%\">Prof.Dr.Zima Endre, Dr. Kov\u00e1cs Enik\u0151, Dr. Frit\u00faz G\u00e1bor<\/td>\n<\/tr>\n<tr>\n<td style=\"width: 71.9198%\">Pre- \u00e9s intrahospitalis \u00fajra\u00e9leszt\u00e9s: defibrill\u00e1ci\u00f3-hat\u00e9konys\u00e1g n\u00f6vel\u00e9s\u00e9nek aspektusai<\/td>\n<td style=\"width: 39.4048%\">Prof.Dr. Zima Endre, Dr. Ma\u00e1r Csaba\u00a0<\/td>\n<\/tr>\n<tr>\n<td style=\"width: 71.9198%\">Pre- \u00e9s intrahospitalis \u00fajra\u00e9leszt\u00e9s sikeress\u00e9g\u00e9nek meghat\u00e1roz\u00f3 faktorai<\/td>\n<td style=\"width: 39.4048%\">Prof.Dr. Zima Endre, Dr. Ma\u00e1r Csaba\u00a0<\/td>\n<\/tr>\n<tr>\n<td style=\"width: 71.9198%\">Magyarorsz\u00e1gi posztreszuszcit\u00e1ci\u00f3s protokolliz\u00e1ci\u00f3 \u00e9s gyakorlati megval\u00f3s\u00edt\u00e1s<\/td>\n<td style=\"width: 39.4048%\">Prof.Dr. Zima Endre, Dr. Szvath Petra, Dr. Kov\u00e1cs Enik\u0151\u00a0<\/td>\n<\/tr>\n<tr>\n<td style=\"width: 71.9198%\">ECPR magyarorsz\u00e1gi megval\u00f3s\u00edt\u00e1s\u00e1nak lehet\u0151s\u00e9gei<\/td>\n<td style=\"width: 39.4048%\">Dr. Kov\u00e1cs Enik\u0151<\/td>\n<\/tr>\n<tr>\n<td style=\"width: 71.9198%\">Intraoperat\u00edv hemabszorpci\u00f3s kezel\u00e9s jelent\u0151s\u00e9ge magas rizik\u00f3j\u00fa sz\u00edvtranszplant\u00e1lt betegekn\u00e9l:retrospekt\u00edv vizsg\u00e1lat<\/td>\n<td style=\"width: 39.4048%\">Dr. N\u00e9meth Endre<\/td>\n<\/tr>\n<\/tbody>\n<\/table>\n<p>&nbsp;<\/p>\n","protected":false},"excerpt":{"rendered":"<p>SZAKDOLGOZAT C\u00cdMLISTA Egy\u00e9b t\u00e9ma is feldolgozhat\u00f3, a ki\u00edrt c\u00edmt\u0151l, illetve a konzulens szem\u00e9ly\u00e9t\u0151l el\u0151zetes megbesz\u00e9l\u00e9s alapj\u00e1n el lehet t\u00e9rni. Obesitas az intenz\u00edv oszt\u00e1lyon Dr. Baglyas Szabolcs A min\u0151s\u00e9gbiztos\u00edt\u00e1s szerepe az intenz\u00edv ter\u00e1pi\u00e1ban Dr. \u00c9l\u0151 G\u00e1bor A perkut\u00e1n tracheoszt\u00f3mia helye az intenz\u00edv ter\u00e1pi\u00e1ban Dr. \u00c9l\u0151 G\u00e1bor Az \u00fajra\u00e9leszt\u00e9s etikai \u00e9s jogi vonatkoz\u00e1sai, DNAR Dr. \u00c9l\u0151 G\u00e1bor &hellip;<\/p>\n","protected":false},"author":101992,"featured_media":0,"parent":6295,"menu_order":0,"comment_status":"closed","ping_status":"closed","template":"","meta":{"_acf_changed":false,"footnotes":""},"categories":[10],"tags":[],"class_list":["post-8409","page","type-page","status-publish","hentry","category-kutatas"],"acf":[],"_links":{"self":[{"href":"https:\/\/semmelweis.hu\/aneszteziologia\/wp-json\/wp\/v2\/pages\/8409","targetHints":{"allow":["GET"]}}],"collection":[{"href":"https:\/\/semmelweis.hu\/aneszteziologia\/wp-json\/wp\/v2\/pages"}],"about":[{"href":"https:\/\/semmelweis.hu\/aneszteziologia\/wp-json\/wp\/v2\/types\/page"}],"author":[{"embeddable":true,"href":"https:\/\/semmelweis.hu\/aneszteziologia\/wp-json\/wp\/v2\/users\/101992"}],"replies":[{"embeddable":true,"href":"https:\/\/semmelweis.hu\/aneszteziologia\/wp-json\/wp\/v2\/comments?post=8409"}],"version-history":[{"count":11,"href":"https:\/\/semmelweis.hu\/aneszteziologia\/wp-json\/wp\/v2\/pages\/8409\/revisions"}],"predecessor-version":[{"id":9331,"href":"https:\/\/semmelweis.hu\/aneszteziologia\/wp-json\/wp\/v2\/pages\/8409\/revisions\/9331"}],"up":[{"embeddable":true,"href":"https:\/\/semmelweis.hu\/aneszteziologia\/wp-json\/wp\/v2\/pages\/6295"}],"wp:attachment":[{"href":"https:\/\/semmelweis.hu\/aneszteziologia\/wp-json\/wp\/v2\/media?parent=8409"}],"wp:term":[{"taxonomy":"category","embeddable":true,"href":"https:\/\/semmelweis.hu\/aneszteziologia\/wp-json\/wp\/v2\/categories?post=8409"},{"taxonomy":"post_tag","embeddable":true,"href":"https:\/\/semmelweis.hu\/aneszteziologia\/wp-json\/wp\/v2\/tags?post=8409"}],"curies":[{"name":"wp","href":"https:\/\/api.w.org\/{rel}","templated":true}]}}