{"id":8392,"date":"2022-05-23T14:33:12","date_gmt":"2022-05-23T12:33:12","guid":{"rendered":"https:\/\/semmelweis.hu\/aneszteziologia\/?page_id=8392"},"modified":"2026-04-10T12:44:03","modified_gmt":"2026-04-10T10:44:03","slug":"translational-medicine","status":"publish","type":"page","link":"https:\/\/semmelweis.hu\/aneszteziologia\/kutatas\/munkacsoportok\/translational-medicine\/","title":{"rendered":"Translational Medicine"},"content":{"rendered":"<p><strong><img loading=\"lazy\" decoding=\"async\" class=\"size-medium wp-image-9624 alignleft\" src=\"https:\/\/semmelweis.hu\/aneszteziologia\/files\/2026\/04\/Photo_5MB-267x400.jpg\" alt=\"\" width=\"267\" height=\"400\" \/>Prof. Dr. Zsolt Molnar<\/strong> is an anesthesiologist and intensive therapist. As from 1 st January, 2024 he has been appointed as Head of Department of Anesthesiology and Intensive Therapy, Semmelweis University, Budapest. Previously he held a part time professorship at the same Department and worked also for the Centre for Translational Medicine, also at the Semmelweis University. Parallel holds a part time professorship at the department of Anesthesiology and Intensive Therapy at the Poznan University of Medical Sciences, Poznan, Poland, and worked as a visiting professor at the University of Novi Sad for years.<br \/>\nHe has been heavily involved in several clinical-engineering collaborations and translational medicine. He was a member in the Medical Advisory Board of PULSION Medical (now Getinge) between 2005-2019. From 2019-2024 he served as Senior Medical Director at CytoSorbents Europe, Berlin, Germany, helping to find the right place of extracorporeal hemoadsorption in the critically ill patients. Since 2019 he has been leading of the Critical Care Study Group at the Centre for Translational Medicine at Semmelweis University.<br \/>\nHis general main research interests are: sepsis related hemodynamic changes, fluid therapy, markers of inflammation, extracorporeal cytokine removal in hyperinflammation, oxygen debt and perioperative intensive care. Ha has been a regular invited speaker on large international, regional and national conferences all over Europe and overseas as well, with more than 300 invited international lectures over the last 5 years. He is a member of the European Society of<br \/>\nAnaesthesiology and Intensive Care (ESAIC) and the European Society of Intensive Care Medicine (ESICM).<br \/>\nHe has been reviewing for most leading journals in intensive care medicine and anesthesiology for several years. He is also the member of the editorial board of several<br \/>\ninternational journals. <span lang=\"EN-US\">He has<\/span><span lang=\"EN-US\">\u00a0<\/span>published more than 260 articles, with an Independent citation index (Google Scholar:\u00a0<a href=\"https:\/\/scholar.google.com\/citations?user=RmhzXrIAAAAJ&amp;hl=hu&amp;oi=ao\" target=\"_blank\" rel=\"noopener\">https:\/\/scholar.google.com\/citations?user=RmhzXrIAAAAJ&amp;hl=hu&amp;oi=ao<\/a>): 8455, a Hirsch-index of 43, and he is ranked as D1 researcher in Medical Sciences in Hungary with a total score of 99% (<a href=\"http:\/\/scientometrics.org\/\" target=\"_blank\" rel=\"noopener\">scientometrics.org<\/a>, last updated: 16-02-2026).\u00a0<br \/>\nOne of his most important initiatives is the organization of a regular Central and Eastern European sepsis conference, called SepsEast, that is held biannually since 2012, of which he is now the Honorary President.<\/p>\n<p>&nbsp;<\/p>\n<p><strong>\u00a0<\/strong><strong>PhD programs at Semmelweis University (PhD-, and project-students, publications, international collaborations):<\/strong><\/p>\n<p>&nbsp;<\/p>\n<ol>\n<li style=\"text-align: justify\"><strong> Klementina Ocskay (3<sup>rd<\/sup> year, Semmelweis University, Center for Translational Medicine):<\/strong><\/li>\n<\/ol>\n<p style=\"text-align: justify\">Our research has focused on extracorporeal therapies for acute-on-chronic liver failure and we have been running a COVID-19 registry led by the Centre for Translational Medicine.<\/p>\n<p style=\"text-align: justify\"><em>Publications:<\/em><\/p>\n<ol>\n<li style=\"text-align: justify\">Ocskay, K., Kanjo, A., Gede, N.\u00a0<em>et al.<\/em>Uncertainty in the impact of liver support systems in acute-on-chronic liver failure: a systematic review and network meta-analysis.\u00a0<em> Intensive Care<\/em>\u00a0<strong>11,\u00a0<\/strong>10 (2021). https:\/\/doi.org\/10.1186\/s13613-020-00795-0<\/li>\n<li style=\"text-align: justify\">Ocskay, K.; Tomescu, D.; Faltlhauser, A.; Jacob, D.; Friesecke, S.; Malbrain, M.; Kogelmann, K.; Bogdanski, R.; Bach, F.; Fritz, H.; Hartjes, A.; Kortgen, A.; Soukup, J.; Utzolino, S.; van Tellingen, M.; Tr\u00e4ger, K.; Schumacher, U.; Brunkhorst, F.M.; Molnar, Z. Hemoadsorption in \u2018Liver Indication\u2019\u2014Analysis of 109 Patients\u2019 Data from the CytoSorb International Registry.\u00a0<em> Clin. Med.<\/em><strong>2021<\/strong>,\u00a0<em>10<\/em>, 5182. <a href=\"https:\/\/doi.org\/10.3390\/jcm10215182\">https:\/\/doi.org\/10.3390\/jcm10215182<\/a><\/li>\n<li style=\"text-align: justify\">Kanjo, A., Ocskay, K., Gede, N.\u00a0<em>et al.<\/em>Efficacy and safety of liver support devices in acute and hyperacute liver failure: a systematic review and network meta-analysis.\u00a0<em>Sci Rep<\/em>\u00a0<strong>11,\u00a0<\/strong>4189 (2021). https:\/\/doi.org\/10.1038\/s41598-021-83292-z<\/li>\n<li style=\"text-align: justify\">Marcell Vir\u00e1g, M\u00e1t\u00e9 Rottler, Klementina Ocskay, Tam\u00e1s Leiner, Bal\u00e1zs Horv\u00e1th, Daniel Adam Blanco, Alexa Vasquez, L\u00e1szl\u00f3 Bucsi, \u00c1gnes S\u00e1rk\u00e1ny and Zsolt Moln\u00e1r. Extracorporeal cytokine removal in critically ill COVID-19 patients: a case series. Front. Med. doi: 10.3389\/fmed.2021.760435<\/li>\n<li style=\"text-align: justify\">40th International Symposium on Intensive Care &amp; Emergency Medicine 2021.\u00a0Crit Care25,\u00a0383 (2021). <a href=\"https:\/\/doi.org\/10.1186\/s13054-021-03769-1\">doi: 10.1186\/s13054-021-03769-1<\/a> P206<\/li>\n<li style=\"text-align: justify\">M\u00e1t\u00e9 Rottler, Klementina Ocskay, Anik\u00f3 G\u00f6rbe et al. Clinical Frailty Scale (CFS) Indicated Frailty is Associated with Increased In-Hospital and 30-Day Mortality in COVID-19 Patients: A Systematic Review and Meta-Analysis, 02 June 2021, PREPRINT (Version 1) available at Research Square [https:\/\/doi.org\/10.21203\/rs.3.rs-569798\/v1]<\/li>\n<li style=\"text-align: justify\">Vir\u00e1g M, Leiner T, Rottler M, Ocskay K, Molnar Z. Individualized Hemodynamic Management in Sepsis.\u00a0Journal of Personalized Medicine. 2021; 11(2):157. https:\/\/doi.org\/10.3390\/jpm11020157<\/li>\n<\/ol>\n<p>&nbsp;<\/p>\n<ol start=\"2\">\n<li style=\"text-align: justify\"><strong> Anna Kanjo (3<sup>rd<\/sup> year, Heim P\u00e1l Orsz\u00e1gos Gyermekgy\u00f3gy\u00e1szati Int\u00e9zet):<\/strong><\/li>\n<\/ol>\n<p style=\"text-align: justify\">We have been focusing on extracorporeal blood purification methods in liver dysfunction and septic shock.<\/p>\n<p style=\"text-align: justify\"><em>Publications:<\/em><\/p>\n<ol>\n<li style=\"text-align: justify\">Kanjo, A., Ocskay, K., Gede, N.\u00a0<em>et al.<\/em>Efficacy and safety of liver support devices in acute and hyperacute liver failure: a systematic review and network meta-analysis.\u00a0<em>Sci Rep<\/em>\u00a0<strong>11,\u00a0<\/strong>4189 (2021). https:\/\/doi.org\/10.1038\/s41598-021-83292-z<\/li>\n<li style=\"text-align: justify\">Kanjo A, Molnar Z, Za\u0301dori N, et al. Dosing of Extracorporeal Cytokine Removal In Septic Shock (DECRISS): protocol of a prospective, randomised, adaptive, multicentre clinical trial. BMJ Open 2021;<strong>11<\/strong>:e050464. doi:10.1136\/ bmjopen-2021-050464<\/li>\n<\/ol>\n<p style=\"text-align: justify\"><em>International collaboration:<\/em><\/p>\n<ol>\n<li style=\"text-align: justify\">Faculty of Engineering, Department of Electronics and Informatics, Vrije Universiteit Brussel (VUB), Brussels, Belgium (Prof. Manu Malbrain)<\/li>\n<li style=\"text-align: justify\">Department of Anaesthesiology and Intensive Care, Central Clinical Hospital of the Ministry of Interior and Administration, Warsaw, Poland (Prof. Konstanty Szuldrzynski)<\/li>\n<li style=\"text-align: justify\">Department of Anaesthesiology and Intensive Care Medicine, Klinikum Emden, Emden, Germany (Dr. Klaus Kogelmann)<\/li>\n<li style=\"text-align: justify\">Department of Anaesthesiology and Intensive Therapy and Pain Treatment, Poznan University for Medical Sciences, Poznan, Poland (Prof. Krzystof Kusza)<\/li>\n<\/ol>\n<p>&nbsp;<\/p>\n<ol start=\"3\">\n<li style=\"text-align: justify\"><strong> Piroska P\u00e1zm\u00e1ny (3<sup>rd<\/sup> year, Heim P\u00e1l Orsz\u00e1gos Gyermekgy\u00f3gy\u00e1szati Int\u00e9zet):<\/strong><\/li>\n<\/ol>\n<p style=\"text-align: justify\">Our main research interest is acute pancreatitis and the interpretation and importance of inflammatory biomarkers in the exacerbation of chronic obstructive pulmonary disease.<\/p>\n<p style=\"text-align: justify\"><em>Publications:<\/em><\/p>\n<ol>\n<li style=\"text-align: justify\">Pa\u0301zma\u0301ny P, Soo\u0301s A, Hegyi P, Dohos D, Kiss S, Szaka\u0301cs Z, Pa\u0301rniczky A, Garami A, Pe\u0301terfi Z and Molna\u0301r Z (2021) Inflammatory Biomarkers Are Inaccurate Indicators of Bacterial Infection on Admission in Patients With Acute Exacerbation of Chronic Obstructive Pulmonary Disease\u2014A Systematic Review and Diagnostic Accuracy Network Meta-Analysis. Front. Med. 8:639794. doi: 10.3389\/fmed.2021.639794<\/li>\n<\/ol>\n<p><em>International collaboration:<\/em><\/p>\n<ol>\n<li style=\"text-align: justify\">Klinik und Poliklinik f\u00fcr Innere Medizin II, Klinikum rechts der Isar, Technische Universit\u00e4t M\u00fcnchen (Dr. Tobias Lahmer)<\/li>\n<\/ol>\n<p><strong>\u00a0<\/strong><\/p>\n<ol start=\"4\">\n<li style=\"text-align: justify\"><strong> Marcell Vir\u00e1g (2<sup>nd<\/sup> year, Fej\u00e9r Megyei Szent Gy\u00f6rgy Egyetemi Oktat\u00f3 K\u00f3rh\u00e1z):<\/strong><\/li>\n<\/ol>\n<p style=\"text-align: justify\">We have two main research interes: extracorporeal hemoadsorption in COVID-19 patients and perioperative goal directed fluid therapy in major abdominal surgery.<\/p>\n<p style=\"text-align: justify\"><em>Publications:<\/em><\/p>\n<ol>\n<li style=\"text-align: justify\">Marcell Vir\u00e1g, M\u00e1t\u00e9 Rottler, Klementina Ocskay, Tam\u00e1s Leiner, Bal\u00e1zs Horv\u00e1th, Daniel Adam Blanco, Alexa Vasquez, L\u00e1szl\u00f3 Bucsi, \u00c1gnes S\u00e1rk\u00e1ny and Zsolt Moln\u00e1r. Extracorporeal cytokine removal in critically ill COVID-19 patients: a case series. Front. Med. doi: 10.3389\/fmed.2021.760435<\/li>\n<li style=\"text-align: justify\">40th International Symposium on Intensive Care &amp; Emergency Medicine 2021.\u00a0Crit Care25,\u00a0383 (2021). <a href=\"https:\/\/doi.org\/10.1186\/s13054-021-03769-1\">doi: 10.1186\/s13054-021-03769-1<\/a> P206<\/li>\n<li style=\"text-align: justify\">M\u00e1t\u00e9 Rottler, Klementina Ocskay, Anik\u00f3 G\u00f6rbe et al. Clinical Frailty Scale (CFS) Indicated Frailty is Associated with Increased In-Hospital and 30-Day Mortality in COVID-19 Patients: A Systematic Review and Meta-Analysis, 02 June 2021, PREPRINT (Version 1) available at Research Square [https:\/\/doi.org\/10.21203\/rs.3.rs-569798\/v1]<\/li>\n<li style=\"text-align: justify\">Vir\u00e1g M, Leiner T, Rottler M, Ocskay K, Molnar Z. Individualized Hemodynamic Management in Sepsis. Journal of Personalized Medicine. 2021; 11(2):157. https:\/\/doi.org\/10.3390\/jpm11020157<\/li>\n<\/ol>\n<p><strong>\u00a0<\/strong><\/p>\n<ol start=\"5\">\n<li style=\"text-align: justify\"><strong> M\u00e1t\u00e9 Rottler (2<sup>nd<\/sup> year, Fej\u00e9r Megyei Szent Gy\u00f6rgy Egyetemi Oktat\u00f3 K\u00f3rh\u00e1z):<\/strong><\/li>\n<\/ol>\n<p style=\"text-align: justify\">We have focused on COVID-19 patients, their frailty assessment, and also the hemostatic changes in COVID-19 patients.<\/p>\n<p style=\"text-align: justify\"><em>Publications:<\/em><\/p>\n<ol>\n<li style=\"text-align: justify\">Marcell Vir\u00e1g, M\u00e1t\u00e9 Rottler, Klementina Ocskay, Tam\u00e1s Leiner, Bal\u00e1zs Horv\u00e1th, Daniel Adam Blanco, Alexa Vasquez, L\u00e1szl\u00f3 Bucsi, \u00c1gnes S\u00e1rk\u00e1ny and Zsolt Moln\u00e1r. Extracorporeal cytokine removal in critically ill COVID-19 patients: a case series. Front. Med. doi: 10.3389\/fmed.2021.760435<\/li>\n<li style=\"text-align: justify\">40th International Symposium on Intensive Care &amp; Emergency Medicine 2021.\u00a0Crit Care25,\u00a0383 (2021). <a href=\"https:\/\/doi.org\/10.1186\/s13054-021-03769-1\">doi: 10.1186\/s13054-021-03769-1<\/a> P206<\/li>\n<li style=\"text-align: justify\">M\u00e1t\u00e9 Rottler, Klementina Ocskay, Anik\u00f3 G\u00f6rbe et al. Clinical Frailty Scale (CFS) Indicated Frailty is Associated with Increased In-Hospital and 30-Day Mortality in COVID-19 Patients: A Systematic Review and Meta-Analysis, 02 June 2021, PREPRINT (Version 1) available at Research Square [https:\/\/doi.org\/10.21203\/rs.3.rs-569798\/v1]<\/li>\n<li style=\"text-align: justify\">Vir\u00e1g M, Leiner T, Rottler M, Ocskay K, Molnar Z. Individualized Hemodynamic Management in Sepsis.\u00a0Journal of Personalized Medicine. 2021; 11(2):157. https:\/\/doi.org\/10.3390\/jpm11020157<\/li>\n<\/ol>\n<p>&nbsp;<\/p>\n<ol start=\"6\">\n<li style=\"text-align: justify\"><strong> Tam\u00e1s Leiner (2<sup>nd<\/sup> year, Anaesthetic Department, Hinchingbrooke Hospital, North West Anglia, NHS Foundation Trust, Huntingdon, United Kingdom)<\/strong><\/li>\n<\/ol>\n<p style=\"text-align: justify\">In addition to COVID-19 projects we also investigated the role of frailty assessment in patients undergoing emergency, non-cardiac surgery.<\/p>\n<p style=\"text-align: justify\"><em>Publications:<\/em><\/p>\n<ol>\n<li style=\"text-align: justify\">Marcell Vir\u00e1g, M\u00e1t\u00e9 Rottler, Klementina Ocskay, Tam\u00e1s Leiner, Bal\u00e1zs Horv\u00e1th, Daniel Adam Blanco, Alexa Vasquez, L\u00e1szl\u00f3 Bucsi, \u00c1gnes S\u00e1rk\u00e1ny and Zsolt Moln\u00e1r. Extracorporeal cytokine removal in critically ill COVID-19 patients: a case series. Front. Med. doi: 10.3389\/fmed.2021.760435<\/li>\n<li style=\"text-align: justify\">40th International Symposium on Intensive Care &amp; Emergency Medicine 2021.\u00a0Crit Care25,\u00a0383 (2021). <a href=\"https:\/\/doi.org\/10.1186\/s13054-021-03769-1\">doi: 10.1186\/s13054-021-03769-1<\/a> P206<\/li>\n<li style=\"text-align: justify\">M\u00e1t\u00e9 Rottler, Klementina Ocskay, Anik\u00f3 G\u00f6rbe et al. Clinical Frailty Scale (CFS) Indicated Frailty is Associated with Increased In-Hospital and 30-Day Mortality in COVID-19 Patients: A Systematic Review and Meta-Analysis, 02 June 2021, PREPRINT (Version 1) available at Research Square [https:\/\/doi.org\/10.21203\/rs.3.rs-569798\/v1]<\/li>\n<li style=\"text-align: justify\">Vir\u00e1g M, Leiner T, Rottler M, Ocskay K, Molnar Z. Individualized Hemodynamic Management in Sepsis.\u00a0Journal of Personalized Medicine. 2021; 11(2):157. https:\/\/doi.org\/10.3390\/jpm11020157<\/li>\n<\/ol>\n<p><em>\u00a0<\/em><\/p>\n<ol start=\"7\">\n<li style=\"text-align: justify\"><strong> Em\u0151ke Henrietta Kov\u00e1cs (1<sup>st<\/sup> year, Semmelweis University, Dept. Anaesthesiology and Intensive Therapy):<\/strong><\/li>\n<\/ol>\n<p style=\"text-align: justify\">Our primary interest is the hemostatic changes measured by dynamic viscoelastic tests in COVID-19 patients on different dfoses of anticoagulation and also treated with or without interleukin-6 antagonists.<\/p>\n<p><em>Publications:<\/em><\/p>\n<ol>\n<li style=\"text-align: justify\">Em\u0151ke Henrietta Kovacs, J\u00e1nos Fazakas, Kriszti\u00e1n T\u00e1nczos: Commentary: CytoSorb Therapy in COVID-19 (CTC) patients requiring extracorporeal membrane oxygenation: a multicenter, retrospective registry. (Submitted for publication \u2013 under review)<\/li>\n<\/ol>\n<p><em>\u00a0<\/em><\/p>\n<p><em>Project student:<\/em> <strong>Bo Young Lee<\/strong> (4th year medical student)<\/p>\n<p><em>International collaboration:<\/em><\/p>\n<ol>\n<li style=\"text-align: justify\">Department of Anaesthesiology and Critical Care Medicine, Medical University of Innsbruck, Insbruck, Austria (Dr. Dietmar Fries)<\/li>\n<\/ol>\n<p><strong>\u00a0<\/strong><\/p>\n<ol start=\"8\">\n<li style=\"text-align: justify\"><strong> Caner Turan (1st year, Semmelweis University, Dept. Anaesthesiology and Intensive Therapy): <\/strong><\/li>\n<\/ol>\n<p style=\"text-align: justify\">Our research work is about perioperative care with glucocorticoids and goal-directed fluid therapy for patients who are undergoing liver surgery; and hemoadsorption therapy in critical care for patients with liver dysfunction. With my work, I aim to improve the safety of liver surgery and guide future clinical research for treatment options in critical care.<\/p>\n<p style=\"text-align: justify\"><em>Project student:<\/em> <strong>Isil Atakan<\/strong>, 4th year medical student<\/p>\n<p><strong>\u00a0<\/strong><\/p>\n<ol start=\"9\">\n<li style=\"text-align: justify\"><strong> Anna R\u00e9ka Sebesty\u00e9n (1<sup>st<\/sup> year, Semmelweis University, Dept. Anaesthesiology and Intensive Therapy):<\/strong><\/li>\n<\/ol>\n<p style=\"text-align: justify\">We focus on new perioperative interventions to enhance recovery after major abdominal surgery, with special interest on preoperative oral carbohydrate loading (meta-analysis) and on the role of individualized, multimodal goal directed intraoperative fluid therapy during major pancreatic surgery (clinical trial).<\/p>\n<p style=\"text-align: justify\"><em>Project student:<\/em><strong> M\u00e1t\u00e9 Baka <\/strong>(4<sup>th<\/sup> year medical student)<\/p>\n<p><em>International collaboration:<\/em><\/p>\n<ol>\n<li style=\"text-align: justify\">Department of Anesthesiology, Center of Anesthesiology and Intensive Care Medicine, University Medical Center Hamburg-Eppendorf, Hamburg, Germany (Prof. Bernd Saugel)<\/li>\n<\/ol>\n<p><strong>\u00a0<\/strong><\/p>\n<ol start=\"10\">\n<li style=\"text-align: justify\"><strong> Gerg\u0151 Vilmos Szab\u00f3 (1<sup>st<\/sup> year, <\/strong><strong>Semmelweis University, Center for Translational Medicine<\/strong><strong>, Fej\u00e9r Megyei Szent Gy\u00f6rgy Egyetemi Oktat\u00f3 K\u00f3rh\u00e1z)<\/strong><\/li>\n<\/ol>\n<p style=\"text-align: justify\">We have been investigating whether the use of point of care ultrasound (PoCUS) enhances time to diagnosis and appropriate treatment or not, in patients admitted with acute onset chest pain to the emergency department, and our other topic is to determine whether 0.9% saline or balanced crystalloid solutions are better for fluid resuscitation in diabetic ketoacidosis?<\/p>\n<p style=\"text-align: justify\"><em>Project student:<\/em> <strong>Stefanie Madzsar <\/strong>(5<sup>th<\/sup> year medical student)<\/p>\n<p><strong>\u00a0<\/strong><\/p>\n<ol start=\"11\">\n<li style=\"text-align: justify\"><strong> Ambrus Szemere (1<sup>st<\/sup> year, Semmelweis University, Dept. Anaesthesiology and Intensive Therapy):<\/strong><\/li>\n<\/ol>\n<p style=\"text-align: justify\">Our work is focused on the sleep and circadian rhythm of critically ill patients in the pediatric intensive care unit; and the effectiveness and safety of protocolized sedation in pediatric critical care. The aim of my research is to improve sedation practice in the pediatric intensive care unit and to contribute to the universal implementation of international guidelines of sedation in pediatric intensive therapy.<\/p>\n<p style=\"text-align: justify\"><em>Project student: <\/em><strong>Rani Ezzeddine<\/strong> (5<sup>th<\/sup> year medical student)<\/p>\n<p>&nbsp;<\/p>\n<ol start=\"12\">\n<li style=\"text-align: justify\"><strong> Csenge Szigetv\u00e1ry (1<sup>st<\/sup> year, Semmelweis University, Dept. Anaesthesiology and Intensive Therapy):<\/strong><\/li>\n<\/ol>\n<p style=\"text-align: justify\">We are interested in personalised mechanical ventilation in patients undergoing major surgery, building up a Hungarian registry on patients ventilated for hypoxemic respiratory failure and in the role of extracorporeal cytokine removal in acute respiratory distress syndrome (ARDS).<\/p>\n<p style=\"text-align: justify\"><em>Project student:<\/em> <strong>Fadl Kobeissi<\/strong> (4th year medical student)<\/p>\n","protected":false},"excerpt":{"rendered":"<p>Prof. Dr. Zsolt Molnar is an anesthesiologist and intensive therapist. As from 1 st January, 2024 he has been appointed as Head of Department of Anesthesiology and Intensive Therapy, Semmelweis University, Budapest. Previously he held a part time professorship at the same Department and worked also for the Centre for Translational Medicine, also at the &hellip;<\/p>\n","protected":false},"author":101992,"featured_media":0,"parent":6289,"menu_order":4,"comment_status":"closed","ping_status":"closed","template":"","meta":{"_acf_changed":false,"footnotes":""},"categories":[10],"tags":[],"class_list":["post-8392","page","type-page","status-publish","hentry","category-kutatas"],"acf":[],"_links":{"self":[{"href":"https:\/\/semmelweis.hu\/aneszteziologia\/wp-json\/wp\/v2\/pages\/8392","targetHints":{"allow":["GET"]}}],"collection":[{"href":"https:\/\/semmelweis.hu\/aneszteziologia\/wp-json\/wp\/v2\/pages"}],"about":[{"href":"https:\/\/semmelweis.hu\/aneszteziologia\/wp-json\/wp\/v2\/types\/page"}],"author":[{"embeddable":true,"href":"https:\/\/semmelweis.hu\/aneszteziologia\/wp-json\/wp\/v2\/users\/101992"}],"replies":[{"embeddable":true,"href":"https:\/\/semmelweis.hu\/aneszteziologia\/wp-json\/wp\/v2\/comments?post=8392"}],"version-history":[{"count":5,"href":"https:\/\/semmelweis.hu\/aneszteziologia\/wp-json\/wp\/v2\/pages\/8392\/revisions"}],"predecessor-version":[{"id":9625,"href":"https:\/\/semmelweis.hu\/aneszteziologia\/wp-json\/wp\/v2\/pages\/8392\/revisions\/9625"}],"up":[{"embeddable":true,"href":"https:\/\/semmelweis.hu\/aneszteziologia\/wp-json\/wp\/v2\/pages\/6289"}],"wp:attachment":[{"href":"https:\/\/semmelweis.hu\/aneszteziologia\/wp-json\/wp\/v2\/media?parent=8392"}],"wp:term":[{"taxonomy":"category","embeddable":true,"href":"https:\/\/semmelweis.hu\/aneszteziologia\/wp-json\/wp\/v2\/categories?post=8392"},{"taxonomy":"post_tag","embeddable":true,"href":"https:\/\/semmelweis.hu\/aneszteziologia\/wp-json\/wp\/v2\/tags?post=8392"}],"curies":[{"name":"wp","href":"https:\/\/api.w.org\/{rel}","templated":true}]}}