{"id":8386,"date":"2022-05-23T14:03:35","date_gmt":"2022-05-23T12:03:35","guid":{"rendered":"https:\/\/semmelweis.hu\/aneszteziologia\/?page_id=8386"},"modified":"2026-04-09T14:13:05","modified_gmt":"2026-04-09T12:13:05","slug":"a-legzorendszer-mechanikai-tulajdonsagainak-vizsgalata-kulonbozo-korkepekben-es-legzestamogatas-soran","status":"publish","type":"page","link":"https:\/\/semmelweis.hu\/aneszteziologia\/kutatas\/munkacsoportok\/a-legzorendszer-mechanikai-tulajdonsagainak-vizsgalata-kulonbozo-korkepekben-es-legzestamogatas-soran\/","title":{"rendered":"A l\u00e9gz\u0151rendszer mechanikai tulajdons\u00e1gainak vizsg\u00e1lata k\u00fcl\u00f6nb\u00f6z\u0151 k\u00f3rk\u00e9pekben \u00e9s l\u00e9gz\u00e9st\u00e1mogat\u00e1s sor\u00e1n"},"content":{"rendered":"<p style=\"text-align: center\"><strong>A l\u00e9gz\u0151rendszer mechanikai tulajdons\u00e1gainak vizsg\u00e1lata k\u00fcl\u00f6nb\u00f6z\u0151 k\u00f3rk\u00e9pekben \u00e9s l\u00e9gz\u00e9st\u00e1mogat\u00e1s sor\u00e1n<\/strong><\/p>\n<p>&nbsp;<\/p>\n<p style=\"text-align: justify\">A t\u00e9macsoport f\u0151 m\u00f3dszertani eleme a l\u00e9gz\u0151rendszeri oszcillometria, melynek modalit\u00e1sai (a) a l\u00e9gz\u0151rendszer l\u00e9g\u00fati \u00e9s sz\u00f6veti komponenseinek szepar\u00e1lt vizsg\u00e1lata alacsonyfrekvenci\u00e1s vizsg\u00e1l\u00f3jellel \u00e9s (b) a l\u00e9gz\u00e9s\/l\u00e9legeztet\u00e9s ciklus\u00e1n bel\u00fcli dinamikus mechanikai v\u00e1ltoz\u00e1sok k\u00f6vet\u00e9se (intra-breath oszcillometria); a kutat\u00f3csoportot eddigi eredm\u00e9nyei alapj\u00e1n az oszcillometria nemzetk\u00f6zi \u00e9lmez\u0151ny\u00e9be sorolj\u00e1k. Az alkalmazott m\u00f3dszertan kiterjed a standard l\u00e9gz\u00e9sfunkci\u00f3s tesztekre (er\u0151ltetett spirometria, testpletizmogr\u00e1fia, g\u00e1zkimos\u00e1si technik\u00e1k), dinamikus k\u00e9palkot\u00f3 elj\u00e1r\u00e1sokra (elektromos impedancia tomogr\u00e1fia) \u00e9s egy\u00e9b vit\u00e1lis folyamatok monitoroz\u00e1s\u00e1ra.<\/p>\n<p style=\"text-align: justify\">F\u0151bb specifikus kutat\u00e1si t\u00e9m\u00e1k: (1) oszcillometri\u00e1s vizsg\u00e1latok invaz\u00edv \u00e9s nem-invaz\u00edv l\u00e9gz\u00e9st\u00e1mogat\u00e1s sor\u00e1n, (2) l\u00e9gz\u00e9smechanika m\u00e9r\u00e9se ARDS \u00e1llatmodellekben, (3) az intra-breath oszcillometria, mint \u00faj l\u00e9gz\u00e9sfunkci\u00f3s megk\u00f6zel\u00edt\u00e9s k\u00fcl\u00f6nb\u00f6z\u0151 l\u00e9gz\u0151szervi megbeteged\u00e9sekben (COPD, asztma, CF, IPF stb.) \u00e9s t\u00fcd\u0151transzplant\u00e1ltak ut\u00e1nk\u00f6vet\u00e9s\u00e9ben.<\/p>\n<p>&nbsp;<\/p>\n<p><em>Egyetemen bel\u00fcli egy\u00fcttm\u0171k\u00f6d\u00e9sek:<\/em><\/p>\n<ol>\n<li>sz. Gyermekgy\u00f3gy\u00e1szati Klinika (l\u00e9gz\u00e9sfunkci\u00f3s m\u00f3dszertan)<\/li>\n<\/ol>\n<p><em>\u00a0<\/em><\/p>\n<p><em>Hazai egy\u00fcttm\u0171k\u00f6d\u00e9sek:<\/em><\/p>\n<p>Szegedi Tudom\u00e1nyegyetem, TTIK M\u0171szaki Informatikai Tansz\u00e9k (m\u00f3dszerfejleszt\u00e9s)<\/p>\n<p>Szegedi Tudom\u00e1nyegyetem, \u00c1OK Seb\u00e9szeti M\u0171t\u00e9ttani Int\u00e9zet (\u00e1llatk\u00eds\u00e9rletes modellek)<\/p>\n<p><em>\u00a0<\/em><\/p>\n<p><em>K\u00fclf\u00f6ldi egy\u00fcttm\u0171k\u00f6d\u00e9sek:<\/em><\/p>\n<p style=\"text-align: justify\">Centre for Innovative Medicine, McGill University, Montreal, QC, Kanada (intra-breath oszcillometria k\u00fcl\u00f6nb\u00f6z\u0151 betegcsoportokban)<\/p>\n<p style=\"text-align: justify\">Division of Respirology, University Health Network (UHN), Toronto, ON, Kanada (intra-breath oszcillometria k\u00fcl\u00f6nb\u00f6z\u0151 l\u00e9gz\u0151szervi betegs\u00e9gekben, t\u00fcd\u0151transzplant\u00e1ci\u00f3 ut\u00e1nk\u00f6vet\u00e9se)<\/p>\n<p style=\"text-align: justify\">Interdepartmental Division of Critical Care, University of Toronto, ON, Kanada (ARDS modellek)<\/p>\n<p>&nbsp;<\/p>\n<p><em>Kutat\u00f3csoport vezet\u0151je: <\/em><\/p>\n<p><strong>Prof. Dr. Hantos Zolt\u00e1n<\/strong><\/p>\n<p><em>\u00a0<\/em><\/p>\n<p><em>Kutat\u00f3k:<\/em><\/p>\n<p>Dr. Lorx Andr\u00e1s PhD<\/p>\n<p>Dr. Valk\u00f3 Luca PhD<\/p>\n<p>Dr. Baglyas Szabolcs<\/p>\n<p>Dr. M\u00f3r\u00f3 Vivien<\/p>\n<p>Dr. Podmaniczky Eszter<\/p>\n<p>&nbsp;<\/p>\n<p><em>\u00c9rv\u00e9nyes kutat\u00e1si p\u00e1ly\u00e1zatok:<\/em><\/p>\n<p style=\"text-align: justify\">NKFI\/OTKA 128701: &#8222;A l\u00e9gz\u0151rendszer mechanikai \u00e1llapot\u00e1nak k\u00f6vet\u00e9se l\u00e9gz\u00e9st\u00e1mogat\u00e1s sor\u00e1n&#8221;, 2018-2022.<\/p>\n<p><em>\u00a0<\/em><\/p>\n<p><em>PhD hallgat\u00f3k:<\/em> 2, <em>TDK hallgat\u00f3:<\/em> 1<\/p>\n<p>&nbsp;<\/p>\n<p><em>F\u0151bb publik\u00e1ci\u00f3k (2017-):<\/em><\/p>\n<p style=\"text-align: justify\">Lorx A, Cz\u00f6vek D, Gingl Z, Makan G, Radics B, Bartusek D, Szigeti S, G\u00e1l J, Losonczy G, Sly PD, Hantos Z: Airway dynamics in COPD patients by within-breath impedance tracking: effects of continuous positive airway pressure. Eur Respir J. 2017 Feb 15;49(2). pii: 1601270. doi: 10.1183\/13993003.01270-2016. (2017)<\/p>\n<p style=\"text-align: justify\">Gray D, Willemse L, Visagie A, Cz\u00f6vek D, Nduru P, Vanker A, Stein DJ, Koen N, Sly PD, Hantos Z, Hall GL, Zar HJ: Determinants of early-life lung function in African infants. Thorax 72: 445-450 (2017)<\/p>\n<p style=\"text-align: justify\">Sly PD, Shackleton C, Czovek D, Hantos Z: Systematic error in respiratory impedance using commercial equipment calibrated according to the manufacturer&#8217;s instructions. Am J Respir Crit Care Med 197: 532-534 (2018)<\/p>\n<p style=\"text-align: justify\">Gray DM, Czovek D, McMillan L, Turkovic L, Stadler JAM, Vanker A, Radics BL, Gingl Z, Hall GL, Sly PD, Zar J, Hantos Z: Intra-breath measures of respiratory mechanics in healthy African infants detect risk of respiratory illness in early life. Eur Respir J 53: pii: 1800998 (2019)<\/p>\n<p style=\"text-align: justify\">Dandurand RJ; Lavoie J-P; Lands LC; Hantos Z: Comparison of oscillometry devices using active mechanical test loads. ERJ Open Research 5(4) DOI:10.1183\/23120541.00160-2019 (2019)<\/p>\n<p style=\"text-align: justify\">Wu JKY, DeHaas E, Nadj R, Cheung AB, Dandurand RJ, Hantos Z, Ryan CM, Chow CW: Development of quality assurance and quality control guidelines for respiratory oscillometry in clinic studies. Respir Care 65: 1687-1693 (2020)<\/p>\n<p style=\"text-align: justify\">Hantos Z: Intra-breath oscillometry for assessing respiratory outcomes. Curr Opin Physiol DOI: 10.1016\/j.cophys.2021.05.004 (2021)<\/p>\n<p style=\"text-align: justify\">Chiabai J, Friedrich FO, Carollo Fernandes MT, Sarquis Serpa F, Brum Antunes MO, Braga Neto F, Makan G, Hantos Z, Sly PD, Jones MH: Intrabreath oscillometry is a sensitive test for assessing disease control in adults with severe asthma. Ann Allergy Asthma Immun. 127: 372-377 (2021)<\/p>\n","protected":false},"excerpt":{"rendered":"<p>A l\u00e9gz\u0151rendszer mechanikai tulajdons\u00e1gainak vizsg\u00e1lata k\u00fcl\u00f6nb\u00f6z\u0151 k\u00f3rk\u00e9pekben \u00e9s l\u00e9gz\u00e9st\u00e1mogat\u00e1s sor\u00e1n &nbsp; A t\u00e9macsoport f\u0151 m\u00f3dszertani eleme a l\u00e9gz\u0151rendszeri oszcillometria, melynek modalit\u00e1sai (a) a l\u00e9gz\u0151rendszer l\u00e9g\u00fati \u00e9s sz\u00f6veti komponenseinek szepar\u00e1lt vizsg\u00e1lata alacsonyfrekvenci\u00e1s vizsg\u00e1l\u00f3jellel \u00e9s (b) a l\u00e9gz\u00e9s\/l\u00e9legeztet\u00e9s ciklus\u00e1n bel\u00fcli dinamikus mechanikai v\u00e1ltoz\u00e1sok k\u00f6vet\u00e9se (intra-breath oszcillometria); a kutat\u00f3csoportot eddigi eredm\u00e9nyei alapj\u00e1n az oszcillometria nemzetk\u00f6zi \u00e9lmez\u0151ny\u00e9be sorolj\u00e1k. Az &hellip;<\/p>\n","protected":false},"author":101992,"featured_media":0,"parent":6289,"menu_order":2,"comment_status":"closed","ping_status":"closed","template":"","meta":{"_acf_changed":false,"footnotes":""},"categories":[10],"tags":[],"class_list":["post-8386","page","type-page","status-publish","hentry","category-kutatas"],"acf":[],"_links":{"self":[{"href":"https:\/\/semmelweis.hu\/aneszteziologia\/wp-json\/wp\/v2\/pages\/8386","targetHints":{"allow":["GET"]}}],"collection":[{"href":"https:\/\/semmelweis.hu\/aneszteziologia\/wp-json\/wp\/v2\/pages"}],"about":[{"href":"https:\/\/semmelweis.hu\/aneszteziologia\/wp-json\/wp\/v2\/types\/page"}],"author":[{"embeddable":true,"href":"https:\/\/semmelweis.hu\/aneszteziologia\/wp-json\/wp\/v2\/users\/101992"}],"replies":[{"embeddable":true,"href":"https:\/\/semmelweis.hu\/aneszteziologia\/wp-json\/wp\/v2\/comments?post=8386"}],"version-history":[{"count":2,"href":"https:\/\/semmelweis.hu\/aneszteziologia\/wp-json\/wp\/v2\/pages\/8386\/revisions"}],"predecessor-version":[{"id":8401,"href":"https:\/\/semmelweis.hu\/aneszteziologia\/wp-json\/wp\/v2\/pages\/8386\/revisions\/8401"}],"up":[{"embeddable":true,"href":"https:\/\/semmelweis.hu\/aneszteziologia\/wp-json\/wp\/v2\/pages\/6289"}],"wp:attachment":[{"href":"https:\/\/semmelweis.hu\/aneszteziologia\/wp-json\/wp\/v2\/media?parent=8386"}],"wp:term":[{"taxonomy":"category","embeddable":true,"href":"https:\/\/semmelweis.hu\/aneszteziologia\/wp-json\/wp\/v2\/categories?post=8386"},{"taxonomy":"post_tag","embeddable":true,"href":"https:\/\/semmelweis.hu\/aneszteziologia\/wp-json\/wp\/v2\/tags?post=8386"}],"curies":[{"name":"wp","href":"https:\/\/api.w.org\/{rel}","templated":true}]}}