{"id":8206,"date":"2021-10-12T14:54:53","date_gmt":"2021-10-12T12:54:53","guid":{"rendered":"https:\/\/semmelweis.hu\/aneszteziologia\/?page_id=8206"},"modified":"2026-01-20T09:40:22","modified_gmt":"2026-01-20T08:40:22","slug":"adatvedelem","status":"publish","type":"page","link":"https:\/\/semmelweis.hu\/aneszteziologia\/rolunk\/adatvedelem\/","title":{"rendered":"Adatv\u00e9delem"},"content":{"rendered":"<p style=\"text-align: justify\">A Semmelweis Egyetem az Egyetemen kezelt adatok v\u00e9delm\u00e9nek rendj\u00e9t az Alapt\u00f6rv\u00e9ny, a Polg\u00e1ri T\u00f6rv\u00e9nyk\u00f6nyvr\u0151l sz\u00f3l\u00f3 2013. \u00e9vi V. t\u00f6rv\u00e9ny, az inform\u00e1ci\u00f3s \u00f6nrendelkez\u00e9si jogr\u00f3l \u00e9s az inform\u00e1ci\u00f3szabads\u00e1gr\u00f3l sz\u00f3l\u00f3 2011. \u00e9vi CXII. t\u00f6rv\u00e9ny, a nemzeti fels\u0151oktat\u00e1sr\u00f3l sz\u00f3l\u00f3 2011. \u00e9vi CCIV. t\u00f6rv\u00e9ny, az eg\u00e9szs\u00e9g\u00fcgyr\u0151l sz\u00f3l\u00f3 1997. CLIV. t\u00f6rv\u00e9ny, az eg\u00e9szs\u00e9g\u00fcgyi \u00e9s a hozz\u00e1juk kapcsol\u00f3d\u00f3 szem\u00e9lyes adatok kezel\u00e9s\u00e9r\u0151l \u00e9s v\u00e9delm\u00e9r\u0151l sz\u00f3l\u00f3 1997. \u00e9vi XLVII. t\u00f6rv\u00e9ny, valamint az eg\u00e9szs\u00e9g\u00fcgyi \u00e9s a hozz\u00e1juk kapcsol\u00f3d\u00f3 szem\u00e9lyes adatok kezel\u00e9s\u00e9nek egyes k\u00e9rd\u00e9seir\u0151l sz\u00f3l\u00f3 62\/1997. (XII. 21.) NM rendelet alapj\u00e1n \u00e1llap\u00edtja meg.<\/p>\n<p style=\"text-align: justify\">A Semmelweis Egyetemen a\u00a0szem\u00e9lyes \u00e9s k\u00fcl\u00f6nleges adatok kezel\u00e9se \u00e9s v\u00e9delme\u00a0a jogszab\u00e1lyoknak megfelel\u0151en, biztons\u00e1gosan t\u00f6rt\u00e9nik.<\/p>\n<p style=\"text-align: justify\">Ezt a mindenkor hat\u00e1lyos <strong><a href=\"https:\/\/semmelweis.hu\/jogigfoig\/dokumentumtar\/szabalyzattar\/adatvedelmi-szabalyzat\/\">Semmelweis egyetem Adatv\u00e9delmi Szab\u00e1lyzata<\/a><\/strong> tartalmazza:<\/p>\n<p>Az egyetemi adatv\u00e9delmi felel\u0151s alapvet\u0151 feladata, hogy az adatv\u00e9delmi szab\u00e1lyzat\u00e1ban r\u00f6gz\u00edtett feladatait teljes\u00edtve gondoskodjon az egyetem adatv\u00e9delmi \u00e9s az ezzel \u00f6sszef\u00fcgg\u0151 adatbiztons\u00e1gi szempontokat kiel\u00e9g\u00edt\u0151 m\u0171k\u00f6d\u00e9s\u00e9r\u0151l.<\/p>\n<p style=\"text-align: justify\"><strong>A Semmelweis Egyetem adatv\u00e9delmi tisztvisel\u0151je:<\/strong><\/p>\n<p style=\"text-align: justify\"><strong>Dr. PhD Tr\u00f3cs\u00e1nyi S\u00e1ra<\/strong><br \/>\n1085 Budapest, Baross utca 22.<br \/>\nTel.: 06-1\/459-1500<\/p>\n<p style=\"text-align: justify\"><strong>E-mail:<\/strong> <a href=\"mailto:adatvedelem@semmelweis.hu\">adatvedelem@semmelweis.hu<\/a><\/p>\n<p><a href=\"https:\/\/semmelweis.hu\/aneszteziologia\/files\/2026\/01\/57948-Adatkezelesi-tajekoztato-1.pdf\">57948\/AOANE\/2023 Adatkezel\u00e9si t\u00e1j\u00e9koztat\u00f3. \u00c9rv\u00e9nyes 2023.07.17.-2025.12.31.<\/a><\/p>\n<p><a href=\"https:\/\/semmelweis.hu\/aneszteziologia\/files\/2026\/01\/57942-Adatkezelesi-nyilvantartas.xlsx\">57942\/AOANE\/2023 Adatkezel\u00e9si nyilv\u00e1ntart\u00e1s. \u00c9rv\u00e9nyes 2023.07.17.-2025.12.31.<\/a><\/p>\n<p><a href=\"https:\/\/semmelweis.hu\/aneszteziologia\/files\/2026\/01\/4401_INTK_2026-Adatkezelesi-tajekoztato-1.pdf\">4401\/INTK\/2026. Adatkezel\u00e9si t\u00e1j\u00e9koztat\u00f3. \u00c9rv\u00e9nyes 2026.01.01.<\/a><\/p>\n<p><a href=\"https:\/\/semmelweis.hu\/aneszteziologia\/files\/2026\/01\/4543_INTK_2026-Adatkezelesi-nyilvantartas.xlsx\">4543\/INTK\/2026. Adatkezel\u00e9si nyilv\u00e1ntart\u00e1s. \u00c9rv\u00e9nyes 2026.01.01.<\/a><\/p>\n<p>&nbsp;<\/p>\n<p style=\"text-align: justify\">Aj\u00e1nljuk sz\u00edves figyelm\u00fckbe a Semmelweis Egyetem Adatkezel\u00e9si t\u00e1j\u00e9koztat\u00f3it<\/p>\n<ul>\n<li style=\"text-align: justify\"><a href=\"https:\/\/semmelweis.hu\/aneszteziologia\/files\/2021\/10\/Adatkezelesi-tajekoztato_hallgato.pdf\">Adatkezel\u00e9si t\u00e1j\u00e9koztat\u00f3 a szem\u00e9lyes adatok kezel\u00e9s\u00e9r\u0151l \u2013 a hallgat\u00f3i jogviszonyhoz kapcsol\u00f3d\u00f3an<\/a><\/li>\n<li style=\"text-align: justify\"><a href=\"https:\/\/semmelweis.hu\/aneszteziologia\/files\/2021\/10\/Adatkezelesi-tajekoztato_munkavallalo.pdf\">Adatkezel\u00e9si t\u00e1j\u00e9koztat\u00f3 a szem\u00e9lyes adatok kezel\u00e9s\u00e9r\u0151l \u2013 a munkav\u00e9gz\u00e9sre ir\u00e1nyul\u00f3 jogviszonyhoz kapcsol\u00f3d\u00f3an<\/a><\/li>\n<li style=\"text-align: justify\"><a href=\"https:\/\/semmelweis.hu\/aneszteziologia\/files\/2021\/10\/Adatkezelesi-tajekoztato_egeszsegugyi-ellatas.pdf\">Adatkezel\u00e9si t\u00e1j\u00e9koztat\u00f3 a szem\u00e9lyes adatok kezel\u00e9s\u00e9r\u0151l \u2013 az eg\u00e9szs\u00e9g\u00fcgyi ell\u00e1t\u00e1shoz kapcsol\u00f3d\u00f3an<\/a><\/li>\n<li style=\"text-align: justify\"><a href=\"https:\/\/semmelweis.hu\/aneszteziologia\/files\/2021\/10\/Adatkezelesi-tajekoztato_kutatas.pdf\">Adatkezel\u00e9si t\u00e1j\u00e9koztat\u00f3 a szem\u00e9lyes adatok kezel\u00e9s\u00e9r\u0151l \u2013 az orvostudom\u00e1nyi kutat\u00e1sokhoz kapcsol\u00f3d\u00f3an<\/a><\/li>\n<\/ul>\n","protected":false},"excerpt":{"rendered":"<p>A Semmelweis Egyetem az Egyetemen kezelt adatok v\u00e9delm\u00e9nek rendj\u00e9t az Alapt\u00f6rv\u00e9ny, a Polg\u00e1ri T\u00f6rv\u00e9nyk\u00f6nyvr\u0151l sz\u00f3l\u00f3 2013. \u00e9vi V. t\u00f6rv\u00e9ny, az inform\u00e1ci\u00f3s \u00f6nrendelkez\u00e9si jogr\u00f3l \u00e9s az inform\u00e1ci\u00f3szabads\u00e1gr\u00f3l sz\u00f3l\u00f3 2011. \u00e9vi CXII. t\u00f6rv\u00e9ny, a nemzeti fels\u0151oktat\u00e1sr\u00f3l sz\u00f3l\u00f3 2011. \u00e9vi CCIV. t\u00f6rv\u00e9ny, az eg\u00e9szs\u00e9g\u00fcgyr\u0151l sz\u00f3l\u00f3 1997. CLIV. t\u00f6rv\u00e9ny, az eg\u00e9szs\u00e9g\u00fcgyi \u00e9s a hozz\u00e1juk kapcsol\u00f3d\u00f3 szem\u00e9lyes adatok kezel\u00e9s\u00e9r\u0151l \u00e9s &hellip;<\/p>\n","protected":false},"author":101484,"featured_media":0,"parent":6,"menu_order":4,"comment_status":"closed","ping_status":"closed","template":"","meta":{"_acf_changed":false,"footnotes":""},"categories":[],"tags":[],"class_list":["post-8206","page","type-page","status-publish","hentry"],"acf":[],"_links":{"self":[{"href":"https:\/\/semmelweis.hu\/aneszteziologia\/wp-json\/wp\/v2\/pages\/8206","targetHints":{"allow":["GET"]}}],"collection":[{"href":"https:\/\/semmelweis.hu\/aneszteziologia\/wp-json\/wp\/v2\/pages"}],"about":[{"href":"https:\/\/semmelweis.hu\/aneszteziologia\/wp-json\/wp\/v2\/types\/page"}],"author":[{"embeddable":true,"href":"https:\/\/semmelweis.hu\/aneszteziologia\/wp-json\/wp\/v2\/users\/101484"}],"replies":[{"embeddable":true,"href":"https:\/\/semmelweis.hu\/aneszteziologia\/wp-json\/wp\/v2\/comments?post=8206"}],"version-history":[{"count":11,"href":"https:\/\/semmelweis.hu\/aneszteziologia\/wp-json\/wp\/v2\/pages\/8206\/revisions"}],"predecessor-version":[{"id":9534,"href":"https:\/\/semmelweis.hu\/aneszteziologia\/wp-json\/wp\/v2\/pages\/8206\/revisions\/9534"}],"up":[{"embeddable":true,"href":"https:\/\/semmelweis.hu\/aneszteziologia\/wp-json\/wp\/v2\/pages\/6"}],"wp:attachment":[{"href":"https:\/\/semmelweis.hu\/aneszteziologia\/wp-json\/wp\/v2\/media?parent=8206"}],"wp:term":[{"taxonomy":"category","embeddable":true,"href":"https:\/\/semmelweis.hu\/aneszteziologia\/wp-json\/wp\/v2\/categories?post=8206"},{"taxonomy":"post_tag","embeddable":true,"href":"https:\/\/semmelweis.hu\/aneszteziologia\/wp-json\/wp\/v2\/tags?post=8206"}],"curies":[{"name":"wp","href":"https:\/\/api.w.org\/{rel}","templated":true}]}}