{"id":8177,"date":"2021-08-31T13:12:24","date_gmt":"2021-08-31T11:12:24","guid":{"rendered":"https:\/\/semmelweis.hu\/aneszteziologia\/?page_id=8177"},"modified":"2022-06-14T10:57:38","modified_gmt":"2022-06-14T08:57:38","slug":"orvosi-kommunikacio","status":"publish","type":"page","link":"https:\/\/semmelweis.hu\/aneszteziologia\/kutatas\/tdk\/tdk-temak\/orvosi-kommunikacio\/","title":{"rendered":"Orvosi kommunik\u00e1ci\u00f3"},"content":{"rendered":"<p>Az orvos &#8211; beteg kommunik\u00e1ci\u00f3t seg\u00edt\u00e9se kommunik\u00e1ci\u00f3s anyagok k\u00e9sz\u00edt\u00e9s\u00e9vel<\/p>\n<p>avagy<\/p>\n<p>\u00c9rtem, ha \u00e9rtem, hogy mit kell \u00e9rtenem &#8211; k\u00e9zbe adhat\u00f3 inform\u00e1ci\u00f3k<\/p>\n<p>&nbsp;<\/p>\n<p>A t\u00e9m\u00e1t v\u00e1laszt\u00f3 hallgat\u00f3 laikusok sz\u00e1m\u00e1ra \u00e9rthet\u0151 inform\u00e1ci\u00f3s anyagokat tervez meg \u00e9s k\u00e9sz\u00edt el\u0151zetes felm\u00e9r\u00e9sek alapj\u00e1n, amelyek alapvet\u0151 tudnival\u00f3kat tartalmaznak betegek sz\u00e1m\u00e1ra. Az inform\u00e1ci\u00f3s anyagok elk\u00e9sz\u00edt\u00e9s\u00e9hez \u00e9s tesztel\u00e9s\u00e9hez el\u0151zetes kutat\u00e1s sz\u00fcks\u00e9ges. Az anyagok b\u00e1rmely, a hallgat\u00f3 sz\u00e1m\u00e1ra \u00e9rdekes ter\u00fcletet seg\u00edthetik.\u00a0<\/p>\n<p>&nbsp;<\/p>\n<p><em>kontakt: dr. Frit\u00faz G\u00e1bor,\u00a0<\/em><a href=\"mailto:frituz.gabor@med.semmelweis-univ.hu\"><em>frituz.gabor@med.semmelweis-univ.hu<\/em><\/a><\/p>\n","protected":false},"excerpt":{"rendered":"<p>Az orvos &#8211; beteg kommunik\u00e1ci\u00f3t seg\u00edt\u00e9se kommunik\u00e1ci\u00f3s anyagok k\u00e9sz\u00edt\u00e9s\u00e9vel avagy \u00c9rtem, ha \u00e9rtem, hogy mit kell \u00e9rtenem &#8211; k\u00e9zbe adhat\u00f3 inform\u00e1ci\u00f3k &nbsp; A t\u00e9m\u00e1t v\u00e1laszt\u00f3 hallgat\u00f3 laikusok sz\u00e1m\u00e1ra \u00e9rthet\u0151 inform\u00e1ci\u00f3s anyagokat tervez meg \u00e9s k\u00e9sz\u00edt el\u0151zetes felm\u00e9r\u00e9sek alapj\u00e1n, amelyek alapvet\u0151 tudnival\u00f3kat tartalmaznak betegek sz\u00e1m\u00e1ra. Az inform\u00e1ci\u00f3s anyagok elk\u00e9sz\u00edt\u00e9s\u00e9hez \u00e9s tesztel\u00e9s\u00e9hez el\u0151zetes kutat\u00e1s sz\u00fcks\u00e9ges. Az anyagok &hellip;<\/p>\n","protected":false},"author":101484,"featured_media":0,"parent":8482,"menu_order":6,"comment_status":"closed","ping_status":"closed","template":"","meta":{"_acf_changed":false,"footnotes":""},"categories":[10],"tags":[],"class_list":["post-8177","page","type-page","status-publish","hentry","category-kutatas"],"acf":[],"_links":{"self":[{"href":"https:\/\/semmelweis.hu\/aneszteziologia\/wp-json\/wp\/v2\/pages\/8177","targetHints":{"allow":["GET"]}}],"collection":[{"href":"https:\/\/semmelweis.hu\/aneszteziologia\/wp-json\/wp\/v2\/pages"}],"about":[{"href":"https:\/\/semmelweis.hu\/aneszteziologia\/wp-json\/wp\/v2\/types\/page"}],"author":[{"embeddable":true,"href":"https:\/\/semmelweis.hu\/aneszteziologia\/wp-json\/wp\/v2\/users\/101484"}],"replies":[{"embeddable":true,"href":"https:\/\/semmelweis.hu\/aneszteziologia\/wp-json\/wp\/v2\/comments?post=8177"}],"version-history":[{"count":1,"href":"https:\/\/semmelweis.hu\/aneszteziologia\/wp-json\/wp\/v2\/pages\/8177\/revisions"}],"predecessor-version":[{"id":8178,"href":"https:\/\/semmelweis.hu\/aneszteziologia\/wp-json\/wp\/v2\/pages\/8177\/revisions\/8178"}],"up":[{"embeddable":true,"href":"https:\/\/semmelweis.hu\/aneszteziologia\/wp-json\/wp\/v2\/pages\/8482"}],"wp:attachment":[{"href":"https:\/\/semmelweis.hu\/aneszteziologia\/wp-json\/wp\/v2\/media?parent=8177"}],"wp:term":[{"taxonomy":"category","embeddable":true,"href":"https:\/\/semmelweis.hu\/aneszteziologia\/wp-json\/wp\/v2\/categories?post=8177"},{"taxonomy":"post_tag","embeddable":true,"href":"https:\/\/semmelweis.hu\/aneszteziologia\/wp-json\/wp\/v2\/tags?post=8177"}],"curies":[{"name":"wp","href":"https:\/\/api.w.org\/{rel}","templated":true}]}}