{"id":8172,"date":"2021-08-31T13:09:31","date_gmt":"2021-08-31T11:09:31","guid":{"rendered":"https:\/\/semmelweis.hu\/aneszteziologia\/?page_id=8172"},"modified":"2022-06-14T10:56:56","modified_gmt":"2022-06-14T08:56:56","slug":"oktatasmodszertani-hatekonysag-vizsgalata-az-orvoskepzesben","status":"publish","type":"page","link":"https:\/\/semmelweis.hu\/aneszteziologia\/kutatas\/tdk\/tdk-temak\/oktatasmodszertani-hatekonysag-vizsgalata-az-orvoskepzesben\/","title":{"rendered":"Oktat\u00e1sm\u00f3dszertani hat\u00e9konys\u00e1g vizsg\u00e1lata az orvosk\u00e9pz\u00e9sben"},"content":{"rendered":"<p>Az orvosk\u00e9pz\u00e9s, k\u00fcl\u00f6n\u00f6sen pedig a k\u00fcl\u00f6nb\u00f6z\u0151 gyakorlati elemeket is mag\u00e1ba \u00f6lel\u0151 tant\u00e1rgyak oktat\u00e1s\u00e1nak hat\u00e9konys\u00e1ga fontos t\u00e9nyez\u0151je annak, hogy az egyetemr\u0151l kil\u00e9p\u0151 orvosok milyen felk\u00e9sz\u00fclts\u00e9ggel kezdik meg szakm\u00e1juk gyakorl\u00e1s\u00e1t. Az orvostanhallgat\u00f3k oktat\u00e1sa r\u00e1ad\u00e1sul k\u00f6zvetett m\u00f3don a betegell\u00e1t\u00e1s kimenetel\u00e9t is meghat\u00e1rozza, ez\u00e9rt fontos, hogy annak min\u0151s\u00e9g\u00e9t folyamatosan felm\u00e9rj\u00fck \u00e9s fejlessz\u00fck.<\/p>\n<p>&nbsp;<\/p>\n<p>A Semmelweis Egyetem Aneszteziol\u00f3giai \u00e9s Intenz\u00edv Ter\u00e1pi\u00e1s Klinika oktat\u00f3csapata az oktat\u00e1s szervez\u00e9s\u00e9n \u00e9s lebonyol\u00edt\u00e1s\u00e1n k\u00edv\u00fcl az oktat\u00e1s hat\u00e9konys\u00e1g\u00e1t is folyamatosan m\u00e9ri, vizsg\u00e1lja. Ebbe a munk\u00e1ba szeretn\u00e9nk bevonni lelkes Tudom\u00e1nyos Di\u00e1kk\u00f6r\u00f6s Hallgat\u00f3kat.<\/p>\n<p>&nbsp;<\/p>\n<p>Az elk\u00f6vetkezend\u0151 tan\u00e9vre az al\u00e1bbi vizsg\u00e1latok lebonyol\u00edt\u00e1s\u00e1t tervezz\u00fck:<\/p>\n<ul>\n<li>A gyakorlati vizsga hat\u00e1sa az alapszint\u0171 \u00fajra\u00e9leszt\u00e9s k\u00e9szs\u00e9g\u00e9nek r\u00f6vid \u00e9s hossz\u00fa t\u00e1v\u00fa meg\u0151rz\u00e9s\u00e9re \u2013 randomiz\u00e1lt kontroll\u00e1lt vizsg\u00e1lat<\/li>\n<li>A virtu\u00e1lis oktat\u00e1s hat\u00e1sa az orvosk\u00e9pz\u00e9sben \u2013 sziszt\u00e9m\u00e1s irodalmi \u00f6sszefoglal\u00f3 \u00e9s metaanal\u00edzis<\/li>\n<li>Az e-learning tananyag fejleszt\u00e9se \u00e9s annak hat\u00e1sa az intenz\u00edv ter\u00e1pia \u00e9s aneszteziol\u00f3gia tant\u00e1rgy gradu\u00e1lis oktat\u00e1s\u00e1ra<\/li>\n<\/ul>\n<p>&nbsp;<\/p>\n<p>Kor\u00e1bban megjelent k\u00f6zlem\u00e9nyeink hasonl\u00f3 t\u00e9m\u00e1kban itt tal\u00e1lhat\u00f3ak:<\/p>\n<p><a href=\"https:\/\/bmcmededuc.biomedcentral.com\/articles\/10.1186\/s12909-019-1881-7\">https:\/\/bmcmededuc.biomedcentral.com\/articles\/10.1186\/s12909-019-1881-7<\/a><\/p>\n<p><a href=\"https:\/\/bmcmededuc.biomedcentral.com\/articles\/10.1186\/s12909-021-02826-1\">https:\/\/bmcmededuc.biomedcentral.com\/articles\/10.1186\/s12909-021-02826-1<\/a><\/p>\n<p>&nbsp;<\/p>\n<p>&nbsp;<\/p>\n<p>V\u00e1rjuk minden olyan orvostanhallgat\u00f3 jelentkez\u00e9s\u00e9t, aki elk\u00f6telezett az orvosk\u00e9pz\u00e9s fejleszt\u00e9se mellett.<\/p>\n<p>Jelentkez\u00e9s, \u00e9rdekl\u0151d\u00e9s: <strong><em>dr. Kov\u00e1cs Enik\u0151<\/em><\/strong> (<a href=\"mailto:kovacs.eniko2@med.semmelweis-univ.hu\">kovacs.eniko2@med.semmelweis-univ.hu<\/a>)<\/p>\n","protected":false},"excerpt":{"rendered":"<p>Az orvosk\u00e9pz\u00e9s, k\u00fcl\u00f6n\u00f6sen pedig a k\u00fcl\u00f6nb\u00f6z\u0151 gyakorlati elemeket is mag\u00e1ba \u00f6lel\u0151 tant\u00e1rgyak oktat\u00e1s\u00e1nak hat\u00e9konys\u00e1ga fontos t\u00e9nyez\u0151je annak, hogy az egyetemr\u0151l kil\u00e9p\u0151 orvosok milyen felk\u00e9sz\u00fclts\u00e9ggel kezdik meg szakm\u00e1juk gyakorl\u00e1s\u00e1t. Az orvostanhallgat\u00f3k oktat\u00e1sa r\u00e1ad\u00e1sul k\u00f6zvetett m\u00f3don a betegell\u00e1t\u00e1s kimenetel\u00e9t is meghat\u00e1rozza, ez\u00e9rt fontos, hogy annak min\u0151s\u00e9g\u00e9t folyamatosan felm\u00e9rj\u00fck \u00e9s fejlessz\u00fck. &nbsp; A Semmelweis Egyetem Aneszteziol\u00f3giai \u00e9s Intenz\u00edv &hellip;<\/p>\n","protected":false},"author":101484,"featured_media":0,"parent":8482,"menu_order":5,"comment_status":"closed","ping_status":"closed","template":"","meta":{"_acf_changed":false,"footnotes":""},"categories":[10],"tags":[],"class_list":["post-8172","page","type-page","status-publish","hentry","category-kutatas"],"acf":[],"_links":{"self":[{"href":"https:\/\/semmelweis.hu\/aneszteziologia\/wp-json\/wp\/v2\/pages\/8172","targetHints":{"allow":["GET"]}}],"collection":[{"href":"https:\/\/semmelweis.hu\/aneszteziologia\/wp-json\/wp\/v2\/pages"}],"about":[{"href":"https:\/\/semmelweis.hu\/aneszteziologia\/wp-json\/wp\/v2\/types\/page"}],"author":[{"embeddable":true,"href":"https:\/\/semmelweis.hu\/aneszteziologia\/wp-json\/wp\/v2\/users\/101484"}],"replies":[{"embeddable":true,"href":"https:\/\/semmelweis.hu\/aneszteziologia\/wp-json\/wp\/v2\/comments?post=8172"}],"version-history":[{"count":3,"href":"https:\/\/semmelweis.hu\/aneszteziologia\/wp-json\/wp\/v2\/pages\/8172\/revisions"}],"predecessor-version":[{"id":8175,"href":"https:\/\/semmelweis.hu\/aneszteziologia\/wp-json\/wp\/v2\/pages\/8172\/revisions\/8175"}],"up":[{"embeddable":true,"href":"https:\/\/semmelweis.hu\/aneszteziologia\/wp-json\/wp\/v2\/pages\/8482"}],"wp:attachment":[{"href":"https:\/\/semmelweis.hu\/aneszteziologia\/wp-json\/wp\/v2\/media?parent=8172"}],"wp:term":[{"taxonomy":"category","embeddable":true,"href":"https:\/\/semmelweis.hu\/aneszteziologia\/wp-json\/wp\/v2\/categories?post=8172"},{"taxonomy":"post_tag","embeddable":true,"href":"https:\/\/semmelweis.hu\/aneszteziologia\/wp-json\/wp\/v2\/tags?post=8172"}],"curies":[{"name":"wp","href":"https:\/\/api.w.org\/{rel}","templated":true}]}}