{"id":8081,"date":"2020-12-02T20:45:30","date_gmt":"2020-12-02T19:45:30","guid":{"rendered":"https:\/\/semmelweis.hu\/aneszteziologia\/?page_id=8081"},"modified":"2025-04-02T13:44:43","modified_gmt":"2025-04-02T11:44:43","slug":"hozzatartozoi_tajekoztatok","status":"publish","type":"page","link":"https:\/\/semmelweis.hu\/aneszteziologia\/hozzatartozokreszere\/hozzatartozoi_tajekoztatok\/","title":{"rendered":"Hozz\u00e1tartoz\u00f3i t\u00e1j\u00e9koztat\u00f3"},"content":{"rendered":"<p style=\"text-align: center\"><strong>T\u00c1J\u00c9KOZTAT\u00d3 AZ INTENZ\u00cdV TER\u00c1PI\u00c1S KLINIKA K\u00d6ZPONTI INTENZ\u00cdV OSZT\u00c1LYAIN <\/strong><\/p>\n<p style=\"text-align: center\"><strong>GY\u00d3GYKEZELT BETEGEK <\/strong><strong>HOZZ\u00c1TARTOZ\u00d3I R\u00c9SZ\u00c9RE<\/strong><\/p>\n<p><em>Tisztelt Hozz\u00e1tartoz\u00f3k!<\/em><\/p>\n<p style=\"text-align: justify\"><em>Teljes m\u00e9rt\u00e9kben meg\u00e9rtj\u00fck a hozz\u00e1tartoz\u00f3ik ir\u00e1nt \u00e9rzett aggodalmukat, \u00e9s tiszteletben tartjuk a t\u00e1j\u00e9koztat\u00e1shoz val\u00f3 jogukat. Annak \u00e9rdek\u00e9ben, hogy munkat\u00e1rsaink minden figyelme \u00e9s energi\u00e1ja a betegeink, az \u00d6n\u00f6k hozz\u00e1tartoz\u00f3i gy\u00f3gy\u00edt\u00e1s\u00e1ra ir\u00e1nyulhasson, tisztelettel k\u00e9rj\u00fck \u00d6n\u00f6ket, hogy az al\u00e1bbi <strong>fontos tudnival\u00f3k<\/strong> betart\u00e1s\u00e1val seg\u00edtsenek:<\/em><\/p>\n<p><strong>1) Telefonos t\u00e1j\u00e9koztat\u00e1s<\/strong><\/p>\n<p style=\"text-align: justify\">Telefonos t\u00e1j\u00e9koztat\u00e1st orvosaink <strong>13<\/strong><strong><sup>00<\/sup><\/strong><strong>-14<\/strong><strong><sup>00<\/sup><\/strong> \u00f3ra k\u00f6z\u00f6tt tudnak adni hozz\u00e1tartoz\u00f3j\u00e1val kapcsolatban (<strong>K\u00f6zponti Intenz\u00edv Oszt\u00e1ly: 06 1 459 1500 \/ 61993 m. \/ 61994 m. \/ 61995 m.<\/strong>). Ha ebben az id\u0151szakban telefon\u00e1l, \u00e9s az oszt\u00e1lyokon dolgoz\u00f3 orvos az adott pillanatban nem vesz r\u00e9szt betegell\u00e1t\u00e1sban, telefonon tud t\u00e1j\u00e9koztat\u00e1st adni a beteg \u00e1ltal megjel\u00f6lt legk\u00f6zelebbi hozz\u00e1tartoz\u00f3nak.\u00a0<\/p>\n<p style=\"text-align: justify\"><strong>K\u00e9rj\u00fck, hogy egy betegr\u0151l naponta legfeljebb egy alkalommal kiz\u00e1r\u00f3lag a beteg \u00e1ltal megjel\u00f6lt (legk\u00f6zelebbi) hozz\u00e1tartoz\u00f3ja \u00e9rdekl\u0151dj\u00f6n <\/strong>(k\u00e9rj\u00fck, hogy csal\u00e1don bel\u00fcl egyeztessenek a telefonos kapcsolattart\u00f3val)<strong>.<\/strong><\/p>\n<p style=\"text-align: justify\"><strong>Adatv\u00e9delmi okok miatt telefonon kereszt\u00fcl azonos\u00edt\u00e1s n\u00e9lk\u00fcl semmif\u00e9le beteggel kapcsolatos konkr\u00e9t inform\u00e1ci\u00f3t nem adhatunk ki.<\/strong><\/p>\n<p style=\"text-align: justify\">K\u00e9rj\u00fck, vegye figyelembe, hogy a t\u00e1j\u00e9koztat\u00f3 orvoskoll\u00e9g\u00e1ra ak\u00e1r t\u00f6bb vonal is v\u00e1rakozhat, illetve sz\u00fcks\u00e9g lehet munk\u00e1j\u00e1ra a betegell\u00e1t\u00e1sban, \u00edgy t\u00fcrelm\u00e9t k\u00e9rj\u00fck. Ezen az id\u0151szakon k\u00edv\u00fcl orvosaink teljes figyelm\u00fcket a betegek, \u00edgy az \u00d6n hozz\u00e1tartoz\u00f3j\u00e1nak gy\u00f3gy\u00edt\u00e1s\u00e1nak szentelik, ez\u00e9rt <strong>nem tudj\u00e1k felvenni <\/strong>a telefont.<\/p>\n<p><strong>2) Kinek adhat\u00f3 t\u00e1j\u00e9koztat\u00e1s az int\u00e9zm\u00e9nyben fekv\u0151 betegekr\u0151l?<\/strong><\/p>\n<p style=\"text-align: justify\">Korl\u00e1tozottan, de lehet\u0151s\u00e9g van telefonon t\u00e1j\u00e9koztat\u00e1st adni az egyes betegek \u00e1llapot\u00e1r\u00f3l. A t\u00e1j\u00e9koztat\u00e1sra kijel\u00f6lt hozz\u00e1tartoz\u00f3t a beteg jel\u00f6li meg, a t\u00e1j\u00e9koztathat\u00f3 hozz\u00e1tartoz\u00f3 neve beker\u00fcl az orvosi dokument\u00e1ci\u00f3ba. Amennyiben a beteg a t\u00e1j\u00e9koztathat\u00f3 hozz\u00e1tartoz\u00f3 kijel\u00f6l\u00e9s\u00e9re \u00e1llapota miatt nem k\u00e9pes, \u00fagy \u2013 a legk\u00f6zelebbi hozz\u00e1tartoz\u00f3 (egy\u00fctt \u00e9l\u0151 h\u00e1zast\u00e1rs, gyermek, sz\u00fcl\u0151, testv\u00e9r) t\u00e1j\u00e9koztathat\u00f3. Kiskor\u00fa vagy korl\u00e1tozottan cselekv\u0151k\u00e9pes szem\u00e9ly eset\u00e9n els\u0151sorban a t\u00f6rv\u00e9nyes k\u00e9pvisel\u0151t t\u00e1j\u00e9koztatjuk. Emiatt k\u00e9rj\u00fck, hogy beteg\u00fcnk \u00e1llapota fel\u0151l csak abban az esetben \u00e9rdekl\u0151dj\u00f6n, ha \u00d6n a dokument\u00e1lhat\u00f3an igazolt, erre kijel\u00f6lt hozz\u00e1tartoz\u00f3.<\/p>\n<p style=\"text-align: justify\">T\u00e1j\u00e9koztat\u00e1st a kijel\u00f6lt hozz\u00e1tartoz\u00f3 r\u00e9sz\u00e9re kett\u0151s azonos\u00edt\u00e1st k\u00f6vet\u0151en tudunk adni (a beteg TAJ-sz\u00e1m\u00e1t \u00e9s sz\u00fclet\u00e9si \u00e9v\u00e9t kell megadni).<\/p>\n<p><strong>3) Milyen gyakran \u00e9rdekl\u0151dhetek?<\/strong><\/p>\n<p style=\"text-align: justify\">K\u00e9rj\u00fck, hogy lehet\u0151s\u00e9g szerint telefonon csak a megadott id\u0151pontban nagyon indokolt esetben \u00e9rdekl\u0151dj\u00e9k koll\u00e9g\u00e1inkt\u00f3l.<\/p>\n<p><strong>4) Hogyan, mikor lehet beteget l\u00e1togatni?<\/strong><\/p>\n<p style=\"text-align: justify\">Szem\u00e9lyes l\u00e1togat\u00e1sra a K\u00f6zponti Intenz\u00edv Oszt\u00e1lyon mindennap <strong>17<sup>00<\/sup>-18<sup>00<\/sup><\/strong> id\u0151szakban van lehet\u0151s\u00e9g.\u00a0A l\u00e1togat\u00f3k sz\u00e1m\u00e1ra a sz\u00fcks\u00e9ges v\u00e9d\u0151felszerel\u00e9st Klinik\u00e1nk biztos\u00edtja, melyet a l\u00e1t\u00f3gat\u00f3i zsilipben tal\u00e1lnak. A v\u00e9d\u0151felszerel\u00e9s szakszer\u0171 haszn\u00e1lat\u00e1r\u00f3l sz\u00f3beli oktat\u00e1sban r\u00e9szes\u00fcl a l\u00e1togat\u00f3.\u00a0<\/p>\n<p style=\"text-align: justify\">K\u00e9rj\u00fck, vegy\u00e9k figyelembe, hogy <strong>egy l\u00e1togat\u00e1s alkalm\u00e1val csak kett\u0151 hozz\u00e1tartoz\u00f3t<\/strong> tudunk beengedni. Koronav\u00edrussal vagy speci\u00e1lis multirezisztens k\u00f3rokoz\u00f3val fert\u0151z\u00f6tt beteghez hozz\u00e1tartoz\u00f3 nem mehet be, a beteget a k\u00f3rterem \u00fcvegfal\u00e1n kereszt\u00fcl l\u00e1thatja.<\/p>\n<p style=\"text-align: justify\">A beteg l\u00e1togat\u00e1s\u00e1t k\u00f6vet\u0151en a hozz\u00e1tartoz\u00f3knak ott helyben, a k\u00f3rteremben le kell venni\u00fck a kapott v\u00e9d\u0151eszk\u00f6z\u00f6ket, majd onnan k\u00f6telez\u0151 k\u00e9zmos\u00e1s \u00e9s fert\u0151tlen\u00edt\u00e9s ut\u00e1n j\u00f6hetnek ki.<\/p>\n<p style=\"text-align: justify\">Mindemellett kiemelten k\u00e9rj\u00fck, hogy <strong>kontakt VAGY igazoltan koronav\u00edrussal fert\u0151z\u00f6tt vagy b\u00e1rmilyen fert\u0151z\u0151 betegs\u00e9gben szenved\u0151 szem\u00e9ly &#8211;<\/strong>az egy\u00e9b j\u00e1rv\u00e1ny\u00fcgyi el\u0151\u00edr\u00e1sokkal \u00f6sszhangban<strong>&#8211;<\/strong> ne j\u00f6jj\u00f6n l\u00e1togat\u00f3ba, mert fokozottan vesz\u00e9lyezteti a betegeket \u00e9s az ell\u00e1t\u00e1st v\u00e9gz\u0151 szakembereket. <em>(! kontakt az a szem\u00e9ly, aki a fert\u0151z\u00f6ttel k\u00f6zeli kapcsolatban volt)<\/em><\/p>\n<p><strong>5) Lehet-e csomagot <\/strong><strong>k\u00fcldeni vagy hozni?<\/strong><\/p>\n<p style=\"text-align: justify\">K\u00e9rj\u00fck, hogy hozz\u00e1tartoz\u00f3juk r\u00e9sz\u00e9re semmilyen csomagot <strong>ne<\/strong> k\u00fcldjenek, \u00e9s <strong>ne<\/strong> hozzanak. Az intenz\u00edv oszt\u00e1lyon kezelt betegeknek a ny\u00edlt oszt\u00e1lyon megszokott alapvet\u0151 felszerel\u00e9sekre (mint pl. h\u00e1l\u00f3ing, papucs, szem\u00fcveg, telefon, stb.) nincs sz\u00fcks\u00e9g\u00fck, emellett pedig minden, a beteg ell\u00e1t\u00e1s\u00e1hoz sz\u00fcks\u00e9ges tisztas\u00e1gi felszerel\u00e9st biztos\u00edtunk. Ha m\u00e9gis sz\u00fcks\u00e9g van valamire, ezt koll\u00e9g\u00e1ink jelezni fogj\u00e1k \u00d6n\u00f6knek.<\/p>\n<p style=\"text-align: justify\">A beteg \u00e1thelyez\u00e9se el\u0151tt \u00e9rtes\u00edtj\u00fck \u00d6n\u00f6ket, \u00edgy a hozz\u00e1tartoz\u00f3juk r\u00e9sz\u00e9re \u00f6ssze\u00e1ll\u00edtott csomagot m\u00e1r a fogad\u00f3 int\u00e9zetbe vihetik. \u00c9ber hozz\u00e1tartoz\u00f3juk r\u00e9sz\u00e9re <strong>levelet, f\u00e9nyk\u00e9pet, rajzot behozhatnak.<\/strong><\/p>\n<p>K\u00f6sz\u00f6nj\u00fck, hogy egy\u00fcttm\u0171k\u00f6d\u00e9s\u00fckkel seg\u00edtik munk\u00e1nkat!<\/p>\n<table style=\"border-collapse: collapse;width: 100%\">\n<tbody>\n<tr>\n<td style=\"width: 50%;text-align: center\">Prof. Dr. Moln\u00e1r Zsolt<\/td>\n<td style=\"width: 50%;text-align: center\">Dr. \u00c9l\u0151 G\u00e1bor<\/td>\n<\/tr>\n<tr>\n<td style=\"width: 50%;text-align: center\">klinikaigazgat\u00f3<\/td>\n<td style=\"width: 50%;text-align: center\">min\u0151s\u00e9gbiztos\u00edt\u00e1si igazgat\u00f3helyettes<\/td>\n<\/tr>\n<\/tbody>\n<\/table>\n<p>&nbsp;<\/p>\n","protected":false},"excerpt":{"rendered":"<p>T\u00c1J\u00c9KOZTAT\u00d3 AZ INTENZ\u00cdV TER\u00c1PI\u00c1S KLINIKA K\u00d6ZPONTI INTENZ\u00cdV OSZT\u00c1LYAIN GY\u00d3GYKEZELT BETEGEK HOZZ\u00c1TARTOZ\u00d3I R\u00c9SZ\u00c9RE Tisztelt Hozz\u00e1tartoz\u00f3k! Teljes m\u00e9rt\u00e9kben meg\u00e9rtj\u00fck a hozz\u00e1tartoz\u00f3ik ir\u00e1nt \u00e9rzett aggodalmukat, \u00e9s tiszteletben tartjuk a t\u00e1j\u00e9koztat\u00e1shoz val\u00f3 jogukat. Annak \u00e9rdek\u00e9ben, hogy munkat\u00e1rsaink minden figyelme \u00e9s energi\u00e1ja a betegeink, az \u00d6n\u00f6k hozz\u00e1tartoz\u00f3i gy\u00f3gy\u00edt\u00e1s\u00e1ra ir\u00e1nyulhasson, tisztelettel k\u00e9rj\u00fck \u00d6n\u00f6ket, hogy az al\u00e1bbi fontos tudnival\u00f3k betart\u00e1s\u00e1val seg\u00edtsenek: 1) &hellip;<\/p>\n","protected":false},"author":101484,"featured_media":0,"parent":9208,"menu_order":1,"comment_status":"closed","ping_status":"closed","template":"","meta":{"_acf_changed":false,"footnotes":""},"categories":[],"tags":[],"class_list":["post-8081","page","type-page","status-publish","hentry"],"acf":[],"_links":{"self":[{"href":"https:\/\/semmelweis.hu\/aneszteziologia\/wp-json\/wp\/v2\/pages\/8081","targetHints":{"allow":["GET"]}}],"collection":[{"href":"https:\/\/semmelweis.hu\/aneszteziologia\/wp-json\/wp\/v2\/pages"}],"about":[{"href":"https:\/\/semmelweis.hu\/aneszteziologia\/wp-json\/wp\/v2\/types\/page"}],"author":[{"embeddable":true,"href":"https:\/\/semmelweis.hu\/aneszteziologia\/wp-json\/wp\/v2\/users\/101484"}],"replies":[{"embeddable":true,"href":"https:\/\/semmelweis.hu\/aneszteziologia\/wp-json\/wp\/v2\/comments?post=8081"}],"version-history":[{"count":12,"href":"https:\/\/semmelweis.hu\/aneszteziologia\/wp-json\/wp\/v2\/pages\/8081\/revisions"}],"predecessor-version":[{"id":9112,"href":"https:\/\/semmelweis.hu\/aneszteziologia\/wp-json\/wp\/v2\/pages\/8081\/revisions\/9112"}],"up":[{"embeddable":true,"href":"https:\/\/semmelweis.hu\/aneszteziologia\/wp-json\/wp\/v2\/pages\/9208"}],"wp:attachment":[{"href":"https:\/\/semmelweis.hu\/aneszteziologia\/wp-json\/wp\/v2\/media?parent=8081"}],"wp:term":[{"taxonomy":"category","embeddable":true,"href":"https:\/\/semmelweis.hu\/aneszteziologia\/wp-json\/wp\/v2\/categories?post=8081"},{"taxonomy":"post_tag","embeddable":true,"href":"https:\/\/semmelweis.hu\/aneszteziologia\/wp-json\/wp\/v2\/tags?post=8081"}],"curies":[{"name":"wp","href":"https:\/\/api.w.org\/{rel}","templated":true}]}}