{"id":8,"date":"2012-02-01T08:51:37","date_gmt":"2012-02-01T08:51:37","guid":{"rendered":"http:\/\/semmelweis-egyetem.hu\/aneszteziologia\/?page_id=8"},"modified":"2025-12-08T11:34:29","modified_gmt":"2025-12-08T10:34:29","slug":"oktatas","status":"publish","type":"page","link":"https:\/\/semmelweis.hu\/aneszteziologia\/oktatas\/","title":{"rendered":"OKTAT\u00c1S"},"content":{"rendered":"<p><strong>Gradu\u00e1lis orvosk\u00e9pz\u00e9s<\/strong><\/p>\n<p>Az Aneszteziol\u00f3giai \u00e9s Intenz\u00edv Ter\u00e1pi\u00e1s Tansz\u00e9k nev\u00e9hez f\u0171z\u0151dik a Semmelweis Egyetemen 1992-ben a kurrikulumba bevezetett k\u00f6telez\u0151 <em data-start=\"178\" data-end=\"215\">Intenz\u00edv ter\u00e1pia \u00e9s aneszteziol\u00f3gia<\/em> tant\u00e1rgy elind\u00edt\u00e1sa. Az az\u00f3ta eltelt t\u00f6bb mint h\u00e1rom \u00e9vtizedben folyamatosan b\u0151v\u00fclt a k\u00f6telez\u0151 \u00e9s a szabadon v\u00e1laszthat\u00f3 tant\u00e1rgyak k\u00f6re, kialak\u00edtva a jelenleg oktatott tant\u00e1rgyak list\u00e1j\u00e1t.<\/p>\n<p>Tanrendben szerepl\u0151 tant\u00e1rgyak \u00e9s k\u00f3djaik:<\/p>\n<ul>\n<li>AOKANE759_1M\u00a0&#8211; K\u00f6telez\u0151 \u00f6t\u00f6d\u00e9ves Intenz\u00edv ter\u00e1pia \u00e9s aneszteziol\u00f3gia Magyar t\u00e1rgy\u00a0<\/li>\n<li>AOKANE759_1A &#8211; K\u00f6telez\u0151 \u00f6t\u00f6d\u00e9ves Intenz\u00edv ter\u00e1pia \u00e9s aneszteziol\u00f3gia Angol t\u00e1rgy<\/li>\n<li>AOKANE759_1N &#8211; K\u00f6telez\u0151 \u00f6t\u00f6d\u00e9ves Intenz\u00edv ter\u00e1pia \u00e9s aneszteziol\u00f3gia N\u00e9met t\u00e1rgy<\/li>\n<li>AOVANE888_1M &#8211; V\u00e1laszthat\u00f3 \u00f6t\u00f6d- hatod\u00e9ves Aneszteziol\u00f3gia \u00e9s intenz\u00edv ter\u00e1pia Magyar t\u00e1rgy &#8211; tavaszi f\u00e9l\u00e9v<\/li>\n<li>AOVANE104_1A &#8211; V\u00e1laszthat\u00f3 \u00f6t\u00f6d- hatod\u00e9ves Aneszteziol\u00f3gia \u00e9s intenz\u00edv ter\u00e1pia Angol t\u00e1rgy &#8211; tavaszi f\u00e9l\u00e9v<\/li>\n<li>AOVANE104_1N &#8211; V\u00e1laszthat\u00f3 \u00f6t\u00f6d- hatod\u00e9ves Aneszteziol\u00f3gia \u00e9s intenz\u00edv ter\u00e1pia N\u00e9met t\u00e1rgy &#8211; tavaszi f\u00e9l\u00e9v<\/li>\n<li>AOSANE1184_1M &#8211; V\u00e1laszthat\u00f3 Szepszis a beteg\u00e1gy mellett Magyar t\u00e1rgy &#8211; \u0151szi f\u00e9l\u00e9v<\/li>\n<li>AOSANE1184_1A &#8211; V\u00e1laszthat\u00f3 Szepszis a beteg\u00e1gy mellett Angol t\u00e1rgy &#8211; \u0151szi f\u00e9l\u00e9v<\/li>\n<li>AOSANE1184_1N &#8211; V\u00e1laszthat\u00f3 Szepszis a beteg\u00e1gy mellett N\u00e9met t\u00e1rgy &#8211; \u0151szi f\u00e9l\u00e9v<\/li>\n<li>AOSANE1212_1M &#8211; V\u00e1laszthat\u00f3 B\u00fav\u00e1r \u00e9s hiperbarikus medicina elm\u00e9leti alapjai Magyar t\u00e1rgy &#8211; \u0151szi f\u00e9l\u00e9v &#8211; nem indult<\/li>\n<li>AOSANE1213_1M &#8211; V\u00e1laszthat\u00f3 B\u00fav\u00e1r \u00e9s hiperbarikus medicina gyakorlati alapjai Magyar t\u00e1rgy- tavaszi f\u00e9l\u00e9v &#8211; nem indul<\/li>\n<li>AOSANE1235_1M V\u00e1laszthat\u00f3 Extrakorpor\u00e1lis kering\u00e9s \u00e9s l\u00e9gz\u00e9st\u00e1mogat\u00e1s alapjai Magyar t\u00e1rgy &#8211; \u0151szi f\u00e9l\u00e9v &#8211; nem indult<\/li>\n<li>AOSANE1241_1M V\u00e1laszthat\u00f3 Klinikai szimul\u00e1ci\u00f3 Magyar t\u00e1rgy &#8211; tavaszi f\u00e9l\u00e9v<\/li>\n<li>AOKADH1137_SM K\u00f6telez\u0151en v\u00e1laszthat\u00f3 hatod\u00e9ves Intenz\u00edv ter\u00e1pia \u00e9s aneszteziol\u00f3gia Magyar t\u00e1rgy &#8211; tavaszi f\u00e9l\u00e9v<\/li>\n<li>AOKANG1137_SA K\u00f6telez\u0151en v\u00e1laszthat\u00f3 hatod\u00e9ves Intenz\u00edv ter\u00e1pia \u00e9s aneszteziol\u00f3gia Angol t\u00e1rgy &#8211; tavaszi f\u00e9l\u00e9v<\/li>\n<li>AOKNEM1137_SN K\u00f6telez\u0151en v\u00e1laszthat\u00f3 hatod\u00e9ves Intenz\u00edv ter\u00e1pia \u00e9s aneszteziol\u00f3gia N\u00e9met t\u00e1rgy<\/li>\n<\/ul>\n<p>&nbsp;<\/p>\n<p>&nbsp;<\/p>\n<p>&nbsp;<\/p>\n","protected":false},"excerpt":{"rendered":"<p>Gradu\u00e1lis orvosk\u00e9pz\u00e9s Az Aneszteziol\u00f3giai \u00e9s Intenz\u00edv Ter\u00e1pi\u00e1s Tansz\u00e9k nev\u00e9hez f\u0171z\u0151dik a Semmelweis Egyetemen 1992-ben a kurrikulumba bevezetett k\u00f6telez\u0151 Intenz\u00edv ter\u00e1pia \u00e9s aneszteziol\u00f3gia tant\u00e1rgy elind\u00edt\u00e1sa. Az az\u00f3ta eltelt t\u00f6bb mint h\u00e1rom \u00e9vtizedben folyamatosan b\u0151v\u00fclt a k\u00f6telez\u0151 \u00e9s a szabadon v\u00e1laszthat\u00f3 tant\u00e1rgyak k\u00f6re, kialak\u00edtva a jelenleg oktatott tant\u00e1rgyak list\u00e1j\u00e1t. Tanrendben szerepl\u0151 tant\u00e1rgyak \u00e9s k\u00f3djaik: AOKANE759_1M\u00a0&#8211; K\u00f6telez\u0151 \u00f6t\u00f6d\u00e9ves &hellip;<\/p>\n","protected":false},"author":101484,"featured_media":0,"parent":0,"menu_order":3,"comment_status":"open","ping_status":"open","template":"","meta":{"_acf_changed":false,"footnotes":""},"categories":[],"tags":[],"class_list":["post-8","page","type-page","status-publish","hentry"],"acf":[],"_links":{"self":[{"href":"https:\/\/semmelweis.hu\/aneszteziologia\/wp-json\/wp\/v2\/pages\/8","targetHints":{"allow":["GET"]}}],"collection":[{"href":"https:\/\/semmelweis.hu\/aneszteziologia\/wp-json\/wp\/v2\/pages"}],"about":[{"href":"https:\/\/semmelweis.hu\/aneszteziologia\/wp-json\/wp\/v2\/types\/page"}],"author":[{"embeddable":true,"href":"https:\/\/semmelweis.hu\/aneszteziologia\/wp-json\/wp\/v2\/users\/101484"}],"replies":[{"embeddable":true,"href":"https:\/\/semmelweis.hu\/aneszteziologia\/wp-json\/wp\/v2\/comments?post=8"}],"version-history":[{"count":11,"href":"https:\/\/semmelweis.hu\/aneszteziologia\/wp-json\/wp\/v2\/pages\/8\/revisions"}],"predecessor-version":[{"id":9481,"href":"https:\/\/semmelweis.hu\/aneszteziologia\/wp-json\/wp\/v2\/pages\/8\/revisions\/9481"}],"wp:attachment":[{"href":"https:\/\/semmelweis.hu\/aneszteziologia\/wp-json\/wp\/v2\/media?parent=8"}],"wp:term":[{"taxonomy":"category","embeddable":true,"href":"https:\/\/semmelweis.hu\/aneszteziologia\/wp-json\/wp\/v2\/categories?post=8"},{"taxonomy":"post_tag","embeddable":true,"href":"https:\/\/semmelweis.hu\/aneszteziologia\/wp-json\/wp\/v2\/tags?post=8"}],"curies":[{"name":"wp","href":"https:\/\/api.w.org\/{rel}","templated":true}]}}