{"id":7698,"date":"2020-02-10T12:54:39","date_gmt":"2020-02-10T11:54:39","guid":{"rendered":"http:\/\/semmelweis.hu\/aneszteziologia\/?page_id=7698"},"modified":"2026-04-10T09:25:24","modified_gmt":"2026-04-10T07:25:24","slug":"a-kritikus-allapotu-paciens-ellatasa-magashusegu-hifi-szimulacioval","status":"publish","type":"page","link":"https:\/\/semmelweis.hu\/aneszteziologia\/oktatas\/posztgradualis-orvoskepzes\/kotelezoen-valaszthato-tanfolyamok\/a-kritikus-allapotu-paciens-ellatasa-magas-husegu-hifi-szimulacioval\/a-kritikus-allapotu-paciens-ellatasa-magashusegu-hifi-szimulacioval\/","title":{"rendered":"A kritikus \u00e1llapot\u00fa p\u00e1ciens ell\u00e1t\u00e1sa (magash\u0171s\u00e9g\u0171 HiFi-szimul\u00e1ci\u00f3val)"},"content":{"rendered":"<p><strong><span style=\"color: #f547af\">Kedves KOLL\u00c9G\u00c1NK!<\/span><br \/>\n<\/strong><\/p>\n<p><span style=\"color: #f547af\">Kritikus \u00e1llapot\u00fa betegek ell\u00e1t\u00e1s\u00e1val is foglalkozol?<\/span><br \/>\nBiztons\u00e1gos k\u00f6rnyezetben \u00e9s pozit\u00edv l\u00e9gk\u00f6rben szeretn\u00e9d gyakorolni a kritikus \u00e1llapot\u00fa betegek ell\u00e1t\u00e1s\u00e1t?<br \/>\n<span style=\"color: #f547af\">Szeretn\u00e9l inspir\u00e1l\u00f3 visszajelz\u00e9st kapni az ell\u00e1t\u00e1s menet\u00e9r\u0151l?<\/span><br \/>\nFejleszten\u00e9d a csapatmunk\u00e1d \u00e9s a nem-technikai k\u00e9szs\u00e9geidet?<\/p>\n<p><img loading=\"lazy\" decoding=\"async\" class=\"alignnone size-medium wp-image-7701\" src=\"https:\/\/semmelweis.hu\/aneszteziologia\/files\/2020\/02\/KritikusHiFi-400x266.png\" alt=\"\" width=\"400\" height=\"266\" srcset=\"https:\/\/semmelweis.hu\/aneszteziologia\/files\/2020\/02\/KritikusHiFi-400x266.png 400w, https:\/\/semmelweis.hu\/aneszteziologia\/files\/2020\/02\/KritikusHiFi-203x135.png 203w, https:\/\/semmelweis.hu\/aneszteziologia\/files\/2020\/02\/KritikusHiFi.png 710w\" sizes=\"auto, (max-width: 400px) 100vw, 400px\" \/><\/p>\n<p>Amennyiben b\u00e1rmelyik k\u00e9rd\u00e9sre igennel v\u00e1laszolt\u00e1l, mindenk\u00e9pp aj\u00e1nljuk tanfolyamunk elv\u00e9gz\u00e9s\u00e9t! <br \/>\nAz egynapos kurzus e-learning tananyaggal, egy kis elm\u00e9leti \u00f6sszefoglal\u00f3val \u00e9s sok gyakorl\u00e1ssal seg\u00edti a fent<br \/>\neml\u00edtett k\u00e9szs\u00e9gek fejleszt\u00e9s\u00e9t. A tanfolyam elv\u00e9gz\u00e9s\u00e9vel <span style=\"color: #ff0000\">16<\/span>\u00a0<span style=\"font-size: 1rem\">oftex-<\/span><span style=\"font-size: 1rem\">tov\u00e1bbk\u00e9pz\u00e9si pont szerezhet\u0151.<\/p>\n<p><\/span><strong><span style=\"color: #f547af\">A tanfolyam id\u0151pontja:<\/span> <span style=\"color: #ff0000\">2026.05.19<\/span><\/strong><br \/>\n<strong><span style=\"color: #f547af\">Jelentkez\u00e9si hat\u00e1rid\u0151:<\/span><\/strong> <span style=\"color: #ff0000\"><strong>2026.03.31<\/strong><br \/>\n<\/span><br \/>\n<strong><span style=\"color: #f547af\">A tanfolyam helysz\u00edne: <\/span><\/strong><span style=\"color: #f547af\"><strong>Semmelweis Szimul\u00e1ci\u00f3s K\u00f6zpont <\/strong><\/span><span style=\"color: #008000\"><span style=\"color: #000000\">1096 Budapest, Ern\u0151 u. 7.<\/span><br \/>\n<\/span><br \/>\n<span style=\"color: #f547af\">A tanfolyam d\u00edja:<\/span> <span style=\"color: #ff0000\"><strong>68 767<\/strong> <strong>Ft<\/strong><\/span><br \/>\nAz Oftexen el\u00e9rhet\u0151 (SE-SZTOK\/2026.I.\/00376) k\u00f3don.<a href=\"https:\/\/docs.google.com\/forms\/d\/e\/1FAIpQLSctEOSn5rYQxV-c7ZS35Sj1nywqffbWQPQCGQaujYNCQU5qdA\/viewform?usp=preview\"> <span style=\"color: #f547af\">Jelentkez\u00e9s ezen a <span style=\"color: #ff0000\">linken <\/span><\/span><\/a>el\u00e9rhet\u0151 regisztr\u00e1ci\u00f3s lap kit\u00f6lt\u00e9s\u00e9vel!<br \/>\nA tanfolyamr\u00f3l tov\u00e1bbi inform\u00e1ci\u00f3 az al\u00e1bbi e-mail c\u00edmen k\u00e9rhet\u0151: tanfolyam.itk@semmelweis.hu\u00a0<br \/>\nMaxim\u00e1lis l\u00e9tsz\u00e1m 12 f\u0151, a jelentkez\u00e9sek elfogad\u00e1sa be\u00e9rkez\u00e9si sorrendben t\u00f6rt\u00e9nik.<br \/>\nV\u00e1rjuk sz\u00edves jelentkez\u00e9sedet!<\/p>\n<p>A Semmelweis Egyetem Intenz\u00edv Ter\u00e1pi\u00e1s Klinika oktat\u00f3i csapata nev\u00e9ben:<br \/>\n<strong>Dr. Frit\u00faz G\u00e1bor<\/strong><br \/>\ntanfolyamfelel\u0151s<\/p>\n","protected":false},"excerpt":{"rendered":"<p>Kedves KOLL\u00c9G\u00c1NK! Kritikus \u00e1llapot\u00fa betegek ell\u00e1t\u00e1s\u00e1val is foglalkozol? Biztons\u00e1gos k\u00f6rnyezetben \u00e9s pozit\u00edv l\u00e9gk\u00f6rben szeretn\u00e9d gyakorolni a kritikus \u00e1llapot\u00fa betegek ell\u00e1t\u00e1s\u00e1t? Szeretn\u00e9l inspir\u00e1l\u00f3 visszajelz\u00e9st kapni az ell\u00e1t\u00e1s menet\u00e9r\u0151l? Fejleszten\u00e9d a csapatmunk\u00e1d \u00e9s a nem-technikai k\u00e9szs\u00e9geidet? Amennyiben b\u00e1rmelyik k\u00e9rd\u00e9sre igennel v\u00e1laszolt\u00e1l, mindenk\u00e9pp aj\u00e1nljuk tanfolyamunk elv\u00e9gz\u00e9s\u00e9t! Az egynapos kurzus e-learning tananyaggal, egy kis elm\u00e9leti \u00f6sszefoglal\u00f3val \u00e9s sok gyakorl\u00e1ssal &hellip;<\/p>\n","protected":false},"author":102323,"featured_media":0,"parent":6500,"menu_order":0,"comment_status":"closed","ping_status":"closed","template":"","meta":{"_acf_changed":false,"footnotes":""},"categories":[9],"tags":[],"class_list":["post-7698","page","type-page","status-publish","hentry","category-oktatas"],"acf":[],"_links":{"self":[{"href":"https:\/\/semmelweis.hu\/aneszteziologia\/wp-json\/wp\/v2\/pages\/7698","targetHints":{"allow":["GET"]}}],"collection":[{"href":"https:\/\/semmelweis.hu\/aneszteziologia\/wp-json\/wp\/v2\/pages"}],"about":[{"href":"https:\/\/semmelweis.hu\/aneszteziologia\/wp-json\/wp\/v2\/types\/page"}],"author":[{"embeddable":true,"href":"https:\/\/semmelweis.hu\/aneszteziologia\/wp-json\/wp\/v2\/users\/102323"}],"replies":[{"embeddable":true,"href":"https:\/\/semmelweis.hu\/aneszteziologia\/wp-json\/wp\/v2\/comments?post=7698"}],"version-history":[{"count":10,"href":"https:\/\/semmelweis.hu\/aneszteziologia\/wp-json\/wp\/v2\/pages\/7698\/revisions"}],"predecessor-version":[{"id":9621,"href":"https:\/\/semmelweis.hu\/aneszteziologia\/wp-json\/wp\/v2\/pages\/7698\/revisions\/9621"}],"up":[{"embeddable":true,"href":"https:\/\/semmelweis.hu\/aneszteziologia\/wp-json\/wp\/v2\/pages\/6500"}],"wp:attachment":[{"href":"https:\/\/semmelweis.hu\/aneszteziologia\/wp-json\/wp\/v2\/media?parent=7698"}],"wp:term":[{"taxonomy":"category","embeddable":true,"href":"https:\/\/semmelweis.hu\/aneszteziologia\/wp-json\/wp\/v2\/categories?post=7698"},{"taxonomy":"post_tag","embeddable":true,"href":"https:\/\/semmelweis.hu\/aneszteziologia\/wp-json\/wp\/v2\/tags?post=7698"}],"curies":[{"name":"wp","href":"https:\/\/api.w.org\/{rel}","templated":true}]}}