{"id":7537,"date":"2019-10-29T10:51:59","date_gmt":"2019-10-29T09:51:59","guid":{"rendered":"http:\/\/semmelweis.hu\/aneszteziologia\/?page_id=7537"},"modified":"2019-10-29T10:51:59","modified_gmt":"2019-10-29T09:51:59","slug":"instruktorkepzes-a-boe-reszere","status":"publish","type":"page","link":"https:\/\/semmelweis.hu\/aneszteziologia\/oktatas\/egyeb-kepzes\/instruktorkepzes-a-boe-reszere\/","title":{"rendered":"Instruktork\u00e9pz\u00e9s a BOE r\u00e9sz\u00e9re"},"content":{"rendered":"<p style=\"text-align: justify\">A Klinikai Szimul\u00e1ci\u00f3s Tansz\u00e9ki Csoport a Budapesti Orvostanhallgat\u00f3k Egyes\u00fclet\u00e9vel (BOE) egy\u00fcttm\u0171k\u00f6dve 2017 \u00f3ta szervez \u00e9s tart BLS-AED, illetve alapvet\u0151 els\u0151seg\u00e9lyny\u00fajt\u00f3 instruktork\u00e9pz\u00e9seket.<\/p>\n<p style=\"text-align: justify\">A k\u00e9pz\u00e9ssel kapcsolatos k\u00e9rd\u00e9s eset\u00e9n keressen minket bizalommal a <a href=\"mailto:szimulacioskozpont@semmelweis-univ.hu\">szimulacioskozpont@semmelweis-univ.hu<\/a> e-mail c\u00edmen.<\/p>\n","protected":false},"excerpt":{"rendered":"<p>A Klinikai Szimul\u00e1ci\u00f3s Tansz\u00e9ki Csoport a Budapesti Orvostanhallgat\u00f3k Egyes\u00fclet\u00e9vel (BOE) egy\u00fcttm\u0171k\u00f6dve 2017 \u00f3ta szervez \u00e9s tart BLS-AED, illetve alapvet\u0151 els\u0151seg\u00e9lyny\u00fajt\u00f3 instruktork\u00e9pz\u00e9seket.<br \/>\nA k\u00e9pz\u00e9ssel kapcsolatos k\u00e9rd\u00e9s eset\u00e9n keressen minket bizalommal a <a href=\"mailto:szimulacioskozpont@semmelweis-univ.hu\">szimulacioskozpont@semmelweis-univ.hu<\/a> e-mail c\u00edmen.<\/p>\n","protected":false},"author":101484,"featured_media":0,"parent":7528,"menu_order":2,"comment_status":"closed","ping_status":"closed","template":"","meta":{"_acf_changed":false,"footnotes":""},"categories":[],"tags":[],"class_list":["post-7537","page","type-page","status-publish","hentry"],"acf":[],"_links":{"self":[{"href":"https:\/\/semmelweis.hu\/aneszteziologia\/wp-json\/wp\/v2\/pages\/7537","targetHints":{"allow":["GET"]}}],"collection":[{"href":"https:\/\/semmelweis.hu\/aneszteziologia\/wp-json\/wp\/v2\/pages"}],"about":[{"href":"https:\/\/semmelweis.hu\/aneszteziologia\/wp-json\/wp\/v2\/types\/page"}],"author":[{"embeddable":true,"href":"https:\/\/semmelweis.hu\/aneszteziologia\/wp-json\/wp\/v2\/users\/101484"}],"replies":[{"embeddable":true,"href":"https:\/\/semmelweis.hu\/aneszteziologia\/wp-json\/wp\/v2\/comments?post=7537"}],"version-history":[{"count":2,"href":"https:\/\/semmelweis.hu\/aneszteziologia\/wp-json\/wp\/v2\/pages\/7537\/revisions"}],"predecessor-version":[{"id":7539,"href":"https:\/\/semmelweis.hu\/aneszteziologia\/wp-json\/wp\/v2\/pages\/7537\/revisions\/7539"}],"up":[{"embeddable":true,"href":"https:\/\/semmelweis.hu\/aneszteziologia\/wp-json\/wp\/v2\/pages\/7528"}],"wp:attachment":[{"href":"https:\/\/semmelweis.hu\/aneszteziologia\/wp-json\/wp\/v2\/media?parent=7537"}],"wp:term":[{"taxonomy":"category","embeddable":true,"href":"https:\/\/semmelweis.hu\/aneszteziologia\/wp-json\/wp\/v2\/categories?post=7537"},{"taxonomy":"post_tag","embeddable":true,"href":"https:\/\/semmelweis.hu\/aneszteziologia\/wp-json\/wp\/v2\/tags?post=7537"}],"curies":[{"name":"wp","href":"https:\/\/api.w.org\/{rel}","templated":true}]}}