{"id":7534,"date":"2019-10-29T10:50:46","date_gmt":"2019-10-29T09:50:46","guid":{"rendered":"http:\/\/semmelweis.hu\/aneszteziologia\/?page_id=7534"},"modified":"2024-08-29T11:10:49","modified_gmt":"2024-08-29T09:10:49","slug":"bls-aed-abcde-sbar-kepzes-apolok-szakasszisztensek-reszere","status":"publish","type":"page","link":"https:\/\/semmelweis.hu\/aneszteziologia\/oktatas\/egyeb-kepzes\/bls-aed-abcde-sbar-kepzes-apolok-szakasszisztensek-reszere\/","title":{"rendered":"BLS-AED + ABCDE-SBAR k\u00e9pz\u00e9s \u00e1pol\u00f3k, szakasszisztensek r\u00e9sz\u00e9re"},"content":{"rendered":"<p style=\"text-align: justify\">A BLS-AED \u00e9s ABCDE-SBAR szimul\u00e1ci\u00f3s gyakorlatok egyr\u00e9szr\u0151l az alapszint\u0171 \u00fajra\u00e9leszt\u00e9s (Basic Life Support) k\u00e9szs\u00e9gszint\u0171 elsaj\u00e1t\u00edt\u00e1s\u00e1t, illetve szinten tart\u00e1s\u00e1t t\u0171zi ki c\u00e9lul, m\u00e1sr\u00e9szt az ABCDE (L\u00e9g\u00fat-L\u00e9gz\u00e9s-Kering\u00e9s-Neurol\u00f3gia-Eg\u00e9sz test\/eset) \u2013 SBAR (Szitu\u00e1ci\u00f3-Betegs\u00e9gel\u0151zm\u00e9ny-Aktu\u00e1lis St\u00e1tusz-Javaslat\/K\u00e9r\u00e9s) protokoll megismer\u00e9s\u00e9n \u00e9s gyakorlatban t\u00f6rt\u00e9n\u0151 alkalmaz\u00e1s\u00e1n kereszt\u00fcl felk\u00e9sz\u00edti a r\u00e9sztvev\u0151ket a vesz\u00e9lyeztetett \u00e1llapot\u00fa p\u00e1ciens felismer\u00e9s\u00e9re, valamint a megfelel\u0151 betegvizsg\u00e1lati \u00e9s refer\u00e1l\u00e1si k\u00e9szs\u00e9gek elsaj\u00e1t\u00edt\u00e1s\u00e1ra.<\/p>\n<p>2024 \u0151sz\u00e9n el\u00e9rhet\u0151 <span style=\"color: #0000ff\"> K\u00f3rh\u00e1zi BLS-AED-k\u00e9pz\u00e9s <\/span> A K\u00fcls\u0151 \u00e9s Bels\u0151 Klinikai T\u00f6mb szervezeti egys\u00e9gei sz\u00e1m\u00e1ra.<\/p>\n<p style=\"text-align: justify\">A k\u00e9pz\u00e9seket folyamatosan, e fel\u00fcleten hirdetj\u00fck, ig\u00e9ny eset\u00e9n a Semmelweis Egyetem m\u00e1s szervezeti egys\u00e9gei fel\u00e9 is.\u00a0<\/p>\n<p style=\"text-align: justify\">A k\u00e9pz\u00e9ssel kapcsolatos k\u00e9rd\u00e9s eset\u00e9n keressen minket bizalommal a <a href=\"mailto:szimulacioskozpont@semmelweis-univ.hu\">szimulacioskozpont@semmelweis-univ.hu<\/a> e-mail c\u00edmen.<\/p>\n","protected":false},"excerpt":{"rendered":"<p>A BLS-AED \u00e9s ABCDE-SBAR szimul\u00e1ci\u00f3s gyakorlatok egyr\u00e9szr\u0151l az alapszint\u0171 \u00fajra\u00e9leszt\u00e9s (Basic Life Support) k\u00e9szs\u00e9gszint\u0171 elsaj\u00e1t\u00edt\u00e1s\u00e1t, illetve szinten tart\u00e1s\u00e1t t\u0171zi ki c\u00e9lul, m\u00e1sr\u00e9szt az ABCDE (L\u00e9g\u00fat-L\u00e9gz\u00e9s-Kering\u00e9s-Neurol\u00f3gia-Eg\u00e9sz test\/eset) \u2013 SBAR (Szitu\u00e1ci\u00f3-Betegs\u00e9gel\u0151zm\u00e9ny-Aktu\u00e1lis St\u00e1tusz-Javaslat\/K\u00e9r\u00e9s) protokoll megismer\u00e9s\u00e9n \u00e9s gyakorlatban t\u00f6rt\u00e9n\u0151 alkalmaz\u00e1s\u00e1n kereszt\u00fcl felk\u00e9sz\u00edti a r\u00e9sztvev\u0151ket a vesz\u00e9lyeztetett \u00e1llapot\u00fa p\u00e1ciens felismer\u00e9s\u00e9re, valamint a megfelel\u0151 betegvizsg\u00e1lati \u00e9s refer\u00e1l\u00e1si k\u00e9szs\u00e9gek elsaj\u00e1t\u00edt\u00e1s\u00e1ra. 2024 \u0151sz\u00e9n &hellip;<\/p>\n","protected":false},"author":101484,"featured_media":0,"parent":7528,"menu_order":1,"comment_status":"closed","ping_status":"closed","template":"","meta":{"_acf_changed":false,"footnotes":""},"categories":[],"tags":[],"class_list":["post-7534","page","type-page","status-publish","hentry"],"acf":[],"_links":{"self":[{"href":"https:\/\/semmelweis.hu\/aneszteziologia\/wp-json\/wp\/v2\/pages\/7534","targetHints":{"allow":["GET"]}}],"collection":[{"href":"https:\/\/semmelweis.hu\/aneszteziologia\/wp-json\/wp\/v2\/pages"}],"about":[{"href":"https:\/\/semmelweis.hu\/aneszteziologia\/wp-json\/wp\/v2\/types\/page"}],"author":[{"embeddable":true,"href":"https:\/\/semmelweis.hu\/aneszteziologia\/wp-json\/wp\/v2\/users\/101484"}],"replies":[{"embeddable":true,"href":"https:\/\/semmelweis.hu\/aneszteziologia\/wp-json\/wp\/v2\/comments?post=7534"}],"version-history":[{"count":6,"href":"https:\/\/semmelweis.hu\/aneszteziologia\/wp-json\/wp\/v2\/pages\/7534\/revisions"}],"predecessor-version":[{"id":8941,"href":"https:\/\/semmelweis.hu\/aneszteziologia\/wp-json\/wp\/v2\/pages\/7534\/revisions\/8941"}],"up":[{"embeddable":true,"href":"https:\/\/semmelweis.hu\/aneszteziologia\/wp-json\/wp\/v2\/pages\/7528"}],"wp:attachment":[{"href":"https:\/\/semmelweis.hu\/aneszteziologia\/wp-json\/wp\/v2\/media?parent=7534"}],"wp:term":[{"taxonomy":"category","embeddable":true,"href":"https:\/\/semmelweis.hu\/aneszteziologia\/wp-json\/wp\/v2\/categories?post=7534"},{"taxonomy":"post_tag","embeddable":true,"href":"https:\/\/semmelweis.hu\/aneszteziologia\/wp-json\/wp\/v2\/tags?post=7534"}],"curies":[{"name":"wp","href":"https:\/\/api.w.org\/{rel}","templated":true}]}}