{"id":7528,"date":"2019-10-29T10:49:28","date_gmt":"2019-10-29T09:49:28","guid":{"rendered":"http:\/\/semmelweis.hu\/aneszteziologia\/?page_id=7528"},"modified":"2019-10-29T10:52:16","modified_gmt":"2019-10-29T09:52:16","slug":"egyeb-kepzes","status":"publish","type":"page","link":"https:\/\/semmelweis.hu\/aneszteziologia\/oktatas\/egyeb-kepzes\/","title":{"rendered":"Egy\u00e9b k\u00e9pz\u00e9s"},"content":{"rendered":"<ul>\n<li><a href=\"https:\/\/semmelweis.hu\/aneszteziologia\/oktatas\/egyeb-kepzes\/bls-aed-abcde-sbar-kepzes-apolok-szakasszisztensek-reszere\/\"><strong>BLS-AED + ABCDE-SBAR k\u00e9pz\u00e9s \u00e1pol\u00f3k, szakasszisztensek r\u00e9sz\u00e9re\u00a0<\/strong><\/a><\/li>\n<li><a href=\"https:\/\/semmelweis.hu\/aneszteziologia\/oktatas\/egyeb-kepzes\/instruktorkepzes-a-boe-reszere\/\"><strong>Instruktork\u00e9pz\u00e9s a BOE r\u00e9sz\u00e9re\u00a0<\/strong><\/a><\/li>\n<\/ul>\n","protected":false},"excerpt":{"rendered":"<p><a href=\"https:\/\/semmelweis.hu\/aneszteziologia\/oktatas\/egyeb-kepzes\/bls-aed-abcde-sbar-kepzes-apolok-szakasszisztensek-reszere\/\">BLS-AED + ABCDE-SBAR k\u00e9pz\u00e9s \u00e1pol\u00f3k, szakasszisztensek r\u00e9sz\u00e9re\u00a0<\/a><br \/>\n<a href=\"https:\/\/semmelweis.hu\/aneszteziologia\/oktatas\/egyeb-kepzes\/instruktorkepzes-a-boe-reszere\/\">Instruktork\u00e9pz\u00e9s a BOE r\u00e9sz\u00e9re\u00a0<\/a><\/p>\n","protected":false},"author":101484,"featured_media":0,"parent":8,"menu_order":3,"comment_status":"closed","ping_status":"closed","template":"","meta":{"_acf_changed":false,"footnotes":""},"categories":[],"tags":[],"class_list":["post-7528","page","type-page","status-publish","hentry"],"acf":[],"_links":{"self":[{"href":"https:\/\/semmelweis.hu\/aneszteziologia\/wp-json\/wp\/v2\/pages\/7528","targetHints":{"allow":["GET"]}}],"collection":[{"href":"https:\/\/semmelweis.hu\/aneszteziologia\/wp-json\/wp\/v2\/pages"}],"about":[{"href":"https:\/\/semmelweis.hu\/aneszteziologia\/wp-json\/wp\/v2\/types\/page"}],"author":[{"embeddable":true,"href":"https:\/\/semmelweis.hu\/aneszteziologia\/wp-json\/wp\/v2\/users\/101484"}],"replies":[{"embeddable":true,"href":"https:\/\/semmelweis.hu\/aneszteziologia\/wp-json\/wp\/v2\/comments?post=7528"}],"version-history":[{"count":3,"href":"https:\/\/semmelweis.hu\/aneszteziologia\/wp-json\/wp\/v2\/pages\/7528\/revisions"}],"predecessor-version":[{"id":7540,"href":"https:\/\/semmelweis.hu\/aneszteziologia\/wp-json\/wp\/v2\/pages\/7528\/revisions\/7540"}],"up":[{"embeddable":true,"href":"https:\/\/semmelweis.hu\/aneszteziologia\/wp-json\/wp\/v2\/pages\/8"}],"wp:attachment":[{"href":"https:\/\/semmelweis.hu\/aneszteziologia\/wp-json\/wp\/v2\/media?parent=7528"}],"wp:term":[{"taxonomy":"category","embeddable":true,"href":"https:\/\/semmelweis.hu\/aneszteziologia\/wp-json\/wp\/v2\/categories?post=7528"},{"taxonomy":"post_tag","embeddable":true,"href":"https:\/\/semmelweis.hu\/aneszteziologia\/wp-json\/wp\/v2\/tags?post=7528"}],"curies":[{"name":"wp","href":"https:\/\/api.w.org\/{rel}","templated":true}]}}