{"id":7522,"date":"2019-10-29T10:30:46","date_gmt":"2019-10-29T09:30:46","guid":{"rendered":"http:\/\/semmelweis.hu\/aneszteziologia\/?page_id=7522"},"modified":"2026-03-27T11:16:04","modified_gmt":"2026-03-27T10:16:04","slug":"jelentkezes-szimulacios-oktatoi-mesterkurzus","status":"publish","type":"page","link":"https:\/\/semmelweis.hu\/aneszteziologia\/oktatas\/posztgradualis-orvoskepzes\/szabadon-valaszthato-tanfolyamok\/jelentkezes-szimulacios-oktatoi-mesterkurzus\/","title":{"rendered":"Jelentkez\u00e9s: Szimul\u00e1ci\u00f3s Oktat\u00f3i Mesterkurzus"},"content":{"rendered":"<p><span style=\"color: #e86666\"><strong><em>A jelentkez\u00e9s a tanfolyamra <\/em><\/strong><\/span><strong><em>ezen \u0171rlap kit\u00f6lt\u00e9s\u00e9vel<\/em><\/strong><strong><em>\u00a0<span style=\"color: #e86666\">t\u00f6rt\u00e9nik.<\/span><\/em><\/strong><\/p>\n<p style=\"text-align: justify\"><span style=\"font-size: 14pt\"><span style=\"font-family: georgia, tahoma, serif;vertical-align: baseline;margin: 0px;background-color: transparent;border: 0px;padding: 0px\"><span style=\"vertical-align: baseline;margin: 0px;background-color: transparent;border: 0px;padding: 0px\"><strong><span style=\"color: #e86666\">Id\u0151pont:<\/span> <span style=\"color: #ff0000\">?<\/span><\/strong><\/span><\/span><\/span><\/p>\n<p style=\"text-align: justify\"><span style=\"font-size: 14pt\"><span style=\"font-family: georgia, tahoma, serif;vertical-align: baseline;color: #ff0000;margin: 0px;background-color: transparent;border: 0px;padding: 0px\"><span style=\"vertical-align: baseline;color: #000000;margin: 0px;background-color: transparent;border: 0px;padding: 0px\"><span style=\"vertical-align: baseline;color: #ff0000;margin: 0px;background-color: transparent;border: 0px;padding: 0px\"><span style=\"color: #e86666\"><b>Je<span style=\"color: #e86666\">lentkez\u00e9si<\/span> hat\u00e1rid\u0151<\/b>:<b> ?<\/b><\/span><br \/>\n<\/span><\/span><\/span><\/span><span style=\"font-size: 16px;font-family: georgia,tahoma,serif;vertical-align: baseline;color: #ff0000;margin: 0px;background-color: transparent;border: 0px;padding: 0px\"><span style=\"font-size: 14pt\"><span style=\"vertical-align: baseline;color: #000000;margin: 0px;background-color: transparent;border: 0px;padding: 0px\"><strong><span style=\"color: #e86666\">Helysz\u00edn:<\/span><\/strong> Semmelweis Szimul\u00e1ci\u00f3s K\u00f6zpont (<\/span><a href=\"https:\/\/www.google.hu\/maps\/place\/Ern%C5%91+utca+7,+Budapest,+1096\/data=%214m2%213m1%211s0x4741dce48494c42d:0x98f96b3a83952db8?sa=X&amp;ei=bL2CVPCTCYW5OLySgdgP&amp;ved=0CB4Q8gEwAA\" target=\"_blank\" rel=\"noopener noreferrer\">1096 Budapest, Ern\u0151 u. 7.<\/a><span style=\"vertical-align: baseline;color: #000000;margin: 0px;background-color: transparent;border: 0px;padding: 0px\">)<\/span><\/span><br \/>\n<span style=\"color: #000000;font-size: 14pt\"><span style=\"color: #e86666\">Kapcsolat:<\/span>\u00a0 itk.tanfolyam@semmelweis.hu<\/span><\/span><\/p>\n<p><span style=\"font-size: 14pt\">A tanfolyamr\u00f3l tov\u00e1bbi inform\u00e1ci\u00f3 tal\u00e1lhat\u00f3 az Oftexen (<a href=\"http:\/\/www.oftex.hu\/\">www.oftex.hu<\/a>: )<\/span><\/p>\n","protected":false},"excerpt":{"rendered":"<p>A jelentkez\u00e9s a tanfolyamra ezen \u0171rlap kit\u00f6lt\u00e9s\u00e9vel\u00a0t\u00f6rt\u00e9nik.<br \/>\nId\u0151pont: ?<br \/>\nJelentkez\u00e9si hat\u00e1rid\u0151: ?<br \/>\nHelysz\u00edn: Semmelweis Szimul\u00e1ci\u00f3s K\u00f6zpont (<a href=\"https:\/\/www.google.hu\/maps\/place\/Ern%C5%91+utca+7,+Budapest,+1096\/data=%214m2%213m1%211s0x4741dce48494c42d:0x98f96b3a83952db8?sa=X&amp;ei=bL2CVPCTCYW5OLySgdgP&amp;ved=0CB4Q8gEwAA\" target=\"_blank\" rel=\"noopener noreferrer\">1096 Budapest, Ern\u0151 u. 7.<\/a>)<br \/>\nKapcsolat:\u00a0 itk.tanfolyam@semmelweis.hu<br \/>\nA tanfolyamr\u00f3l tov\u00e1bbi inform\u00e1ci\u00f3 tal\u00e1lhat\u00f3 az Oftexen (<a href=\"http:\/\/www.oftex.hu\/\">www.oftex.hu<\/a>: )<\/p>\n","protected":false},"author":102323,"featured_media":0,"parent":108,"menu_order":1,"comment_status":"closed","ping_status":"closed","template":"","meta":{"_acf_changed":false,"footnotes":""},"categories":[9],"tags":[],"class_list":["post-7522","page","type-page","status-publish","hentry","category-oktatas"],"acf":[],"_links":{"self":[{"href":"https:\/\/semmelweis.hu\/aneszteziologia\/wp-json\/wp\/v2\/pages\/7522","targetHints":{"allow":["GET"]}}],"collection":[{"href":"https:\/\/semmelweis.hu\/aneszteziologia\/wp-json\/wp\/v2\/pages"}],"about":[{"href":"https:\/\/semmelweis.hu\/aneszteziologia\/wp-json\/wp\/v2\/types\/page"}],"author":[{"embeddable":true,"href":"https:\/\/semmelweis.hu\/aneszteziologia\/wp-json\/wp\/v2\/users\/102323"}],"replies":[{"embeddable":true,"href":"https:\/\/semmelweis.hu\/aneszteziologia\/wp-json\/wp\/v2\/comments?post=7522"}],"version-history":[{"count":13,"href":"https:\/\/semmelweis.hu\/aneszteziologia\/wp-json\/wp\/v2\/pages\/7522\/revisions"}],"predecessor-version":[{"id":9593,"href":"https:\/\/semmelweis.hu\/aneszteziologia\/wp-json\/wp\/v2\/pages\/7522\/revisions\/9593"}],"up":[{"embeddable":true,"href":"https:\/\/semmelweis.hu\/aneszteziologia\/wp-json\/wp\/v2\/pages\/108"}],"wp:attachment":[{"href":"https:\/\/semmelweis.hu\/aneszteziologia\/wp-json\/wp\/v2\/media?parent=7522"}],"wp:term":[{"taxonomy":"category","embeddable":true,"href":"https:\/\/semmelweis.hu\/aneszteziologia\/wp-json\/wp\/v2\/categories?post=7522"},{"taxonomy":"post_tag","embeddable":true,"href":"https:\/\/semmelweis.hu\/aneszteziologia\/wp-json\/wp\/v2\/tags?post=7522"}],"curies":[{"name":"wp","href":"https:\/\/api.w.org\/{rel}","templated":true}]}}