{"id":734,"date":"2013-01-08T08:09:18","date_gmt":"2013-01-08T08:09:18","guid":{"rendered":"http:\/\/semmelweis-egyetem.hu\/aneszteziologia\/?page_id=734"},"modified":"2019-09-24T13:49:07","modified_gmt":"2019-09-24T11:49:07","slug":"az-aneszteziologia-intenziv-terapia-szakvizsga-elott-kotelezo-tanfolyam-eloadasai","status":"publish","type":"page","link":"https:\/\/semmelweis.hu\/aneszteziologia\/oktatas\/posztgradualis-orvoskepzes\/szakvizsga-elotti-kotelezo-tanfolyamok\/az-aneszteziologia-altalanos-kerdesei\/az-aneszteziologia-intenziv-terapia-szakvizsga-elott-kotelezo-tanfolyam-eloadasai\/","title":{"rendered":"Az aneszteziol\u00f3gia &#8211; intenz\u00edv ter\u00e1pia szakvizsga el\u0151tt k\u00f6telez\u0151 tanfolyam el\u0151ad\u00e1sai"},"content":{"rendered":"<h2>\u00a0<\/h2>\n<div dir=\"ltr\">\n<div>\n<div class=\"entry-content\" style=\"vertical-align: baseline;clear: both;margin: 0px 0px 10px;border: 0px;padding: 12px 0px 12px 0px\">\n<p style=\"vertical-align: baseline;margin: 0px 0px 1em;border: 0px;padding: 0px 0px 0px 30px;text-align: justify\">Az egyes modulok el\u0151tt az e-learning rendszerben el\u00e9rhet\u0151 anyagok seg\u00edts\u00e9g\u00e9vel el\u0151zetes felk\u00e9sz\u00fcl\u00e9s sz\u00fcks\u00e9ges, melynek r\u00e9sz\u00e9t k\u00e9pezi a minden tanfolyami h\u00e9t el\u0151tt k\u00f6telez\u0151 prekurzus teszt meg\u00edr\u00e1sa. A prekurzus teszt sikeres teljes\u00edt\u00e9se az adott tanfolyami h\u00e9ten val\u00f3 r\u00e9szv\u00e9tel el\u0151felt\u00e9tele. A prekurzus tesztek az adott tanfolyami h\u00e9t el\u0151tt egy h\u00e9ttel el\u00e9rhet\u0151k, \u00e9s a jelenl\u00e9ti k\u00e9pz\u00e9s kezdete el\u0151tt legk\u00e9s\u0151bb 24 \u00f3r\u00e1val teljes\u00edtend\u0151k.<\/p>\n<\/div>\n<\/div>\n<\/div>\n<h2><a href=\"https:\/\/semmelweis.hu\/aneszteziologia\/e-learning-bejelentkezes\/\" target=\"_blank\" rel=\"noopener noreferrer\">Bejelentkez\u00e9s<\/a><\/h2>\n<p>&nbsp;<\/p>\n","protected":false},"excerpt":{"rendered":"<p>\u00a0 Az egyes modulok el\u0151tt az e-learning rendszerben el\u00e9rhet\u0151 anyagok seg\u00edts\u00e9g\u00e9vel el\u0151zetes felk\u00e9sz\u00fcl\u00e9s sz\u00fcks\u00e9ges, melynek r\u00e9sz\u00e9t k\u00e9pezi a minden tanfolyami h\u00e9t el\u0151tt k\u00f6telez\u0151 prekurzus teszt meg\u00edr\u00e1sa. A prekurzus teszt sikeres teljes\u00edt\u00e9se az adott tanfolyami h\u00e9ten val\u00f3 r\u00e9szv\u00e9tel el\u0151felt\u00e9tele. A prekurzus tesztek az adott tanfolyami h\u00e9t el\u0151tt egy h\u00e9ttel el\u00e9rhet\u0151k, \u00e9s a jelenl\u00e9ti k\u00e9pz\u00e9s kezdete el\u0151tt &hellip;<\/p>\n","protected":false},"author":74,"featured_media":0,"parent":6491,"menu_order":1,"comment_status":"open","ping_status":"open","template":"","meta":{"_acf_changed":false,"footnotes":""},"categories":[],"tags":[],"class_list":["post-734","page","type-page","status-publish","hentry"],"acf":[],"_links":{"self":[{"href":"https:\/\/semmelweis.hu\/aneszteziologia\/wp-json\/wp\/v2\/pages\/734","targetHints":{"allow":["GET"]}}],"collection":[{"href":"https:\/\/semmelweis.hu\/aneszteziologia\/wp-json\/wp\/v2\/pages"}],"about":[{"href":"https:\/\/semmelweis.hu\/aneszteziologia\/wp-json\/wp\/v2\/types\/page"}],"author":[{"embeddable":true,"href":"https:\/\/semmelweis.hu\/aneszteziologia\/wp-json\/wp\/v2\/users\/74"}],"replies":[{"embeddable":true,"href":"https:\/\/semmelweis.hu\/aneszteziologia\/wp-json\/wp\/v2\/comments?post=734"}],"version-history":[{"count":10,"href":"https:\/\/semmelweis.hu\/aneszteziologia\/wp-json\/wp\/v2\/pages\/734\/revisions"}],"predecessor-version":[{"id":7234,"href":"https:\/\/semmelweis.hu\/aneszteziologia\/wp-json\/wp\/v2\/pages\/734\/revisions\/7234"}],"up":[{"embeddable":true,"href":"https:\/\/semmelweis.hu\/aneszteziologia\/wp-json\/wp\/v2\/pages\/6491"}],"wp:attachment":[{"href":"https:\/\/semmelweis.hu\/aneszteziologia\/wp-json\/wp\/v2\/media?parent=734"}],"wp:term":[{"taxonomy":"category","embeddable":true,"href":"https:\/\/semmelweis.hu\/aneszteziologia\/wp-json\/wp\/v2\/categories?post=734"},{"taxonomy":"post_tag","embeddable":true,"href":"https:\/\/semmelweis.hu\/aneszteziologia\/wp-json\/wp\/v2\/tags?post=734"}],"curies":[{"name":"wp","href":"https:\/\/api.w.org\/{rel}","templated":true}]}}