{"id":7300,"date":"2019-09-25T12:10:21","date_gmt":"2019-09-25T10:10:21","guid":{"rendered":"http:\/\/semmelweis.hu\/aneszteziologia\/?page_id=7300"},"modified":"2025-11-28T11:08:07","modified_gmt":"2025-11-28T10:08:07","slug":"bemutatkozas","status":"publish","type":"page","link":"https:\/\/semmelweis.hu\/aneszteziologia\/rolunk\/bemutatkozas\/","title":{"rendered":"Bemutatkoz\u00e1s"},"content":{"rendered":"<p>A Semmelweis Egyetem Szen\u00e1tus\u00e1nak d\u00f6nt\u00e9se alapj\u00e1n 2024. janu\u00e1r 1-j\u00e9t\u0151l <strong data-start=\"150\" data-end=\"179\">Intenz\u00edv Ter\u00e1pi\u00e1s Klinika<\/strong> n\u00e9ven folytatjuk munk\u00e1nkat Prof. Dr. Moln\u00e1r Zsolt vezet\u00e9s\u00e9vel. A meg\u00fajul\u00e1ssal rem\u00e9nyeink szerint \u00faj lend\u00fcletet kapott az egyetemi m\u0171k\u00f6d\u00e9s h\u00e1rmas egys\u00e9ge \u2013 a betegell\u00e1t\u00e1s, az oktat\u00e1s \u00e9s a kutat\u00e1s. Klinik\u00e1nk f\u00f3kusz\u00e1ban tov\u00e1bbra is a betegbiztons\u00e1g \u00e1ll. A legmagasabb szint\u0171 orvosi ell\u00e1t\u00e1st a legfrissebb nemzetk\u00f6zi kutat\u00e1si eredm\u00e9nyek klinikai d\u00f6nt\u00e9shozatalba t\u00f6rt\u00e9n\u0151 \u00e1t\u00fcltet\u00e9se t\u00e1mogatja. Az intenz\u00edv ell\u00e1t\u00e1sra szorul\u00f3 p\u00e1ciensek gy\u00f3gyul\u00e1sa \u00e9rdek\u00e9ben orvosaink \u00e9s szakdolgoz\u00f3ink a megszokott elk\u00f6telezetts\u00e9ggel dolgoznak azon, hogy betegeink hazai viszonyok k\u00f6z\u00f6tt is a lehet\u0151 legszakszer\u0171bb orvosi ell\u00e1t\u00e1st kapj\u00e1k.<\/p>\n<p>&nbsp;<\/p>\n<div class=\"responsive-tabs\">\n<h2 class=\"tabtitle\">Betegell\u00e1t\u00e1s<\/h2>\n<div class=\"tabcontent\">\n\n<p data-start=\"87\" data-end=\"547\">Az Intenz\u00edv Ter\u00e1pi\u00e1s Klinika munkat\u00e1rsai v\u00e9gzik a Semmelweis Egyetem Bels\u0151 \u00e9s K\u00fcls\u0151 Klinikai T\u00f6mbj\u00e9ben az intenz\u00edv ter\u00e1pi\u00e1s \u00e9s aneszteziol\u00f3giai tev\u00e9kenys\u00e9gek d\u00f6nt\u0151 r\u00e9sz\u00e9t. Az intenz\u00edv betegell\u00e1t\u00e1s a K\u00fcls\u0151 Klinikai T\u00f6mb K\u00f6zponti Betegell\u00e1t\u00f3 \u00c9p\u00fclet\u00e9ben 57 \u00e1gyon zajlik, m\u00edg a Bels\u0151 Klinikai T\u00f6mbben jelenleg 10 intenz\u00edv \u00e1gy \u00fczemel. Klinik\u00e1nk sz\u00fcks\u00e9g eset\u00e9n konz\u00edli\u00e1riusi \u00e9s \u00fajra\u00e9leszt\u00e9si seg\u00edts\u00e9get ny\u00fajt az Egyetem m\u00e1s betegell\u00e1t\u00f3 szervezeti egys\u00e9gei sz\u00e1m\u00e1ra.<\/p>\n<p data-start=\"549\" data-end=\"1026\">Az Intenz\u00edv Ter\u00e1pi\u00e1s Klinika nagy sz\u00e1mban l\u00e1t el pulmonol\u00f3giai, kardiol\u00f3giai, seb\u00e9szeti, sz\u00fcl\u00e9szeti, endokrinol\u00f3giai, neurol\u00f3giai, pszichi\u00e1triai, hematol\u00f3giai \u00e9s immunol\u00f3giai okb\u00f3l intenz\u00edv ter\u00e1pi\u00e1ra szorul\u00f3 betegeket. J\u00e1r\u00f3beteg ell\u00e1t\u00f3 egys\u00e9g\u00fcnk a preoperat\u00edv kock\u00e1zatfelm\u00e9r\u00e9s (aneszteziol\u00f3giai szakambulancia) \u00e9s a perioperat\u00edv p\u00e1ciensmenedzsment (kardiol\u00f3giai \u00e9s pulmonol\u00f3giai szakambulancia) keret\u00e9ben t\u00f6rekszik a betegbiztons\u00e1g n\u00f6vel\u00e9s\u00e9re \u00e9s a betegutak optimaliz\u00e1l\u00e1s\u00e1ra.<\/p>\n<p data-start=\"1028\" data-end=\"1288\">A progressz\u00edv betegell\u00e1t\u00e1s jegy\u00e9ben Klinik\u00e1nk nemcsak a Semmelweis Egyetem vonz\u00e1sk\u00f6rzet\u00e9be tartoz\u00f3 r\u00e9gi\u00f3kban, hanem a f\u0151v\u00e1ros intenz\u00edv ter\u00e1pi\u00e1s \u00e9s aneszteziol\u00f3giai ell\u00e1t\u00e1s\u00e1ban, illetve orsz\u00e1gosan is r\u00e9szt vesz az intenz\u00edv ter\u00e1pi\u00e1s ig\u00e9ny\u0171 betegek ell\u00e1t\u00e1s\u00e1ban.<\/p>\n\n<\/div><h2 class=\"tabtitle\">Oktat\u00e1s<\/h2>\n<div class=\"tabcontent\">\n\n<p>Az Intenz\u00edv Ter\u00e1pi\u00e1s Klinika (ITK) munkat\u00e1rsai r\u00e9szt vesznek a gradu\u00e1lis \u00e9s a posztgradu\u00e1lis orvos- \u00e9s szakorvosk\u00e9pz\u00e9sben, tansz\u00e9ki csoportunk a szimul\u00e1ci\u00f3s orvosk\u00e9pz\u00e9s egyik meghat\u00e1roz\u00f3 hazai b\u00e1zisa. K\u00e9pz\u00e9seinken az elm\u00e9leti tud\u00e1sanyag gyakorlatorient\u00e1lt megk\u00f6zel\u00edt\u00e9ssel \u00f6tv\u00f6z\u0151dik, \u00edgy maximaliz\u00e1lva a tud\u00e1sanyag elsaj\u00e1t\u00edt\u00e1s\u00e1t.<\/p>\n<p><em>Gradu\u00e1lis k\u00e9pz\u00e9s:<\/em> Az Intenz\u00edv Ter\u00e1pi\u00e1s Klinika nev\u00e9hez f\u0171z\u0151dik a Semmelweis Egyetemen 1992-ben l\u00e9trehozott tant\u00e1rgy, az intenz\u00edv ter\u00e1pia \u00e9s aneszteziol\u00f3gia bevezet\u00e9se az orvostanhallgat\u00f3k gradu\u00e1lis oktat\u00e1s\u00e1ba. Emellett a Klinika t\u00f6bb k\u00f6telez\u0151en, ill. szabadon v\u00e1laszthat\u00f3 kurzus rendszeres oktat\u00e1s\u00e1ban vesz r\u00e9szt. Az orvostanhallgat\u00f3k sz\u00e1m\u00e1ra meghirdetett kurzusokr\u00f3l r\u00e9szleteket az oktat\u00e1s men\u00fcpont alatt tal\u00e1l.<\/p>\n<p><em>Posztgradu\u00e1lis k\u00e9pz\u00e9s:<\/em> A Klinika az 1995\/96-os tan\u00e9vt\u0151l r\u00e9szt vesz az aneszteziol\u00f3giai \u00e9s intenz\u00edv ter\u00e1pi\u00e1s szakorvosok k\u00e9pz\u00e9s\u00e9ben, melynek az\u00f3ta is egyik jelent\u0151s hazai b\u00e1zisa. Sz\u00e1mos akkredit\u00e1lt posztgradu\u00e1lis tanfolyamot tartunk, \u00edgy szakvizsga el\u0151tti k\u00f6telez\u0151 tanfolyamokat (az intenz\u00edv ter\u00e1pia \u00e1ltal\u00e1nos \u00e9s speci\u00e1lis k\u00e9rd\u00e9sei, az aneszteziol\u00f3gia \u00e1ltal\u00e1nos \u00e9s speci\u00e1lis k\u00e9rd\u00e9sei), illetve v\u00e1laszthat\u00f3 tanfolyamokat. Az orvosok sz\u00e1m\u00e1ra meghirdetett kurzusokr\u00f3l r\u00e9szleteket az oktat\u00e1s men\u00fcpont alatt tal\u00e1l.<\/p>\n<p><em>Szakasszisztens- \u00e9s szak\u00e1pol\u00f3k\u00e9pz\u00e9s:<\/em>\u00a0A klinika az 1995\/96-os tan\u00e9vt\u0151l vesz r\u00e9szt az aneszteziol\u00f3giai szakasszisztens \u00e9s intenz\u00edv szak\u00e1pol\u00f3 k\u00e9pz\u00e9sben.<\/p>\n<p><em>Fizioterapeuta-Gy\u00f3gytorn\u00e1sz k\u00e9pz\u00e9s:<\/em> a gy\u00f3gytorn\u00e1sz hallgat\u00f3k intenz\u00edv ter\u00e1pi\u00e1s klinikai gyakorlata Bsc. \u00e9s Msc. szinten, magyar \u00e9s angol nyelven zajlik int\u00e9zet\u00fcnkben. Dolgoz\u00f3ink r\u00e9szt vesznek a szakorvosok \u00e9s az intenz\u00edves szak\u00e1pol\u00f3k fizioter\u00e1pi\u00e1s k\u00e9pz\u00e9s\u00e9ben is.<\/p>\n\n<\/div><h2 class=\"tabtitle\">Kutat\u00e1s<\/h2>\n<div class=\"tabcontent\">\n\n<p data-start=\"102\" data-end=\"631\">Az Intenz\u00edv Ter\u00e1pi\u00e1s Klinika munkat\u00e1rsainak tudom\u00e1nyos tev\u00e9kenys\u00e9ge a gradu\u00e1lis orvosk\u00e9pz\u00e9sben a tudom\u00e1nyos di\u00e1kk\u00f6ri, szakdolgozati \u00e9s rektori p\u00e1ly\u00e1zatok konzulensi munk\u00e1j\u00e1t\u00f3l az egyetemi \u00e9s orsz\u00e1gos TDK-konferenci\u00e1kon r\u00e9sztvev\u0151 hallgat\u00f3k mentor\u00e1l\u00e1s\u00e1ig terjed. Klinik\u00e1nkon sz\u00e1mos saj\u00e1t kezdem\u00e9nyez\u00e9s\u0171, valamint nemzetk\u00f6zi egy\u00fcttm\u0171k\u00f6d\u00e9sben megval\u00f3sul\u00f3 vizsg\u00e1lat zajlik. Tudom\u00e1nyos eredm\u00e9nyeink hazai \u00e9s nemzetk\u00f6zi tudom\u00e1nyos foly\u00f3iratokban jelennek meg, melyekhez szerz\u0151i, lektori \u00e9s szerkeszt\u0151i tev\u00e9kenys\u00e9ggel is hozz\u00e1j\u00e1rulunk.<\/p>\n<p data-start=\"633\" data-end=\"839\">A Klinika munkat\u00e1rsai akt\u00edvan r\u00e9szt vesznek a Semmelweis Egyetem Doktori Iskol\u00e1j\u00e1nak m\u0171k\u00f6d\u00e9s\u00e9ben \u00e9s a PhD-alprogramok szakmai t\u00e1mogat\u00e1s\u00e1ban. A t\u00e9m\u00e1r\u00f3l b\u0151vebb inform\u00e1ci\u00f3 a <a href=\"https:\/\/semmelweis.hu\/aneszteziologia\/kutatas\/\"><em data-start=\"804\" data-end=\"813\">Kutat\u00e1s<\/em><\/a> men\u00fcpont alatt \u00e9rhet\u0151 el.<\/p>\n<\/div><\/div>\n","protected":false},"excerpt":{"rendered":"<p><b>Kedves L\u00e1togat\u00f3!<\/b><\/p>\n<p align=\"justify\">Az Intenz\u00edv Ter\u00e1pi\u00e1s Klinika munkat\u00e1rsai nev\u00e9ben szeretettel k\u00f6sz\u00f6nt\u00f6m \u00d6nt honlapunkon! Szeretn\u00e9m bemutatni Klinik\u00e1nk betegell\u00e1t\u00e1si, oktat\u00e1si \u00e9s kutat\u00e1si tev\u00e9kenys\u00e9g\u00e9t, mely, t\u00f6bb mint 250 dolgoz\u00f3j\u00e1val a legnagyobb hazai aneszteziol\u00f3giai \u00e9s intenz\u00edv ter\u00e1pi\u00e1s egys\u00e9g. C\u00e9lunk a betegell\u00e1t\u00e1s, a betegbiztons\u00e1g kiemelked\u0151en magas sz\u00ednvonal\u00fav\u00e1 t\u00e9tele. <\/p>\n<p>Prof. Dr. Moln\u00e1r Zsolt klinikaigazgat\u00f3<\/p>\n","protected":false},"author":101484,"featured_media":9157,"parent":6,"menu_order":1,"comment_status":"closed","ping_status":"closed","template":"","meta":{"_acf_changed":false,"footnotes":""},"categories":[],"tags":[],"class_list":["post-7300","page","type-page","status-publish","has-post-thumbnail","hentry"],"acf":[],"_links":{"self":[{"href":"https:\/\/semmelweis.hu\/aneszteziologia\/wp-json\/wp\/v2\/pages\/7300","targetHints":{"allow":["GET"]}}],"collection":[{"href":"https:\/\/semmelweis.hu\/aneszteziologia\/wp-json\/wp\/v2\/pages"}],"about":[{"href":"https:\/\/semmelweis.hu\/aneszteziologia\/wp-json\/wp\/v2\/types\/page"}],"author":[{"embeddable":true,"href":"https:\/\/semmelweis.hu\/aneszteziologia\/wp-json\/wp\/v2\/users\/101484"}],"replies":[{"embeddable":true,"href":"https:\/\/semmelweis.hu\/aneszteziologia\/wp-json\/wp\/v2\/comments?post=7300"}],"version-history":[{"count":12,"href":"https:\/\/semmelweis.hu\/aneszteziologia\/wp-json\/wp\/v2\/pages\/7300\/revisions"}],"predecessor-version":[{"id":9442,"href":"https:\/\/semmelweis.hu\/aneszteziologia\/wp-json\/wp\/v2\/pages\/7300\/revisions\/9442"}],"up":[{"embeddable":true,"href":"https:\/\/semmelweis.hu\/aneszteziologia\/wp-json\/wp\/v2\/pages\/6"}],"wp:featuredmedia":[{"embeddable":true,"href":"https:\/\/semmelweis.hu\/aneszteziologia\/wp-json\/wp\/v2\/media\/9157"}],"wp:attachment":[{"href":"https:\/\/semmelweis.hu\/aneszteziologia\/wp-json\/wp\/v2\/media?parent=7300"}],"wp:term":[{"taxonomy":"category","embeddable":true,"href":"https:\/\/semmelweis.hu\/aneszteziologia\/wp-json\/wp\/v2\/categories?post=7300"},{"taxonomy":"post_tag","embeddable":true,"href":"https:\/\/semmelweis.hu\/aneszteziologia\/wp-json\/wp\/v2\/tags?post=7300"}],"curies":[{"name":"wp","href":"https:\/\/api.w.org\/{rel}","templated":true}]}}