{"id":7204,"date":"2019-09-24T08:46:40","date_gmt":"2019-09-24T06:46:40","guid":{"rendered":"http:\/\/semmelweis.hu\/aneszteziologia\/?page_id=7204"},"modified":"2022-06-14T10:55:13","modified_gmt":"2022-06-14T08:55:13","slug":"a-legzorendszer-mechanikus-tulajdonsagainak-vizsgalata","status":"publish","type":"page","link":"https:\/\/semmelweis.hu\/aneszteziologia\/kutatas\/tdk\/tdk-temak\/a-legzorendszer-mechanikus-tulajdonsagainak-vizsgalata\/","title":{"rendered":"A l\u00e9gz\u0151rendszer mechanikus tulajdons\u00e1gainak vizsg\u00e1lata"},"content":{"rendered":"<p>A L\u00c9GZ\u0150RENDSZERI FUNKCI\u00d3 M\u00c9R\u00c9S\u00c9NEK \u00daJ M\u00d3DSZEREI<\/p>\n<p>&nbsp;<\/p>\n<p>A kutat\u00e1si t\u00e9maegy\u00fcttes a l\u00e9gz\u0151rendszer mechanik\u00e1j\u00e1nak \u00e9s a ventil\u00e1ci\u00f3s folyamatoknak vizsg\u00e1lat\u00e1ra ir\u00e1nyul korszer\u0171, ill. intenz\u00edv fejleszt\u00e9s alatt \u00e1ll\u00f3 technik\u00e1k \u00e9s kombin\u00e1ci\u00f3ik alkalmaz\u00e1s\u00e1val:<\/p>\n<ul>\n<li>a l\u00e9gutak \u00e1raml\u00e1si ellen\u00e1ll\u00e1s\u00e1nak \u00e9s a l\u00e9gz\u0151rendszeri sz\u00f6vetek t\u00e1gul\u00e9konys\u00e1g\u00e1nak vizsg\u00e1lata az <strong>oszcillometria m\u00f3dszereivel<\/strong><\/li>\n<li>az <strong>elektromos impedancia tomogr\u00e1fia<\/strong> alkalmaz\u00e1sa a t\u00fcd\u0151 l\u00e9gtelts\u00e9g\u00e9nek \u00e9s a ventil\u00e1ci\u00f3 eloszl\u00e1s\u00e1nak beteg\u00e1gy melletti dinamikus vizsg\u00e1lat\u00e1ra<\/li>\n<li>a <strong>kil\u00e9gz\u00e9si g\u00e1zanal\u00edzis<\/strong> \u00e9s a <strong>t\u00f6bbl\u00e9gz\u00e9ses kimos\u00e1si technika<\/strong> a funkcion\u00e1lis ventil\u00e1ci\u00f3s inhomogenit\u00e1s felm\u00e9r\u00e9s\u00e9re<\/li>\n<\/ul>\n<p>A <em>nemzetk\u00f6zi egy\u00fcttm\u0171k\u00f6d\u00e9s keret\u00e9ben<\/em> foly\u00f3 kutat\u00e1sok egyik f\u0151 ir\u00e1nya a pillanatnyi mechanikai \u00e9s ventil\u00e1ci\u00f3s \u00e1llapot k\u00f6vet\u00e9se a l\u00e9gz\u00e9st\u00e1mogat\u00e1s optim\u00e1lis param\u00e9tereinek be\u00e1ll\u00edt\u00e1sa c\u00e9lj\u00e1b\u00f3l.<\/p>\n<p>V\u00e1rjuk az \u00e9lettan-k\u00f3r\u00e9lettan, gyermek \u00e9s feln\u0151tt pulmonol\u00f3gia, aneszteziol\u00f3gia \u00e9s intenz\u00edv ter\u00e1pia ir\u00e1nt \u00e9rdekl\u0151d\u0151 koll\u00e9g\u00e1k jelentkez\u00e9s\u00e9t.<\/p>\n<p><em>Jelentkez\u00e9s<\/em><em>,<\/em><em> \u00e9rdekl\u0151d\u00e9s<\/em><em>: <\/em><strong>Prof. Hantos Zolt\u00e1n<\/strong>(<a href=\"mailto:hantos.zoltan@med.semmelweis-univ.hu\">hantos.zoltan@med.semmelweis-univ.hu<\/a>)<\/p>\n","protected":false},"excerpt":{"rendered":"<p>A L\u00c9GZ\u0150RENDSZERI FUNKCI\u00d3 M\u00c9R\u00c9S\u00c9NEK \u00daJ M\u00d3DSZEREI &nbsp; A kutat\u00e1si t\u00e9maegy\u00fcttes a l\u00e9gz\u0151rendszer mechanik\u00e1j\u00e1nak \u00e9s a ventil\u00e1ci\u00f3s folyamatoknak vizsg\u00e1lat\u00e1ra ir\u00e1nyul korszer\u0171, ill. intenz\u00edv fejleszt\u00e9s alatt \u00e1ll\u00f3 technik\u00e1k \u00e9s kombin\u00e1ci\u00f3ik alkalmaz\u00e1s\u00e1val: a l\u00e9gutak \u00e1raml\u00e1si ellen\u00e1ll\u00e1s\u00e1nak \u00e9s a l\u00e9gz\u0151rendszeri sz\u00f6vetek t\u00e1gul\u00e9konys\u00e1g\u00e1nak vizsg\u00e1lata az oszcillometria m\u00f3dszereivel az elektromos impedancia tomogr\u00e1fia alkalmaz\u00e1sa a t\u00fcd\u0151 l\u00e9gtelts\u00e9g\u00e9nek \u00e9s a ventil\u00e1ci\u00f3 eloszl\u00e1s\u00e1nak beteg\u00e1gy &hellip;<\/p>\n","protected":false},"author":101484,"featured_media":0,"parent":8482,"menu_order":2,"comment_status":"closed","ping_status":"closed","template":"","meta":{"_acf_changed":false,"footnotes":""},"categories":[10],"tags":[],"class_list":["post-7204","page","type-page","status-publish","hentry","category-kutatas"],"acf":[],"_links":{"self":[{"href":"https:\/\/semmelweis.hu\/aneszteziologia\/wp-json\/wp\/v2\/pages\/7204","targetHints":{"allow":["GET"]}}],"collection":[{"href":"https:\/\/semmelweis.hu\/aneszteziologia\/wp-json\/wp\/v2\/pages"}],"about":[{"href":"https:\/\/semmelweis.hu\/aneszteziologia\/wp-json\/wp\/v2\/types\/page"}],"author":[{"embeddable":true,"href":"https:\/\/semmelweis.hu\/aneszteziologia\/wp-json\/wp\/v2\/users\/101484"}],"replies":[{"embeddable":true,"href":"https:\/\/semmelweis.hu\/aneszteziologia\/wp-json\/wp\/v2\/comments?post=7204"}],"version-history":[{"count":1,"href":"https:\/\/semmelweis.hu\/aneszteziologia\/wp-json\/wp\/v2\/pages\/7204\/revisions"}],"predecessor-version":[{"id":7205,"href":"https:\/\/semmelweis.hu\/aneszteziologia\/wp-json\/wp\/v2\/pages\/7204\/revisions\/7205"}],"up":[{"embeddable":true,"href":"https:\/\/semmelweis.hu\/aneszteziologia\/wp-json\/wp\/v2\/pages\/8482"}],"wp:attachment":[{"href":"https:\/\/semmelweis.hu\/aneszteziologia\/wp-json\/wp\/v2\/media?parent=7204"}],"wp:term":[{"taxonomy":"category","embeddable":true,"href":"https:\/\/semmelweis.hu\/aneszteziologia\/wp-json\/wp\/v2\/categories?post=7204"},{"taxonomy":"post_tag","embeddable":true,"href":"https:\/\/semmelweis.hu\/aneszteziologia\/wp-json\/wp\/v2\/tags?post=7204"}],"curies":[{"name":"wp","href":"https:\/\/api.w.org\/{rel}","templated":true}]}}