{"id":7201,"date":"2019-09-24T08:43:03","date_gmt":"2019-09-24T06:43:03","guid":{"rendered":"http:\/\/semmelweis.hu\/aneszteziologia\/?page_id=7201"},"modified":"2019-09-24T08:43:03","modified_gmt":"2019-09-24T06:43:03","slug":"a-gepi-lelegeztetes-hatekonysaganak-meghatarozoi","status":"publish","type":"page","link":"https:\/\/semmelweis.hu\/aneszteziologia\/kutatas\/phd\/a-gepi-lelegeztetes-hatekonysaganak-meghatarozoi\/","title":{"rendered":"A g\u00e9pi l\u00e9legeztet\u00e9s hat\u00e9konys\u00e1g\u00e1nak meghat\u00e1roz\u00f3i"},"content":{"rendered":"<p>Klinik\u00e1nk hagyom\u00e1nyszer\u0171en orsz\u00e1gos k\u00f6zpont a l\u00e9gz\u00e9si el\u00e9gtelens\u00e9g ell\u00e1t\u00e1s\u00e1ban, ennek megfelel\u0151en mind az akut, mind a kr\u00f3nikus l\u00e9gz\u00e9si el\u00e9gtelen betegekhez sz\u00fcks\u00e9ges ell\u00e1t\u00e1si specialit\u00e1sok rendelkez\u00e9sre \u00e1llnak. Kutat\u00f3csoportunk a g\u00e9pi l\u00e9legeztet\u00e9s hat\u00e9konys\u00e1g\u00e1t meghat\u00e1roz\u00f3 t\u00e9nyez\u0151ket kutatja szoros egy\u00fcttm\u0171k\u00f6d\u00e9sben \u00e9s \u00f6sszefon\u00f3d\u00e1sban a l\u00e9gz\u00e9smechanikai kutat\u00f3csoporttal mind az invaz\u00edv, mind a nem invaz\u00edv l\u00e9legeztet\u00e9s mellett az akut \u00e9s kr\u00f3nikus l\u00e9legeztet\u00e9s sor\u00e1n.<\/p>\n<p>A Doktori Iskola t\u00e9m\u00e1ja: <strong>A g\u00e9pi l\u00e9legeztet\u00e9s hat\u00e9konys\u00e1g\u00e1nak meghat\u00e1roz\u00f3i<\/strong><\/p>\n<p>Jelenleg k\u00e9t doktorandusz v\u00e9gzi felk\u00e9sz\u00fcl\u00e9s\u00e9t.<\/p>\n<p>Kutat\u00e1saink az al\u00e1bbi t\u00e9m\u00e1k szerint csoportosulnak:<\/p>\n<p>&nbsp;<\/p>\n<p><strong>Az otthoni l\u00e9legeztet\u00e9si program hat\u00e9konys\u00e1g\u00e1nak vizsg\u00e1lata<\/strong><\/p>\n<ul>\n<li>Magyarorsz\u00e1gi otthoni l\u00e9legeztet\u00e9si gyakorlat felm\u00e9r\u00e9se anon\u00edm k\u00e9rd\u0151\u00edv seg\u00edts\u00e9g\u00e9vel (SE TUKEB sz\u00e1m: 253\/2017)<\/li>\n<li>SevereRespiratoryQuestionnaire magyar verzi\u00f3j\u00e1nak valid\u00e1l\u00e1sa (SE TUKEB sz\u00e1m: 249\/2017)<\/li>\n<li>A Semmelweis Egyetem Otthoni L\u00e9legeztet\u00e9si Programj\u00e1nak hat\u00e9konys\u00e1g\u00e1nak vizsg\u00e1lata a gondozott betegek l\u00e9gz\u00e9sfunkci\u00f3s, \u00e9letmin\u0151s\u00e9gi mutat\u00f3inak, hospitaliz\u00e1ci\u00f3s ar\u00e1nyok k\u00f6vet\u00e9s\u00e9vel (SE TUKEB sz\u00e1m: 251\/2017)<\/li>\n<li>A tart\u00f3s otthoni g\u00e9pi l\u00e9legeztet\u00e9s hat\u00e1s\u00e1ra l\u00e9trej\u00f6v\u0151 kardi\u00e1lis \u00e1llapotv\u00e1ltoz\u00e1s k\u00f6vet\u00e9se (SE TUKEB sz\u00e1m: 248\/2017)<\/li>\n<li>A tart\u00f3s otthoni g\u00e9pi l\u00e9legeztet\u00e9s hat\u00e1s\u00e1nak k\u00f6vet\u00e9s\u00e9re alkalmas biol\u00f3giai marker azonos\u00edt\u00e1sa (SE TUKEB sz\u00e1m: 250\/2017)<\/li>\n<li>A tart\u00f3s otthoni g\u00e9pi l\u00e9legeztet\u00e9s sikeress\u00e9g\u00e9nek n\u00f6vel\u00e9se a gondoz\u00f3 oktat\u00e1si program fejleszt\u00e9s\u00e9vel (SE TUKEB sz\u00e1m: 252\/2017)<\/li>\n<\/ul>\n<p>&nbsp;<\/p>\n<p><strong>A g\u00e9pi l\u00e9legeztet\u00e9s hat\u00e1sainak vizsg\u00e1lata<\/strong><\/p>\n<ul>\n<li>A l\u00e9gz\u00e9smechanika vizsg\u00e1lata l\u00e9legeztetett betegeken (SE TUKEB sz\u00e1m: 74-1\/2006)<\/li>\n<li>G\u00e9pi l\u00e9legeztetett betegek l\u00e9gz\u00e9si cikluson bel\u00fcli l\u00e9gz\u00e9smechanikai v\u00e1ltoz\u00e1sainak k\u00f6vet\u00e9se (SE TUKEB sz\u00e1m: 239\/2018)<\/li>\n<li>A l\u00e9legeztet\u00e9si interface hat\u00e1sa a l\u00e9legeztet\u00e9s effektivit\u00e1s\u00e1ra<\/li>\n<li>Beteg-g\u00e9p szinkronit\u00e1st meghat\u00e1roz\u00f3 t\u00e9nyez\u0151k a g\u00e9pi l\u00e9legeztet\u00e9s alatt<\/li>\n<\/ul>\n<p>&nbsp;<\/p>\n<p><strong>A neminvaz\u00edv l\u00e9legeztet\u00e9s hat\u00e9konys\u00e1g\u00e1nak n\u00f6vel\u00e9se<\/strong><\/p>\n<ul>\n<li>Dexmedetomidin a neminvaz\u00edv l\u00e9legeztet\u00e9s t\u00e1mogat\u00e1s\u00e1ra (SE TUKEB sz\u00e1m: 157\/2013)<\/li>\n<li>A neminvaz\u00edv l\u00e9legeztet\u00e9s hat\u00e9konys\u00e1g\u00e1nak jav\u00edt\u00e1sa kritikus \u00e1llapot\u00fa betegek ell\u00e1t\u00e1sa sor\u00e1n<\/li>\n<\/ul>\n","protected":false},"excerpt":{"rendered":"<p>Klinik\u00e1nk hagyom\u00e1nyszer\u0171en orsz\u00e1gos k\u00f6zpont a l\u00e9gz\u00e9si el\u00e9gtelens\u00e9g ell\u00e1t\u00e1s\u00e1ban, ennek megfelel\u0151en mind az akut, mind a kr\u00f3nikus l\u00e9gz\u00e9si el\u00e9gtelen betegekhez sz\u00fcks\u00e9ges ell\u00e1t\u00e1si specialit\u00e1sok rendelkez\u00e9sre \u00e1llnak. Kutat\u00f3csoportunk a g\u00e9pi l\u00e9legeztet\u00e9s hat\u00e9konys\u00e1g\u00e1t meghat\u00e1roz\u00f3 t\u00e9nyez\u0151ket kutatja szoros egy\u00fcttm\u0171k\u00f6d\u00e9sben \u00e9s \u00f6sszefon\u00f3d\u00e1sban a l\u00e9gz\u00e9smechanikai kutat\u00f3csoporttal mind az invaz\u00edv, mind a nem invaz\u00edv l\u00e9legeztet\u00e9s mellett az akut \u00e9s kr\u00f3nikus l\u00e9legeztet\u00e9s sor\u00e1n. A &hellip;<\/p>\n","protected":false},"author":101484,"featured_media":0,"parent":6291,"menu_order":1,"comment_status":"closed","ping_status":"closed","template":"","meta":{"_acf_changed":false,"footnotes":""},"categories":[],"tags":[],"class_list":["post-7201","page","type-page","status-publish","hentry"],"acf":[],"_links":{"self":[{"href":"https:\/\/semmelweis.hu\/aneszteziologia\/wp-json\/wp\/v2\/pages\/7201","targetHints":{"allow":["GET"]}}],"collection":[{"href":"https:\/\/semmelweis.hu\/aneszteziologia\/wp-json\/wp\/v2\/pages"}],"about":[{"href":"https:\/\/semmelweis.hu\/aneszteziologia\/wp-json\/wp\/v2\/types\/page"}],"author":[{"embeddable":true,"href":"https:\/\/semmelweis.hu\/aneszteziologia\/wp-json\/wp\/v2\/users\/101484"}],"replies":[{"embeddable":true,"href":"https:\/\/semmelweis.hu\/aneszteziologia\/wp-json\/wp\/v2\/comments?post=7201"}],"version-history":[{"count":1,"href":"https:\/\/semmelweis.hu\/aneszteziologia\/wp-json\/wp\/v2\/pages\/7201\/revisions"}],"predecessor-version":[{"id":7202,"href":"https:\/\/semmelweis.hu\/aneszteziologia\/wp-json\/wp\/v2\/pages\/7201\/revisions\/7202"}],"up":[{"embeddable":true,"href":"https:\/\/semmelweis.hu\/aneszteziologia\/wp-json\/wp\/v2\/pages\/6291"}],"wp:attachment":[{"href":"https:\/\/semmelweis.hu\/aneszteziologia\/wp-json\/wp\/v2\/media?parent=7201"}],"wp:term":[{"taxonomy":"category","embeddable":true,"href":"https:\/\/semmelweis.hu\/aneszteziologia\/wp-json\/wp\/v2\/categories?post=7201"},{"taxonomy":"post_tag","embeddable":true,"href":"https:\/\/semmelweis.hu\/aneszteziologia\/wp-json\/wp\/v2\/tags?post=7201"}],"curies":[{"name":"wp","href":"https:\/\/api.w.org\/{rel}","templated":true}]}}