{"id":7090,"date":"2019-09-16T01:32:37","date_gmt":"2019-09-15T23:32:37","guid":{"rendered":"http:\/\/semmelweis.hu\/aneszteziologia\/?page_id=7090"},"modified":"2025-04-09T14:30:22","modified_gmt":"2025-04-09T12:30:22","slug":"elerhetosegek","status":"publish","type":"page","link":"https:\/\/semmelweis.hu\/aneszteziologia\/oktatas\/posztgradualis-orvoskepzes\/elerhetosegek\/","title":{"rendered":"El\u00e9rhet\u0151s\u00e9gek"},"content":{"rendered":"<p><span style=\"color: #993366\"><strong>Szakorvosk\u00e9pz\u00e9s, szakvizsga el\u0151tti klinikai gyakorlatok felel\u0151se:<\/strong><\/span><\/p>\n<p>Dr. Zubek L\u00e1szl\u00f3\u00a0 \u00a0 \u00a0 \u00a0 \u00a0 \u00a0 \u00a0 \u00a0 \u00a0 \u00a0 \u00a0 \u00a0 \u00a0 \u00a0 \u00a0 \u00a0 \u00a0 \u00a0 \u00a0 \u00a0<a href=\"mailto:zubek.laszlo@semmelweis.hu\">zubek.laszlo@semmelweis.hu<\/a><\/p>\n<p>Fogad\u00f3\u00f3r\u00e1ja: <span style=\"color: #993366\"><strong>szerd\u00e1nk\u00e9nt 09-12 \u00f3ra k\u00f6z\u00f6tt<\/strong> <strong>el\u0151re egyeztetett id\u0151pontban (K\u00f6zponti Betegell\u00e1t\u00f3 \u00c9p\u00fclet, IV. emelet)\u00a0<\/strong><\/span><\/p>\n<p>Forray Krisztina oktat\u00e1si referens\u00a0 \u00a0 \u00a0 \u00a0 \u00a0 \u00a0 \u00a0 <a href=\"mailto:forray.krisztina@semmelweis.hu\">forray.krisztina@semmelweis.hu<\/a><\/p>\n<p>tel.: 06-20-666-3775<\/p>\n<p>\u00dcgyf\u00e9lfogad\u00e1si id\u0151:<\/p>\n<table style=\"width: 84.7382%;height: 167px\" width=\"700\">\n<tbody>\n<tr style=\"height: 63px\">\n<td style=\"width: 20%;height: 63px\" width=\"20%\">\n<p><span style=\"color: #993366\"><strong>h\u00e9tf\u0151-cs\u00fct\u00f6rt\u00f6k:<\/strong><\/span><\/p>\n<\/td>\n<td style=\"width: 30%;height: 63px\" width=\"30%\">09:00 \u2013 11:00 <br \/>\n13:00 \u2013 15:00<\/td>\n<td style=\"width: 50%;height: 63px\" width=\"50%\">\n<p>(K\u00f6zponti Betegell\u00e1t\u00f3 \u00c9p\u00fclet, IV. emelet)<\/p>\n<\/td>\n<\/tr>\n<tr style=\"height: 52px\">\n<td style=\"width: 20%;height: 52px\" width=\"20%\">\n<p><span style=\"color: #993366\"><strong>p\u00e9ntek:<\/strong><\/span>\u00a0<\/p>\n<\/td>\n<td style=\"width: 30%;height: 52px\" width=\"30%\">\n<p>9:00 \u2013 12:00<\/p>\n<\/td>\n<td style=\"width: 50%;height: 52px\" width=\"50%\">\n<p>(K\u00f6zponti Betegell\u00e1t\u00f3 \u00c9p\u00fclet, IV. emelet)<\/p>\n<\/td>\n<\/tr>\n<\/tbody>\n<\/table>\n<p><em>\u00a0<\/em><\/p>\n<p><i>A z\u00f6kken\u0151mentes \u00e9s gyors \u00fcgyint\u00e9z\u00e9s \u00e9rdek\u00e9ben lehet\u0151s\u00e9g szerint k\u00e9rj\u00fck, hogy <\/i><span style=\"color: #993366\"><b><i>e-mail-ben el\u0151zetesen<\/i><\/b><\/span> <i>sz\u00edveskedjenek <\/i><i>jelezni<\/i><i> az <\/i><span style=\"color: #993366\"><b><i>\u00fcgyint\u00e9z\u00e9s t\u00e9m\u00e1j\u00e1t \u00e9s v\u00e1rhat\u00f3 \u00e9rkez\u00e9s\u00fck idej\u00e9t<\/i><\/b><\/span><i>, hogy a v\u00e1rakoz\u00e1si id\u0151 cs\u00f6kkent\u00e9se c\u00e9lj\u00e1b\u00f3l felk\u00e9sz\u00fclten v\u00e1rjuk \u00d6n\u00f6ket.<\/i><\/p>\n<p><em><span style=\"color: #993366\"><b><i>Egyedi id\u0151pontot<\/i><\/b><i> telefonon tudnak egyeztetni.<\/i><\/span><br \/>\n<\/em><\/p>\n","protected":false},"excerpt":{"rendered":"<p>Szakorvosk\u00e9pz\u00e9s, szakvizsga el\u0151tti klinikai gyakorlatok felel\u0151se: Dr. Zubek L\u00e1szl\u00f3\u00a0 \u00a0 \u00a0 \u00a0 \u00a0 \u00a0 \u00a0 \u00a0 \u00a0 \u00a0 \u00a0 \u00a0 \u00a0 \u00a0 \u00a0 \u00a0 \u00a0 \u00a0 \u00a0 \u00a0 <a href=\"mailto:zubek.laszlo@semmelweis.hu\">zubek.laszlo@semmelweis.hu<\/a> Fogad\u00f3\u00f3r\u00e1ja: szerd\u00e1nk\u00e9nt 09-12 \u00f3ra k\u00f6z\u00f6tt el\u0151re egyeztetett id\u0151pontban (K\u00f6zponti Betegell\u00e1t\u00f3 \u00c9p\u00fclet, IV. emelet)\u00a0 Forray Krisztina oktat\u00e1si referens\u00a0 \u00a0 \u00a0 \u00a0 \u00a0 \u00a0 \u00a0 <a href=\"mailto:forray.krisztina@semmelweis.hu\">forray.krisztina@semmelweis.hu<\/a> tel.: 06-20-666-3775 \u00dcgyf\u00e9lfogad\u00e1si id\u0151: &hellip;<\/p>\n","protected":false},"author":102323,"featured_media":0,"parent":55,"menu_order":7,"comment_status":"closed","ping_status":"closed","template":"","meta":{"_acf_changed":false,"footnotes":""},"categories":[9],"tags":[],"class_list":["post-7090","page","type-page","status-publish","hentry","category-oktatas"],"acf":[],"_links":{"self":[{"href":"https:\/\/semmelweis.hu\/aneszteziologia\/wp-json\/wp\/v2\/pages\/7090","targetHints":{"allow":["GET"]}}],"collection":[{"href":"https:\/\/semmelweis.hu\/aneszteziologia\/wp-json\/wp\/v2\/pages"}],"about":[{"href":"https:\/\/semmelweis.hu\/aneszteziologia\/wp-json\/wp\/v2\/types\/page"}],"author":[{"embeddable":true,"href":"https:\/\/semmelweis.hu\/aneszteziologia\/wp-json\/wp\/v2\/users\/102323"}],"replies":[{"embeddable":true,"href":"https:\/\/semmelweis.hu\/aneszteziologia\/wp-json\/wp\/v2\/comments?post=7090"}],"version-history":[{"count":10,"href":"https:\/\/semmelweis.hu\/aneszteziologia\/wp-json\/wp\/v2\/pages\/7090\/revisions"}],"predecessor-version":[{"id":9247,"href":"https:\/\/semmelweis.hu\/aneszteziologia\/wp-json\/wp\/v2\/pages\/7090\/revisions\/9247"}],"up":[{"embeddable":true,"href":"https:\/\/semmelweis.hu\/aneszteziologia\/wp-json\/wp\/v2\/pages\/55"}],"wp:attachment":[{"href":"https:\/\/semmelweis.hu\/aneszteziologia\/wp-json\/wp\/v2\/media?parent=7090"}],"wp:term":[{"taxonomy":"category","embeddable":true,"href":"https:\/\/semmelweis.hu\/aneszteziologia\/wp-json\/wp\/v2\/categories?post=7090"},{"taxonomy":"post_tag","embeddable":true,"href":"https:\/\/semmelweis.hu\/aneszteziologia\/wp-json\/wp\/v2\/tags?post=7090"}],"curies":[{"name":"wp","href":"https:\/\/api.w.org\/{rel}","templated":true}]}}