{"id":7061,"date":"2019-09-16T00:42:06","date_gmt":"2019-09-15T22:42:06","guid":{"rendered":"http:\/\/semmelweis.hu\/aneszteziologia\/?page_id=7061"},"modified":"2025-04-28T14:37:59","modified_gmt":"2025-04-28T12:37:59","slug":"rektori-palyamunka","status":"publish","type":"page","link":"https:\/\/semmelweis.hu\/aneszteziologia\/kutatas\/rektori-palyamunka\/","title":{"rendered":"Rektori p\u00e1lyamunka"},"content":{"rendered":"<p>A megh\u00edrdetett tudom\u00e1nyos kutat\u00e1si ter\u00fcleteken, a megjel\u00f6lt konzulenssel t\u00f6rt\u00e9n\u0151 egyeztet\u00e9s alapj\u00e1n lehets\u00e9ges rektori p\u00e1lyamunk\u00e1t k\u00e9sz\u00edteni.<\/p>\n<ul>\n<li><a href=\"https:\/\/semmelweis.hu\/aneszteziologia\/kutatas\/rektori-palyamunka\/rektori-palyamunka-cimek\/\" target=\"_blank\" rel=\"noopener\">Rektori p\u00e1lyamunka c\u00edmlista<\/a><\/li>\n<li><a href=\"https:\/\/semmelweis.hu\/aneszteziologia\/kutatas\/rektori-palyamunka\/informacio\/\" target=\"_blank\" rel=\"noopener\">Inform\u00e1ci\u00f3 rektori p\u00e1lyamunk\u00e1r\u00f3l<\/a><\/li>\n<\/ul>\n","protected":false},"excerpt":{"rendered":"<p>A megh\u00edrdetett tudom\u00e1nyos kutat\u00e1si ter\u00fcleteken, a megjel\u00f6lt konzulenssel t\u00f6rt\u00e9n\u0151 egyeztet\u00e9s alapj\u00e1n lehets\u00e9ges rektori p\u00e1lyamunk\u00e1t k\u00e9sz\u00edteni.<\/p>\n<p><a href=\"https:\/\/semmelweis.hu\/aneszteziologia\/kutatas\/rektori-palyamunka\/rektori-palyamunka-cimek\/\" target=\"_blank\" rel=\"noopener\">Rektori p\u00e1lyamunka c\u00edmlista<\/a><br \/>\n<a href=\"https:\/\/semmelweis.hu\/aneszteziologia\/kutatas\/rektori-palyamunka\/informacio\/\" target=\"_blank\" rel=\"noopener\">Inform\u00e1ci\u00f3 rektori p\u00e1lyamunk\u00e1r\u00f3l<\/a><\/p>\n","protected":false},"author":101484,"featured_media":0,"parent":9,"menu_order":3,"comment_status":"closed","ping_status":"closed","template":"","meta":{"_acf_changed":false,"footnotes":""},"categories":[10],"tags":[],"class_list":["post-7061","page","type-page","status-publish","hentry","category-kutatas"],"acf":[],"_links":{"self":[{"href":"https:\/\/semmelweis.hu\/aneszteziologia\/wp-json\/wp\/v2\/pages\/7061","targetHints":{"allow":["GET"]}}],"collection":[{"href":"https:\/\/semmelweis.hu\/aneszteziologia\/wp-json\/wp\/v2\/pages"}],"about":[{"href":"https:\/\/semmelweis.hu\/aneszteziologia\/wp-json\/wp\/v2\/types\/page"}],"author":[{"embeddable":true,"href":"https:\/\/semmelweis.hu\/aneszteziologia\/wp-json\/wp\/v2\/users\/101484"}],"replies":[{"embeddable":true,"href":"https:\/\/semmelweis.hu\/aneszteziologia\/wp-json\/wp\/v2\/comments?post=7061"}],"version-history":[{"count":11,"href":"https:\/\/semmelweis.hu\/aneszteziologia\/wp-json\/wp\/v2\/pages\/7061\/revisions"}],"predecessor-version":[{"id":9264,"href":"https:\/\/semmelweis.hu\/aneszteziologia\/wp-json\/wp\/v2\/pages\/7061\/revisions\/9264"}],"up":[{"embeddable":true,"href":"https:\/\/semmelweis.hu\/aneszteziologia\/wp-json\/wp\/v2\/pages\/9"}],"wp:attachment":[{"href":"https:\/\/semmelweis.hu\/aneszteziologia\/wp-json\/wp\/v2\/media?parent=7061"}],"wp:term":[{"taxonomy":"category","embeddable":true,"href":"https:\/\/semmelweis.hu\/aneszteziologia\/wp-json\/wp\/v2\/categories?post=7061"},{"taxonomy":"post_tag","embeddable":true,"href":"https:\/\/semmelweis.hu\/aneszteziologia\/wp-json\/wp\/v2\/tags?post=7061"}],"curies":[{"name":"wp","href":"https:\/\/api.w.org\/{rel}","templated":true}]}}